{"id":1003,"date":"2018-01-26T17:14:29","date_gmt":"2018-01-26T17:14:29","guid":{"rendered":"http:\/\/govienneau.com\/reclamations\/"},"modified":"2018-08-02T10:07:16","modified_gmt":"2018-08-02T14:07:16","slug":"reclamations","status":"publish","type":"page","link":"https:\/\/govienneau.com\/fr\/reclamations\/","title":{"rendered":"R\u00e9clamations"},"content":{"rendered":"<p>[vc_row bg_type=&#8221;image&#8221; parallax_style=&#8221;vcpb-default&#8221; bg_image_new=&#8221;id^486|url^http:\/\/govienneau.com\/wp-content\/uploads\/2018\/01\/Business-dark-top.jpg|caption^null|alt^null|title^Business -dark top|description^null&#8221; bg_override=&#8221;full&#8221; enable_overlay=&#8221;enable_overlay_value&#8221; overlay_color=&#8221;#212121&#8243; seperator_enable=&#8221;seperator_enable_value&#8221; seperator_type=&#8221;tilt_left_seperator&#8221; seperator_position=&#8221;bottom_seperator&#8221; seperator_svg_height=&#8221;100&#8243; el_id=&#8221;claims&#8221; css=&#8221;.vc_custom_1516384863337{padding-top: 130px !important;padding-bottom: 100px !important;}&#8221;][vc_column width=&#8221;1\/3&#8243;]<div id=\"ultimate-heading-544269d38ca98dd43\" class=\"uvc-heading ult-adjust-bottom-margin ultimate-heading-544269d38ca98dd43 uvc-2738  uvc-heading-default-font-sizes\" data-hspacer=\"no_spacer\"  data-halign=\"center\" style=\"text-align:center\"><div class=\"uvc-heading-spacer no_spacer\" style=\"top\"><\/div><div class=\"uvc-main-heading ult-responsive\"  data-ultimate-target='.uvc-heading.ultimate-heading-544269d38ca98dd43 h2'  data-responsive-json-new='{\"font-size\":\"\",\"line-height\":\"\"}' ><h2 style=\"--font-weight:theme;color:#ffffff;\">R\u00e9clamations<\/h2><\/div><\/div>[\/vc_column][vc_column width=&#8221;1\/3&#8243;][\/vc_column][vc_column css_animation=&#8221;none&#8221; width=&#8221;1\/3&#8243;][\/vc_column][\/vc_row][vc_row][vc_column]<div id=\"ultimate-heading-113569d38ca98ddc2\" class=\"uvc-heading ult-adjust-bottom-margin ultimate-heading-113569d38ca98ddc2 uvc-6702  uvc-heading-default-font-sizes\" data-hspacer=\"line_only\"  data-halign=\"left\" style=\"text-align:left\"><div class=\"uvc-main-heading ult-responsive\"  data-ultimate-target='.uvc-heading.ultimate-heading-113569d38ca98ddc2 h2'  data-responsive-json-new='{\"font-size\":\"\",\"line-height\":\"\"}' ><h2 style=\"font-weight:bold;\">Faire une demande de r\u00e9clamation ou ne pas faire une demande de r\u00e9clamation\u2026<\/h2><\/div><div class=\"uvc-heading-spacer line_only\" style=\"margin-bottom:40px;height:3px;\"><span class=\"uvc-headings-line\" style=\"border-style:solid;border-bottom-width:3px;border-color:#0075a9;width:200px;\"><\/span><\/div><\/div>[vc_column_text css=&#8221;.vc_custom_1533212061976{padding-bottom: 25px !important;}&#8221;]<\/p>\n<p class=\"p1\"><span class=\"s1\">Nous sommes d\u00e9sol\u00e9s d\u2019apprendre que vous avez v\u00e9cu un incident qui vous m\u00e8ne \u00e0 cette section de notre site Web. Heureusement, vous \u00eates l\u2019une de ces personnes pr\u00e9voyantes qui se sont procur\u00e9 de l\u2019assurance, donc voyons ensemble la prochaine chose \u00e0 faire. <\/span><\/p>\n<p>&nbsp;<\/p>\n<p class=\"p1\"><span class=\"s1\">Une police d\u2019assurance sert \u00e0 vous prot\u00e9ger des difficult\u00e9s financi\u00e8res li\u00e9es \u00e0 des incidents impr\u00e9vus. Cependant, l\u2019accident ou le dommage peut parfois sembler mineur, et les gens nous posent souvent ce genre de questions\u00a0: <\/span><\/p>\n<p>[\/vc_column_text]<div class=\"standard-arrow bullet-top\"><ul class=\"ul1\">\n<li class=\"li1\"><span class=\"s1\">Est-ce que je devrais faire cette demande de r\u00e9clamation?<\/span><\/li>\n<li class=\"li1\"><span class=\"s1\">Comment cela aura-t-il un effet sur ma police d\u2019assurance, y compris le montant \u00e0 payer? <\/span><\/li>\n<li class=\"li1\"><span class=\"s1\">Est-ce que je vais perdre mon rabais pour les ann\u00e9es sans r\u00e9clamations?<\/span><\/li>\n<li class=\"li1\"><span class=\"s1\">Quel est le montant de ma franchise, et quand devrais-je la payer? <\/span><\/li>\n<\/ul>\n<\/div>[vc_column_text css=&#8221;.vc_custom_1533212131894{padding-top: 25px !important;padding-bottom: 25px !important;}&#8221;]<\/p>\n<p class=\"p1\"><span class=\"s1\">Ce sont tous des facteurs importants \u00e0 consid\u00e9rer avant de d\u00e9cider de faire une r\u00e9clamation ou non. <\/span><\/p>\n<p>&nbsp;<\/p>\n<p class=\"p1\"><span class=\"s1\">De nombreuses personnes ne prennent pas la peine de faire une r\u00e9clamation si les co\u00fbts sont semblables \u00e0 la franchise \u00e0 payer. Ils pr\u00e9f\u00e8rent ne pas perdre leur rabais pour les ann\u00e9es sans r\u00e9clamations ou utiliser leur \u00ab\u00a0r\u00e9clamation pardonn\u00e9e\u00a0\u00bb pour une r\u00e9clamation relativement mineure.<\/span><\/p>\n<p>[\/vc_column_text][vc_column_text css=&#8221;.vc_custom_1533218833994{padding-top: 50px !important;padding-bottom: 25px !important;}&#8221;]<\/p>\n<h3 class=\"p1\"><span class=\"s1\" style=\"color: #003e52;\"><b>Est-ce que je devrais faire cette demande de r\u00e9clamation?<\/b><\/span><\/h3>\n<p class=\"p2\"><span class=\"s1\">Vous devriez faire une demande de r\u00e9clamation dans certains cas. Les cas les plus fr\u00e9quents sont\u00a0: <\/span><\/p>\n<h3><\/h3>\n<h3><\/h3>\n<p>[\/vc_column_text]<div class=\"standard-number-list bullet-top\"><ol>\n<li><span class=\"s1\"><b><span style=\"color: #003e52;\">Pertes importantes\u00a0<\/span>: <\/b>La plupart des gens d\u00e9cident de ne pas faire une r\u00e9clamation si les co\u00fbts sont semblables \u00e0 la franchise \u00e0 payer et que seulement quelques dollars leur reviennent. Cependant, s\u2019il s\u2019agit d\u2019un gros accident de voiture ou du vol important de biens, vous pourriez avoir d\u2019importantes difficult\u00e9s financi\u00e8res si l\u2019assurance n\u2019\u00e9tait pas l\u00e0 pour vous aider \u00e0 vous en remettre de la perte.<\/span><\/li>\n<li><b><span style=\"color: #003e52;\">Possibilit\u00e9 de blessures<\/span>\u00a0:<\/b> S\u2019il y a la moindre possibilit\u00e9 de blessures \u2013 \u00e0 court ou \u00e0 long terme \u2013 vous devriez signaler l\u2019incident. Par exemple, il pourrait s\u2019agir d\u2019un accident automobile o\u00f9 vous \u00eates responsable et qu\u2019il y avait des gens dans votre voiture ou dans celle que vous avez heurt\u00e9e. M\u00eame si l\u2019accent ne semble pas grave et que tout le monde dit \u00eatre correct au moment, vous ne savez pas si ce sera encore le cas dans les jours, semaines ou mois \u00e0 venir.<\/li>\n<li><b><span style=\"color: #003e52;\">Dommage que vous ne savez pas comment g\u00e9rer<\/span>\u00a0: <\/b>Par exemple, il pourrait s\u2019agir d\u2019un montant important d\u2019eau qui coule dans votre maison. Si on ne s\u2019occupe pas de la fuite de la bonne fa\u00e7on, l\u2019eau qui reste sous les planchers et derri\u00e8re les murs pourrait mener \u00e0 des r\u00e9parations co\u00fbteuses pour traiter de la moisissure et de la pourriture.<b> <\/b>Il vaut mieux demander de l\u2019aide lorsqu\u2019il s\u2019agit d\u2019un incident avec lequel vous n\u2019avez pas d\u2019exp\u00e9rience.<\/li>\n<\/ol>\n<\/div>[vc_column_text css=&#8221;.vc_custom_1533218817917{padding-top: 50px !important;}&#8221;]<\/p>\n<h3><\/h3>\n<h3 class=\"p1\"><span class=\"s1\" style=\"color: #003e52;\"><b>Comment cela aura-t-il un effet sur ma police d\u2019assurance, y compris le montant \u00e0 payer?<\/b><\/span><\/h3>\n<p class=\"p2\"><span class=\"s1\">En tant que courtiers en assurance, nous travaillons avec une vari\u00e9t\u00e9 de compagnies d\u2019assurance qui ont tendance \u00e0 g\u00e9rer les r\u00e9clamations de diff\u00e9rentes fa\u00e7ons. Les sc\u00e9narios sont nombreux et varient entre <b>z\u00e9ro effet sur votre police d\u2019assurance<\/b> (par exemple, si votre compagnie d\u2019assurance a un programme de \u00ab\u00a0r\u00e9clamation pardonn\u00e9e\u00a0\u00bb) et une <b>importante augmentation de votre prime<\/b> lors de votre prochain renouvellement. Cela dit, le r\u00e9sultat se situe habituellement entre ces deux extr\u00eames. Une demande de r\u00e9clamation engendre habituellement une petite augmentation temporaire de la prime (entre 5 \u00e0 20\u00a0% par ann\u00e9e). Il en va de m\u00eame pour les sc\u00e9narios de\u00a0\u00ab\u00a0premi\u00e8re r\u00e9clamation\u00a0\u00bb et de \u00ab\u00a0premi\u00e8re r\u00e9clamation depuis des ann\u00e9es\u00a0\u00bb. \u00c9videmment, les r\u00e9percussions seront plus s\u00e9rieuses lorsqu\u2019il y a plusieurs r\u00e9clamations dans une p\u00e9riode relativement courte. Il se peut que votre assureur refuse de renouveler votre police d\u2019assurance si vous faites souvent des r\u00e9clamations. <\/span><\/p>\n<p class=\"p2\"><span class=\"s1\">Un autre facteur qu\u2019il faut consid\u00e9rer est la fa\u00e7on dont les assureurs per\u00e7oivent les demandes de r\u00e9clamation. La <b>Compagnie A<\/b> pourrait vous permettre de faire une r\u00e9clamation \u00e9ventuelle, qu\u2019ils vont investiguer puis vous donner les d\u00e9tails des dommages et des co\u00fbts, puis vous donner l\u2019option de vous occuper des dommages vous-m\u00eame ou de faire la demande de r\u00e9clamation. La <b>Compagnie B<\/b> pourrait inscrire la r\u00e9clamation \u00e0 votre dossier d\u00e8s que vous leur en faites part! Vous pouvez nous t\u00e9l\u00e9phoner afin que nous puissions vous guider vers la meilleure d\u00e9cision sans p\u00e9nalit\u00e9s. <\/span><\/p>\n<p>[\/vc_column_text][vc_column_text css=&#8221;.vc_custom_1533218808047{padding-top: 50px !important;}&#8221;]<\/p>\n<h3 class=\"p1\"><span class=\"s1\" style=\"color: #003e52;\"><b>Est-ce que je vais perdre mon rabais pour les ann\u00e9es sans r\u00e9clamations?<\/b><\/span><\/h3>\n<p class=\"p2\"><span class=\"s1\">Si vous envoyez une demande de r\u00e9clamation, cela signifie habituellement que vous n\u2019aurez plus un rabais pour les ann\u00e9es sans r\u00e9clamations. Cependant, ce n\u2019est pas toujours le cas. La majorit\u00e9 des compagnies d\u2019assurance offriront une \u00ab\u00a0r\u00e9clamation pardonn\u00e9e\u00a0\u00bb \u00e0 leurs clients admissibles. Cela vous permet de faire une demande de r\u00e9clamation sans que cela nuise \u00e0 votre police. <\/span><\/p>\n<p>[\/vc_column_text][vc_column_text css=&#8221;.vc_custom_1533218799588{padding-top: 50px !important;}&#8221;]<\/p>\n<h3 class=\"p1\"><span class=\"s1\" style=\"color: #003e52;\"><b>Quel est le montant de ma franchise, et quand devrais-je la payer?<\/b><\/span><\/h3>\n<p class=\"p2\"><span class=\"s1\">Presque toutes les polices d\u2019assurance comptent une franchise \u00e0 payer. En gros, c\u2019est le montant initial de toute r\u00e9clamation que vous devez payer avant que votre assureur s\u2019occupe de payer le reste de la r\u00e9clamation. Il est important de choisir un montant avec lequel vous \u00eates \u00e0 l\u2019aise et qui n\u2019engendra pas de difficult\u00e9s financi\u00e8res. <\/span><\/p>\n<p class=\"p2\"><span class=\"s1\">La franchise a un r\u00f4le important pour \u00e9viter d\u2019avoir des primes d\u2019assurance trop \u00e9lev\u00e9es en \u00e9liminant beaucoup de petites r\u00e9clamations et des co\u00fbts qui sont li\u00e9s au traitement de ces incidents mineurs. Plus votre franchise est \u00e9lev\u00e9e, moins votre prime annuelle sera \u00e9lev\u00e9e. <\/span><\/p>\n<p class=\"p2\"><span class=\"s1\">Nous travaillons avec quelques assureurs qui ont une \u00ab\u00a0franchise d\u00e9croissante\u00a0\u00bb, c\u2019est-\u00e0-dire que vous n\u2019auriez peut-\u00eatre pas \u00e0 payer une franchise si vous n\u2019avez pas fait de r\u00e9clamations depuis un certain nombre d\u2019ann\u00e9es! Parfois, il peut aussi y avoir des situations o\u00f9 les franchises ne s\u2019appliquent pas (par exemple, le vol d\u2019un v\u00e9hicule au complet ou la r\u00e9paration d\u2019un bris de vitre sur votre pare-brise). De plus, lorsque vous \u00eates impliqu\u00e9 dans un accident automobile qui n\u2019est pas de votre responsabilit\u00e9, la compagnie d\u2019assurance de la personne responsable s\u2019occupe habituellement de votre franchise. <\/span><\/p>\n<p class=\"p2\"><span class=\"s1\">Le montant de la franchise est habituellement facile \u00e0 rep\u00e9rer dans la documentation pour votre police d\u2019assurance. Cependant, certaines polices ont parfois des diff\u00e9rents montants de franchises pour diff\u00e9rents types de r\u00e9clamations (par exemple, 1000\u00a0$ pour les demandes de r\u00e9clamation pour collision, mais 500\u00a0$ pour un incident de vol ou d\u2019incendie). <\/span><\/p>\n<p class=\"p2\"><span class=\"s1\">N\u2019h\u00e9sitez pas \u00e0 communiquer avec nous si vous voulez en savoir plus sur les franchises attribu\u00e9es \u00e0 vos polices d\u2019assurance. <\/span><\/p>\n<p>[\/vc_column_text][vc_column_text css=&#8221;.vc_custom_1533218790881{padding-top: 50px !important;}&#8221;]<\/p>\n<h3 class=\"p1\"><span class=\"s1\" style=\"color: #003e52;\"><b>Vous ne savez toujours pas quoi faire?<\/b><\/span><\/h3>\n<p class=\"p2\"><span class=\"s2\">T\u00e9l\u00e9phonez-nous<\/span><span class=\"s1\"> et nous trouverons la solution ensemble. Apr\u00e8s tout, c\u2019est pour \u00e7a que nous sommes l\u00e0. Nous r\u00e9viserons les options ensemble afin que vous puissiez \u00eatre s\u00fbrs d\u2019avoir pris la bonne d\u00e9cision par rapport \u00e0 votre r\u00e9clamation \u00e9ventuelle.<\/span><\/p>\n<p>[\/vc_column_text][vc_btn title=&#8221;Faire une r\u00e9clamation&#8221; link=&#8221;url:%2Ffr%2Ffaire-une-reclamation|||&#8221; css=&#8221;.vc_custom_1518097947267{padding-top: 50px !important;padding-bottom: 50px !important;}&#8221;][\/vc_column][\/vc_row][vc_row][vc_column][\/vc_column][\/vc_row]<\/p>\n","protected":false},"excerpt":{"rendered":"<p>[vc_row bg_type=&#8221;image&#8221; parallax_style=&#8221;vcpb-default&#8221; bg_image_new=&#8221;id^486|url^http:\/\/govienneau.com\/wp-content\/uploads\/2018\/01\/Business-dark-top.jpg|caption^null|alt^null|title^Business -dark top|description^null&#8221; bg_override=&#8221;full&#8221; enable_overlay=&#8221;enable_overlay_value&#8221; overlay_color=&#8221;#212121&#8243; seperator_enable=&#8221;seperator_enable_value&#8221; seperator_type=&#8221;tilt_left_seperator&#8221; seperator_position=&#8221;bottom_seperator&#8221; seperator_svg_height=&#8221;100&#8243; el_id=&#8221;claims&#8221; css=&#8221;.vc_custom_1516384863337{padding-top: 130px !important;padding-bottom: 100px !important;}&#8221;][vc_column width=&#8221;1\/3&#8243;][\/vc_column][vc_column width=&#8221;1\/3&#8243;][\/vc_column][vc_column css_animation=&#8221;none&#8221; width=&#8221;1\/3&#8243;][\/vc_column][\/vc_row][vc_row][vc_column][vc_column_text css=&#8221;.vc_custom_1533212061976{padding-bottom: 25px !important;}&#8221;] Nous sommes d\u00e9sol\u00e9s d\u2019apprendre que vous avez v\u00e9cu un incident qui vous m\u00e8ne \u00e0 cette section de notre site Web. Heureusement, vous \u00eates l\u2019une de ces personnes pr\u00e9voyantes qui&hellip;<\/p>\n","protected":false},"author":1,"featured_media":0,"parent":0,"menu_order":0,"comment_status":"closed","ping_status":"closed","template":"","meta":{"_mi_skip_tracking":false},"yst_prominent_words":[1119,1120,1103,1111,1107,1117,1113,1115,1098,1110,1123,1105,1122,1102,1114,1104,1116,1118,1106,1109],"_links":{"self":[{"href":"https:\/\/govienneau.com\/fr\/wp-json\/wp\/v2\/pages\/1003"}],"collection":[{"href":"https:\/\/govienneau.com\/fr\/wp-json\/wp\/v2\/pages"}],"about":[{"href":"https:\/\/govienneau.com\/fr\/wp-json\/wp\/v2\/types\/page"}],"author":[{"embeddable":true,"href":"https:\/\/govienneau.com\/fr\/wp-json\/wp\/v2\/users\/1"}],"replies":[{"embeddable":true,"href":"https:\/\/govienneau.com\/fr\/wp-json\/wp\/v2\/comments?post=1003"}],"version-history":[{"count":19,"href":"https:\/\/govienneau.com\/fr\/wp-json\/wp\/v2\/pages\/1003\/revisions"}],"predecessor-version":[{"id":2362,"href":"https:\/\/govienneau.com\/fr\/wp-json\/wp\/v2\/pages\/1003\/revisions\/2362"}],"wp:attachment":[{"href":"https:\/\/govienneau.com\/fr\/wp-json\/wp\/v2\/media?parent=1003"}],"wp:term":[{"taxonomy":"yst_prominent_words","embeddable":true,"href":"https:\/\/govienneau.com\/fr\/wp-json\/wp\/v2\/yst_prominent_words?post=1003"}],"curies":[{"name":"wp","href":"https:\/\/api.w.org\/{rel}","templated":true}]}}