{"id":1037,"date":"2018-01-27T21:45:48","date_gmt":"2018-01-27T21:45:48","guid":{"rendered":"http:\/\/govienneau.com\/lassurance-pour-proprietaires-dimmeubles-a-revenus\/"},"modified":"2018-03-20T10:21:51","modified_gmt":"2018-03-20T14:21:51","slug":"lassurance-pour-proprietaires-dimmeubles-a-revenus","status":"publish","type":"page","link":"https:\/\/govienneau.com\/fr\/lassurance-pour-proprietaires-dimmeubles-a-revenus\/","title":{"rendered":"L&#8217;assurance pour propri\u00e9taires d&#8217;immeubles \u00e0 revenus"},"content":{"rendered":"<p>[vc_row bg_type=&#8221;image&#8221; parallax_style=&#8221;vcpb-default&#8221; bg_image_new=&#8221;id^1260|url^https:\/\/govienneau.com\/wp-content\/uploads\/2018\/02\/Apartments2-dark-top.jpg|caption^null|alt^null|title^Apartments2- dark top|description^null&#8221; bg_override=&#8221;full&#8221; enable_overlay=&#8221;enable_overlay_value&#8221; overlay_color=&#8221;#212121&#8243; seperator_enable=&#8221;seperator_enable_value&#8221; seperator_type=&#8221;tilt_left_seperator&#8221; seperator_position=&#8221;bottom_seperator&#8221; seperator_svg_height=&#8221;100&#8243; el_id=&#8221;apartment&#8221; css=&#8221;.vc_custom_1521551070287{padding-top: 130px !important;padding-bottom: 100px !important;}&#8221;][vc_column width=&#8221;1\/3&#8243;][\/vc_column][vc_column width=&#8221;1\/3&#8243;][\/vc_column][vc_column css_animation=&#8221;bounceInRight&#8221; width=&#8221;1\/3&#8243;]<form class=\"dt-contact-form dt-form\" method=\"post\"><input type=\"hidden\" name=\"widget_id\" value=\"presscore-contact-form-widget--1\" \/><input type=\"hidden\" name=\"send_message\" value=\"\" \/><input type=\"hidden\" name=\"security_token\" value=\"0741202c24bb03a038df\"\/><div class=\"form-fields\"><span class=\"form-name\"><label class=\"assistive-text\">Nom *<\/label><input type=\"text\" class=\"validate[required]\" placeholder=\"Nom *\" name=\"name\" value=\"\" aria-required=\"true\">\n<\/span><span class=\"form-mail\"><label class=\"assistive-text\">E-mail *<\/label><input type=\"text\" class=\"validate[required,custom[email]]\" placeholder=\"E-mail *\" name=\"email\" value=\"\" aria-required=\"true\">\n<\/span><span class=\"form-telephone\"><label class=\"assistive-text\">T\u00e9l\u00e9phone *<\/label><input type=\"text\" class=\"validate[required,custom[phone]]\" placeholder=\"T\u00e9l\u00e9phone *\" name=\"telephone\" value=\"\" aria-required=\"true\">\n<\/span><span class=\"form-city\"><label class=\"assistive-text\">Ville<\/label><input type=\"text\" placeholder=\"Ville\" name=\"city\" value=\"\" aria-required=\"false\">\n<\/span><\/div><span class=\"form-message\"><label class=\"assistive-text\">Message *<\/label><textarea class=\"validate[required]\" placeholder=\"Message *\" name=\"message\" rows=\"6\" aria-required=\"true\"><\/textarea>\n<\/span><p><a href=\"#\" class=\"dt-btn dt-btn-m dt-btn-submit\" rel=\"nofollow\"><span>Soumission propri\u00e9taires d&#039;immeubles \u00e0 revenus<\/span><\/a><input class=\"assistive-text\" type=\"submit\" value=\"envoyer\"><\/p><\/form>\n[\/vc_column][\/vc_row][vc_row][vc_column css=&#8221;.vc_custom_1521551149181{padding-top: 25px !important;}&#8221;]<div id=\"ultimate-heading-546869d42c63ef519\" class=\"uvc-heading ult-adjust-bottom-margin ultimate-heading-546869d42c63ef519 uvc-3464  uvc-heading-default-font-sizes\" data-hspacer=\"line_only\"  data-halign=\"left\" style=\"text-align:left\"><div class=\"uvc-main-heading ult-responsive\"  data-ultimate-target='.uvc-heading.ultimate-heading-546869d42c63ef519 h2'  data-responsive-json-new='{\"font-size\":\"\",\"line-height\":\"\"}' ><h2 style=\"font-weight:bold;\">L'assurance pour propri\u00e9taires d'immeubles \u00e0 revenus au Nouveau-Brunswick <\/h2><\/div><div class=\"uvc-heading-spacer line_only\" style=\"margin-bottom:40px;height:3px;\"><span class=\"uvc-headings-line\" style=\"border-style:solid;border-bottom-width:3px;border-color:#0075a9;width:200px;\"><\/span><\/div><\/div>[vc_column_text]Que vous apparteniez un seul immeuble \u00e0 revenus qui vous fournit un petit coussin financier, ou que vous soyez propri\u00e9taire \u00e0 plein-temps avec des douzaines d&#8217;unit\u00e9s \u00e0 votre nom, vous voulez certainement vous assurer que votre investissement est bien prot\u00e9g\u00e9. Alors que l&#8217;assurance pour propri\u00e9taires d&#8217;immeubles \u00e0 revenus au Nouveau-Brunswick est g\u00e9n\u00e9ralement moins ax\u00e9e sur les tours d&#8217;appartement (high-rise), cela ne veut pas n\u00e9cessairement dire qu&#8217;elle demande moins d&#8217;entretien. Vos locataires peuvent \u00eatre tr\u00e8s durs sur votre immeuble et vous avez besoin d&#8217;\u00eatre certain que quelques dommages caus\u00e9s par l&#8217;un d&#8217;eux n&#8217;effaceront pas toute la valeur r\u00e9siduelle que vous avez \u00e9tablie avec cette propri\u00e9t\u00e9 en raison d&#8217;une assurance inad\u00e9quate.<\/p>\n<h2><span style=\"color: #003e52;\"><strong><br \/>\nUn niveau de couverture d&#8217;appartement luxueux \u00e0 des prix d&#8217;appartement de sous-sol.<\/strong><\/span><\/h2>\n<p>N&#8217;est-ce pas ce que tout le monde veut? En tant que courtier d&#8217;assurance avec beaucoup d&#8217;exp\u00e9rience en assurance d&#8217;immeubles \u00e0 revenus, c&#8217;est nous qui magasinons le march\u00e9 pour vous afin de vous trouver la meilleure couverture pour la meilleure valeur possible. D\u00e9pendant des conditions du march\u00e9 et des sp\u00e9cificit\u00e9s de votre propri\u00e9t\u00e9 en particulier, nous pouvons vous offrir un nombre de devis selon de nombreuses options pour ensuite vous expliquer les diff\u00e9rences entre chacune des couvertures.<\/p>\n<h2><span style=\"color: #003e52;\"><strong><br \/>\nExtras pour l&#8217;assurance d&#8217;immeuble locatif<\/strong><\/span><\/h2>\n<p>Lorsqu&#8217;il est question de couverture d&#8217;assurance d&#8217;immeuble locatif, ce sont souvent les options ou les \u00ab extras \u00bb qui font la diff\u00e9rence entre une bonne et une excellente police d&#8217;assurance. Mais vous connaissant, vous \u00eates certainement le genre de personne qui veut une couverture de premi\u00e8re classe pour votre immeuble, vous assurant qu&#8217;il soit bien prot\u00e9g\u00e9 contre \u00e0 peu pr\u00e8s n&#8217;importe quoi. <a href=\"https:\/\/govienneau.com\/fr\/assurance-de-responsabilite\/\"><strong>L&#8217;assurance responsabilit\u00e9 civile<\/strong><\/a> est aussi essentielle, puisque c&#8217;est elle qui vous prot\u00e8gera contre les poursuites qui pourraient survenir de vos propri\u00e9t\u00e9s et de votre appartenance de celles-ci. Aucun r\u00e9gime d&#8217;assurance des biens immobiliers ne serait complet sans couverture d&#8217;assurance de revenus locatifs, pour que votre flux de tr\u00e9sorerie immobilier durement gagn\u00e9 soit toujours disponible si votre immeuble est en train d&#8217;\u00eatre r\u00e9nov\u00e9, r\u00e9par\u00e9 ou reb\u00e2ti. Mais, saviez-vous que ces options de couverture moins connues sont souvent disponibles aussi :[\/vc_column_text][\/vc_column][\/vc_row][vc_row][vc_column css=&#8221;.vc_custom_1521552098664{padding-top: 25px !important;padding-bottom: 25px !important;}&#8221;]<div class=\"standard-arrow bullet-top\"><ul>\n<li><strong>Assurance valeur \u00e0 neuf garantie<\/strong> : m\u00eame si le co\u00fbt pour reb\u00e2tir surpasse le montant pour lequel vous \u00eates couvert! Cette option n\u00e9cessite habituellement qu&#8217;une \u00e9valuation professionnelle soit effectu\u00e9e avec nous.<\/li>\n<li><strong>Assurance inondation<\/strong> : presque impossible \u00e0 se procurer avec une police d&#8217;assurance habitation, et pas disponible pour tous les blocs appartements, mais vous pourriez peut-\u00eatre qualifier pour cette couverture selon l&#8217;emplacement de votre immeuble.<\/li>\n<li><strong>Dommages au terrain de stationnement<\/strong> : un terrain de stationnement est une affaire tr\u00e8s co\u00fbteuse, comme nous le savons trop bien! Et c&#8217;est toujours bon d&#8217;avoir l&#8217;option de couvrir le v\u00f4tre dans l&#8217;\u00e9v\u00e9nement qu&#8217;il souffrirait d&#8217;une perte assur\u00e9e.<\/li>\n<\/ul>\n<\/div>[\/vc_column][\/vc_row][vc_row][vc_column][vc_column_text]<\/p>\n<h2><span style=\"color: #003e52;\"><strong>R\u00e9duisez vos co\u00fbts d&#8217;assurance pour propri\u00e9taires d&#8217;immeubles \u00e0 revenus<\/strong><\/span><\/h2>\n<p>Voici quelques facteurs qui affectent votre prime d&#8217;assurance d&#8217;immeuble locatif :[\/vc_column_text][\/vc_column][\/vc_row][vc_row][vc_column css=&#8221;.vc_custom_1521551947571{padding-top: 25px !important;padding-bottom: 25px !important;}&#8221;]<div class=\"standard-arrow bullet-top\"><ul>\n<li><strong>L&#8217;occupation<\/strong> &#8211; (ex : commerciale vs. locataires)<\/li>\n<li><strong>La construction de l&#8217;immeuble<\/strong> &#8211; est-ce une structure en bois, ou une structure en fer et en brique moins inflammable?<\/li>\n<li><strong>Le voisinage<\/strong> &#8211; le taux de crime est-il bas? \u00cates-vous dans le centre-ville tout pr\u00e8s d&#8217;une caserne de pompiers, ou est-ce un appartement dans le sous-sol d&#8217;une maison situ\u00e9e dans la campagne?<\/li>\n<li><strong>Entretien du b\u00e2timent<\/strong> &#8211; La plupart des assureurs demandent une photo r\u00e9cente de l&#8217;immeuble, et pourraient aussi demander une inspection de l&#8217;\u00e9difice. Ce sont les circuits \u00e9lectriques, la plomberie et la toiture p\u00e9rim\u00e9es qui tuent. Il est \u00e9vident que l&#8217;entretien d&#8217;un bloc appartement et l&#8217;\u00e9limination rapide de tout risque de responsabilit\u00e9 affectent \u00e9norm\u00e9ment les co\u00fbts d&#8217;assurance.<\/li>\n<li><strong>Historique des r\u00e9clamations<\/strong> &#8211; tout simplement, un historique de peu ou aucune perte assur\u00e9e fait en sorte que le profil des risques soit plus attirant. M\u00eame que plusieurs compagnies d&#8217;assurance se battront entre elles pour un tel profil.<\/li>\n<\/ul>\n<\/div>[\/vc_column][\/vc_row][vc_row][vc_column][vc_column_text]<strong>Assurance Vienneau <\/strong>fournit des assurances pour blocs appartements au Nouveau-Brunswick depuis \u00e0 peu pr\u00e8s 70 ans. Nous nous occupons de tout, qu&#8217;il s&#8217;agisse d&#8217;une assurance pour immeuble d&#8217;appartements luxueux, ou celle d&#8217;un petit appartement dans le sous-sol d&#8217;une maison. Appelez-nous ou cliquez votre \u00e9cran d\u00e8s aujourd&#8217;hui pour voir ce que nous pouvons faire pour vous.[\/vc_column_text][\/vc_column][\/vc_row]<\/p>\n","protected":false},"excerpt":{"rendered":"<p>[vc_row bg_type=&#8221;image&#8221; parallax_style=&#8221;vcpb-default&#8221; bg_image_new=&#8221;id^1260|url^https:\/\/govienneau.com\/wp-content\/uploads\/2018\/02\/Apartments2-dark-top.jpg|caption^null|alt^null|title^Apartments2- dark top|description^null&#8221; bg_override=&#8221;full&#8221; enable_overlay=&#8221;enable_overlay_value&#8221; overlay_color=&#8221;#212121&#8243; seperator_enable=&#8221;seperator_enable_value&#8221; seperator_type=&#8221;tilt_left_seperator&#8221; seperator_position=&#8221;bottom_seperator&#8221; seperator_svg_height=&#8221;100&#8243; el_id=&#8221;apartment&#8221; css=&#8221;.vc_custom_1521551070287{padding-top: 130px !important;padding-bottom: 100px !important;}&#8221;][vc_column width=&#8221;1\/3&#8243;][\/vc_column][vc_column width=&#8221;1\/3&#8243;][\/vc_column][vc_column css_animation=&#8221;bounceInRight&#8221; width=&#8221;1\/3&#8243;][\/vc_column][\/vc_row][vc_row][vc_column css=&#8221;.vc_custom_1521551149181{padding-top: 25px !important;}&#8221;][vc_column_text]Que vous apparteniez un seul immeuble \u00e0 revenus qui vous fournit un petit coussin financier, ou que vous soyez propri\u00e9taire \u00e0 plein-temps avec des douzaines d&#8217;unit\u00e9s \u00e0 votre nom, vous&hellip;<\/p>\n","protected":false},"author":1,"featured_media":0,"parent":0,"menu_order":0,"comment_status":"closed","ping_status":"closed","template":"","meta":{"_mi_skip_tracking":false},"yst_prominent_words":[547,543,542,535,548,532,544,536,541,534,545,538,540,546,533,530,539,531,537,549],"_links":{"self":[{"href":"https:\/\/govienneau.com\/fr\/wp-json\/wp\/v2\/pages\/1037"}],"collection":[{"href":"https:\/\/govienneau.com\/fr\/wp-json\/wp\/v2\/pages"}],"about":[{"href":"https:\/\/govienneau.com\/fr\/wp-json\/wp\/v2\/types\/page"}],"author":[{"embeddable":true,"href":"https:\/\/govienneau.com\/fr\/wp-json\/wp\/v2\/users\/1"}],"replies":[{"embeddable":true,"href":"https:\/\/govienneau.com\/fr\/wp-json\/wp\/v2\/comments?post=1037"}],"version-history":[{"count":11,"href":"https:\/\/govienneau.com\/fr\/wp-json\/wp\/v2\/pages\/1037\/revisions"}],"predecessor-version":[{"id":1826,"href":"https:\/\/govienneau.com\/fr\/wp-json\/wp\/v2\/pages\/1037\/revisions\/1826"}],"wp:attachment":[{"href":"https:\/\/govienneau.com\/fr\/wp-json\/wp\/v2\/media?parent=1037"}],"wp:term":[{"taxonomy":"yst_prominent_words","embeddable":true,"href":"https:\/\/govienneau.com\/fr\/wp-json\/wp\/v2\/yst_prominent_words?post=1037"}],"curies":[{"name":"wp","href":"https:\/\/api.w.org\/{rel}","templated":true}]}}