{"id":1172,"date":"2018-01-29T17:46:44","date_gmt":"2018-01-29T17:46:44","guid":{"rendered":"http:\/\/govienneau.com\/auto\/"},"modified":"2018-08-08T14:04:02","modified_gmt":"2018-08-08T18:04:02","slug":"auto","status":"publish","type":"page","link":"https:\/\/govienneau.com\/fr\/auto\/","title":{"rendered":"Auto"},"content":{"rendered":"<p>[vc_row bg_type=&#8221;image&#8221; parallax_style=&#8221;vcpb-default&#8221; bg_image_new=&#8221;id^418|url^http:\/\/govienneau.com\/wp-content\/uploads\/2018\/01\/Auto-Dark-top.jpg|caption^null|alt^null|title^Auto Dark top|description^null&#8221; bg_override=&#8221;full&#8221; enable_overlay=&#8221;enable_overlay_value&#8221; overlay_color=&#8221;#212121&#8243; seperator_enable=&#8221;seperator_enable_value&#8221; seperator_type=&#8221;tilt_left_seperator&#8221; seperator_position=&#8221;bottom_seperator&#8221; seperator_svg_height=&#8221;100&#8243; el_id=&#8221;Auto&#8221; css=&#8221;.vc_custom_1516284560301{padding-top: 130px !important;padding-bottom: 100px !important;}&#8221;][vc_column][rev_slider_vc alias=&#8221;auto_fr_onlinequote&#8221;][\/vc_column][\/vc_row][vc_row][vc_column]<div id=\"ultimate-heading-860969d3a0aebc57e\" class=\"uvc-heading ult-adjust-bottom-margin ultimate-heading-860969d3a0aebc57e uvc-5795  uvc-heading-default-font-sizes\" data-hspacer=\"line_only\"  data-halign=\"left\" style=\"text-align:left\"><div class=\"uvc-main-heading ult-responsive\"  data-ultimate-target='.uvc-heading.ultimate-heading-860969d3a0aebc57e h2'  data-responsive-json-new='{\"font-size\":\"\",\"line-height\":\"\"}' ><h2 style=\"font-weight:bold;\">Assurance automobile<\/h2><\/div><div class=\"uvc-heading-spacer line_only\" style=\"margin-bottom:40px;height:3px;\"><span class=\"uvc-headings-line\" style=\"border-style:solid;border-bottom-width:3px;border-color:#0075a9;width:200px;\"><\/span><\/div><\/div>[vc_column_text css=&#8221;.vc_custom_1533751440014{padding-bottom: 25px !important;}&#8221;]<\/p>\n<h3><span style=\"color: #003e52;\"><strong>Pr\u00e9servez le sentiment de libert\u00e9 <\/strong><\/span><\/h3>\n<p>Nous nous souvenons tous du moment o\u00f9 nous avons enfin obtenu notre permis de conduire; au volant de la voiture familiale et le sentiment de libert\u00e9 sur la route sans destination quelconque. Aucune inqui\u00e9tude, simplement le sentiment qu&#8217;un tout nouveau monde vient de s&#8217;ouvrir \u00e0 nous.<\/p>\n<p>Ce n&#8217;est que plus tard, avec les r\u00e9alit\u00e9s et les responsabilit\u00e9s de la vie, que nous commen\u00e7ons \u00e0 penser \u00e0 l&#8217;assurance automobile et \u00e0 son importance. Au fil du temps, notre exub\u00e9rance insouciante est remplac\u00e9e par le constat que nous avons beaucoup \u00e0 perdre. Ce sentiment insouciant que nous avions derri\u00e8re le volant n&#8217;est plus aussi pr\u00e9sent. <strong>Chez Assurance Vienneau, nous voulons vous aider \u00e0 pr\u00e9server ce sentiment! <\/strong><\/p>\n<h3><span style=\"color: #003e52;\"><strong>L&#8217;important, c&#8217;est la tranquillit\u00e9 d&#8217;esprit <\/strong><\/span><\/h3>\n<p>L&#8217;important, ce n&#8217;est pas les publicit\u00e9s dr\u00f4les ou pousser les gens \u00e0 \u00ab\u00a0obtenir leur propre soumission en ligne\u00a0\u00bb et vivre avec les cons\u00e9quences. L&#8217;important, c&#8217;est d&#8217;\u00eatre ABSOLUMENT CERTAIN d&#8217;\u00eatre prot\u00e9g\u00e9 si vous ou un \u00eatre cher \u00e9tiez dans un accident d&#8217;auto. Soyons r\u00e9alistes, il y a des accidents de voiture tous les jours dans toutes les communaut\u00e9s du Nouveau-Brunswick. Vous ne pouvez pas risquer d&#8217;apprendre que vous aviez mal compris o\u00f9 se situait l&#8217;option \u00ab\u00a0voiture de location\u00a0\u00bb sur le site Web ou que l&#8217;assureur du centre d&#8217;appels a gliss\u00e9 une franchise tr\u00e8s \u00e9lev\u00e9e afin de pouvoir vous proposer un prix qui parait bien. Vous avez besoin d&#8217;un courtier d&#8217;assurances ind\u00e9pendant et local en qui vous pouvez faire confiance et qui ne jouera pas \u00e0 la roulette russe avec le bien-\u00eatre financier de votre famille. Nous vivons dans la m\u00eame communaut\u00e9 que vous et nous ne voulons pas que les gens nous jettent des regards d\u00e9sagr\u00e9ables \u00e0 l&#8217;\u00e9picerie, donc nous nous effor\u00e7ons de bien vous prot\u00e9ger.<\/p>\n<h3><span style=\"color: #003e52;\"><strong>Toutes les assurances automobile ne sont pas identiques <\/strong><\/span><\/h3>\n<p>Si vous conduisez au Nouveau-Brunswick, vous devez \u00eatre en mesure de prouver que vous avez une assurance automobile. Bien que le gouvernement exige un niveau minimal de protection avec chaque police d&#8217;assurance automobile au Nouveau-Brunswick, un agent ou courtier scrupuleux offrira \u00e0 ses clients bien plus que la protection minimale exig\u00e9e par le gouvernement. Ce sont ces protections suppl\u00e9mentaires &#8211; ou avenants comme nous les nommons dans l&#8217;industrie &#8211; qui font vraiment toute la diff\u00e9rence dans une police d&#8217;assurance automobile.<\/p>\n<p><strong>Parmi ces options, on retrouve\u00a0:<\/strong>[\/vc_column_text]<div class=\"standard-arrow bullet-top\"><ul>\n<li>Assurance pour location de voiture<\/li>\n<li>Assurance pour les v\u00e9hicules que vous empruntez, mais qui ne vous appartiennent pas<\/li>\n<li>Premier accident pardonn\u00e9<\/li>\n<li>Co\u00fbt de remplacement garanti pour les nouveaux v\u00e9hicules achet\u00e9s<\/li>\n<li>Assurance responsabilit\u00e9 suppl\u00e9mentaire qui vient en jeu si vous vous faites frapper par un conducteur avec des limites d&#8217;assurances moins \u00e9lev\u00e9es que les v\u00f4tres et qui ne sont pas suffisantes pour couvrir vos dommages et blessures<\/li>\n<\/ul>\n<\/div>[vc_column_text css=&#8221;.vc_custom_1533751409291{padding-top: 25px !important;padding-bottom: 25px !important;}&#8221;]Ces protections suppl\u00e9mentaires (ou avenants) peuvent varier d&#8217;assureur \u00e0 assureur. Par exemple, certains offrent une protection de location de voiture plus importante que d&#8217;autres, certains remplaceront votre voiture par une nouvelle voiture trois ans apr\u00e8s que vous l&#8217;avez achet\u00e9e et certains ne la remplaceront que si elle est \u00e2g\u00e9e de moins de deux ans.<\/p>\n<p>L&#8217;avantage d&#8217;un courtier d&#8217;assurance est que nous avons des options et nous nous assurerons de vous donner ce dont vous avez besoin. T\u00e9l\u00e9phonez <strong>Assurance Vienneau <\/strong>aujourd&#8217;hui ou remplissez le court formulaire de soumission en haut de la page pour obtenir une soumission d&#8217;assurance automobile &#8211; Nouveau-Brunswick gratuite![\/vc_column_text][vc_btn title=&#8221;Obtenir Prix Auto&#8221; color=&#8221;warning&#8221; align=&#8221;center&#8221;][\/vc_column][\/vc_row][vc_row][vc_column][\/vc_column][\/vc_row]<\/p>\n","protected":false},"excerpt":{"rendered":"<p>[vc_row bg_type=&#8221;image&#8221; parallax_style=&#8221;vcpb-default&#8221; bg_image_new=&#8221;id^418|url^http:\/\/govienneau.com\/wp-content\/uploads\/2018\/01\/Auto-Dark-top.jpg|caption^null|alt^null|title^Auto Dark top|description^null&#8221; bg_override=&#8221;full&#8221; enable_overlay=&#8221;enable_overlay_value&#8221; overlay_color=&#8221;#212121&#8243; seperator_enable=&#8221;seperator_enable_value&#8221; seperator_type=&#8221;tilt_left_seperator&#8221; seperator_position=&#8221;bottom_seperator&#8221; seperator_svg_height=&#8221;100&#8243; el_id=&#8221;Auto&#8221; css=&#8221;.vc_custom_1516284560301{padding-top: 130px !important;padding-bottom: 100px !important;}&#8221;][vc_column][rev_slider_vc alias=&#8221;auto_fr_onlinequote&#8221;][\/vc_column][\/vc_row][vc_row][vc_column][vc_column_text css=&#8221;.vc_custom_1533751440014{padding-bottom: 25px !important;}&#8221;] Pr\u00e9servez le sentiment de libert\u00e9 Nous nous souvenons tous du moment o\u00f9 nous avons enfin obtenu notre permis de conduire; au volant de la voiture familiale et le sentiment de libert\u00e9 sur&hellip;<\/p>\n","protected":false},"author":1,"featured_media":0,"parent":0,"menu_order":0,"comment_status":"closed","ping_status":"closed","template":"template-microsite.php","meta":{"_mi_skip_tracking":false},"yst_prominent_words":[1384,1380,1378,1392,2931,1390,1381,739,1387,1386,2932,1385,1388,1379,1393,1382,1083,1389,1383,1100],"_links":{"self":[{"href":"https:\/\/govienneau.com\/fr\/wp-json\/wp\/v2\/pages\/1172"}],"collection":[{"href":"https:\/\/govienneau.com\/fr\/wp-json\/wp\/v2\/pages"}],"about":[{"href":"https:\/\/govienneau.com\/fr\/wp-json\/wp\/v2\/types\/page"}],"author":[{"embeddable":true,"href":"https:\/\/govienneau.com\/fr\/wp-json\/wp\/v2\/users\/1"}],"replies":[{"embeddable":true,"href":"https:\/\/govienneau.com\/fr\/wp-json\/wp\/v2\/comments?post=1172"}],"version-history":[{"count":7,"href":"https:\/\/govienneau.com\/fr\/wp-json\/wp\/v2\/pages\/1172\/revisions"}],"predecessor-version":[{"id":2426,"href":"https:\/\/govienneau.com\/fr\/wp-json\/wp\/v2\/pages\/1172\/revisions\/2426"}],"wp:attachment":[{"href":"https:\/\/govienneau.com\/fr\/wp-json\/wp\/v2\/media?parent=1172"}],"wp:term":[{"taxonomy":"yst_prominent_words","embeddable":true,"href":"https:\/\/govienneau.com\/fr\/wp-json\/wp\/v2\/yst_prominent_words?post=1172"}],"curies":[{"name":"wp","href":"https:\/\/api.w.org\/{rel}","templated":true}]}}