{"id":1184,"date":"2018-01-29T19:00:40","date_gmt":"2018-01-29T19:00:40","guid":{"rendered":"http:\/\/govienneau.com\/habitation\/"},"modified":"2018-08-08T14:12:52","modified_gmt":"2018-08-08T18:12:52","slug":"habitation","status":"publish","type":"page","link":"https:\/\/govienneau.com\/fr\/habitation\/","title":{"rendered":"Habitation"},"content":{"rendered":"<p>[vc_row css_animation=&#8221;none&#8221; bg_type=&#8221;image&#8221; parallax_style=&#8221;vcpb-default&#8221; bg_image_new=&#8221;id^414|url^http:\/\/govienneau.com\/wp-content\/uploads\/2018\/01\/vienneau-home-darktop.jpg|caption^null|alt^null|title^vienneau home darktop|description^null&#8221; bg_override=&#8221;full&#8221; enable_overlay=&#8221;enable_overlay_value&#8221; overlay_color=&#8221;#212121&#8243; seperator_enable=&#8221;seperator_enable_value&#8221; seperator_type=&#8221;tilt_left_seperator&#8221; seperator_position=&#8221;bottom_seperator&#8221; seperator_svg_height=&#8221;100&#8243; el_id=&#8221;Home&#8221; css=&#8221;.vc_custom_1516284229051{padding-top: 130px !important;padding-bottom: 100px !important;}&#8221;][vc_column][rev_slider_vc alias=&#8221;home_fr_onlinequote&#8221;][\/vc_column][\/vc_row][vc_row][vc_column]<div id=\"ultimate-heading-19669d3a079d443e\" class=\"uvc-heading ult-adjust-bottom-margin ultimate-heading-19669d3a079d443e uvc-4788  uvc-heading-default-font-sizes\" data-hspacer=\"line_only\"  data-halign=\"left\" style=\"text-align:left\"><div class=\"uvc-main-heading ult-responsive\"  data-ultimate-target='.uvc-heading.ultimate-heading-19669d3a079d443e h2'  data-responsive-json-new='{\"font-size\":\"\",\"line-height\":\"\"}' ><h2 style=\"font-weight:bold;\">Assurance Habitation<\/h2><\/div><div class=\"uvc-heading-spacer line_only\" style=\"margin-bottom:40px;height:3px;\"><span class=\"uvc-headings-line\" style=\"border-style:solid;border-bottom-width:3px;border-color:#0075a9;width:200px;\"><\/span><\/div><\/div>[vc_column_text css=&#8221;.vc_custom_1533751658892{padding-bottom: 25px !important;}&#8221;]<\/p>\n<h2><span style=\"color: #003e52;\"><strong>Votre foyer m\u00e9rite d&#8217;\u00eatre bien prot\u00e9g\u00e9<\/strong><\/span><\/h2>\n<p>On se sent le plus chez soi \u00e0 la maison\u2026 c&#8217;est aussi l\u00e0 o\u00f9 nous gardons presque toutes nos possessions! Peu d&#8217;\u00e9v\u00e9nements sont plus difficiles que de regarder sa maison familiale de la cour avant et de voir tous les souvenirs accumul\u00e9s depuis des ann\u00e9es disparaitre sous les flammes. Maintenant, imaginez-vous qu&#8217;on vous annonce que vous n&#8217;aviez pas la bonne assurance habitation et que vous n&#8217;avez pas suffisamment d&#8217;argent pour tout reconstruire ou recommencer!<\/p>\n<h2><span style=\"color: #003e52;\"><strong>La bonne protection d&#8217;assurance\u00a0habitation pour le Nouveau-Brunswick<\/strong><\/span><\/h2>\n<p>La perte ou l&#8217;endommagement de votre maison aura certainement des r\u00e9percussions \u00e9motionnelles, mais vous ne devriez pas subir des r\u00e9percussions financi\u00e8res. Chez <strong>Assurance Vienneau<\/strong>, nous adoptons une approche unique \u00e0 chaque client pour prot\u00e9ger votre maison. Bon nombre de choses sont \u00e0 consid\u00e9rer lorsque vient le temps de trouver la bonne protection pour nos clients, comme\u00a0:[\/vc_column_text]<div class=\"standard-arrow bullet-top\"><ul>\n<li>Habitez-vous dans une r\u00e9gion plus propice aux dommages d&#8217;eau?<\/li>\n<li>Des commerces ou des entreprises \u00e0 domicile peuvent-ils \u00eatre expos\u00e9s aux dommages?<\/li>\n<li>Peut-il y avoir des responsabilit\u00e9s additionnelles ou une exposition de propri\u00e9t\u00e9 additionnelle, comme une piscine ou de gros chiens?<\/li>\n<li>Le client est-il un collectionneur, ou poss\u00e8de-t-il bon nombre de bijoux qui n\u00e9cessitent une protection suppl\u00e9mentaire?<\/li>\n<\/ul>\n<\/div>[vc_column_text css=&#8221;.vc_custom_1533751670694{padding-top: 25px !important;padding-bottom: 25px !important;}&#8221;]<\/p>\n<h2><span style=\"color: #003e52;\"><strong>Valeur et protection de votre maison<\/strong><\/span><\/h2>\n<p>Chaque compagnie d&#8217;assurance semble avoir sa propre niche de clients ou un client id\u00e9al en t\u00eate selon les profils d\u00e9mographiques qu&#8217;elle veut cibler. Vous pourriez faire d&#8217;importantes \u00e9conomies si vous r\u00e9ussissez \u00e0 trouver la compagnie d&#8217;assurance qui cherche un client comme vous. Nous avons acc\u00e8s \u00e0 certaines des meilleures compagnies d&#8217;assurance au Canada et nous avons bon espoir de pouvoir vous trouver la police d&#8217;assurance habitation la mieux adapt\u00e9e \u00e0 vos besoins, tant sur le point de vue de la protection que sur le point de vue du prix.<\/p>\n<p><strong>T\u00e9l\u00e9phonez Assurance Vienneau aujourd&#8217;hui ou envoyez-nous un message pour nous dire que vous voulez une soumission rapide et gratuite!<\/strong>[\/vc_column_text][vc_btn title=&#8221;Obtenir Prix Maison&#8221; color=&#8221;warning&#8221; align=&#8221;center&#8221; link=&#8221;url:https%3A%2F%2Fwebrater.appliedsystems.com%2FWR%2FDefault.aspx%3FGC%3DVIENNEAU%26LANG%3DFR%26LOB%3DPROP%26PT%3DH%26WFW%3DQCK%26ORGSITE%3Dgovienneau.com||target:%20_blank|&#8221;][\/vc_column][\/vc_row][vc_row][vc_column][\/vc_column][\/vc_row]<\/p>\n","protected":false},"excerpt":{"rendered":"<p>[vc_row css_animation=&#8221;none&#8221; bg_type=&#8221;image&#8221; parallax_style=&#8221;vcpb-default&#8221; bg_image_new=&#8221;id^414|url^http:\/\/govienneau.com\/wp-content\/uploads\/2018\/01\/vienneau-home-darktop.jpg|caption^null|alt^null|title^vienneau home darktop|description^null&#8221; bg_override=&#8221;full&#8221; enable_overlay=&#8221;enable_overlay_value&#8221; overlay_color=&#8221;#212121&#8243; seperator_enable=&#8221;seperator_enable_value&#8221; seperator_type=&#8221;tilt_left_seperator&#8221; seperator_position=&#8221;bottom_seperator&#8221; seperator_svg_height=&#8221;100&#8243; el_id=&#8221;Home&#8221; css=&#8221;.vc_custom_1516284229051{padding-top: 130px !important;padding-bottom: 100px !important;}&#8221;][vc_column][rev_slider_vc alias=&#8221;home_fr_onlinequote&#8221;][\/vc_column][\/vc_row][vc_row][vc_column][vc_column_text css=&#8221;.vc_custom_1533751658892{padding-bottom: 25px !important;}&#8221;] Votre foyer m\u00e9rite d&#8217;\u00eatre bien prot\u00e9g\u00e9 On se sent le plus chez soi \u00e0 la maison\u2026 c&#8217;est aussi l\u00e0 o\u00f9 nous gardons presque toutes nos possessions! Peu d&#8217;\u00e9v\u00e9nements sont plus difficiles&hellip;<\/p>\n","protected":false},"author":1,"featured_media":0,"parent":0,"menu_order":0,"comment_status":"closed","ping_status":"closed","template":"template-microsite.php","meta":{"_mi_skip_tracking":false},"yst_prominent_words":[1448,1439,1447,389,1440,1444,1441,1437,1434,1449,1445,1436,1083,1438,1435,1433,1442,1446,1443,549],"_links":{"self":[{"href":"https:\/\/govienneau.com\/fr\/wp-json\/wp\/v2\/pages\/1184"}],"collection":[{"href":"https:\/\/govienneau.com\/fr\/wp-json\/wp\/v2\/pages"}],"about":[{"href":"https:\/\/govienneau.com\/fr\/wp-json\/wp\/v2\/types\/page"}],"author":[{"embeddable":true,"href":"https:\/\/govienneau.com\/fr\/wp-json\/wp\/v2\/users\/1"}],"replies":[{"embeddable":true,"href":"https:\/\/govienneau.com\/fr\/wp-json\/wp\/v2\/comments?post=1184"}],"version-history":[{"count":5,"href":"https:\/\/govienneau.com\/fr\/wp-json\/wp\/v2\/pages\/1184\/revisions"}],"predecessor-version":[{"id":2427,"href":"https:\/\/govienneau.com\/fr\/wp-json\/wp\/v2\/pages\/1184\/revisions\/2427"}],"wp:attachment":[{"href":"https:\/\/govienneau.com\/fr\/wp-json\/wp\/v2\/media?parent=1184"}],"wp:term":[{"taxonomy":"yst_prominent_words","embeddable":true,"href":"https:\/\/govienneau.com\/fr\/wp-json\/wp\/v2\/yst_prominent_words?post=1184"}],"curies":[{"name":"wp","href":"https:\/\/api.w.org\/{rel}","templated":true}]}}