{"id":1340,"date":"2018-02-02T10:47:04","date_gmt":"2018-02-02T14:47:04","guid":{"rendered":"https:\/\/govienneau.com\/bateau\/"},"modified":"2018-02-02T10:50:28","modified_gmt":"2018-02-02T14:50:28","slug":"bateau","status":"publish","type":"page","link":"https:\/\/govienneau.com\/fr\/bateau\/","title":{"rendered":"bateau"},"content":{"rendered":"<p>[vc_row bg_type=&#8221;image&#8221; parallax_style=&#8221;vcpb-default&#8221; bg_image_new=&#8221;id^1241|url^https:\/\/govienneau.com\/wp-content\/uploads\/2018\/01\/boat2-dark-top.jpg|caption^null|alt^null|title^boat2 &#8211; dark top|description^null&#8221; bg_override=&#8221;full&#8221; enable_overlay=&#8221;enable_overlay_value&#8221; overlay_color=&#8221;#212121&#8243; seperator_enable=&#8221;seperator_enable_value&#8221; seperator_type=&#8221;tilt_left_seperator&#8221; seperator_position=&#8221;bottom_seperator&#8221; seperator_svg_height=&#8221;100&#8243; el_id=&#8221;Boat&#8221; css=&#8221;.vc_custom_1517430057418{padding-top: 130px !important;padding-bottom: 100px !important;}&#8221;][vc_column width=&#8221;1\/3&#8243;][\/vc_column][vc_column width=&#8221;1\/3&#8243;][\/vc_column][vc_column css_animation=&#8221;fadeIn&#8221; width=&#8221;1\/3&#8243;]<form class=\"dt-contact-form dt-form\" method=\"post\"><input type=\"hidden\" name=\"widget_id\" value=\"presscore-contact-form-widget--1\" \/><input type=\"hidden\" name=\"send_message\" value=\"\" \/><input type=\"hidden\" name=\"security_token\" value=\"0741202c24bb03a038df\"\/><div class=\"form-fields\"><span class=\"form-name\"><label class=\"assistive-text\">Nom *<\/label><input type=\"text\" class=\"validate[required]\" placeholder=\"Nom *\" name=\"name\" value=\"\" aria-required=\"true\">\n<\/span><span class=\"form-mail\"><label class=\"assistive-text\">E-mail *<\/label><input type=\"text\" class=\"validate[required,custom[email]]\" placeholder=\"E-mail *\" name=\"email\" value=\"\" aria-required=\"true\">\n<\/span><span class=\"form-telephone\"><label class=\"assistive-text\">T\u00e9l\u00e9phone *<\/label><input type=\"text\" class=\"validate[required,custom[phone]]\" placeholder=\"T\u00e9l\u00e9phone *\" name=\"telephone\" value=\"\" aria-required=\"true\">\n<\/span><span class=\"form-city\"><label class=\"assistive-text\">Ville<\/label><input type=\"text\" placeholder=\"Ville\" name=\"city\" value=\"\" aria-required=\"false\">\n<\/span><\/div><span class=\"form-message\"><label class=\"assistive-text\">Message *<\/label><textarea class=\"validate[required]\" placeholder=\"Message *\" name=\"message\" rows=\"6\" aria-required=\"true\"><\/textarea>\n<\/span><p><a href=\"#\" class=\"dt-btn dt-btn-m dt-btn-submit\" rel=\"nofollow\"><span>obtenir une soumission bateau<\/span><\/a><input class=\"assistive-text\" type=\"submit\" value=\"envoyer\"><\/p><\/form>\n[\/vc_column][\/vc_row][vc_row][vc_column]<div id=\"ultimate-heading-591669d388a0cd27c\" class=\"uvc-heading ult-adjust-bottom-margin ultimate-heading-591669d388a0cd27c uvc-8142  uvc-heading-default-font-sizes\" data-hspacer=\"line_only\"  data-halign=\"left\" style=\"text-align:left\"><div class=\"uvc-main-heading ult-responsive\"  data-ultimate-target='.uvc-heading.ultimate-heading-591669d388a0cd27c h2'  data-responsive-json-new='{\"font-size\":\"\",\"line-height\":\"\"}' ><h2 style=\"font-weight:bold;\">Assurance bateau<\/h2><\/div><div class=\"uvc-heading-spacer line_only\" style=\"margin-bottom:40px;height:3px;\"><span class=\"uvc-headings-line\" style=\"border-style:solid;border-bottom-width:3px;border-color:#0075a9;width:200px;\"><\/span><\/div><\/div>[vc_column_text]<\/p>\n<h3><span style=\"color: #003e52;\"><strong>Nous vous aidons \u00e0 prot\u00e9ger votre bateau!<\/strong><\/span><\/h3>\n<p>Vous avez d\u00e9j\u00e0 eu l&#8217;impression de couler? Litt\u00e9ralement? Nous souhaitons que vous n&#8217;ayez jamais eu \u00e0 vivre cela, mais la r\u00e9alit\u00e9 est que cela arrive \u00e0 de nombreuses embarcations au Canada chaque ann\u00e9e. Voiliers, bateaux \u00e0 moteur, dinghies et yachts\u2026 aucun n&#8217;est \u00e0 l&#8217;abri aux volont\u00e9s de Dame Nature ou de l&#8217;erreur humaine.<\/p>\n<p>Dans le cas d&#8217;un d\u00e9sastre, il est important d&#8217;avoir la bonne assurance bateau pour que vous puissiez rapidement retourner en haute mer!<\/p>\n<h3><span style=\"color: #003e52;\"><strong>Nous connaissons bien l&#8217;assurance bateau au Nouveau-Brunswick<\/strong><\/span><\/h3>\n<p>Notre compagnie a vu le jour sur les berges de la baie de Shediac et il n&#8217;y a aucun doute sur l&#8217;\u00e9tendue des connaissances de nos employ\u00e9s en ce qui concerne l&#8217;assurance bateau. Nous avons vu toutes sortes d&#8217;accidents maritimes pr\u00e8s de chez nous, allant de petits accrochages en s&#8217;amarrant \u00e0 la marina \u00e0 s&#8217;\u00e9chouer \u00e0 pleine vitesse pendant la mar\u00e9e basse.<\/p>\n<p>C&#8217;est une chose d&#8217;endommager son bateau, mais ce qui peut vraiment vous toucher financi\u00e8rement si vous n&#8217;avez pas la bonne protection est la responsabilit\u00e9 li\u00e9e \u00e0 la possession d&#8217;un bateau.<\/p>\n<p>Alors qu&#8217;un bateau endommag\u00e9 peut vous co\u00fbter 10 000 $, 20 000 $, 30 000 $ ou plus, si vous blessez un de vos passagers (\u00e0 bord de votre bateau ou tir\u00e9 par votre bateau dans le cas d&#8217;un skieur nautique), foncez dans un autre bateau ou ne remarquez pas un groupe de nageurs, vous pourriez avoir \u00e0 payer des centaines de milliers de dollars ou plus en dommage!<\/p>\n<h3><span style=\"color: #003e52;\"><strong>Le saviez-vous?<\/strong><\/span><\/h3>\n<ol>\n<li><strong>Des prix pr\u00e9f\u00e9rentiels et des rabais sur les primes d&#8217;assurance sont souvent offerts aux propri\u00e9taires de bateau qui :<\/strong>\n<ul>\n<li><strong>sont membres de certaines associations,\u00a0<\/strong>par exemple, Escadrilles canadiennes de plaisance (ECP), etc.<\/li>\n<li><strong>ont suivi une formation sur la s\u00e9curit\u00e9 en mer<\/strong><\/li>\n<li><strong>ont install\u00e9 de l&#8217;\u00e9quipement de s\u00e9curit\u00e9<\/strong>, par exemple, un syst\u00e8me de rep\u00e9rage Boomerang<\/li>\n<li><strong>ont de l&#8217;assurance bateau depuis plusieurs ann\u00e9es sans avoir fait de d\u00e9claration de sinistre<\/strong><\/li>\n<\/ul>\n<\/li>\n<li><strong>L&#8217;assurance pour yacht constitue habituellement d&#8217;une protection sp\u00e9cialis\u00e9e<\/strong>, o\u00f9 un yacht signifie ordinairement un bateau mesurant plus de 27 pieds de longueur. Ces plus gros bateaux repr\u00e9sentent souvent une plus grande exposition aux risques en raison de leur \u00e9quipement plus \u00e9labor\u00e9 et leur plus longue port\u00e9e de navigation.<\/li>\n<\/ol>\n<p>Ne quittez pas le port sans \u00eatre assur\u00e9 que vous serez prot\u00e9g\u00e9 d&#8217;\u00e0 peu pr\u00e8s n&#8217;importe quelle temp\u00eate lanc\u00e9e par la haute mer. T\u00e9l\u00e9phonez-nous aujourd&#8217;hui pour obtenir une soumission simple et rapide d&#8217;assurance pour votre bateau.[\/vc_column_text][\/vc_column][\/vc_row][vc_row][vc_column][\/vc_column][\/vc_row]<\/p>\n","protected":false},"excerpt":{"rendered":"<p>[vc_row bg_type=&#8221;image&#8221; parallax_style=&#8221;vcpb-default&#8221; bg_image_new=&#8221;id^1241|url^https:\/\/govienneau.com\/wp-content\/uploads\/2018\/01\/boat2-dark-top.jpg|caption^null|alt^null|title^boat2 &#8211; dark top|description^null&#8221; bg_override=&#8221;full&#8221; enable_overlay=&#8221;enable_overlay_value&#8221; overlay_color=&#8221;#212121&#8243; seperator_enable=&#8221;seperator_enable_value&#8221; seperator_type=&#8221;tilt_left_seperator&#8221; seperator_position=&#8221;bottom_seperator&#8221; seperator_svg_height=&#8221;100&#8243; el_id=&#8221;Boat&#8221; css=&#8221;.vc_custom_1517430057418{padding-top: 130px !important;padding-bottom: 100px !important;}&#8221;][vc_column width=&#8221;1\/3&#8243;][\/vc_column][vc_column width=&#8221;1\/3&#8243;][\/vc_column][vc_column css_animation=&#8221;fadeIn&#8221; width=&#8221;1\/3&#8243;][\/vc_column][\/vc_row][vc_row][vc_column][vc_column_text] Nous vous aidons \u00e0 prot\u00e9ger votre bateau! Vous avez d\u00e9j\u00e0 eu l&#8217;impression de couler? Litt\u00e9ralement? Nous souhaitons que vous n&#8217;ayez jamais eu \u00e0 vivre cela, mais la r\u00e9alit\u00e9 est que cela&hellip;<\/p>\n","protected":false},"author":1,"featured_media":0,"parent":0,"menu_order":0,"comment_status":"closed","ping_status":"closed","template":"template-microsite.php","meta":{"_mi_skip_tracking":false},"yst_prominent_words":[],"_links":{"self":[{"href":"https:\/\/govienneau.com\/fr\/wp-json\/wp\/v2\/pages\/1340"}],"collection":[{"href":"https:\/\/govienneau.com\/fr\/wp-json\/wp\/v2\/pages"}],"about":[{"href":"https:\/\/govienneau.com\/fr\/wp-json\/wp\/v2\/types\/page"}],"author":[{"embeddable":true,"href":"https:\/\/govienneau.com\/fr\/wp-json\/wp\/v2\/users\/1"}],"replies":[{"embeddable":true,"href":"https:\/\/govienneau.com\/fr\/wp-json\/wp\/v2\/comments?post=1340"}],"version-history":[{"count":4,"href":"https:\/\/govienneau.com\/fr\/wp-json\/wp\/v2\/pages\/1340\/revisions"}],"predecessor-version":[{"id":1344,"href":"https:\/\/govienneau.com\/fr\/wp-json\/wp\/v2\/pages\/1340\/revisions\/1344"}],"wp:attachment":[{"href":"https:\/\/govienneau.com\/fr\/wp-json\/wp\/v2\/media?parent=1340"}],"wp:term":[{"taxonomy":"yst_prominent_words","embeddable":true,"href":"https:\/\/govienneau.com\/fr\/wp-json\/wp\/v2\/yst_prominent_words?post=1340"}],"curies":[{"name":"wp","href":"https:\/\/api.w.org\/{rel}","templated":true}]}}