{"id":1346,"date":"2018-02-02T10:58:01","date_gmt":"2018-02-02T14:58:01","guid":{"rendered":"https:\/\/govienneau.com\/vvt\/"},"modified":"2018-11-02T10:37:45","modified_gmt":"2018-11-02T14:37:45","slug":"vvt","status":"publish","type":"page","link":"https:\/\/govienneau.com\/fr\/vvt\/","title":{"rendered":"VTT"},"content":{"rendered":"<p>[vc_row bg_type=&#8221;image&#8221; parallax_style=&#8221;vcpb-default&#8221; bg_image_new=&#8221;id^660|url^http:\/\/govienneau.com\/wp-content\/uploads\/2018\/01\/ATV-dark-top-.jpg|caption^null|alt^null|title^ATV &#8211; dark top|description^null&#8221; bg_override=&#8221;full&#8221; enable_overlay=&#8221;enable_overlay_value&#8221; overlay_color=&#8221;#212121&#8243; seperator_enable=&#8221;seperator_enable_value&#8221; seperator_type=&#8221;tilt_left_seperator&#8221; seperator_position=&#8221;bottom_seperator&#8221; seperator_svg_height=&#8221;100&#8243; el_id=&#8221;ATV&#8221; css=&#8221;.vc_custom_1516489390807{padding-top: 130px !important;padding-bottom: 100px !important;}&#8221;][vc_column width=&#8221;1\/3&#8243;][\/vc_column][vc_column width=&#8221;1\/3&#8243;][\/vc_column][vc_column css_animation=&#8221;fadeIn&#8221; width=&#8221;1\/3&#8243;]<form class=\"dt-contact-form dt-form\" method=\"post\"><input type=\"hidden\" name=\"widget_id\" value=\"presscore-contact-form-widget--1\" \/><input type=\"hidden\" name=\"send_message\" value=\"\" \/><input type=\"hidden\" name=\"security_token\" value=\"0741202c24bb03a038df\"\/><div class=\"form-fields\"><span class=\"form-name\"><label class=\"assistive-text\">Nom *<\/label><input type=\"text\" class=\"validate[required]\" placeholder=\"Nom *\" name=\"name\" value=\"\" aria-required=\"true\">\n<\/span><span class=\"form-mail\"><label class=\"assistive-text\">E-mail *<\/label><input type=\"text\" class=\"validate[required,custom[email]]\" placeholder=\"E-mail *\" name=\"email\" value=\"\" aria-required=\"true\">\n<\/span><span class=\"form-telephone\"><label class=\"assistive-text\">T\u00e9l\u00e9phone *<\/label><input type=\"text\" class=\"validate[required,custom[phone]]\" placeholder=\"T\u00e9l\u00e9phone *\" name=\"telephone\" value=\"\" aria-required=\"true\">\n<\/span><span class=\"form-city\"><label class=\"assistive-text\">Ville<\/label><input type=\"text\" placeholder=\"Ville\" name=\"city\" value=\"\" aria-required=\"false\">\n<\/span><\/div><span class=\"form-message\"><label class=\"assistive-text\">Message *<\/label><textarea class=\"validate[required]\" placeholder=\"Message *\" name=\"message\" rows=\"6\" aria-required=\"true\"><\/textarea>\n<\/span><p><a href=\"#\" class=\"dt-btn dt-btn-m dt-btn-submit\" rel=\"nofollow\"><span>Obtenir une soumission VTT<\/span><\/a><input class=\"assistive-text\" type=\"submit\" value=\"envoyer\"><\/p><\/form>\n[\/vc_column][\/vc_row][vc_row][vc_column]<div id=\"ultimate-heading-924369d3eb1d3fe40\" class=\"uvc-heading ult-adjust-bottom-margin ultimate-heading-924369d3eb1d3fe40 uvc-6939  uvc-heading-default-font-sizes\" data-hspacer=\"line_only\"  data-halign=\"left\" style=\"text-align:left\"><div class=\"uvc-main-heading ult-responsive\"  data-ultimate-target='.uvc-heading.ultimate-heading-924369d3eb1d3fe40 h2'  data-responsive-json-new='{\"font-size\":\"\",\"line-height\":\"\"}' ><h2 style=\"font-weight:bold;\">Pourquoi vous avez besoin d'assurance VTT<\/h2><\/div><div class=\"uvc-heading-spacer line_only\" style=\"margin-bottom:40px;height:3px;\"><span class=\"uvc-headings-line\" style=\"border-style:solid;border-bottom-width:3px;border-color:#0075a9;width:200px;\"><\/span><\/div><\/div>[vc_column_text]Si vous habitez \u00e0 Sh\u00e9diac, vous savez comment le paysage est beau. En fait, quand la temp\u00e9rature est belle vous pouvez sortir sur les sentiers de VTT et dans les r\u00e9gions sauvages pendant des jours sans fin si vous le souhaitez. Il s&#8217;agit d&#8217;une excellente fa\u00e7on de relaxer, de se d\u00e9tendre et de tout simplement profiter d&#8217;un peu d&#8217;espace. Par contre, \u00e0 moins d&#8217;avoir la bonne assurance VTT, vous pourriez prendre le mauvais chemin qui vous m\u00e8nerait vers de graves probl\u00e8mes financiers. Il n&#8217;y a aucune fa\u00e7on de savoir ce qui se trouve sur le sentier devant vous et voici un exemple qui d\u00e9montre la valeur d&#8217;un excellent agent d&#8217;assurance.<\/p>\n<p>Mike et Susan adoraient leurs 4-roues et chaque fois qu&#8217;ils en avaient la chance, le couple se retrouvait sur les sentiers \u00e0 s&#8217;amuser et \u00e0 oublier tous leurs probl\u00e8mes. M\u00eame qu&#8217;il n&#8217;y a pas si longtemps, ils avaient achet\u00e9 une nouvelle maison situ\u00e9e pr\u00e8s de quelques-uns des meilleurs sentiers des Maritimes. Ils avaient planifi\u00e9 de s&#8217;amuser amplement sur ces sentiers.<\/p>\n<p>Un jour, alors que le couple \u00e9tait parti en randonn\u00e9e, ils ont failli faire un accident avec un autre v\u00e9hicule et Susan commen\u00e7a de songer \u00e0 de l&#8217;assurance VTT pour leurs v\u00e9hicules. Mike ne pensait pas que ce genre d&#8217;assurance \u00e9tait n\u00e9cessaire puisque les chances de faire un accident \u00e9taient tr\u00e8s improbables. Mais, Susan n&#8217;\u00e9tait pas d&#8217;accord avec lui et ils eurent de tr\u00e8s s\u00e9rieuses conversations sur le sujet; Susan ayant finalement transmis sont point \u00e0 Mike.<\/p>\n<p>Mike promit \u00e0 Susan qu&#8217;il appellerait leur courtier d&#8217;assurance afin d&#8217;obtenir les co\u00fbts d&#8217;une police d&#8217;assurance 4-roues. Lorsque Mike discuta d&#8217;assurance avec le courtier, il r\u00e9alisa que la couverture \u00e9tait tout \u00e0 fait abordable et d\u00e9cida de se procurer une police d&#8217;assurance responsabilit\u00e9 civile de base. Et finalement, ce fut une d\u00e9cision fatidique.<\/p>\n<p>\u00c0 peine un mois apr\u00e8s avoir achet\u00e9 la police, le VTT de Mike tournait un croche \u00e0 grande vitesse quand il fit une collision frontale avec un autre v\u00e9hicule. La collision d\u00e9molit les deux 4-roues et l&#8217;autre VTT avait deux passagers qui subirent de graves blessures. Puisque l&#8217;accident \u00e9tait de la faute de Mike, son assurance \u00e9tait responsable de couvrir les demandes d&#8217;indemnit\u00e9s, d\u00e9passant plus de 180 000$. Heureusement qu&#8217;il avait le bon type de couverture en place parce qu&#8217;autrement, Susan et Mike auraient eu de graves probl\u00e8mes financiers.<\/p>\n<h2><span style=\"color: #003e52;\"><strong>Qu&#8217;est-ce qu&#8217;est l&#8217;assurance VTT?<\/strong><\/span><\/h2>\n<p>La couverture VTT est con\u00e7ue pour n&#8217;importe quel type de v\u00e9hicule sport motoris\u00e9, \u00e0 l&#8217;exception de ceux qui font de la comp\u00e9tition. Elle couvrira plusieurs risques auxquels les conducteurs de VTT font face lorsqu&#8217;ils sortent sur leurs v\u00e9hicules. Comme vous pouvez le constater de l&#8217;histoire exemple, sans cette couverture, vous pourriez avoir de graves probl\u00e8mes.<\/p>\n<h2><span style=\"color: #003e52;\"><strong>Qui a besoin d&#8217;assurance quad?<\/strong><\/span><\/h2>\n<p>L&#8217;assurance 4-roues ou quad, devrait \u00eatre consid\u00e9r\u00e9e par toute personne qui conduit un quatre roues, une moto quad, ou un c\u00f4te-\u00e0-c\u00f4te. Ceci comprend l&#8217;usage r\u00e9cr\u00e9atif, l&#8217;usage agricole, et l&#8217;usage des \u00e9leveurs. Cette assurance couvrira aussi les v\u00e9hicules suivants\u00a0:<\/p>\n<ul>\n<li><strong>Motoneiges<\/strong><\/li>\n<li><strong>Motos tout-terrain<\/strong><\/li>\n<li><strong>Minimotos<\/strong><\/li>\n<\/ul>\n<h3><span style=\"color: #003e52;\"><strong>Qu&#8217;est-ce qu&#8217;est une assurance quatre roues de base?<\/strong><\/span><\/h3>\n<p>L&#8217;assurance quatre roues de base est similaire \u00e0 l&#8217;assurance automobile et vous devriez consid\u00e9rer les \u00e9l\u00e9ments suivants\u00a0:<\/p>\n<ul>\n<li><strong>Responsabilit\u00e9 civile vis-\u00e0-vis des tiers<\/strong>\u00a0\u2013 couvre les dommages que votre VTT pourrait causer \u00e0 d&#8217;autres personnes ou leur propri\u00e9t\u00e9.<\/li>\n<li><strong>Collision<\/strong>\u00a0\u2013 cette couverture paie pour les dommages que subit votre v\u00e9hicule si vous \u00eates responsable de l&#8217;accident, et est obligatoire si vous avez un pr\u00eat qui finance votre VTT.<\/li>\n<li><strong>Assurance tous risques\u00a0<\/strong>\u2013 Couvre les dommages caus\u00e9s par la gr\u00eale, le feu, les vandalismes, le vol, et autres incidents comme la chute d&#8217;un arbre par exemple.<\/li>\n<li><strong>Conducteurs non assur\u00e9s\/ sous assur\u00e9s<\/strong>\u00a0\u2013 Si un autre conducteur vous cause des blessures ou dommages et qu&#8217;il ne poss\u00e8de pas d&#8217;assurance, votre compagnie paie pour les sinistres.<\/li>\n<\/ul>\n<h3><span style=\"color: #003e52;\"><strong>Options additionnelles pour votre assurance VTT<\/strong><\/span><\/h3>\n<p>Vous devriez parler \u00e0 votre courtier d&#8217;assurance \u00e0 propos d&#8217;options disponibles pour votre police. En fait, il ou elle pourrait vous recommander\u00a0:<\/p>\n<ul>\n<li><strong>Dommages \u00e0 la remorque<\/strong><\/li>\n<li><strong>Ajout de couverture responsabilit\u00e9 civile<\/strong>\u00a0\u2013 Vous auriez peut-\u00eatre besoin de plus de couverture que la couverture habituelle. En fait, il serait peut-\u00eatre m\u00eame mieux de vous procurer une assurance de la responsabilit\u00e9 civile \u00ab\u00a0umbrella\u00a0\u00bb.<\/li>\n<li><strong>\u00c9quipement\u00a0<\/strong>&#8211; Peut couvrir des choses comme l&#8217;\u00e9quipement de camping, les appareils GPS, et l&#8217;\u00e9quipement de p\u00eache.<\/li>\n<li><strong>Assurance invalidit\u00e9<\/strong>\u00a0\u2013 Cette couverture va faire en sorte que vous serez r\u00e9mun\u00e9r\u00e9 dans l&#8217;\u00e9v\u00e9nement o\u00f9 vous auriez besoin de prendre un cong\u00e9 prolong\u00e9 du travail en raison d&#8217;un accident couvert par vos assurances.<\/li>\n<\/ul>\n<h3><span style=\"color: #003e52;\"><strong>Comment se procurer la bonne police d&#8217;assurance VTT<\/strong><\/span><\/h3>\n<p>Votre courtier d&#8217;assurance ind\u00e9pendant chez\u00a0<strong>Assurance Vienneau<\/strong>\u00a0peut vous aider \u00e0 trouver la bonne couverture et selon des primes qui correspondent \u00e0 votre budget. Comment est-ce possible?<\/p>\n<p>Votre courtier ind\u00e9pendant fait affaire avec plusieurs des meilleurs assureurs au Canada, et votre agent ne travaille pour aucune compagnie d&#8217;assurance. Cette personne s&#8217;occupe de vous et de vos besoins et v\u00e9rifie toutes les options d&#8217;assurance afin de vous trouver les meilleurs forfaits sur le march\u00e9.<\/p>\n<p>Il y a plusieurs autres fa\u00e7ons dont Assurance Vienneau peut aussi vous sauver de l&#8217;argent sur votre assurance. Par exemple, si vous combinez vos polices avec la m\u00eame compagnie, vos \u00e9conomies peuvent \u00eatre consid\u00e9rables. Nous avons aussi de nombreuses excellentes options d&#8217;assurance et de gestion de risques que nous pouvons vous montrer.<\/p>\n<p>\u00cates-vous un conducteur prudent? Saviez-vous que certaines compagnies d&#8217;assurance offrent des rabais aux conducteurs prudents? M\u00eame que votre agent d&#8217;assurance ind\u00e9pendant peut vous faire part de forfaits que plusieurs gens ne connaissent m\u00eame pas.<\/p>\n<p>Lorsque vous venez chez Assurance Vienneau, nous pouvons vous aider avec votre assurance habitation, votre assurance automobile, votre assurance vie, et votre assurance commerciale. En plus de pouvoir vous trouver d&#8217;excellentes \u00e9pargnes, nous nous assurons aussi que vous ayez la meilleure couverture possible en place.<\/p>\n<p>S&#8217;il vous pla\u00eet ne risquez pas la conduite non assur\u00e9e ou sous assur\u00e9e de votre VTT lorsqu&#8217;une couverture abordable est disponible. Visitez-nous en ligne d\u00e8s aujourd&#8217;hui pour une demande gratuite de devis pour votre assurance VTT.[\/vc_column_text][\/vc_column][\/vc_row][vc_row][vc_column][\/vc_column][\/vc_row]<\/p>\n","protected":false},"excerpt":{"rendered":"<p>[vc_row bg_type=&#8221;image&#8221; parallax_style=&#8221;vcpb-default&#8221; bg_image_new=&#8221;id^660|url^http:\/\/govienneau.com\/wp-content\/uploads\/2018\/01\/ATV-dark-top-.jpg|caption^null|alt^null|title^ATV &#8211; dark top|description^null&#8221; bg_override=&#8221;full&#8221; enable_overlay=&#8221;enable_overlay_value&#8221; overlay_color=&#8221;#212121&#8243; seperator_enable=&#8221;seperator_enable_value&#8221; seperator_type=&#8221;tilt_left_seperator&#8221; seperator_position=&#8221;bottom_seperator&#8221; seperator_svg_height=&#8221;100&#8243; el_id=&#8221;ATV&#8221; css=&#8221;.vc_custom_1516489390807{padding-top: 130px !important;padding-bottom: 100px !important;}&#8221;][vc_column width=&#8221;1\/3&#8243;][\/vc_column][vc_column width=&#8221;1\/3&#8243;][\/vc_column][vc_column css_animation=&#8221;fadeIn&#8221; width=&#8221;1\/3&#8243;][\/vc_column][\/vc_row][vc_row][vc_column][vc_column_text]Si vous habitez \u00e0 Sh\u00e9diac, vous savez comment le paysage est beau. En fait, quand la temp\u00e9rature est belle vous pouvez sortir sur les sentiers de VTT et dans les r\u00e9gions sauvages&hellip;<\/p>\n","protected":false},"author":1,"featured_media":0,"parent":0,"menu_order":0,"comment_status":"closed","ping_status":"closed","template":"template-microsite.php","meta":{"_mi_skip_tracking":false},"yst_prominent_words":[1709,1712,1704,674,1707,1708,660,1717,292,739,1710,1716,1705,1718,1706,1719,1520,1221,1703,1714],"_links":{"self":[{"href":"https:\/\/govienneau.com\/fr\/wp-json\/wp\/v2\/pages\/1346"}],"collection":[{"href":"https:\/\/govienneau.com\/fr\/wp-json\/wp\/v2\/pages"}],"about":[{"href":"https:\/\/govienneau.com\/fr\/wp-json\/wp\/v2\/types\/page"}],"author":[{"embeddable":true,"href":"https:\/\/govienneau.com\/fr\/wp-json\/wp\/v2\/users\/1"}],"replies":[{"embeddable":true,"href":"https:\/\/govienneau.com\/fr\/wp-json\/wp\/v2\/comments?post=1346"}],"version-history":[{"count":5,"href":"https:\/\/govienneau.com\/fr\/wp-json\/wp\/v2\/pages\/1346\/revisions"}],"predecessor-version":[{"id":2551,"href":"https:\/\/govienneau.com\/fr\/wp-json\/wp\/v2\/pages\/1346\/revisions\/2551"}],"wp:attachment":[{"href":"https:\/\/govienneau.com\/fr\/wp-json\/wp\/v2\/media?parent=1346"}],"wp:term":[{"taxonomy":"yst_prominent_words","embeddable":true,"href":"https:\/\/govienneau.com\/fr\/wp-json\/wp\/v2\/yst_prominent_words?post=1346"}],"curies":[{"name":"wp","href":"https:\/\/api.w.org\/{rel}","templated":true}]}}