{"id":1355,"date":"2018-02-02T11:09:22","date_gmt":"2018-02-02T15:09:22","guid":{"rendered":"https:\/\/govienneau.com\/questions-sur-la-facturation\/"},"modified":"2018-02-02T11:33:26","modified_gmt":"2018-02-02T15:33:26","slug":"questions-sur-la-facturation","status":"publish","type":"page","link":"https:\/\/govienneau.com\/fr\/questions-sur-la-facturation\/","title":{"rendered":"Questions sur la facturation"},"content":{"rendered":"<p>[vc_row bg_type=&#8221;image&#8221; parallax_style=&#8221;vcpb-default&#8221; bg_image_new=&#8221;id^486|url^http:\/\/govienneau.com\/wp-content\/uploads\/2018\/01\/Business-dark-top.jpg|caption^null|alt^null|title^Business -dark top|description^null&#8221; bg_override=&#8221;full&#8221; enable_overlay=&#8221;enable_overlay_value&#8221; overlay_color=&#8221;#212121&#8243; seperator_enable=&#8221;seperator_enable_value&#8221; seperator_type=&#8221;tilt_left_seperator&#8221; seperator_position=&#8221;bottom_seperator&#8221; seperator_svg_height=&#8221;100&#8243; el_id=&#8221;billing&#8221; css=&#8221;.vc_custom_1516394171595{padding-top: 130px !important;padding-bottom: 100px !important;}&#8221;][vc_column width=&#8221;1\/3&#8243;]<div id=\"ultimate-heading-226169d41e450e966\" class=\"uvc-heading ult-adjust-bottom-margin ultimate-heading-226169d41e450e966 uvc-8382  uvc-heading-default-font-sizes\" data-hspacer=\"no_spacer\"  data-halign=\"center\" style=\"text-align:center\"><div class=\"uvc-heading-spacer no_spacer\" style=\"top\"><\/div><div class=\"uvc-main-heading ult-responsive\"  data-ultimate-target='.uvc-heading.ultimate-heading-226169d41e450e966 h2'  data-responsive-json-new='{\"font-size\":\"\",\"line-height\":\"\"}' ><h2 style=\"--font-weight:theme;color:#ffffff;\">Questions sur la facturation<\/h2><\/div><\/div>[\/vc_column][vc_column width=&#8221;1\/3&#8243;][\/vc_column][vc_column css_animation=&#8221;fadeIn&#8221; width=&#8221;1\/3&#8243;]<form class=\"dt-contact-form dt-form\" method=\"post\"><input type=\"hidden\" name=\"widget_id\" value=\"presscore-contact-form-widget--1\" \/><input type=\"hidden\" name=\"send_message\" value=\"\" \/><input type=\"hidden\" name=\"security_token\" value=\"0741202c24bb03a038df\"\/><div class=\"form-fields\"><span class=\"form-name\"><label class=\"assistive-text\">Nom *<\/label><input type=\"text\" class=\"validate[required]\" placeholder=\"Nom *\" name=\"name\" value=\"\" aria-required=\"true\">\n<\/span><span class=\"form-mail\"><label class=\"assistive-text\">E-mail *<\/label><input type=\"text\" class=\"validate[required,custom[email]]\" placeholder=\"E-mail *\" name=\"email\" value=\"\" aria-required=\"true\">\n<\/span><span class=\"form-telephone\"><label class=\"assistive-text\">T\u00e9l\u00e9phone *<\/label><input type=\"text\" class=\"validate[required,custom[phone]]\" placeholder=\"T\u00e9l\u00e9phone *\" name=\"telephone\" value=\"\" aria-required=\"true\">\n<\/span><span class=\"form-city\"><label class=\"assistive-text\">Ville<\/label><input type=\"text\" placeholder=\"Ville\" name=\"city\" value=\"\" aria-required=\"false\">\n<\/span><\/div><span class=\"form-message\"><label class=\"assistive-text\">Message *<\/label><textarea class=\"validate[required]\" placeholder=\"Message *\" name=\"message\" rows=\"6\" aria-required=\"true\"><\/textarea>\n<\/span><p><a href=\"#\" class=\"dt-btn dt-btn-m dt-btn-submit\" rel=\"nofollow\"><span>Questions sur la facturation<\/span><\/a><input class=\"assistive-text\" type=\"submit\" value=\"envoyer\"><\/p><\/form>\n[\/vc_column][\/vc_row][vc_row][vc_column]<div id=\"ultimate-heading-251269d41e450ef13\" class=\"uvc-heading ult-adjust-bottom-margin ultimate-heading-251269d41e450ef13 uvc-8948  uvc-heading-default-font-sizes\" data-hspacer=\"line_only\"  data-halign=\"left\" style=\"text-align:left\"><div class=\"uvc-main-heading ult-responsive\"  data-ultimate-target='.uvc-heading.ultimate-heading-251269d41e450ef13 h2'  data-responsive-json-new='{\"font-size\":\"\",\"line-height\":\"\"}' ><h2 style=\"font-weight:bold;\">Questions sur la facturation<\/h2><\/div><div class=\"uvc-heading-spacer line_only\" style=\"margin-bottom:40px;height:3px;\"><span class=\"uvc-headings-line\" style=\"border-style:solid;border-bottom-width:3px;border-color:#0075a9;width:200px;\"><\/span><\/div><\/div>[vc_column_text]<\/p>\n<div class=\"DnnModule DnnModule-DNN_HTML DnnModule-14146\">\n<div class=\"DNNContainer_without_title\">\n<div id=\"dnn_ctr14146_ContentPane\">\n<div id=\"dnn_ctr14146_ModuleContent\" class=\"DNNModuleContent ModDNNHTMLC\">\n<div id=\"dnn_ctr14146_HtmlModule_lblContent\" class=\"Normal\"><\/div>\n<\/div>\n<\/div>\n<\/div>\n<\/div>\n<div class=\"DnnModule DnnModule-DNN_HTML DnnModule-21138\">\n<div class=\"DNNContainer_without_title\">\n<div id=\"dnn_ctr21138_ContentPane\">\n<div id=\"dnn_ctr21138_ModuleContent\" class=\"DNNModuleContent ModDNNHTMLC\">\n<div id=\"dnn_ctr21138_HtmlModule_lblContent\" class=\"Normal\">\n<p>&nbsp;<\/p>\n<h3 class=\"p1\"><span class=\"s1\" style=\"color: #003e52;\">Facturation<\/span><\/h3>\n<p class=\"p2\"><span class=\"s1\">Pour toute question de facturation, vous n\u2019avez qu\u2019\u00e0 cliquer ici et nous nous occuperons de votre demande imm\u00e9diatement.<\/span><\/p>\n<h3 class=\"p1\"><span class=\"s1\" style=\"color: #003e52;\"><b>Questions sur la facturation<\/b><\/span><\/h3>\n<p class=\"p1\"><span class=\"s1\">Nous pouvons r\u00e9pondre \u00e0 toute question sur la facturation. Vous n\u2019avez qu\u2019\u00e0 remplir le formulaire et y inscrire votre question en offrant le plus de d\u00e9tails possible et nous vous reviendrons d\u2019ici une journ\u00e9e ouvrable, au plus tard.<\/span><\/p>\n<p class=\"p1\"><span class=\"s1\">Cliquez sur l\u2019ic\u00f4ne de votre fournisseur ci-dessous afin de communiquer directement avec leur service de facturation. <\/span><\/p>\n<p class=\"p1\"><span class=\"s1\">Si votre fournisseur n\u2019appara\u00eet pas dans cette liste, vous pouvez consulter notre list de companies plus bas\u00a0pour savoir comment joindre votre fournisseur.<\/span><\/p>\n<\/div>\n<\/div>\n<\/div>\n<\/div>\n<\/div>\n<p>[\/vc_column_text][\/vc_column][\/vc_row][vc_row css=&#8221;.vc_custom_1517585369612{padding-top: 50px !important;}&#8221;][vc_column][vc_row_inner][vc_column_inner width=&#8221;1\/4&#8243;]<div class=\"aio-icon-component    style_2\"><div id=\"Info-box-wrap-3891\" class=\"aio-icon-box top-icon\" style=\"\"  ><div class=\"aio-icon-top\"><div class=\"ult-just-icon-wrapper  \"><div class=\"align-icon\" style=\"text-align:center;\">\n<div class=\"aio-icon-img \" style=\"font-size:150px;display:inline-block;\" >\n\t<img class=\"img-icon\" alt=\"null\" src=\"https:\/\/govienneau.com\/wp-content\/uploads\/2018\/01\/WAWA.png\"\/>\n<\/div><\/div><\/div><\/div><div class=\"aio-icon-header\" ><h3 class=\"aio-icon-title ult-responsive\"  data-ultimate-target='#Info-box-wrap-3891 .aio-icon-title'  data-responsive-json-new='{\"font-size\":\"\",\"line-height\":\"\"}'  style=\"\">Wawanesa<\/h3><\/div> <!-- header --><div class=\"aio-icon-description ult-responsive\"  data-ultimate-target='#Info-box-wrap-3891 .aio-icon-description'  data-responsive-json-new='{\"font-size\":\"\",\"line-height\":\"\"}'  style=\"\"><strong>Service<\/strong>: 1-800-661-0249<\/p>\n<p><a href=\"https:\/\/www.wawanesa.com\/canada\/payments\/myaccount.html\">Site de Facture<\/a><\/div> <!-- description --><\/div> <!-- aio-icon-box --><\/div> <!-- aio-icon-component -->[\/vc_column_inner][vc_column_inner width=&#8221;1\/4&#8243;][\/vc_column_inner][vc_column_inner width=&#8221;1\/4&#8243;][\/vc_column_inner][vc_column_inner width=&#8221;1\/4&#8243;][\/vc_column_inner][\/vc_row_inner][\/vc_column][\/vc_row]<\/p>\n","protected":false},"excerpt":{"rendered":"<p>[vc_row bg_type=&#8221;image&#8221; parallax_style=&#8221;vcpb-default&#8221; bg_image_new=&#8221;id^486|url^http:\/\/govienneau.com\/wp-content\/uploads\/2018\/01\/Business-dark-top.jpg|caption^null|alt^null|title^Business -dark top|description^null&#8221; bg_override=&#8221;full&#8221; enable_overlay=&#8221;enable_overlay_value&#8221; overlay_color=&#8221;#212121&#8243; seperator_enable=&#8221;seperator_enable_value&#8221; seperator_type=&#8221;tilt_left_seperator&#8221; seperator_position=&#8221;bottom_seperator&#8221; seperator_svg_height=&#8221;100&#8243; el_id=&#8221;billing&#8221; css=&#8221;.vc_custom_1516394171595{padding-top: 130px !important;padding-bottom: 100px !important;}&#8221;][vc_column width=&#8221;1\/3&#8243;][\/vc_column][vc_column width=&#8221;1\/3&#8243;][\/vc_column][vc_column css_animation=&#8221;fadeIn&#8221; width=&#8221;1\/3&#8243;][\/vc_column][\/vc_row][vc_row][vc_column][vc_column_text] &nbsp; Facturation Pour toute question de facturation, vous n\u2019avez qu\u2019\u00e0 cliquer ici et nous nous occuperons de votre demande imm\u00e9diatement. Questions sur la facturation Nous pouvons r\u00e9pondre \u00e0 toute question sur la&hellip;<\/p>\n","protected":false},"author":1,"featured_media":0,"parent":0,"menu_order":0,"comment_status":"closed","ping_status":"closed","template":"","meta":{"_mi_skip_tracking":false},"yst_prominent_words":[],"_links":{"self":[{"href":"https:\/\/govienneau.com\/fr\/wp-json\/wp\/v2\/pages\/1355"}],"collection":[{"href":"https:\/\/govienneau.com\/fr\/wp-json\/wp\/v2\/pages"}],"about":[{"href":"https:\/\/govienneau.com\/fr\/wp-json\/wp\/v2\/types\/page"}],"author":[{"embeddable":true,"href":"https:\/\/govienneau.com\/fr\/wp-json\/wp\/v2\/users\/1"}],"replies":[{"embeddable":true,"href":"https:\/\/govienneau.com\/fr\/wp-json\/wp\/v2\/comments?post=1355"}],"version-history":[{"count":6,"href":"https:\/\/govienneau.com\/fr\/wp-json\/wp\/v2\/pages\/1355\/revisions"}],"predecessor-version":[{"id":1364,"href":"https:\/\/govienneau.com\/fr\/wp-json\/wp\/v2\/pages\/1355\/revisions\/1364"}],"wp:attachment":[{"href":"https:\/\/govienneau.com\/fr\/wp-json\/wp\/v2\/media?parent=1355"}],"wp:term":[{"taxonomy":"yst_prominent_words","embeddable":true,"href":"https:\/\/govienneau.com\/fr\/wp-json\/wp\/v2\/yst_prominent_words?post=1355"}],"curies":[{"name":"wp","href":"https:\/\/api.w.org\/{rel}","templated":true}]}}