{"id":1373,"date":"2018-02-02T13:59:17","date_gmt":"2018-02-02T17:59:17","guid":{"rendered":"https:\/\/govienneau.com\/assurance-autocaravane\/"},"modified":"2018-02-02T14:32:32","modified_gmt":"2018-02-02T18:32:32","slug":"assurance-autocaravane","status":"publish","type":"page","link":"https:\/\/govienneau.com\/fr\/assurance-autocaravane\/","title":{"rendered":"Assurance Autocaravane"},"content":{"rendered":"<p>[vc_row bg_type=&#8221;image&#8221; parallax_style=&#8221;vcpb-default&#8221; bg_image_new=&#8221;id^1255|url^https:\/\/govienneau.com\/wp-content\/uploads\/2018\/01\/camper2-dark-top.jpg|caption^null|alt^null|title^camper2- dark top|description^null&#8221; bg_override=&#8221;full&#8221; enable_overlay=&#8221;enable_overlay_value&#8221; overlay_color=&#8221;#212121&#8243; seperator_enable=&#8221;seperator_enable_value&#8221; seperator_type=&#8221;tilt_left_seperator&#8221; seperator_position=&#8221;bottom_seperator&#8221; seperator_svg_height=&#8221;100&#8243; el_id=&#8221;Camper&#8221; css=&#8221;.vc_custom_1517432213648{padding-top: 130px !important;padding-bottom: 100px !important;}&#8221;][vc_column width=&#8221;1\/3&#8243;][\/vc_column][vc_column width=&#8221;1\/3&#8243;][\/vc_column][vc_column css_animation=&#8221;fadeIn&#8221; width=&#8221;1\/3&#8243;]<form class=\"dt-contact-form dt-form\" method=\"post\"><input type=\"hidden\" name=\"widget_id\" value=\"presscore-contact-form-widget--1\" \/><input type=\"hidden\" name=\"send_message\" value=\"\" \/><input type=\"hidden\" name=\"security_token\" value=\"0741202c24bb03a038df\"\/><div class=\"form-fields\"><span class=\"form-name\"><label class=\"assistive-text\">Nom *<\/label><input type=\"text\" class=\"validate[required]\" placeholder=\"Nom *\" name=\"name\" value=\"\" aria-required=\"true\">\n<\/span><span class=\"form-mail\"><label class=\"assistive-text\">E-mail *<\/label><input type=\"text\" class=\"validate[required,custom[email]]\" placeholder=\"E-mail *\" name=\"email\" value=\"\" aria-required=\"true\">\n<\/span><span class=\"form-telephone\"><label class=\"assistive-text\">T\u00e9l\u00e9phone *<\/label><input type=\"text\" class=\"validate[required,custom[phone]]\" placeholder=\"T\u00e9l\u00e9phone *\" name=\"telephone\" value=\"\" aria-required=\"true\">\n<\/span><span class=\"form-city\"><label class=\"assistive-text\">Ville<\/label><input type=\"text\" placeholder=\"Ville\" name=\"city\" value=\"\" aria-required=\"false\">\n<\/span><\/div><span class=\"form-message\"><label class=\"assistive-text\">Message *<\/label><textarea class=\"validate[required]\" placeholder=\"Message *\" name=\"message\" rows=\"6\" aria-required=\"true\"><\/textarea>\n<\/span><p><a href=\"#\" class=\"dt-btn dt-btn-m dt-btn-submit\" rel=\"nofollow\"><span>Obentir une soumission Autocaravane<\/span><\/a><input class=\"assistive-text\" type=\"submit\" value=\"envoyer\"><\/p><\/form>\n[\/vc_column][\/vc_row][vc_row][vc_column]<div id=\"ultimate-heading-132869d43aa3db388\" class=\"uvc-heading ult-adjust-bottom-margin ultimate-heading-132869d43aa3db388 uvc-8803  uvc-heading-default-font-sizes\" data-hspacer=\"line_only\"  data-halign=\"left\" style=\"text-align:left\"><div class=\"uvc-main-heading ult-responsive\"  data-ultimate-target='.uvc-heading.ultimate-heading-132869d43aa3db388 h2'  data-responsive-json-new='{\"font-size\":\"\",\"line-height\":\"\"}' ><h2 style=\"font-weight:bold;\">Assurance Autocaravane<\/h2><\/div><div class=\"uvc-heading-spacer line_only\" style=\"margin-bottom:40px;height:3px;\"><span class=\"uvc-headings-line\" style=\"border-style:solid;border-bottom-width:3px;border-color:#0075a9;width:200px;\"><\/span><\/div><\/div>[vc_column_text]Vous r\u00eavez de monter dans votre gros v\u00e9hicule r\u00e9cr\u00e9atif (VR) et de partir \u00e0 l&#8217;aventure pour un ou plusieurs mois? Si oui, vous partagez votre passion avec de nombreux Canadiens. Une fois que vous avez ce privil\u00e8ge, il est important d&#8217;obtenir la protection n\u00e9cessaire en cas d&#8217;impr\u00e9vus. En fait, il est essentiel de trouver la meilleure assurance autocaravane \u00e0 Shediac pour assurer votre bien-\u00eatre et votre avenir financier. Voici un exemple de l&#8217;importance d&#8217;une bonne assurance.<\/p>\n<p>Frank et Carol magasinaient un VR et pr\u00e9voyaient passer les \u00e9t\u00e9s au Canada et les hivers en Floride. En fait, depuis leur retraite, le couple a vendu sa maison et planifie son avenir. Frank et Carol veulent voyager au Canada et aux \u00c9tats-Unis, afin de voir les endroits qu&#8217;ils ont toujours r\u00eav\u00e9 visiter.<\/p>\n<p>Aussit\u00f4t leur VR achet\u00e9, Frank a appel\u00e9 son courtier en assurances afin d&#8217;obtenir une police d&#8217;assurance autocaravane. Le courtier leur a dit qu&#8217;il s&#8217;en occuperait le lendemain, puis a raccroch\u00e9. Frank n&#8217;a pas bien dig\u00e9r\u00e9 cela et en a parl\u00e9 \u00e0 Carol. Carol a mentionn\u00e9 que son amie Francine faisait affaire avec un courtier en assurances ind\u00e9pendant et qu&#8217;elle \u00e9tait ravie du service. Non seulement son courtier \u00e9tait tr\u00e8s serviable, il lui a \u00e9galement permis de r\u00e9aliser d&#8217;importantes \u00e9conomies!<\/p>\n<p>Le jour suivant, Frank a appel\u00e9 le courtier en assurances ind\u00e9pendant et est pass\u00e9 le voir pour parler d&#8217;assurance. Le courtier lui a expliqu\u00e9 qu&#8217;appartenir un VR \u00e9tait comme appartenir une maison, et qu&#8217;il \u00e9tait important d&#8217;avoir une assurance responsabilit\u00e9 automobile et d&#8217;habitation pour prot\u00e9ger les besoins de Frank et Carol.<\/p>\n<p>Frank et Carol avaient h\u00e2te de commencer leur nouvelle vie et de partir \u00e0 l&#8217;aventure. Quelques jours plus tard, ils sont rest\u00e9s dans un parc \u00e0 VR et ont rencontr\u00e9 un autre couple, Fred et Sara. Cependant, ils ne pensaient jamais que Sara allait glisser et tomber dans leur nouveau VR. Sara s&#8217;est s\u00e9v\u00e8rement bless\u00e9e au dos et a eu besoin de chirurgie et d&#8217;hospitalisation. En fait, quelques semaines plus tard, Sara a d\u00e9pos\u00e9 une demande d&#8217;indemnisation de plus de 250 000 $ \u00e9tant donn\u00e9 qu&#8217;elle \u00e9tait maintenant invalide et plus capable de travailler.<\/p>\n<p>Frank a appel\u00e9 son courtier en assurances et a \u00e9t\u00e9 tr\u00e8s soulag\u00e9. On lui a dit qu&#8217;il avait suffisamment d&#8217;assurance responsabilit\u00e9 avec son VR pour des situations de chutes et blessures. Si Frank n&#8217;avait pas chang\u00e9 de courtier en assurances, les r\u00e9percussions financi\u00e8res auraient pu \u00eatre \u00e9normes.<\/p>\n<h3><span style=\"color: #003e52;\"><strong>Qu&#8217;est-ce que l&#8217;assurance autocaravane?<\/strong><\/span><\/h3>\n<p>Prendre une assurance pour votre VR est comme prendre une assurance automobile, mais avec une protection suppl\u00e9mentaire qui n&#8217;est pas offerte par l&#8217;assurance automobile traditionnelle au Canada.<\/p>\n<h3><span style=\"color: #003e52;\"><strong>Qui a besoin d&#8217;assurance autocaravane?<\/strong><\/span><\/h3>\n<p>Plusieurs classes de v\u00e9hicules tombent dans la cat\u00e9gorie \u00ab\u00a0Maisons &#8211; VR\u00a0\u00bb et ont besoin d&#8217;assurance, comme\u00a0:<\/p>\n<ul>\n<li><strong>Classe A<\/strong> &#8211; Grandes unit\u00e9s agissant comme habitations autonomes. Elles sont construites sur un ch\u00e2ssis de grand camion ou d&#8217;autobus et la section du conducteur se trouve dans l&#8217;espace habitable.<\/li>\n<li><strong>Classe B<\/strong> &#8211; Cette classe comprend les fourgonnettes con\u00e7ues pour le camping. Elles ont un long empattement et les passagers peuvent \u00eatre debout \u00e0 l&#8217;int\u00e9rieur du compartiment.<\/li>\n<li><strong>Classe C<\/strong> &#8211; Ces autocaravanes sont grandes et ont une cabine avanc\u00e9e pouvant servir de rangement ou de chambre \u00e0 coucher.<\/li>\n<li><strong>Caravane remorque &#8211; <\/strong>Roulottes de camping sp\u00e9ciales comme celles avec des tentes.<\/li>\n<li><strong>Caravanes r\u00e9cr\u00e9atives <\/strong>&#8211; Comme les anciennes caravanes Airstream, ces VR sont remorqu\u00e9s par un camion ou un gros v\u00e9hicule.<\/li>\n<\/ul>\n<h3><span style=\"color: #003e52;\"><strong>Une police d&#8217;assurance autocaravane typique <\/strong><\/span><\/h3>\n<p>Si vous conduisez votre VR, vous avez besoin des protections de base comme\u00a0:<\/p>\n<ul>\n<li>La responsabilit\u00e9 automobile<\/li>\n<li>L&#8217;anticollision<\/li>\n<li>Les prestations m\u00e9dicales<\/li>\n<li>La protection du contenu du VR<\/li>\n<li>La protection contre les dommages sp\u00e9ciaux (pour les VR remorqu\u00e9s)<\/li>\n<\/ul>\n<h3><span style=\"color: #003e52;\"><strong>Options d&#8217;assurance autocaravane<\/strong><\/span><\/h3>\n<ul>\n<li>Assurance responsabilit\u00e9 du terrain de camping<\/li>\n<li><strong>Co\u00fbt de remplacement<\/strong> &#8211; couvre la d\u00e9pr\u00e9ciation du prix d&#8217;un nouveau VR<\/li>\n<li>Assurance responsabilit\u00e9 habitation<\/li>\n<li><strong>Extras<\/strong> &#8211; terrasses ou constructions accol\u00e9es<\/li>\n<li>Assistance routi\u00e8re<\/li>\n<li>Assurance VTT<\/li>\n<li>Assurance bateau<\/li>\n<li>Assurance remorque<\/li>\n<li>Assurance des marchandises<\/li>\n<li>Assurance responsabilit\u00e9 civile compl\u00e9mentaire<\/li>\n<\/ul>\n<h3><span style=\"color: #003e52;\"><strong>Choisir le bon type d&#8217;assurance autocaravane \u00e0 Shediac <\/strong><\/span><\/h3>\n<p>L&#8217;assurance autocaravane n&#8217;est pas la m\u00eame chose qu&#8217;une assurance habitation ou automobile. Il y a des exigences particuli\u00e8res et vous devriez choisir un courtier en assurances qui peut s&#8217;occuper de tous vos besoins, comme Assurance Vienneau.<\/p>\n<h3><span style=\"color: #003e52;\"><strong>Pourquoi choisir Assurance Vienneau?<\/strong><\/span><\/h3>\n<p>Lorsque vous choisissez Assurance Vienneau, vous choisissez un courtier en assurances ind\u00e9pendant ayant acc\u00e8s aux compagnies d&#8217;assurance les plus importantes au Canada. Nous ne repr\u00e9sentons pas qu&#8217;une seule compagnie. Nous avons de nombreux partenaires et nos courtiers font leur recherche pour trouver la police d&#8217;assurance qui vous ira le mieux, sans que vous ayez \u00e0 vous en pr\u00e9occuper.<\/p>\n<p>Lorsque viendra le temps de d\u00e9poser une demande d&#8217;indemnisation, vous n&#8217;aurez pas \u00e0 le faire seul. Quelqu&#8217;un vous aidera \u00e0 naviguer le processus. Nous gardons toujours votre budget en t\u00eate afin que vous n&#8217;ayez pas \u00e0 payer trop cher pour votre protection.<\/p>\n<p>Ne prenez pas de risque avec votre assurance autocaravane. Obtenez une soumission gratuite d&#8217;Assurance Vienneau maintenant![\/vc_column_text][\/vc_column][\/vc_row][vc_row][vc_column][\/vc_column][\/vc_row]<\/p>\n","protected":false},"excerpt":{"rendered":"<p>[vc_row bg_type=&#8221;image&#8221; parallax_style=&#8221;vcpb-default&#8221; bg_image_new=&#8221;id^1255|url^https:\/\/govienneau.com\/wp-content\/uploads\/2018\/01\/camper2-dark-top.jpg|caption^null|alt^null|title^camper2- dark top|description^null&#8221; bg_override=&#8221;full&#8221; enable_overlay=&#8221;enable_overlay_value&#8221; overlay_color=&#8221;#212121&#8243; seperator_enable=&#8221;seperator_enable_value&#8221; seperator_type=&#8221;tilt_left_seperator&#8221; seperator_position=&#8221;bottom_seperator&#8221; seperator_svg_height=&#8221;100&#8243; el_id=&#8221;Camper&#8221; css=&#8221;.vc_custom_1517432213648{padding-top: 130px !important;padding-bottom: 100px !important;}&#8221;][vc_column width=&#8221;1\/3&#8243;][\/vc_column][vc_column width=&#8221;1\/3&#8243;][\/vc_column][vc_column css_animation=&#8221;fadeIn&#8221; width=&#8221;1\/3&#8243;][\/vc_column][\/vc_row][vc_row][vc_column][vc_column_text]Vous r\u00eavez de monter dans votre gros v\u00e9hicule r\u00e9cr\u00e9atif (VR) et de partir \u00e0 l&#8217;aventure pour un ou plusieurs mois? Si oui, vous partagez votre passion avec de nombreux Canadiens. Une fois que&hellip;<\/p>\n","protected":false},"author":1,"featured_media":0,"parent":0,"menu_order":0,"comment_status":"closed","ping_status":"closed","template":"","meta":{"_mi_skip_tracking":false},"yst_prominent_words":[],"_links":{"self":[{"href":"https:\/\/govienneau.com\/fr\/wp-json\/wp\/v2\/pages\/1373"}],"collection":[{"href":"https:\/\/govienneau.com\/fr\/wp-json\/wp\/v2\/pages"}],"about":[{"href":"https:\/\/govienneau.com\/fr\/wp-json\/wp\/v2\/types\/page"}],"author":[{"embeddable":true,"href":"https:\/\/govienneau.com\/fr\/wp-json\/wp\/v2\/users\/1"}],"replies":[{"embeddable":true,"href":"https:\/\/govienneau.com\/fr\/wp-json\/wp\/v2\/comments?post=1373"}],"version-history":[{"count":4,"href":"https:\/\/govienneau.com\/fr\/wp-json\/wp\/v2\/pages\/1373\/revisions"}],"predecessor-version":[{"id":1394,"href":"https:\/\/govienneau.com\/fr\/wp-json\/wp\/v2\/pages\/1373\/revisions\/1394"}],"wp:attachment":[{"href":"https:\/\/govienneau.com\/fr\/wp-json\/wp\/v2\/media?parent=1373"}],"wp:term":[{"taxonomy":"yst_prominent_words","embeddable":true,"href":"https:\/\/govienneau.com\/fr\/wp-json\/wp\/v2\/yst_prominent_words?post=1373"}],"curies":[{"name":"wp","href":"https:\/\/api.w.org\/{rel}","templated":true}]}}