{"id":1376,"date":"2018-02-02T14:03:03","date_gmt":"2018-02-02T18:03:03","guid":{"rendered":"https:\/\/govienneau.com\/assurance-debroussailleuse\/"},"modified":"2018-02-02T14:29:48","modified_gmt":"2018-02-02T18:29:48","slug":"assurance-debroussailleuse","status":"publish","type":"page","link":"https:\/\/govienneau.com\/fr\/assurance-debroussailleuse\/","title":{"rendered":"Assurance d\u00e9broussailleuse"},"content":{"rendered":"<p>[vc_row bg_type=&#8221;image&#8221; parallax_style=&#8221;vcpb-default&#8221; bg_image_new=&#8221;id^729|url^http:\/\/govienneau.com\/wp-content\/uploads\/2018\/01\/Brush-dark-top-.jpg|caption^null|alt^null|title^Brush &#8211; dark top|description^null&#8221; bg_override=&#8221;full&#8221; enable_overlay=&#8221;enable_overlay_value&#8221; overlay_color=&#8221;#212121&#8243; seperator_enable=&#8221;seperator_enable_value&#8221; seperator_type=&#8221;tilt_left_seperator&#8221; seperator_position=&#8221;bottom_seperator&#8221; seperator_svg_height=&#8221;100&#8243; el_id=&#8221;Brush&#8221; css=&#8221;.vc_custom_1516496225961{padding-top: 130px !important;padding-bottom: 100px !important;}&#8221;][vc_column css_animation=&#8221;fadeIn&#8221; width=&#8221;1\/3&#8243;]<form class=\"dt-contact-form dt-form\" method=\"post\"><input type=\"hidden\" name=\"widget_id\" value=\"presscore-contact-form-widget--1\" \/><input type=\"hidden\" name=\"send_message\" value=\"\" \/><input type=\"hidden\" name=\"security_token\" value=\"0741202c24bb03a038df\"\/><div class=\"form-fields\"><span class=\"form-name\"><label class=\"assistive-text\">Nom *<\/label><input type=\"text\" class=\"validate[required]\" placeholder=\"Nom *\" name=\"name\" value=\"\" aria-required=\"true\">\n<\/span><span class=\"form-mail\"><label class=\"assistive-text\">E-mail *<\/label><input type=\"text\" class=\"validate[required,custom[email]]\" placeholder=\"E-mail *\" name=\"email\" value=\"\" aria-required=\"true\">\n<\/span><span class=\"form-telephone\"><label class=\"assistive-text\">T\u00e9l\u00e9phone *<\/label><input type=\"text\" class=\"validate[required,custom[phone]]\" placeholder=\"T\u00e9l\u00e9phone *\" name=\"telephone\" value=\"\" aria-required=\"true\">\n<\/span><span class=\"form-city\"><label class=\"assistive-text\">Ville<\/label><input type=\"text\" placeholder=\"Ville\" name=\"city\" value=\"\" aria-required=\"false\">\n<\/span><\/div><span class=\"form-message\"><label class=\"assistive-text\">Message *<\/label><textarea class=\"validate[required]\" placeholder=\"Message *\" name=\"message\" rows=\"6\" aria-required=\"true\"><\/textarea>\n<\/span><p><a href=\"#\" class=\"dt-btn dt-btn-m dt-btn-submit\" rel=\"nofollow\"><span>Obtenir une soumission d\u00e9broussailleuse<\/span><\/a><input class=\"assistive-text\" type=\"submit\" value=\"envoyer\"><\/p><\/form>\n[\/vc_column][vc_column width=&#8221;1\/3&#8243;][\/vc_column][vc_column css_animation=&#8221;none&#8221; width=&#8221;1\/3&#8243;][\/vc_column][\/vc_row][vc_row][vc_column]<div id=\"ultimate-heading-579469d38e5d54c6e\" class=\"uvc-heading ult-adjust-bottom-margin ultimate-heading-579469d38e5d54c6e uvc-8109  uvc-heading-default-font-sizes\" data-hspacer=\"line_only\"  data-halign=\"left\" style=\"text-align:left\"><div class=\"uvc-main-heading ult-responsive\"  data-ultimate-target='.uvc-heading.ultimate-heading-579469d38e5d54c6e h2'  data-responsive-json-new='{\"font-size\":\"\",\"line-height\":\"\"}' ><h2 style=\"font-weight:bold;\">L\u2019assurance d\u00e9broussailleuse au Nouveau-Brunswick<\/h2><\/div><div class=\"uvc-heading-spacer line_only\" style=\"margin-bottom:40px;height:3px;\"><span class=\"uvc-headings-line\" style=\"border-style:solid;border-bottom-width:3px;border-color:#0075a9;width:200px;\"><\/span><\/div><\/div>[vc_column_text]<\/p>\n<p class=\"p1\"><span class=\"s1\">Le nettoyage de broussailles est un service essentiel aux bonnes gens du Nouveau-Brunswick. Non seulement cela embellit notre paysage, mais \u00e7a \u00e9limine aussi plusieurs dangers le long des routes que les automobilistes ne peuvent peut-\u00eatre pas voir (la faune sauvage locale, etc.). Cependant, ce service important est aussi accompagn\u00e9 de risques. En fait, il y a plusieurs risques que votre assurance d\u00e9broussailleuse devrait couvrir, et si votre police est incompl\u00e8te, vous pourriez avoir des probl\u00e8mes comme ceux de Philippe dans notre histoire exemple. <\/span><\/p>\n<p class=\"p1\"><span class=\"s1\">Philippe \u00e9tait le type de personne n\u00e9 pour \u00eatre \u00e0 l\u2019ext\u00e9rieur. Il se sentait souvent inconfortable et hors place lorsqu\u2019il \u00e9tait \u00e0 l\u2019int\u00e9rieur et devait \u00eatre dehors autant que possible. Philippe adorait la nature, et personne ne resta surpris lorsqu\u2019il d\u00e9marra sa propre entreprise de d\u00e9broussaillage et que celle-ci prosp\u00e9ra pendant bien longtemps.<\/span><\/p>\n<p class=\"p1\"><span class=\"s1\">Philippe comprenait la n\u00e9cessit\u00e9 d\u2019une assurance de responsabilit\u00e9 civile et contre les dommages mat\u00e9riels, alors il poss\u00e9dait une protection de responsabilit\u00e9 civile de plus d\u2019un million de dollars. Toutefois, il ne s\u2019\u00e9tait pas procur\u00e9 une police d\u2019assurance d\u00e9broussailleuse compl\u00e8te. <\/span><\/p>\n<p class=\"p1\"><span class=\"s1\">Philippe appartenait aussi l\u2019\u00e9difice qui logeait son bureau et il avait une assurance commerciale de base mais aucune couverture contre les inondations. Lorsqu\u2019une grosse crue \u00e9clair frappa la r\u00e9gion, son bureau fut d\u00e9truit et les dommages n\u2019ont pas \u00e9t\u00e9 couverts par sa couverture d\u2019assurance. Ceci causa une grosse d\u00e9ch\u00e9ance financi\u00e8re pour Philippe, qui aurait facilement pu \u00eatre \u00e9vit\u00e9e. Ceci est seulement un des risques qu\u2019une police d\u00e9broussailleuse devrait couvrir.<\/span><\/p>\n<h3 class=\"p2\"><span class=\"s1\" style=\"color: #003e52;\"><b>C\u2019est quoi une assurance d\u00e9broussailleuse? <\/b><\/span><\/h3>\n<p class=\"p1\"><span class=\"s1\">Une assurance d\u00e9broussailleuse est con\u00e7ue en vue de prot\u00e9ger les besoins d\u2019entreprises de d\u00e9broussaillage et de taillage d\u2019arbres. Ceci comprend une assurance commerciale r\u00e9guli\u00e8re et une couverture personnalis\u00e9e pour votre entreprise. <\/span><\/p>\n<h3 class=\"p2\"><span class=\"s1\" style=\"color: #003e52;\"><b>Qui a besoin de ce type d\u2019assurance?<\/b><\/span><\/h3>\n<p class=\"p1\"><span class=\"s1\">L\u2019assurance d\u00e9broussailleuse est pour les entreprises qui travaillent et am\u00e9nagent le paysage. Ceci peut inclure\u00a0: <\/span><\/p>\n<ul class=\"ul1\">\n<li class=\"li1\"><span class=\"s1\">Les d\u00e9broussailleurs qui travaillent pour la province. <\/span><\/li>\n<li class=\"li1\"><span class=\"s1\">Les arboriculteurs<span class=\"Apple-converted-space\">\u00a0 \u00a0<\/span><\/span><\/li>\n<li class=\"li1\"><span class=\"s1\">Les entreprises de taillage d\u2019arbres<\/span><\/li>\n<li class=\"li1\"><span class=\"s1\">Les services d\u2019am\u00e9nagement de paysage<\/span><\/li>\n<li class=\"li1\"><span class=\"s1\">Les services de gazon et de jardinage qui s\u2019occupent du d\u00e9broussaillage\/ taillage<\/span><\/li>\n<li class=\"li1\"><span class=\"s1\"><b>Les d\u00e9broussailleurs avec contrats du gouvernement-<\/b> Vous pourriez avoir besoin d\u2019un surplus d\u2019assurance pour ces emplois. <span class=\"Apple-converted-space\">\u00a0 \u00a0 \u00a0 \u00a0<\/span><\/span><\/li>\n<\/ul>\n<h3 class=\"p2\"><span class=\"s1\" style=\"color: #003e52;\"><b>Quel genre d\u2019assurance d\u00e9broussailleuse de base devrais-je avoir? <\/b><\/span><\/h3>\n<p class=\"p1\"><span class=\"s1\">Vous aurez besoin d\u2019un forfait d\u2019assurance commerciale typique qui comprend\u00a0: <\/span><\/p>\n<ul class=\"ul1\">\n<li class=\"li1\"><span class=\"s1\">Une assurance de responsabilit\u00e9 civile g\u00e9n\u00e9rale<\/span><\/li>\n<li class=\"li1\"><span class=\"s1\">Une couverture des biens d\u2019entreprise- incluant une protection contre les dommages caus\u00e9s par les temp\u00eates, les vols et les cambriolages que vos biens d\u2019entreprise pourraient subir. <span class=\"Apple-converted-space\">\u00a0 \u00a0<\/span><\/span><\/li>\n<li class=\"li1\"><span class=\"s1\">Assurance auto commerciale<\/span><\/li>\n<li class=\"li1\"><span class=\"s1\">Assurance \u00e9quipement<br \/>\n<\/span><\/li>\n<\/ul>\n<h3 class=\"p1\"><span class=\"s1\" style=\"color: #003e52;\"><b>Avec qui puis-je discuter d\u2019assurance d\u00e9broussailleuse?<\/b><\/span><\/h3>\n<p class=\"p2\"><span class=\"s1\">Assurer une entreprise est loin d\u2019\u00eatre une t\u00e2che facile. Par exemple, vous devez bien analyser tous les facteurs de risques, le c\u00f4t\u00e9 financier, et toutes les choses intangibles qui peuvent se produire. Ensuite, vous devez consulter plusieurs compagnies d\u2019assurance et bien comprendre toutes les options de couverture disponibles. Une seule erreur de jugement ou une sous-estimation de vos besoins de couverture et vous pourriez subir de gros probl\u00e8mes financiers pendant de nombreuses ann\u00e9es. Voil\u00e0 pourquoi vous avez besoin de travailler avec un professionnel d\u2019assurance chez Assurance Vienneau.<\/span><\/p>\n<h3 class=\"p1\"><span class=\"s1\" style=\"color: #003e52;\"><b>Pourquoi Assurance Vienneau? <\/b><\/span><\/h3>\n<p class=\"p2\"><span class=\"s1\">Nous ne sommes pas une simple succursale d\u2019une compagnie d\u2019assurance. En fait, nous ne travaillons m\u00eame pas pour une compagnie d\u2019assurance. Nous sommes des agents d\u2019assurance ind\u00e9pendants et nous travaillons fort pour nos clients (des gens comme vous). Lorsque vous choisissez Assurance Vienneau, vous choisissez des professionnels d\u2019assurance exp\u00e9riment\u00e9s qui ont \u00e0 c\u0153ur les meilleurs int\u00e9r\u00eats de votre entreprise. <\/span><\/p>\n<p class=\"p2\"><span class=\"s1\">C\u2019est notre travail de vous trouver la meilleure assurance possible et les primes d\u2019assurance les plus abordables, et nous prenons notre travail tr\u00e8s au s\u00e9rieux ici. Votre agent ind\u00e9pendant v\u00e9rifie avec plusieurs des meilleures compagnies d\u2019assurance au Canada pour voir ce qui est disponible et recherche le tout afin de vous trouver les primes les plus abordables. De plus, notre travail ne s\u2019arr\u00eate pas une fois que nous vous avons trouv\u00e9 une assurance. <\/span><\/p>\n<p class=\"p2\"><span class=\"s1\">Assurance Vienneau est toujours l\u00e0 pour vous. Si vous avez besoin de faire une r\u00e9clamation, vous n\u2019\u00eates pas seul parce que nous sommes l\u00e0 pour vous aider avec le processus. Lorsque vous faites d\u2019Assurance Vienneau votre partenaire, vous avez quelqu\u2019un sur qui compter pour une assistance avec votre gestion des risques, et cela peut faire toute la diff\u00e9rence du monde. <\/span><\/p>\n<p class=\"p2\"><span class=\"s1\">Contactez Assurance Vienneau d\u00e8s aujourd\u2019hui pour un devis gratuit et sans obligation sur votre assurance d\u00e9broussailleuse. <span class=\"Apple-converted-space\">\u00a0 \u00a0 \u00a0 <\/span><\/span><b> <\/b><span class=\"s1\"> <span class=\"Apple-converted-space\">\u00a0 \u00a0<\/span><\/span><\/p>\n<p>[\/vc_column_text][\/vc_column][\/vc_row][vc_row][vc_column][\/vc_column][\/vc_row]<\/p>\n","protected":false},"excerpt":{"rendered":"<p>[vc_row bg_type=&#8221;image&#8221; parallax_style=&#8221;vcpb-default&#8221; bg_image_new=&#8221;id^729|url^http:\/\/govienneau.com\/wp-content\/uploads\/2018\/01\/Brush-dark-top-.jpg|caption^null|alt^null|title^Brush &#8211; dark top|description^null&#8221; bg_override=&#8221;full&#8221; enable_overlay=&#8221;enable_overlay_value&#8221; overlay_color=&#8221;#212121&#8243; seperator_enable=&#8221;seperator_enable_value&#8221; seperator_type=&#8221;tilt_left_seperator&#8221; seperator_position=&#8221;bottom_seperator&#8221; seperator_svg_height=&#8221;100&#8243; el_id=&#8221;Brush&#8221; css=&#8221;.vc_custom_1516496225961{padding-top: 130px !important;padding-bottom: 100px !important;}&#8221;][vc_column css_animation=&#8221;fadeIn&#8221; width=&#8221;1\/3&#8243;][\/vc_column][vc_column width=&#8221;1\/3&#8243;][\/vc_column][vc_column css_animation=&#8221;none&#8221; width=&#8221;1\/3&#8243;][\/vc_column][\/vc_row][vc_row][vc_column][vc_column_text] Le nettoyage de broussailles est un service essentiel aux bonnes gens du Nouveau-Brunswick. Non seulement cela embellit notre paysage, mais \u00e7a \u00e9limine aussi plusieurs dangers le long des routes que&hellip;<\/p>\n","protected":false},"author":1,"featured_media":0,"parent":0,"menu_order":0,"comment_status":"closed","ping_status":"closed","template":"","meta":{"_mi_skip_tracking":false},"yst_prominent_words":[],"_links":{"self":[{"href":"https:\/\/govienneau.com\/fr\/wp-json\/wp\/v2\/pages\/1376"}],"collection":[{"href":"https:\/\/govienneau.com\/fr\/wp-json\/wp\/v2\/pages"}],"about":[{"href":"https:\/\/govienneau.com\/fr\/wp-json\/wp\/v2\/types\/page"}],"author":[{"embeddable":true,"href":"https:\/\/govienneau.com\/fr\/wp-json\/wp\/v2\/users\/1"}],"replies":[{"embeddable":true,"href":"https:\/\/govienneau.com\/fr\/wp-json\/wp\/v2\/comments?post=1376"}],"version-history":[{"count":5,"href":"https:\/\/govienneau.com\/fr\/wp-json\/wp\/v2\/pages\/1376\/revisions"}],"predecessor-version":[{"id":1392,"href":"https:\/\/govienneau.com\/fr\/wp-json\/wp\/v2\/pages\/1376\/revisions\/1392"}],"wp:attachment":[{"href":"https:\/\/govienneau.com\/fr\/wp-json\/wp\/v2\/media?parent=1376"}],"wp:term":[{"taxonomy":"yst_prominent_words","embeddable":true,"href":"https:\/\/govienneau.com\/fr\/wp-json\/wp\/v2\/yst_prominent_words?post=1376"}],"curies":[{"name":"wp","href":"https:\/\/api.w.org\/{rel}","templated":true}]}}