{"id":1379,"date":"2018-02-02T14:06:56","date_gmt":"2018-02-02T18:06:56","guid":{"rendered":"https:\/\/govienneau.com\/assurance-terrain-de-camping\/"},"modified":"2018-02-02T14:21:38","modified_gmt":"2018-02-02T18:21:38","slug":"assurance-terrain-de-camping","status":"publish","type":"page","link":"https:\/\/govienneau.com\/fr\/assurance-terrain-de-camping\/","title":{"rendered":"Assurance Terrain de Camping"},"content":{"rendered":"<p>[vc_row bg_type=&#8221;image&#8221; parallax_style=&#8221;vcpb-default&#8221; bg_image_new=&#8221;id^738|url^http:\/\/govienneau.com\/wp-content\/uploads\/2018\/01\/camp-dark-top.jpg|caption^null|alt^null|title^camp &#8211; dark top|description^null&#8221; bg_override=&#8221;full&#8221; enable_overlay=&#8221;enable_overlay_value&#8221; overlay_color=&#8221;#212121&#8243; seperator_enable=&#8221;seperator_enable_value&#8221; seperator_type=&#8221;tilt_left_seperator&#8221; seperator_position=&#8221;bottom_seperator&#8221; seperator_svg_height=&#8221;100&#8243; el_id=&#8221;campground&#8221; css=&#8221;.vc_custom_1516497025279{padding-top: 130px !important;padding-bottom: 100px !important;}&#8221;][vc_column width=&#8221;1\/3&#8243;][\/vc_column][vc_column width=&#8221;1\/3&#8243;][\/vc_column][vc_column css_animation=&#8221;fadeIn&#8221; width=&#8221;1\/3&#8243;]<form class=\"dt-contact-form dt-form\" method=\"post\"><input type=\"hidden\" name=\"widget_id\" value=\"presscore-contact-form-widget--1\" \/><input type=\"hidden\" name=\"send_message\" value=\"\" \/><input type=\"hidden\" name=\"security_token\" value=\"0741202c24bb03a038df\"\/><div class=\"form-fields\"><span class=\"form-name\"><label class=\"assistive-text\">Nom *<\/label><input type=\"text\" class=\"validate[required]\" placeholder=\"Nom *\" name=\"name\" value=\"\" aria-required=\"true\">\n<\/span><span class=\"form-mail\"><label class=\"assistive-text\">E-mail *<\/label><input type=\"text\" class=\"validate[required,custom[email]]\" placeholder=\"E-mail *\" name=\"email\" value=\"\" aria-required=\"true\">\n<\/span><span class=\"form-telephone\"><label class=\"assistive-text\">T\u00e9l\u00e9phone *<\/label><input type=\"text\" class=\"validate[required,custom[phone]]\" placeholder=\"T\u00e9l\u00e9phone *\" name=\"telephone\" value=\"\" aria-required=\"true\">\n<\/span><span class=\"form-city\"><label class=\"assistive-text\">Ville<\/label><input type=\"text\" placeholder=\"Ville\" name=\"city\" value=\"\" aria-required=\"false\">\n<\/span><\/div><span class=\"form-message\"><label class=\"assistive-text\">Message *<\/label><textarea class=\"validate[required]\" placeholder=\"Message *\" name=\"message\" rows=\"6\" aria-required=\"true\"><\/textarea>\n<\/span><p><a href=\"#\" class=\"dt-btn dt-btn-m dt-btn-submit\" rel=\"nofollow\"><span>Obtenir une soumission terrain de camping<\/span><\/a><input class=\"assistive-text\" type=\"submit\" value=\"envoyer\"><\/p><\/form>\n[\/vc_column][\/vc_row][vc_row][vc_column]<div id=\"ultimate-heading-150069d38eb43d7c8\" class=\"uvc-heading ult-adjust-bottom-margin ultimate-heading-150069d38eb43d7c8 uvc-2978  uvc-heading-default-font-sizes\" data-hspacer=\"line_only\"  data-halign=\"left\" style=\"text-align:left\"><div class=\"uvc-main-heading ult-responsive\"  data-ultimate-target='.uvc-heading.ultimate-heading-150069d38eb43d7c8 h2'  data-responsive-json-new='{\"font-size\":\"\",\"line-height\":\"\"}' ><h2 style=\"font-weight:bold;\">L'Assurance Terrain de Camping<\/h2><\/div><div class=\"uvc-heading-spacer line_only\" style=\"margin-bottom:40px;height:3px;\"><span class=\"uvc-headings-line\" style=\"border-style:solid;border-bottom-width:3px;border-color:#0075a9;width:200px;\"><\/span><\/div><\/div>[vc_column_text]Si vous appartenez un terrain de camping au Nouveau-Brunswick, vous poss\u00e9dez une excellente source de revenu. Les gens aiment avoir la chance de s&#8217;\u00e9chapper un peu et de s&#8217;amuser, et ils sont pr\u00eats \u00e0 payer pour ce privil\u00e8ge. Cependant, plusieurs terrains de camping aujourd&#8217;hui ne sont pas qu&#8217;un simple endroit o\u00f9 l&#8217;on gare les v\u00e9hicules VR. En fait, les campings d&#8217;aujourd&#8217;hui offrent une grande vari\u00e9t\u00e9 d&#8217;activit\u00e9s et de plaisirs pour tous les \u00e2ges. Avec une belle opportunit\u00e9 d&#8217;entreprise comme celle-ci, il y a plusieurs facteurs de risque \u00e0 consid\u00e9rer et c&#8217;est justement pourquoi la bonne assurance terrain de camping est essentielle \u00e0 votre succ\u00e8s et \u00e0 votre bien-\u00eatre financier. Voici une histoire exemple qui d\u00e9montre l&#8217;importance d&#8217;\u00eatre bien assur\u00e9.<\/p>\n<p>Robert et Francine avaient re\u00e7u une manne financi\u00e8re inattendue et avaient d\u00e9cid\u00e9 de quitter leurs emplois \u00ab 9 \u00e0 5 \u00bb et de vivre au loin de tout \u00e7a. Ils adoraient faire du camping et lorsqu&#8217;ils eurent l&#8217;occasion d&#8217;acheter un terrain de camping lucratif, ils d\u00e9cid\u00e8rent de visiter l&#8217;endroit. En moins de quelques minutes, le couple tomba en amour avec la r\u00e9gion et furent bient\u00f4t propri\u00e9taires d&#8217;un terrain de camping excitant et amusant. Le lieu \u00e9tait combl\u00e9 d&#8217;un superbe lac et de plusieurs autres attractions amusantes con\u00e7ues pour toute la famille.<\/p>\n<p>Robert et Francine savaient qu&#8217;ils avaient besoin d&#8217;une assurance qui prot\u00e8gerait contre de nombreux risques, et Robert voulait se procurer une assurance de son deuxi\u00e8me cousin, Fred. Toutefois, Francine savait que leurs risques commerciaux \u00e9taient assez importants et qu&#8217;un seul incident pourrait leur co\u00fbter leur gagne-pain s&#8217;ils n&#8217;\u00e9taient pas ad\u00e9quatement assur\u00e9s.<\/p>\n<p>Francine insista pour qu&#8217;ils voient un courtier d&#8217;assurance exp\u00e9riment\u00e9 provenant d&#8217;un courtage d&#8217;assurance ind\u00e9pendant, et elle n&#8217;allait pas accepter d&#8217;arguments de la part de Robert non plus. Le couple alla donc voir leur nouveau courtier qui leur assembla un r\u00e9gime d&#8217;assurance commerciale complet qui les prot\u00e9gerait pleinement. De plus, il leur rappela que le parc VR \u00e9tait aliment\u00e9 d&#8217;eau de puit et que ceci devait \u00eatre d\u00e9taill\u00e9 dans leur police d&#8217;assurance terrain de camping.<\/p>\n<p>Tout alla tr\u00e8s bien pour le nouveau terrain de camping, mais deux ans plus tard, plusieurs personnes tomb\u00e8rent gravement malades et suite \u00e0 une enqu\u00eate, on r\u00e9v\u00e9la que l&#8217;eau du puit \u00e9tait devenue contamin\u00e9e. Si Francine n&#8217;avait pas insist\u00e9 pour qu&#8217;ils voient le bon courtier d&#8217;assurance, ceci aurait \u00e9t\u00e9 la fin de leur belle entreprise puisque le total des demandes d&#8217;indemnit\u00e9s \u00e9tait de plusieurs millions de dollars. Heureusement, leur assurance \u00e9tait assez suffisante pour couvrir toutes les demandes d&#8217;indemnit\u00e9s et les questions juridiques.<\/p>\n<h3><span style=\"color: #003e52;\"><strong>Qu&#8217;est-ce qu&#8217;est l&#8217;assurance terrain de camping?<\/strong><\/span><\/h3>\n<p>Si vous appartenez des terrains de camping et que les gens doivent payer pour se servir de vos commodit\u00e9s, vous devez vous assurer contre tous les risques ou probl\u00e8mes qui peuvent survenir. L&#8217;assurance terrain de camping est con\u00e7ue pour couvrir les nombreux facteurs de risque auxquels vous ferez face quotidiennement.<\/p>\n<h3><span style=\"color: #003e52;\"><strong>Qui a besoin d&#8217;assurance terrain de camping?<\/strong><\/span><\/h3>\n<p>Si vous g\u00e9rez les entreprises suivantes, vous aurez besoin de consid\u00e9rer ce type de couverture :<\/p>\n<ul>\n<li>Parcs VR<\/li>\n<li>Terrains de camping touristiques<\/li>\n<li>Camps religieux (\u00e0 but non lucratif)<\/li>\n<li>Terrains de camping familial<\/li>\n<li>Terrains de camping\/parcs d&#8217;attractions<\/li>\n<li>Terrains de camping saisonniers<\/li>\n<li>Terrains de camping quatre-saisons<\/li>\n<\/ul>\n<h3><span style=\"color: #003e52;\"><strong>Besoins essentiels d&#8217;assurance parc VR<\/strong><\/span><\/h3>\n<p>Vos besoins d&#8217;assurance d\u00e9pendent du type d&#8217;entreprise que vous g\u00e9rez. Cependant, la plupart des terrains de camping ont besoin d&#8217;une assurance de base telle que :<\/p>\n<ul>\n<li>Responsabilit\u00e9 civile g\u00e9n\u00e9rale: ceci est une assurance importante en raison de la possibilit\u00e9 de blessures et de r\u00e9clamations pour dommages<\/li>\n<li>Assurance de biens commerciaux: couvre toutes vos propri\u00e9t\u00e9s commerciales telles les d\u00e9pendances, les terrains de parking, les quais, les abris, et l&#8217;\u00e9quipement de piquenique.<\/li>\n<li>Assurance auto commerciale: couvre les v\u00e9hicules que vous utilisez pour l&#8217;entretient de vos terrains de camping et pour vos t\u00e2ches commerciales.<\/li>\n<li>\u00c9quipement commercial: peut comprendre les g\u00e9n\u00e9rateurs \u00e9lectriques, les outils, et l&#8217;\u00e9quipement sp\u00e9cialis\u00e9.<\/li>\n<\/ul>\n<h3><span style=\"color: #003e52;\"><strong>Options pour l&#8217;assurance de terrain de camping<\/strong><\/span><\/h3>\n<p>Vous pourriez avoir besoin de plusieurs diff\u00e9rentes options d&#8217;assurance et votre agent vous aidera \u00e0 choisir celles que n\u00e9cessite votre entreprise. Par exemple:<\/p>\n<ul>\n<li><strong>Assurance de la responsabilit\u00e9 civile umbrella &#8211;<\/strong> vient en jeu lorsqu&#8217;une de vos r\u00e9clamations d\u00e9passe les limites de votre police standard de responsabilit\u00e9 civile.<\/li>\n<li><strong>\u00c9quipement sp\u00e9ciale &#8211; <\/strong>peut inclure les glissades d&#8217;eau, piscines, les ch\u00e2teaux gonflable, les promenades dans une charrette de foin, et plusieurs autres.<\/li>\n<li><strong>Les activit\u00e9s nautiques &#8211; <\/strong>couvrant les activit\u00e9s tels que la location de bateau ou de `jet ski`, le rafting ou le ski nautique.<\/li>\n<li><strong>Vol par employ\u00e9es<\/strong><\/li>\n<li><strong>Transport maritime dans les eaux int\u00e9rieures &#8211; <\/strong>Couvre votre \u00e9quipement pendant qu&#8217;il est en transit.<\/li>\n<li><strong>Assurance pour enseignes<\/strong><\/li>\n<li><strong>Assurance cyber-risques &#8211; <\/strong>peut r\u00e9pondre si vos syst\u00e8mes informatiques deviennent compromis lors d&#8217;une attaque de hackers.<\/li>\n<li><strong>Assurance des pertes d&#8217;exploitation<\/strong><\/li>\n<li><strong>Assurance Bris des Machines<\/strong><\/li>\n<\/ul>\n<h3><span style=\"color: #003e52;\"><strong>S&#8217;assurer d&#8217;avoir la bonne couverture au Nouveau-Brunswick <\/strong><\/span><\/h3>\n<p>Lorsque vous avez besoin d&#8217;assurance commerciale aux Maritimes, vous devriez consulter un courtage ind\u00e9pendant qui s&#8217;y conna\u00eet en terrains de camping. Et c&#8217;est pourquoi tellement de gens choisissent Assurance Vienneau.<\/p>\n<p>C&#8217;est si important d&#8217;avoir un professionnel qui peut vous aider parce que certaines compagnies d&#8217;assurance ont des exclusions dont vous ne soup\u00e7onnez peut-\u00eatre pas l&#8217;existence. Vous ne voulez certainement pas r\u00e9aliser que votre police contient des exclusions lorsqu&#8217;il est trop tard et que cela vous cause de s\u00e9rieux probl\u00e8mes. Votre courtier chez <strong>Assurance Vienneau<\/strong> vous expliquera votre couverture et les options disponibles en d\u00e9tails afin de s&#8217;assurer que vous soyez bien couvert.<\/p>\n<p>Nous savons que vous \u00eates occup\u00e9 et c&#8217;est pourquoi plusieurs options sont \u00e0 votre port\u00e9e; vous pouvez nous appeler, venir nous voir ou encore consulter notre site Web pour voir ce que nous avons \u00e0 offrir. C&#8217;est tr\u00e8s facile de se procurer une demande de devis gratuite en ligne sur l&#8217;assurance de parc VR. Il s&#8217;agit que de faire bouger sa souris ou de taper du doigt![\/vc_column_text][\/vc_column][\/vc_row][vc_row][vc_column][\/vc_column][\/vc_row]<\/p>\n","protected":false},"excerpt":{"rendered":"<p>[vc_row bg_type=&#8221;image&#8221; parallax_style=&#8221;vcpb-default&#8221; bg_image_new=&#8221;id^738|url^http:\/\/govienneau.com\/wp-content\/uploads\/2018\/01\/camp-dark-top.jpg|caption^null|alt^null|title^camp &#8211; dark top|description^null&#8221; bg_override=&#8221;full&#8221; enable_overlay=&#8221;enable_overlay_value&#8221; overlay_color=&#8221;#212121&#8243; seperator_enable=&#8221;seperator_enable_value&#8221; seperator_type=&#8221;tilt_left_seperator&#8221; seperator_position=&#8221;bottom_seperator&#8221; seperator_svg_height=&#8221;100&#8243; el_id=&#8221;campground&#8221; css=&#8221;.vc_custom_1516497025279{padding-top: 130px !important;padding-bottom: 100px !important;}&#8221;][vc_column width=&#8221;1\/3&#8243;][\/vc_column][vc_column width=&#8221;1\/3&#8243;][\/vc_column][vc_column css_animation=&#8221;fadeIn&#8221; width=&#8221;1\/3&#8243;][\/vc_column][\/vc_row][vc_row][vc_column][vc_column_text]Si vous appartenez un terrain de camping au Nouveau-Brunswick, vous poss\u00e9dez une excellente source de revenu. Les gens aiment avoir la chance de s&#8217;\u00e9chapper un peu et de s&#8217;amuser, et ils sont&hellip;<\/p>\n","protected":false},"author":1,"featured_media":0,"parent":0,"menu_order":0,"comment_status":"closed","ping_status":"closed","template":"","meta":{"_mi_skip_tracking":false},"yst_prominent_words":[],"_links":{"self":[{"href":"https:\/\/govienneau.com\/fr\/wp-json\/wp\/v2\/pages\/1379"}],"collection":[{"href":"https:\/\/govienneau.com\/fr\/wp-json\/wp\/v2\/pages"}],"about":[{"href":"https:\/\/govienneau.com\/fr\/wp-json\/wp\/v2\/types\/page"}],"author":[{"embeddable":true,"href":"https:\/\/govienneau.com\/fr\/wp-json\/wp\/v2\/users\/1"}],"replies":[{"embeddable":true,"href":"https:\/\/govienneau.com\/fr\/wp-json\/wp\/v2\/comments?post=1379"}],"version-history":[{"count":4,"href":"https:\/\/govienneau.com\/fr\/wp-json\/wp\/v2\/pages\/1379\/revisions"}],"predecessor-version":[{"id":1389,"href":"https:\/\/govienneau.com\/fr\/wp-json\/wp\/v2\/pages\/1379\/revisions\/1389"}],"wp:attachment":[{"href":"https:\/\/govienneau.com\/fr\/wp-json\/wp\/v2\/media?parent=1379"}],"wp:term":[{"taxonomy":"yst_prominent_words","embeddable":true,"href":"https:\/\/govienneau.com\/fr\/wp-json\/wp\/v2\/yst_prominent_words?post=1379"}],"curies":[{"name":"wp","href":"https:\/\/api.w.org\/{rel}","templated":true}]}}