{"id":1382,"date":"2018-02-02T14:11:42","date_gmt":"2018-02-02T18:11:42","guid":{"rendered":"https:\/\/govienneau.com\/assurance-auto-commerciale\/"},"modified":"2018-02-02T14:17:15","modified_gmt":"2018-02-02T18:17:15","slug":"assurance-auto-commerciale","status":"publish","type":"page","link":"https:\/\/govienneau.com\/fr\/assurance-auto-commerciale\/","title":{"rendered":"Assurance Auto Commerciale"},"content":{"rendered":"<p>[vc_row bg_type=&#8221;image&#8221; parallax_style=&#8221;vcpb-default&#8221; bg_image_new=&#8221;id^1268|url^https:\/\/govienneau.com\/wp-content\/uploads\/2018\/02\/commauto-dark-top.jpg|caption^null|alt^null|title^commauto &#8211; dark top|description^null&#8221; bg_override=&#8221;full&#8221; enable_overlay=&#8221;enable_overlay_value&#8221; overlay_color=&#8221;#212121&#8243; seperator_enable=&#8221;seperator_enable_value&#8221; seperator_type=&#8221;tilt_left_seperator&#8221; seperator_position=&#8221;bottom_seperator&#8221; seperator_svg_height=&#8221;100&#8243; el_id=&#8221;commAuto&#8221; css=&#8221;.vc_custom_1517496041956{padding-top: 130px !important;padding-bottom: 100px !important;}&#8221;][vc_column css_animation=&#8221;fadeIn&#8221; width=&#8221;1\/3&#8243;]<form class=\"dt-contact-form dt-form\" method=\"post\"><input type=\"hidden\" name=\"widget_id\" value=\"presscore-contact-form-widget--1\" \/><input type=\"hidden\" name=\"send_message\" value=\"\" \/><input type=\"hidden\" name=\"security_token\" value=\"0741202c24bb03a038df\"\/><div class=\"form-fields\"><span class=\"form-name\"><label class=\"assistive-text\">Nom *<\/label><input type=\"text\" class=\"validate[required]\" placeholder=\"Nom *\" name=\"name\" value=\"\" aria-required=\"true\">\n<\/span><span class=\"form-mail\"><label class=\"assistive-text\">E-mail *<\/label><input type=\"text\" class=\"validate[required,custom[email]]\" placeholder=\"E-mail *\" name=\"email\" value=\"\" aria-required=\"true\">\n<\/span><span class=\"form-telephone\"><label class=\"assistive-text\">T\u00e9l\u00e9phone *<\/label><input type=\"text\" class=\"validate[required,custom[phone]]\" placeholder=\"T\u00e9l\u00e9phone *\" name=\"telephone\" value=\"\" aria-required=\"true\">\n<\/span><span class=\"form-city\"><label class=\"assistive-text\">Ville<\/label><input type=\"text\" placeholder=\"Ville\" name=\"city\" value=\"\" aria-required=\"false\">\n<\/span><\/div><span class=\"form-message\"><label class=\"assistive-text\">Message *<\/label><textarea class=\"validate[required]\" placeholder=\"Message *\" name=\"message\" rows=\"6\" aria-required=\"true\"><\/textarea>\n<\/span><p><a href=\"#\" class=\"dt-btn dt-btn-m dt-btn-submit\" rel=\"nofollow\"><span>Soumission Auto Commerciale<\/span><\/a><input class=\"assistive-text\" type=\"submit\" value=\"envoyer\"><\/p><\/form>\n[\/vc_column][vc_column width=&#8221;1\/3&#8243;][\/vc_column][vc_column css_animation=&#8221;none&#8221; width=&#8221;1\/3&#8243;][\/vc_column][\/vc_row][vc_row css=&#8221;.vc_custom_1517496141698{padding-top: 25px !important;}&#8221;][vc_column]<div id=\"ultimate-heading-209769d41eb925777\" class=\"uvc-heading ult-adjust-bottom-margin ultimate-heading-209769d41eb925777 uvc-7866  uvc-heading-default-font-sizes\" data-hspacer=\"line_only\"  data-halign=\"left\" style=\"text-align:left\"><div class=\"uvc-main-heading ult-responsive\"  data-ultimate-target='.uvc-heading.ultimate-heading-209769d41eb925777 h2'  data-responsive-json-new='{\"font-size\":\"\",\"line-height\":\"\"}' ><h2 style=\"font-weight:bold;\">Assurance Auto Commerciale<\/h2><\/div><div class=\"uvc-heading-spacer line_only\" style=\"margin-bottom:40px;height:3px;\"><span class=\"uvc-headings-line\" style=\"border-style:solid;border-bottom-width:3px;border-color:#0075a9;width:200px;\"><\/span><\/div><\/div>[vc_column_text]Qu\u2019il s\u2019agisse d\u2019une simple voiture utilis\u00e9e pour aller voir vos clients, d\u2019un camion pick-up pour transporter vos outils et vous-m\u00eame au chantier de travail, ou d\u2019un camion de transport livrant de la marchandise \u00e0 travers le Nouveau-Brunswick et ailleurs; la cat\u00e9gorie de l\u2019assurance auto commerciale est incroyablement vaste.<\/p>\n<p>Vous devez pouvoir d\u00e9pendre de votre v\u00e9hicule de travail afin de compl\u00e9ter la job, tout comme vous devez pouvoir d\u00e9pendre de votre couverture et qu\u2019elle prot\u00e8gera votre entreprise et vous-m\u00eame contre la faillite si vous \u00e9tiez impliqu\u00e9 dans un accident lors de votre conduite pour le travail.<\/p>\n<h3><span style=\"color: #003e52;\"><strong>Les id\u00e9es fausses sur l\u2019assurance auto commerciale<\/strong><\/span><\/h3>\n<p>Il y a des gens qui croient que la police commerciale d\u2019assurance responsabilit\u00e9 civile qu\u2019ils ont achet\u00e9e pour leur entreprise va couvrir toute exposition \u00e0 la responsabilit\u00e9 lorsqu\u2019ils conduisent leur v\u00e9hicule d\u2019usage commercial. Ceci est absolument faux puisque la police type d\u2019assurance automobile au Nouveau-Brunswick exclut express\u00e9ment l\u2019usage commercial qui n\u2019est pas divulgu\u00e9.<\/p>\n<p>Une autre m\u00e9connaissance commune est que les gens assument souvent qu\u2019aussit\u00f4t qu\u2019un v\u00e9hicule est cot\u00e9 comme \u00ab\u00a0usage commercial\u00a0\u00bb ils verront une \u00e9norme augmentation dans leur prime d\u2019assurance automobile. Rarement en est le cas.<\/p>\n<p>Alors que les v\u00e9hicules de grande valeur (les camions de transport et les camion-bennes) et les v\u00e9hicules d\u2019usage intensif et \u00e0 risque \u00e9lev\u00e9 (tels les taxis et v\u00e9hicules de livraison) vont g\u00e9n\u00e9ralement demander des primes assez importantes, plusieurs voitures, fourgonnettes et camions pick-up d\u2019usage commercial verront des taux entre 10-25% de plus que lorsqu\u2019ils \u00e9taient cot\u00e9s pour \u00ab\u00a0usage personnel\u00a0\u00bb seulement. En fait, certaines classes commerciales vont m\u00eame mener \u00e0 de meilleurs tarifs que lorsque le v\u00e9hicule \u00e9tait cot\u00e9 comme \u00ab\u00a0non-commercial\u00a0\u00bb!<\/p>\n<p>Finalement, certains pensent qu\u2019une fois qu\u2019un v\u00e9hicule est cot\u00e9 comme \u00e9tant commercial, que tout \u00e9quipement rattach\u00e9 \u00e0 ce v\u00e9hicule plus tard sera automatiquement couvert par la police.<\/p>\n<p>Encore une fois, ce n\u2019est pas du tout le cas puisque tout \u00ab\u00a0\u00e9quipement attach\u00e9\u00a0\u00bb devrait \u00eatre d\u00e9clar\u00e9 \u00e0 votre courtier en assurance pour qu\u2019il\/elle puisse augmenter la valeur de votre assurance par cons\u00e9quent. Donc assurez-vous de bien nous informer de votre nouvelle lame de d\u00e9neigement, ou de votre nouveau treuil ou des \u00e9tag\u00e8res dans votre fourgonnette, et toutes autres am\u00e9liorations ou additions que vous faites. Oh, et n\u2019oubliez pas de nous mentionner si vous avez une remorque commerciale qui aurait besoin d\u2019\u00eatre assur\u00e9e, puisque tout dommage qu\u2019elle pourrait subir n\u2019est pas couvert par votre police d\u2019assurance auto commerciale non plus!<\/p>\n<h3><span style=\"color: #003e52;\"><strong>Le choix responsable<\/strong><\/span><\/h3>\n<p>Vous d\u00e9pendez de votre assurance automobile pour prot\u00e9ger votre famille contre des difficult\u00e9s financi\u00e8res dans l\u2019\u00e9v\u00e9nement d\u2019un accident impliquant la voiture familiale, alors il est tout \u00e0 fait sens\u00e9 de vous procurer l\u2019assurance appropri\u00e9e qui prot\u00e8gera votre source de revenu \u2013 votre compagnie \u2013 contre les m\u00eames risques!<\/p>\n<p>M\u00eame si vous avez d\u00e9j\u00e0 une assurance auto commerciale, c\u2019est toujours une bonne id\u00e9e d\u2019appeler et de r\u00e9viser vos besoins de couverture et de vous assurer que vous n\u2019\u00eates pas en train de surpayer ou que vous n\u2019\u00eates pas sous-assur\u00e9. Vous n\u2019avez qu\u2019\u00e0 remplir le petit formulaire ci-dessus et un de nos experts en assurance auto commerciale sera en contact avec vous tr\u00e8s bient\u00f4t![\/vc_column_text][\/vc_column][\/vc_row][vc_row][vc_column][\/vc_column][\/vc_row]<\/p>\n","protected":false},"excerpt":{"rendered":"<p>[vc_row bg_type=&#8221;image&#8221; parallax_style=&#8221;vcpb-default&#8221; bg_image_new=&#8221;id^1268|url^https:\/\/govienneau.com\/wp-content\/uploads\/2018\/02\/commauto-dark-top.jpg|caption^null|alt^null|title^commauto &#8211; dark top|description^null&#8221; bg_override=&#8221;full&#8221; enable_overlay=&#8221;enable_overlay_value&#8221; overlay_color=&#8221;#212121&#8243; seperator_enable=&#8221;seperator_enable_value&#8221; seperator_type=&#8221;tilt_left_seperator&#8221; seperator_position=&#8221;bottom_seperator&#8221; seperator_svg_height=&#8221;100&#8243; el_id=&#8221;commAuto&#8221; css=&#8221;.vc_custom_1517496041956{padding-top: 130px !important;padding-bottom: 100px !important;}&#8221;][vc_column css_animation=&#8221;fadeIn&#8221; width=&#8221;1\/3&#8243;][\/vc_column][vc_column width=&#8221;1\/3&#8243;][\/vc_column][vc_column css_animation=&#8221;none&#8221; width=&#8221;1\/3&#8243;][\/vc_column][\/vc_row][vc_row css=&#8221;.vc_custom_1517496141698{padding-top: 25px !important;}&#8221;][vc_column][vc_column_text]Qu\u2019il s\u2019agisse d\u2019une simple voiture utilis\u00e9e pour aller voir vos clients, d\u2019un camion pick-up pour transporter vos outils et vous-m\u00eame au chantier de travail, ou d\u2019un camion de&hellip;<\/p>\n","protected":false},"author":1,"featured_media":0,"parent":0,"menu_order":0,"comment_status":"closed","ping_status":"closed","template":"","meta":{"_mi_skip_tracking":false},"yst_prominent_words":[],"_links":{"self":[{"href":"https:\/\/govienneau.com\/fr\/wp-json\/wp\/v2\/pages\/1382"}],"collection":[{"href":"https:\/\/govienneau.com\/fr\/wp-json\/wp\/v2\/pages"}],"about":[{"href":"https:\/\/govienneau.com\/fr\/wp-json\/wp\/v2\/types\/page"}],"author":[{"embeddable":true,"href":"https:\/\/govienneau.com\/fr\/wp-json\/wp\/v2\/users\/1"}],"replies":[{"embeddable":true,"href":"https:\/\/govienneau.com\/fr\/wp-json\/wp\/v2\/comments?post=1382"}],"version-history":[{"count":5,"href":"https:\/\/govienneau.com\/fr\/wp-json\/wp\/v2\/pages\/1382\/revisions"}],"predecessor-version":[{"id":1387,"href":"https:\/\/govienneau.com\/fr\/wp-json\/wp\/v2\/pages\/1382\/revisions\/1387"}],"wp:attachment":[{"href":"https:\/\/govienneau.com\/fr\/wp-json\/wp\/v2\/media?parent=1382"}],"wp:term":[{"taxonomy":"yst_prominent_words","embeddable":true,"href":"https:\/\/govienneau.com\/fr\/wp-json\/wp\/v2\/yst_prominent_words?post=1382"}],"curies":[{"name":"wp","href":"https:\/\/api.w.org\/{rel}","templated":true}]}}