{"id":1399,"date":"2018-02-02T14:39:50","date_gmt":"2018-02-02T18:39:50","guid":{"rendered":"https:\/\/govienneau.com\/carrieres\/"},"modified":"2025-11-28T13:47:39","modified_gmt":"2025-11-28T17:47:39","slug":"carrieres","status":"publish","type":"page","link":"https:\/\/govienneau.com\/fr\/carrieres\/","title":{"rendered":"carri\u00e8res"},"content":{"rendered":"<p>[vc_row bg_type=&#8221;image&#8221; parallax_style=&#8221;vcpb-default&#8221; bg_image_new=&#8221;id^1554|url^https:\/\/govienneau.com\/wp-content\/uploads\/2018\/02\/Computer-dark-top.jpg|caption^null|alt^null|title^Computer &#8211; dark top|description^null&#8221; bg_override=&#8221;full&#8221; enable_overlay=&#8221;enable_overlay_value&#8221; overlay_color=&#8221;#212121&#8243; seperator_enable=&#8221;seperator_enable_value&#8221; seperator_type=&#8221;tilt_left_seperator&#8221; seperator_position=&#8221;bottom_seperator&#8221; seperator_svg_height=&#8221;100&#8243; el_id=&#8221;careers&#8221; css=&#8221;.vc_custom_1520963474346{padding-top: 130px !important;padding-bottom: 100px !important;}&#8221;][vc_column width=&#8221;1\/3&#8243;]<div id=\"ultimate-heading-289369d38c6daab2e\" class=\"uvc-heading ult-adjust-bottom-margin ultimate-heading-289369d38c6daab2e uvc-7215  uvc-heading-default-font-sizes\" data-hspacer=\"no_spacer\"  data-halign=\"center\" style=\"text-align:center\"><div class=\"uvc-heading-spacer no_spacer\" style=\"top\"><\/div><div class=\"uvc-main-heading ult-responsive\"  data-ultimate-target='.uvc-heading.ultimate-heading-289369d38c6daab2e h2'  data-responsive-json-new='{\"font-size\":\"\",\"line-height\":\"\"}' ><h2 style=\"font-style:italic;font-weight:bold;color:#ffffff;\">carri\u00e8res<\/h2><\/div><\/div>[\/vc_column][vc_column width=&#8221;1\/3&#8243;][\/vc_column][vc_column css_animation=&#8221;bounceInRight&#8221; width=&#8221;1\/3&#8243;][\/vc_column][\/vc_row][vc_row][vc_column]<div id=\"ultimate-heading-998269d38c6daab8e\" class=\"uvc-heading ult-adjust-bottom-margin ultimate-heading-998269d38c6daab8e uvc-9412  uvc-heading-default-font-sizes\" data-hspacer=\"line_only\"  data-halign=\"left\" style=\"text-align:left\"><div class=\"uvc-main-heading ult-responsive\"  data-ultimate-target='.uvc-heading.ultimate-heading-998269d38c6daab8e h2'  data-responsive-json-new='{\"font-size\":\"\",\"line-height\":\"\"}' ><h2 style=\"font-weight:bold;\">Joignez-vous \u00e0 l'\u00e9quipe d'Assurance Vienneau!<\/h2><\/div><div class=\"uvc-heading-spacer line_only\" style=\"margin-bottom:40px;height:3px;\"><span class=\"uvc-headings-line\" style=\"border-style:solid;border-bottom-width:3px;border-color:#0075a9;width:200px;\"><\/span><\/div><\/div>[vc_column_text]<\/p>\n<p class=\"p2\"><span class=\"s2\"><b><i>Assurance Vienneau<\/i><\/b><\/span><span class=\"s1\"><b><i> <\/i><\/b>offre la \u201cWorry Pas\u201d tranquillit\u00e9 d\u2019esprit depuis plusieurs g\u00e9n\u00e9rations. <span class=\"Apple-converted-space\">\u00a0 <\/span>Nous servons nos clients et notre communaut\u00e9 tout en ayant du plaisir \u00e0 le faire\u00a0!<span class=\"Apple-converted-space\">\u00a0 <\/span>Nous sommes en croissance et \u00e0 la recherche de notre prochaine g\u00e9n\u00e9ration de superstars qui sera ax\u00e9e sur le service!<span class=\"Apple-converted-space\">\u00a0 <\/span>Nous sommes pr\u00eats, l\u2019\u00eates-vous\u00a0?<\/span><\/p>\n<p>&nbsp;<\/p>\n<p><strong><span class=\"cp-trigger-shortcode cp-trigger-cp_id_d8d69 cp-cp_id_d8d69\">Candidature Rapide<\/span><style type=\"text\/css\"><\/style><link rel='stylesheet' type='text\/css' id='cp-google-fonts' href='https:\/\/fonts.googleapis.com\/css?family=http:\/\/Bitter|Lato|Libre+Baskerville|Montserrat|Neuton|Open+Sans|Pacifico|Raleway|Roboto|Sacramento|Varela+Round|Lato|Open%20Sans|Libre%20Baskerville|Montserrat|Neuton|Raleway|Roboto|Sacramento|Varela%20Round|Pacifico|Bitter' media='none' onload = 'if(media!=&quot;all&quot;)media=&quot;all&quot;'>\t\t\t\t<div data-class-id=\"content-69d38c6dabeda\" data-referrer-domain=\"\" data-referrer-check=\"hide\" data-after-content-value=\"50\" data-overlay-class = \"overlay-zoomin\" data-onload-delay = \"\"data-onscroll-value = \"\"data-exit-intent = \"disabled\"data-add-to-cart = \"0\" data-closed-cookie-time=\"30\" data-conversion-cookie-time=\"90\"  data-modal-id=\"cp_id_d8d69\"  data-modal-style=\"cp_id_d8d69\"  data-option=\"smile_modal_styles\"    data-custom-class = \"cp-trigger-cp_id_d8d69 cp-cp_id_d8d69 cp-modal-global\"data-load-on-refresh = \"enabled\"data-dev-mode = \"disabled\"data-custom-selector = \"\" class=\"overlay-show  cp-trigger-cp_id_d8d69 cp-cp_id_d8d69 cp-modal-global\" data-module-type=\"modal\" ><\/div>\n\t\t\n\t\t<div data-form-layout=\"\" class=\"cp-module cp-modal-popup-container cp_id_d8d69 cp-blank-container \" data-style-id =\"cp_id_d8d69\"  data-module-name =\"modal\" data-close-gravity = \"1\" >\n\t\t\t<div class=\"content-69d38c6dabeda cp-overlay   smile-3DRotateBottom  global_modal_container   \"  data-scheduled=false  data-closed-cookie-time=\"30\" data-conversion-cookie-time=\"90\"  data-modal-id=\"cp_id_d8d69\"  data-modal-style=\"cp_id_d8d69\"  data-option=\"smile_modal_styles\" data-placeholder-font=\"inherit\"data-custom-class = \"cp-trigger-cp_id_d8d69 cp-cp_id_d8d69 cp-modal-global\"data-class = \"content-69d38c6dabeda\"data-load-on-refresh = \"enabled\"data-load-on-count = \"\" data-affiliate_setting =\"0\"  data-overlay-animation = \"smile-3DRotateBottom\"       data-tz-offset = \"-4\"data-image-position = \"\"data-placeholder-color = \"\"data-timezonename = \"WordPress\"data-timezone = \"-4\"  style=\" \" >\n\t\t\t\t<div class=\"cp-overlay-background\" style=\" background-color:rgba(255,255,255,0.4);\"><\/div>\t<div class=\"cp-modal cp-modal-custom-size\" style=\"width:100%;height:300;max-width:700px;\">\n\t\t\t\t\t<div class=\"cp-animate-container\"  data-overlay-animation = \"smile-3DRotateBottom\"  data-exit-animation=\"smile-bounceOutDown\">\n\t\t\t\t\t\t<div class=\"cp-modal-content \"   style = \"border-radius: 10px;-moz-border-radius: 10px;-webkit-border-radius: 10px;border-style: none;border-color: rgb(0,0,0);border-width:  px;border-width:5px;\" >\t\n\t\t\t\t\t\t\t\t\n\t\t\t\t\t\t\t<div class=\"cp-modal-body cp-blank \" style = \"\" >\n\t\t\t\t\t\t\t\t\t\t\t\t\t\t\t\t<div class=\"cp-modal-body-overlay cp_cs_overlay\" style=\"background-color:#e8e8e8;;;\"><\/div>\n\t\t\t\t\t\t\t\t\t\t\t\t\t\t\t\t\t\t<!-- BEFORE CONTENTS -->\n\t\t<div class=\"cp-row \">\n\t\t\t<div class=\"col-lg-12 col-md-12 col-sm-12 col-xs-12  cp_responsive\">\n\t\t\t\t<div style=\"text-align: center;\"><span class=\"cp_responsive cp_font\" data-font-size=\"16px\" style=\"font-size:16px;\"><span data-font-size=\"14px\"><span data-font-size=\"10px\"><span style=\"font-weight:bold;\">CANDIDATURE RAPIDE<\/span><\/span><\/span><\/span><br \/><br \/><div class=\"caldera-grid\" id=\"caldera_form_1\" data-cf-ver=\"1.9.7\" data-cf-form-id=\"CF68c2bc3e9ca74\"><div id=\"caldera_notices_1\" data-spinner=\"https:\/\/govienneau.com\/wp-admin\/images\/spinner.gif\"><\/div><form data-instance=\"1\" class=\"CF68c2bc3e9ca74 caldera_forms_form cfajax-trigger\" method=\"POST\" enctype=\"multipart\/form-data\" id=\"CF68c2bc3e9ca74_1\" data-form-id=\"CF68c2bc3e9ca74\" aria-label=\"CANDIDATURE RAPIDE\" data-target=\"#caldera_notices_1\" data-template=\"#cfajax_CF68c2bc3e9ca74-tmpl\" data-cfajax=\"CF68c2bc3e9ca74\" data-load-element=\"_parent\" data-load-class=\"cf_processing\" data-post-disable=\"0\" data-action=\"cf_process_ajax_submit\" data-request=\"https:\/\/govienneau.com\/fr\/\/cf-api\/CF68c2bc3e9ca74\" data-hiderows=\"true\">\r\n<input type=\"hidden\" id=\"_cf_verify_CF68c2bc3e9ca74\" name=\"_cf_verify\" value=\"9e910588d6\"  data-nonce-time=\"1775471725\" \/><input type=\"hidden\" name=\"_wp_http_referer\" value=\"\/fr\/wp-json\/wp\/v2\/pages\/1399\" \/><div id=\"cf2-CF68c2bc3e9ca74_1\"><\/div><input type=\"hidden\" name=\"_cf_frm_id\" value=\"CF68c2bc3e9ca74\">\r\n<input type=\"hidden\" name=\"_cf_frm_ct\" value=\"1\">\r\n<input type=\"hidden\" name=\"cfajax\" value=\"CF68c2bc3e9ca74\">\r\n<input type=\"hidden\" name=\"_cf_cr_pst\" value=\"1399\">\r\n<div class=\"hide\" style=\"display:none; overflow:hidden;height:0;width:0;\">\r\n<label>Web Site<\/label><input type=\"text\" name=\"web_site\" value=\"\" autocomplete=\"off\">\r\n<\/div><div id=\"form_page_1_pg_1\" data-formpage=\"1\" class=\"caldera-form-page\" style=\"display:block;\" role=\"region\" aria-labelledby=\"breadcrumb_1_pg_1\" aria-hidden=\"false\"><div id=\"CF68c2bc3e9ca74_1-row-1\"  class=\"row  first_row\"><div  class=\"col-sm-6  first_col\"><div data-field-wrapper=\"fld_3688899\" class=\"form-group\" id=\"fld_3688899_1-wrap\">\r\n\t<label id=\"fld_3688899Label\" for=\"fld_3688899_1\" class=\"control-label\">Nom <span aria-hidden=\"true\" role=\"presentation\" class=\"field_required\" style=\"color:#ee0000;\">*<\/span><\/label>\r\n\t<div class=\"\">\r\n\t\t<input   required type=\"text\" data-field=\"fld_3688899\" class=\" form-control\" id=\"fld_3688899_1\" name=\"fld_3688899\" value=\"\" data-type=\"text\" aria-required=\"true\"   aria-labelledby=\"fld_3688899Label\" >\t\t\t<\/div>\r\n<\/div>\r\n<div data-field-wrapper=\"fld_6830845\" class=\"form-group\" id=\"fld_6830845_1-wrap\">\r\n\t<label id=\"fld_6830845Label\" for=\"fld_6830845_1\" class=\"control-label\">Pr\u00e9f\u00e9rence de contact (t\u00e9l.\/courriel) <span aria-hidden=\"true\" role=\"presentation\" class=\"field_required\" style=\"color:#ee0000;\">*<\/span><\/label>\r\n\t<div class=\"\">\r\n\t\t<input   required type=\"text\" data-field=\"fld_6830845\" class=\" form-control\" id=\"fld_6830845_1\" name=\"fld_6830845\" value=\"\" data-type=\"text\" aria-required=\"true\"   aria-labelledby=\"fld_6830845Label\" >\t\t\t<\/div>\r\n<\/div>\r\n<\/div><div  class=\"col-sm-6  last_col\"><div data-field-wrapper=\"fld_6829296\" class=\"form-group\" id=\"fld_6829296_1-wrap\">\r\n\t<label id=\"fld_6829296Label\" for=\"fld_6829296_1\" class=\"control-label\">O\u00f9 r\u00e9sidez-vous ?(ville) <span aria-hidden=\"true\" role=\"presentation\" class=\"field_required\" style=\"color:#ee0000;\">*<\/span><\/label>\r\n\t<div class=\"\">\r\n\t\t<input   required type=\"text\" data-field=\"fld_6829296\" class=\" form-control\" id=\"fld_6829296_1\" name=\"fld_6829296\" value=\"\" data-type=\"text\" aria-required=\"true\"   aria-labelledby=\"fld_6829296Label\" >\t\t\t<\/div>\r\n<\/div>\r\n<div data-field-wrapper=\"fld_645468\" class=\"form-group\" id=\"fld_645468_1-wrap\">\r\n\t<label id=\"fld_645468Label\" for=\"fld_645468_1\" class=\"control-label\">Coordonn\u00e9es <span aria-hidden=\"true\" role=\"presentation\" class=\"field_required\" style=\"color:#ee0000;\">*<\/span><\/label>\r\n\t<div class=\"\">\r\n\t\t<input   required type=\"text\" data-field=\"fld_645468\" class=\" form-control\" id=\"fld_645468_1\" name=\"fld_645468\" value=\"\" data-type=\"text\" aria-required=\"true\"   aria-labelledby=\"fld_645468Label\" >\t\t\t<\/div>\r\n<\/div>\r\n<\/div><\/div><div id=\"CF68c2bc3e9ca74_1-row-2\"  class=\"row \"><div  class=\"col-sm-12  first_col\"><div data-field-wrapper=\"fld_5187031\" class=\"form-group\" id=\"fld_5187031_1-wrap\">\r\n\t<label id=\"fld_5187031Label\" for=\"fld_5187031_1\" class=\"control-label\">Avez-vous \u00e9t\u00e9 recommand\u00e9 par quelqu\u2019un (si oui, par qui?)<\/label>\r\n\t<div class=\"\">\r\n\t\t<input    type=\"text\" data-field=\"fld_5187031\" class=\" form-control\" id=\"fld_5187031_1\" name=\"fld_5187031\" value=\"\" data-type=\"text\"   aria-labelledby=\"fld_5187031Label\" >\t\t\t<\/div>\r\n<\/div>\r\n<div data-field-wrapper=\"fld_4668302\" class=\"form-group\" id=\"fld_4668302_1-wrap\">\r\n<div class=\"\">\r\n\t<input  class=\"btn btn-default\" type=\"submit\" name=\"fld_4668302\" id=\"fld_4668302_1\" value=\"Envoy\u00e9\" data-field=\"fld_4668302\"  >\n<\/div>\r\n<\/div>\r\n\t<input class=\"button_trigger_1\" type=\"hidden\" name=\"fld_4668302\" id=\"fld_4668302_1_btn\" value=\"\" data-field=\"fld_4668302\"  \/>\n<\/div><\/div><\/div><div id=\"form_page_1_pg_2\" data-formpage=\"2\" role=\"region\" aria-labelledby=\"breadcrumb_1_pg_2\" aria-hidden=\"true\" class=\"caldera-form-page\" style=\"display:none;\"><div id=\"CF68c2bc3e9ca74_1-row-3\"  class=\"row \"><div  class=\"col-sm-12  single\"><div class=\"\"><h2>Information Summary<\/h2>\n<\/div><div data-field-wrapper=\"fld_3540500\" class=\"form-group\" id=\"fld_3540500_1-wrap\">\r\n\t<div class=\"\">\r\n\t<div style=\"text-align:center;\" class=\"live-gravatar\">\n\t\t<span style=\"overflow: hidden;border-radius:3px; border:3px solid #efefef;display: inline-block;\">\n\t\t\t<span style=\"border-radius:3px;width:100px;height:100px;display:inline-block;\" id=\"fld_3540500_1_gravatar\"><img alt='Image Gravatar' src='https:\/\/secure.gravatar.com\/avatar\/?s=100&#038;d=mm&#038;r=g' srcset='https:\/\/secure.gravatar.com\/avatar\/?s=200&#038;d=mm&#038;r=g 2x' class='avatar avatar-100 photo avatar-default' height='100' width='100' loading='lazy'\/><\/span>\n\t\t<\/span>\n\t<\/div>\n\t<\/div>\r\n<\/div>\r\n<script type=\"text\/html\" id=\"html-content-fld_8862269_1-tmpl\"><ul ><li><span class=\"caldera-forms-summary-label\">Nom<\/span> <span class=\"caldera-forms-summary-value\">{{fld_3688899}}<\/span><\/li><li><span class=\"caldera-forms-summary-label\">Pr\u00e9f\u00e9rence de contact (t\u00e9l.\/courriel)<\/span> <span class=\"caldera-forms-summary-value\">{{fld_6830845}}<\/span><\/li><li><span class=\"caldera-forms-summary-label\">O\u00f9 r\u00e9sidez-vous ?(ville)<\/span> <span class=\"caldera-forms-summary-value\">{{fld_6829296}}<\/span><\/li><li><span class=\"caldera-forms-summary-label\">Coordonn\u00e9es<\/span> <span class=\"caldera-forms-summary-value\">{{fld_645468}}<\/span><\/li><li><span class=\"caldera-forms-summary-label\">Avez-vous \u00e9t\u00e9 recommand\u00e9 par quelqu\u2019un (si oui, par qui?)<\/span> <span class=\"caldera-forms-summary-value\">{{fld_5187031}}<\/span><\/li><li><span class=\"caldera-forms-summary-label\">Profile<\/span> <span class=\"caldera-forms-summary-value\">{{fld_3540500}}<\/span><\/li><\/ul><\/script><div data-field=\"fld_8862269\" class=\" caldera-forms-summary-field\" id=\"html-content-fld_8862269_1\" name=\"fld_8862269\" value=\"\" data-type=\"summary\" ><\/div><\/div><\/div><div id=\"CF68c2bc3e9ca74_1-row-4\"  class=\"row  last_row\"><div  class=\"col-sm-6  first_col\"><div data-field-wrapper=\"fld_3202325\" class=\"form-group\" id=\"fld_3202325_1-wrap\">\r\n<div class=\"\">\r\n\t<input  class=\"btn btn-default cf-page-btn cf-page-btn-prev\" type=\"button\" name=\"fld_3202325\" id=\"fld_3202325_1\" value=\"Edit information\" data-field=\"fld_3202325\" data-page=\"prev\"  >\n<\/div>\r\n<\/div>\r\n\t<input class=\"button_trigger_1\" type=\"hidden\" name=\"fld_3202325\" id=\"fld_3202325_1_btn\" value=\"\" data-field=\"fld_3202325\"  \/>\n<\/div><div  class=\"col-sm-6 \"><div data-field-wrapper=\"fld_8728190\" class=\"form-group\" id=\"fld_8728190_1-wrap\">\r\n<div class=\"\">\r\n\t<input  class=\"btn btn-default\" type=\"submit\" name=\"fld_8728190\" id=\"fld_8728190_1\" value=\"Submit\" data-field=\"fld_8728190\"  >\n<\/div>\r\n<\/div>\r\n\t<input class=\"button_trigger_1\" type=\"hidden\" name=\"fld_8728190\" id=\"fld_8728190_1_btn\" value=\"\" data-field=\"fld_8728190\"  \/>\n<\/div><\/div><\/div><\/form>\r\n<\/div>\r\n<\/div>\t\t\t<\/div>\n\t\t<\/div>\n\t\t<!-- AFTER CONTENTS -->\n\t\t\t\t<input type=\"hidden\" class=\"cp-impress-nonce\" name=\"cp-impress-nonce\" value=\"385ded24e5\">\n\n\t<\/div><!-- .cp-modal-body -->\n\n\t\t<\/div><!-- .cp-modal-content -->\n\n\t\t\n\t\t\n\t\t\t\t<div class=\"cp-overlay-close cp-image-close cp-adjacent-close cp-adjacent-right\" style=\"width: 32px\">\n\t\t\t\t\t\t<img class=\"cp-default-close\" src=\"https:\/\/govienneau.com\/wp-content\/plugins\/convertplug\/modules\/modal\/functions\/config\/img\/cross.png\" alt=\"close-link\" width=\"32px\" height=\"32px\" \/>\t\t\t\t\t<\/div>\n\n\t\t\t\t\t<\/div><!-- .cp-animate-container -->\n\n\t\t\n<\/div><!-- .cp-modal -->\n\n\t\t<!-- .affiliate link for fullscreen -->\n\n\t\t\t<\/div><!-- .cp-overlay -->\n<\/div><!-- .cp-modal-popup-container -->\n\t\t<style type=\"text\/css\" id=\"custom-css-cp_id_d8d69\">html { overflow: auto !important; }<\/style><\/strong>[\/vc_column_text][vc_column_text]Aucun postes disponible pour le moment[\/vc_column_text][\/vc_column][\/vc_row][vc_row][vc_column][vc_column_text]<strong><span lang=\"FR\">COURTIER EN ASSURANCES (AUTO ET HABITATION) \u2013 SHEDIAC \/ MONCTON<\/span><\/strong>[\/vc_column_text][vc_column_text]<b><span lang=\"FR\">Vous avez le profil du candidat requis?<\/span><\/b>[\/vc_column_text]<div class=\"standard-arrow bullet-top\"><ul>\n<li>\u00a0\u00a0 Je suis passionn\u00e9 par la qualit\u00e9 du service \u00e0 la client\u00e8le offert- en personne et\/ou par t\u00e9l\u00e9phone &#8211; et je crois que les gens doivent \u00eatre trait\u00e9s de la mani\u00e8re dont je voudrais \u00eatre trait\u00e9.<\/li>\n<li>Je travaille VRAIMENT bien avec les gens au sein d\u2019une petite \u00e9quipe. Pas de drame ici!<\/li>\n<li>Je suis tr\u00e8s comp\u00e9titif, mais je le contr\u00f4le tr\u00e8s bien (j&#8217;utilise mes super-pouvoirs pour le bien seulement).<\/li>\n<li>La formation continue ne me fait pas peur.<\/li>\n<li>Je contribue \u00e0 la charge de travail mais je n&#8217;h\u00e9site jamais \u00e0 aider un coll\u00e8gue dans le besoin.<\/li>\n<li>Je ne suis pas du genre \u00e0 me vanter, mais j&#8217;ai des r\u00e9f\u00e9rences l\u00e9gitimes qui confirmeront que je suis bon!<\/li>\n<li>Je parle et \u00e9cris dans les deux langues officielles du Nouveau-Brunswick (ps. \u00abChiac\u00bb compte pour le fran\u00e7ais!)<\/li>\n<\/ul>\n<\/div>[vc_column_text]<b><span lang=\"FR\">Alors, que feriez-vous quotidiennement?<\/span><\/b>[\/vc_column_text]<div class=\"standard-arrow bullet-top\"><ul>\n<li>Aider nos clients \u00e0 identifier leurs besoins en mati\u00e8re d\u2019assurance et leur offrir des conseils et\/ou recommandations<\/li>\n<li>Travailler dans un environnement d&#8217;\u00e9quipe dynamique o\u00f9 la coop\u00e9ration est essentielle pour en assurer le succ\u00e8s ult\u00e9rieur<\/li>\n<li>R\u00e9pondre aux appels et accueillir \u00e0 nos bureaux les clients actuels et potentiels<\/li>\n<li>\u00c9tablir et entretenir des relations avec nos anciens et nouveaux clients<\/li>\n<li>Se tenir au courant de l&#8217;\u00e9volution des produits d&#8217;assurance<\/li>\n<li>Travailler sur des projets sp\u00e9ciaux, au besoin<\/li>\n<li>Aider les clients lors du processus de r\u00e9clamation<\/li>\n<\/ul>\n<\/div>[vc_column_text]<b><span lang=\"FR\">Autres exigences<\/span><\/b><b><span lang=\"EN-US\">:<\/span><\/b>[\/vc_column_text]<div class=\"standard-arrow bullet-top\"><ul>\n<li><span lang=\"FR\">Bilingue, fran\u00e7ais-anglais (\u00e9crit et parl\u00e9)<\/span><\/li>\n<li><span lang=\"FR-CA\">Dipl\u00f4me d\u2019\u00e9tudes secondaire (bon) ou postsecondaire (meilleur)<\/span><\/li>\n<li><span lang=\"FR\">Vous devez habiter \u00e0 une distance raisonnable de un nos bureau<\/span><\/li>\n<\/ul>\n<\/div><div class=\"hr-thin style-line\" style=\"width: 100%;border-top-width: 1px;\"><\/div>[\/vc_column][\/vc_row][vc_row][vc_column][vc_column_text css=&#8221;.vc_custom_1695825132891{padding-top: 15px !important;}&#8221;]<\/p>\n<p class=\"p1\"><span class=\"s1\">Vous croyez \u00eatre \u201cla\u201d bonne personne?&#8230; Si oui, nous aimerions avoir de vos nouvelles tr\u00e8s bient\u00f4t!<\/span><\/p>\n<p class=\"p1\"><span class=\"s1\">Postuler \u00e0\u00a0: <\/span><span class=\"s3\"><a href=\"mailto:HR@GoVienneau.com\">HR@GoVienneau.com<\/a><\/span><span class=\"s1\">, \u00e0 l\u2019attention de Manon Sirois<\/span><\/p>\n<p>[\/vc_column_text][\/vc_column][\/vc_row]<\/p>\n","protected":false},"excerpt":{"rendered":"<p>[vc_row bg_type=&#8221;image&#8221; parallax_style=&#8221;vcpb-default&#8221; bg_image_new=&#8221;id^1554|url^https:\/\/govienneau.com\/wp-content\/uploads\/2018\/02\/Computer-dark-top.jpg|caption^null|alt^null|title^Computer &#8211; dark top|description^null&#8221; bg_override=&#8221;full&#8221; enable_overlay=&#8221;enable_overlay_value&#8221; overlay_color=&#8221;#212121&#8243; seperator_enable=&#8221;seperator_enable_value&#8221; seperator_type=&#8221;tilt_left_seperator&#8221; seperator_position=&#8221;bottom_seperator&#8221; seperator_svg_height=&#8221;100&#8243; el_id=&#8221;careers&#8221; css=&#8221;.vc_custom_1520963474346{padding-top: 130px !important;padding-bottom: 100px !important;}&#8221;][vc_column width=&#8221;1\/3&#8243;][\/vc_column][vc_column width=&#8221;1\/3&#8243;][\/vc_column][vc_column css_animation=&#8221;bounceInRight&#8221; width=&#8221;1\/3&#8243;][\/vc_column][\/vc_row][vc_row][vc_column][vc_column_text] Assurance Vienneau offre la \u201cWorry Pas\u201d tranquillit\u00e9 d\u2019esprit depuis plusieurs g\u00e9n\u00e9rations. \u00a0 Nous servons nos clients et notre communaut\u00e9 tout en ayant du plaisir \u00e0 le faire\u00a0!\u00a0 Nous sommes en croissance&hellip;<\/p>\n","protected":false},"author":1,"featured_media":0,"parent":0,"menu_order":0,"comment_status":"closed","ping_status":"closed","template":"","meta":{"_mi_skip_tracking":false},"yst_prominent_words":[667,410,469,671,957,656,2242,292,466,739,2248,2245,2246,2408,2243,462,2244,128,1220,2247],"_links":{"self":[{"href":"https:\/\/govienneau.com\/fr\/wp-json\/wp\/v2\/pages\/1399"}],"collection":[{"href":"https:\/\/govienneau.com\/fr\/wp-json\/wp\/v2\/pages"}],"about":[{"href":"https:\/\/govienneau.com\/fr\/wp-json\/wp\/v2\/types\/page"}],"author":[{"embeddable":true,"href":"https:\/\/govienneau.com\/fr\/wp-json\/wp\/v2\/users\/1"}],"replies":[{"embeddable":true,"href":"https:\/\/govienneau.com\/fr\/wp-json\/wp\/v2\/comments?post=1399"}],"version-history":[{"count":42,"href":"https:\/\/govienneau.com\/fr\/wp-json\/wp\/v2\/pages\/1399\/revisions"}],"predecessor-version":[{"id":4348,"href":"https:\/\/govienneau.com\/fr\/wp-json\/wp\/v2\/pages\/1399\/revisions\/4348"}],"wp:attachment":[{"href":"https:\/\/govienneau.com\/fr\/wp-json\/wp\/v2\/media?parent=1399"}],"wp:term":[{"taxonomy":"yst_prominent_words","embeddable":true,"href":"https:\/\/govienneau.com\/fr\/wp-json\/wp\/v2\/yst_prominent_words?post=1399"}],"curies":[{"name":"wp","href":"https:\/\/api.w.org\/{rel}","templated":true}]}}