{"id":1402,"date":"2018-02-02T14:41:33","date_gmt":"2018-02-02T18:41:33","guid":{"rendered":"https:\/\/govienneau.com\/lassurance-des-biens-dentreprise\/"},"modified":"2018-02-02T15:09:26","modified_gmt":"2018-02-02T19:09:26","slug":"lassurance-des-biens-dentreprise","status":"publish","type":"page","link":"https:\/\/govienneau.com\/fr\/lassurance-des-biens-dentreprise\/","title":{"rendered":"L&#8217;assurance des Biens d&#8217;Entreprise"},"content":{"rendered":"<p>[vc_row bg_type=&#8221;image&#8221; parallax_style=&#8221;vcpb-default&#8221; bg_image_new=&#8221;id^1265|url^https:\/\/govienneau.com\/wp-content\/uploads\/2018\/02\/commpro-dark-top.jpg|caption^null|alt^null|title^commpro- dark top|description^null&#8221; bg_override=&#8221;full&#8221; enable_overlay=&#8221;enable_overlay_value&#8221; overlay_color=&#8221;#212121&#8243; seperator_enable=&#8221;seperator_enable_value&#8221; seperator_type=&#8221;tilt_left_seperator&#8221; seperator_position=&#8221;bottom_seperator&#8221; seperator_svg_height=&#8221;100&#8243; el_id=&#8221;commproperty&#8221; css=&#8221;.vc_custom_1517494441730{padding-top: 130px !important;padding-bottom: 100px !important;}&#8221;][vc_column css_animation=&#8221;fadeIn&#8221; width=&#8221;1\/3&#8243;]<form class=\"dt-contact-form dt-form\" method=\"post\"><input type=\"hidden\" name=\"widget_id\" value=\"presscore-contact-form-widget--1\" \/><input type=\"hidden\" name=\"send_message\" value=\"\" \/><input type=\"hidden\" name=\"security_token\" value=\"0741202c24bb03a038df\"\/><div class=\"form-fields\"><span class=\"form-name\"><label class=\"assistive-text\">Nom *<\/label><input type=\"text\" class=\"validate[required]\" placeholder=\"Nom *\" name=\"name\" value=\"\" aria-required=\"true\">\n<\/span><span class=\"form-mail\"><label class=\"assistive-text\">E-mail *<\/label><input type=\"text\" class=\"validate[required,custom[email]]\" placeholder=\"E-mail *\" name=\"email\" value=\"\" aria-required=\"true\">\n<\/span><span class=\"form-telephone\"><label class=\"assistive-text\">T\u00e9l\u00e9phone *<\/label><input type=\"text\" class=\"validate[required,custom[phone]]\" placeholder=\"T\u00e9l\u00e9phone *\" name=\"telephone\" value=\"\" aria-required=\"true\">\n<\/span><span class=\"form-city\"><label class=\"assistive-text\">Ville<\/label><input type=\"text\" placeholder=\"Ville\" name=\"city\" value=\"\" aria-required=\"false\">\n<\/span><\/div><span class=\"form-message\"><label class=\"assistive-text\">Message *<\/label><textarea class=\"validate[required]\" placeholder=\"Message *\" name=\"message\" rows=\"6\" aria-required=\"true\"><\/textarea>\n<\/span><p><a href=\"#\" class=\"dt-btn dt-btn-m dt-btn-submit\" rel=\"nofollow\"><span>Soumission de Biens d&#039;Entreprise<\/span><\/a><input class=\"assistive-text\" type=\"submit\" value=\"envoyer\"><\/p><\/form>\n[\/vc_column][vc_column width=&#8221;1\/3&#8243;][\/vc_column][vc_column css_animation=&#8221;none&#8221; width=&#8221;1\/3&#8243;][\/vc_column][\/vc_row][vc_row][vc_column]<div id=\"ultimate-heading-472169d3a58910327\" class=\"uvc-heading ult-adjust-bottom-margin ultimate-heading-472169d3a58910327 uvc-4931  uvc-heading-default-font-sizes\" data-hspacer=\"line_only\"  data-halign=\"left\" style=\"text-align:left\"><div class=\"uvc-main-heading ult-responsive\"  data-ultimate-target='.uvc-heading.ultimate-heading-472169d3a58910327 h2'  data-responsive-json-new='{\"font-size\":\"\",\"line-height\":\"\"}' ><h2 style=\"font-weight:bold;\">L'assurance des Biens d'Entreprise<\/h2><\/div><div class=\"uvc-heading-spacer line_only\" style=\"margin-bottom:40px;height:3px;\"><span class=\"uvc-headings-line\" style=\"border-style:solid;border-bottom-width:3px;border-color:#0075a9;width:200px;\"><\/span><\/div><\/div>[vc_column_text]<\/p>\n<h3><span style=\"color: #003e52;\"><strong>Bien plus qu&#8217;une simple assurance incendie<\/strong><\/span><\/h3>\n<p>Les premi\u00e8res polices d&#8217;assurance des biens d&#8217;entreprise visaient d&#8217;abord \u00e0 assurer contre les pertes caus\u00e9es par un incendie. Et ceci avec raison; un incendie en plein centre d&#8217;une ville au tournant du si\u00e8cle dernier d\u00e9truisait souvent plusieurs quartiers et de nombreux \u00e9difices, s&#8217;annon\u00e7ant aux nouvelles provinciales sinon pas nationales, et faisant en sorte que ce danger \u00e9tait toujours pr\u00e9sent dans l&#8217;esprit des gens.<\/p>\n<p>\u00c9videmment, le feu demeure toujours l&#8217;une des plus grandes causes de pertes de biens d&#8217;entreprise au Nouveau-Brunswick. Toutefois, au cours des si\u00e8cles, nous avons vu de nombreuses avances en construction d&#8217;\u00e9difices, ainsi qu&#8217;une am\u00e9lioration au temps d&#8217;intervention des \u00e9quipes d&#8217;incendies, ce qui signifie que l&#8217;incendie n&#8217;est plus l&#8217;une des principales causes de pertes, et que d&#8217;autres causes prennent de l&#8217;avant. En fait, les meilleurs r\u00e9gimes d&#8217;assurance des biens d&#8217;entreprise de nos jours couvrent \u00e0 peu pr\u00e8s TOUTES les causes de pertes \u00c0 L&#8217;EXCEPTION de quelques causes et certains types de propri\u00e9t\u00e9s indiqu\u00e9s dans la section \u00ab\u00a0exclusion\u00a0\u00bb de la police d&#8217;assurance.<\/p>\n<h3><span style=\"color: #003e52;\"><strong>Une couverture personnalis\u00e9e est essentielle<\/strong><\/span><\/h3>\n<p>Malgr\u00e9 la globalit\u00e9 des couvertures d&#8217;aujourd&#8217;hui, ces polices d&#8217;assurance des biens d&#8217;entreprise modernes peuvent tout de m\u00eame laisser certaines entreprises avec de dangereuses lacunes dans leurs couvertures si le courtier d&#8217;assurance ne comprend pas pleinement la nature de l&#8217;entreprise qu&#8217;il ou elle est en train d&#8217;assurer. Certaines lacunes communes qui devraient \u00eatre adress\u00e9es sont\u00a0:<\/p>\n<ul>\n<li><strong>Assurance Crime\u00a0:<\/strong> Cette couverture vous prot\u00e8ge contre le crime, et ceci comprend le vol commis par vos employ\u00e9s ou vos clients, les cambriolages, et le vandalisme fait \u00e0 votre \u00e9difice commercial ou son contenu.<\/li>\n<li><strong>Assurance contre les D\u00e9g\u00e2ts d&#8217;Eau<\/strong>\u00a0: La plupart des polices d&#8217;assurances \u00e0 \u00ab\u00a0formule \u00e9tendue\u00a0\u00bb comprennent une couverture de base des d\u00e9g\u00e2ts des eaux, o\u00f9 par exemple, la tuyauterie pourrait \u00e9clater soudainement et accidentellement \u00e0 l&#8217;int\u00e9rieur de votre \u00e9difice (lorsque le gel n&#8217;est pas un facteur). Le prochain niveau de couverture des d\u00e9g\u00e2ts des eaux est ce qu&#8217;on appelle la couverture du \u00ab\u00a0refoulement des \u00e9gouts\u00a0\u00bb, ce qui vous prot\u00e8ge dans l&#8217;\u00e9v\u00e9nement o\u00f9 l&#8217;eau montrerait et s&#8217;\u00e9chapperait du syst\u00e8me septique municipal. Et finalement, vous voudriez peut-\u00eatre songer \u00e0 une assurance inondation commerciale.<\/li>\n<li><strong>Assurance des Pertes d&#8217;Exploitation<\/strong>\u00a0: est un type de couverture qui permet que certains co\u00fbts d&#8217;entreprise soient couverts alors que votre compagnie se remet d&#8217;une perte assur\u00e9e. Il existe aussi une assurance \u00ab\u00a0des frais suppl\u00e9mentaires\u00a0\u00bb qui paiera des frais additionnels pour que puissiez maintenir votre entreprise \u00e0 capacit\u00e9 partielle pendant que votre assurance des biens d&#8217;entreprise s&#8217;y met pour vous redonner pleine capacit\u00e9 (ex\u00a0: louer un \u00e9difice ou de l&#8217;\u00e9quipement temporairement).<\/li>\n<li><strong>Assurance Flottante Visant les Biens Commerciaux\u00a0<\/strong>: Pour les entreprises qui retirent de l&#8217;\u00e9quipement commercial ou de la marchandise \u00e0 l&#8217;ext\u00e9rieur de leurs locaux assur\u00e9s pendant une certaine p\u00e9riode de temps, habituellement soit pour les utiliser ou pour les installer sur les locaux des clients.<\/li>\n<li><strong>S&#8217;assurer que la valeur de vos biens d&#8217;entreprise est ad\u00e9quate<\/strong>\u00a0: Il y a toujours un danger que la valeur de vos biens soit d\u00e9pass\u00e9e. Par exemple, dix ans pass\u00e9s, vous faites assurer un espace de bureau un peu d\u00e9mod\u00e9 pour 200 000$, mais depuis ce temps, vous y avez investi environ 100 000$ en r\u00e9novations. Ou encore, votre entreprise a cr\u00fb jusqu&#8217;au point o\u00f9 vous avez maintenant le triple de l&#8217;inventaire que vous aviez auparavant. Un bon maintien de la valeur de vos biens d&#8217;entreprise est un travail d&#8217;\u00e9quipe essentiel entre vous et votre courtier d&#8217;assurance.<\/li>\n<\/ul>\n<p>Il y a plusieurs autres couvertures d&#8217;assurance qui sont con\u00e7ues sp\u00e9cifiquement pour certains types d&#8217;entreprises ou d&#8217;industries. Par exemple, en plus de devoir assurer ses propres biens d&#8217;entreprise et ses mat\u00e9riaux commerciaux, un nettoyeur ou une compagnie de r\u00e9paration d&#8217;appareils m\u00e9nagers doit se procurer une assurance \u00ab\u00a0des clients du d\u00e9positaire\u00a0\u00bb. Cette assurance fait en sorte que les biens du client sont couverts lorsqu&#8217;ils sont chez le commer\u00e7ant, soit en r\u00e9paration ou un autre service. L&#8217;assurance pour entreprise \u00e0 domicile peut aussi \u00eatre un peu complexe puisque vous devez avoir une couverture pour votre entreprise, et une autre pour vos biens personnels.<\/p>\n<p>De plus, l&#8217;assurance pour petites entreprises au Nouveau-Brunswick pr\u00e9sente des d\u00e9fis diff\u00e9rents de ceux auxquels les grandes entreprises font face. Vous avez donc besoin d&#8217;un courtier d&#8217;assurance qui comprend la complexit\u00e9 de ces types de couvertures. Appelez-nous d\u00e8s aujourd&#8217;hui pour une r\u00e9vision de vos besoins d&#8217;assurance des biens d&#8217;entreprise![\/vc_column_text][\/vc_column][\/vc_row][vc_row][vc_column][\/vc_column][\/vc_row]<\/p>\n","protected":false},"excerpt":{"rendered":"<p>[vc_row bg_type=&#8221;image&#8221; parallax_style=&#8221;vcpb-default&#8221; bg_image_new=&#8221;id^1265|url^https:\/\/govienneau.com\/wp-content\/uploads\/2018\/02\/commpro-dark-top.jpg|caption^null|alt^null|title^commpro- dark top|description^null&#8221; bg_override=&#8221;full&#8221; enable_overlay=&#8221;enable_overlay_value&#8221; overlay_color=&#8221;#212121&#8243; seperator_enable=&#8221;seperator_enable_value&#8221; seperator_type=&#8221;tilt_left_seperator&#8221; seperator_position=&#8221;bottom_seperator&#8221; seperator_svg_height=&#8221;100&#8243; el_id=&#8221;commproperty&#8221; css=&#8221;.vc_custom_1517494441730{padding-top: 130px !important;padding-bottom: 100px !important;}&#8221;][vc_column css_animation=&#8221;fadeIn&#8221; width=&#8221;1\/3&#8243;][\/vc_column][vc_column width=&#8221;1\/3&#8243;][\/vc_column][vc_column css_animation=&#8221;none&#8221; width=&#8221;1\/3&#8243;][\/vc_column][\/vc_row][vc_row][vc_column][vc_column_text] Bien plus qu&#8217;une simple assurance incendie Les premi\u00e8res polices d&#8217;assurance des biens d&#8217;entreprise visaient d&#8217;abord \u00e0 assurer contre les pertes caus\u00e9es par un incendie. Et ceci avec raison; un incendie en&hellip;<\/p>\n","protected":false},"author":1,"featured_media":0,"parent":0,"menu_order":0,"comment_status":"closed","ping_status":"closed","template":"","meta":{"_mi_skip_tracking":false},"yst_prominent_words":[],"_links":{"self":[{"href":"https:\/\/govienneau.com\/fr\/wp-json\/wp\/v2\/pages\/1402"}],"collection":[{"href":"https:\/\/govienneau.com\/fr\/wp-json\/wp\/v2\/pages"}],"about":[{"href":"https:\/\/govienneau.com\/fr\/wp-json\/wp\/v2\/types\/page"}],"author":[{"embeddable":true,"href":"https:\/\/govienneau.com\/fr\/wp-json\/wp\/v2\/users\/1"}],"replies":[{"embeddable":true,"href":"https:\/\/govienneau.com\/fr\/wp-json\/wp\/v2\/comments?post=1402"}],"version-history":[{"count":4,"href":"https:\/\/govienneau.com\/fr\/wp-json\/wp\/v2\/pages\/1402\/revisions"}],"predecessor-version":[{"id":1437,"href":"https:\/\/govienneau.com\/fr\/wp-json\/wp\/v2\/pages\/1402\/revisions\/1437"}],"wp:attachment":[{"href":"https:\/\/govienneau.com\/fr\/wp-json\/wp\/v2\/media?parent=1402"}],"wp:term":[{"taxonomy":"yst_prominent_words","embeddable":true,"href":"https:\/\/govienneau.com\/fr\/wp-json\/wp\/v2\/yst_prominent_words?post=1402"}],"curies":[{"name":"wp","href":"https:\/\/api.w.org\/{rel}","templated":true}]}}