{"id":1405,"date":"2018-02-02T14:43:25","date_gmt":"2018-02-02T18:43:25","guid":{"rendered":"https:\/\/govienneau.com\/assurance-des-coproprietaires\/"},"modified":"2018-08-08T14:53:51","modified_gmt":"2018-08-08T18:53:51","slug":"assurance-des-coproprietaires","status":"publish","type":"page","link":"https:\/\/govienneau.com\/fr\/assurance-des-coproprietaires\/","title":{"rendered":"Assurance des Copropri\u00e9taires"},"content":{"rendered":"<p>[vc_row bg_type=&#8221;image&#8221; parallax_style=&#8221;vcpb-default&#8221; bg_image_new=&#8221;id^666|url^http:\/\/govienneau.com\/wp-content\/uploads\/2018\/01\/condo-dark-top-.jpg|caption^null|alt^null|title^condo &#8211; dark top|description^null&#8221; bg_override=&#8221;full&#8221; enable_overlay=&#8221;enable_overlay_value&#8221; overlay_color=&#8221;#212121&#8243; seperator_enable=&#8221;seperator_enable_value&#8221; seperator_type=&#8221;tilt_left_seperator&#8221; seperator_position=&#8221;bottom_seperator&#8221; seperator_svg_height=&#8221;100&#8243; el_id=&#8221;condo&#8221; css=&#8221;.vc_custom_1516490017973{padding-top: 130px !important;padding-bottom: 100px !important;}&#8221;][vc_column][rev_slider_vc alias=&#8221;condo_fr_onlinequote&#8221;][\/vc_column][\/vc_row][vc_row][vc_column]<div id=\"ultimate-heading-879669d38e9b21757\" class=\"uvc-heading ult-adjust-bottom-margin ultimate-heading-879669d38e9b21757 uvc-8399  uvc-heading-default-font-sizes\" data-hspacer=\"line_only\"  data-halign=\"left\" style=\"text-align:left\"><div class=\"uvc-main-heading ult-responsive\"  data-ultimate-target='.uvc-heading.ultimate-heading-879669d38e9b21757 h2'  data-responsive-json-new='{\"font-size\":\"\",\"line-height\":\"\"}' ><h2 style=\"font-weight:bold;\">Assurance des copropri\u00e9taires<\/h2><\/div><div class=\"uvc-heading-spacer line_only\" style=\"margin-bottom:40px;height:3px;\"><span class=\"uvc-headings-line\" style=\"border-style:solid;border-bottom-width:3px;border-color:#0075a9;width:200px;\"><\/span><\/div><\/div>[vc_column_text]La vie de condo est superbe et devient de plus en plus populaire au Nouveau-Brunswick! Il n&#8217;y a que dix ans pass\u00e9s, acheter un condo ne traversait m\u00eame pas l&#8217;esprit de la plupart des gens, alors qu&#8217;aujourd&#8217;hui, les constructeurs ne fournissent plus \u00e0 en construire. Des jeunes professionnels qui veulent consacrer plus de temps \u00e0 lancer leur carri\u00e8re aux baby-boomers qui veulent passer \u00e0 un plus petit logement, la vie de condo est souvent l&#8217;option qui rejoint le meilleur des deux mondes entre la location et l&#8217;achat d&#8217;une propri\u00e9t\u00e9.<\/p>\n<h3><span style=\"color: #003e52;\"><strong>Ce n&#8217;est pas votre police d&#8217;assurance habitation traditionnelle <\/strong><\/span><\/h3>\n<p>Bien que les avantages d&#8217;appartenir un condo permettent de simplifier notre vie, l&#8217;assurance des copropri\u00e9taires au Nouveau-Brunswick quant \u00e0 elle, peut sembler assez complexe \u00e0 l&#8217;\u0153il novice. Comme les condos m\u00eames, leurs polices d&#8217;assurance sont un genre d&#8217;hybride entre une police d&#8217;assurance habitation et d&#8217;assurance locataire. Puisque plusieurs polices prot\u00e8gent un condo, nous entendons souvent des questions comme\u00a0: \u00ab\u00a0Qui est responsable d&#8217;assurer cette partie du condo? \u00bb Heureusement, nous pouvons vous r\u00e9pondre, puisque nous offrons de l&#8217;assurance des copropri\u00e9taires au Nouveau-Brunswick depuis bien avant que ce soit populaire! Nous travaillons avec bon nombre de compagnies d&#8217;assurance qui assurent les condos. Voici certaines consid\u00e9rations uniques qui se rapportent \u00e0 l&#8217;assurance des copropri\u00e9taires\u00a0:<\/p>\n<ul>\n<li><strong>L&#8217;assurance des copropri\u00e9taires couvre les mises \u00e0 niveau que vous apportez \u00e0 votre unit\u00e9.<\/strong><\/li>\n<li><strong>La police d&#8217;assurance responsabilit\u00e9 de la corporation de votre condo ne s&#8217;applique \u00e0 vos invit\u00e9s que jusqu&#8217;\u00e0 ce qu&#8217;ils atteignent le seuil de la porte de votre unit\u00e9. Par apr\u00e8s, c&#8217;est votre propre assurance qui vous prot\u00e8ge des responsabilit\u00e9s.<\/strong><\/li>\n<li><strong>Certains assureurs offrent des avantages sp\u00e9ciaux si votre condo subit des dommages, comme payer votre adh\u00e9sion \u00e0 un gym si vous aviez acc\u00e8s \u00e0 un gym dans votre unit\u00e9 de condos.<\/strong><\/li>\n<\/ul>\n<h3><span style=\"color: #003e52;\"><strong>L&#8217;assurance des copropri\u00e9taires au Nouveau-Brunswick \u2013 c&#8217;est tout simple!<\/strong><\/span><\/h3>\n<p>Votre condo vous prot\u00e8ge, donc il n&#8217;y a aucune raison de ne pas le prot\u00e9ger des dommages. Que vous soyez propri\u00e9taire pour la premi\u00e8re fois et que vous recherchiez votre premi\u00e8re assurance, ou que vous soyez avec le m\u00eame assureur depuis des ann\u00e9es et que vous voulez vous assurer d&#8217;\u00eatre bien prot\u00e9g\u00e9 sans payer trop cher. Il ne faut qu&#8217;un simple appel ou courriel et nous pouvons v\u00e9rifier ce que nous pouvons faire pour vous. Nous serions heureux de vous offrir cette tranquillit\u00e9 d&#8217;esprit.<\/p>\n<p>.[\/vc_column_text][\/vc_column][\/vc_row][vc_row][vc_column][\/vc_column][\/vc_row]<\/p>\n","protected":false},"excerpt":{"rendered":"<p>[vc_row bg_type=&#8221;image&#8221; parallax_style=&#8221;vcpb-default&#8221; bg_image_new=&#8221;id^666|url^http:\/\/govienneau.com\/wp-content\/uploads\/2018\/01\/condo-dark-top-.jpg|caption^null|alt^null|title^condo &#8211; dark top|description^null&#8221; bg_override=&#8221;full&#8221; enable_overlay=&#8221;enable_overlay_value&#8221; overlay_color=&#8221;#212121&#8243; seperator_enable=&#8221;seperator_enable_value&#8221; seperator_type=&#8221;tilt_left_seperator&#8221; seperator_position=&#8221;bottom_seperator&#8221; seperator_svg_height=&#8221;100&#8243; el_id=&#8221;condo&#8221; css=&#8221;.vc_custom_1516490017973{padding-top: 130px !important;padding-bottom: 100px !important;}&#8221;][vc_column][rev_slider_vc alias=&#8221;condo_fr_onlinequote&#8221;][\/vc_column][\/vc_row][vc_row][vc_column][vc_column_text]La vie de condo est superbe et devient de plus en plus populaire au Nouveau-Brunswick! Il n&#8217;y a que dix ans pass\u00e9s, acheter un condo ne traversait m\u00eame pas l&#8217;esprit de la plupart des gens,&hellip;<\/p>\n","protected":false},"author":1,"featured_media":0,"parent":0,"menu_order":0,"comment_status":"closed","ping_status":"closed","template":"template-microsite.php","meta":{"_mi_skip_tracking":false},"yst_prominent_words":[1501,1504,1494,1498,1495,1493,1488,1502,1496,1487,1489,1486,1500,1492,1490,1497,1083,1499,1503,1491],"_links":{"self":[{"href":"https:\/\/govienneau.com\/fr\/wp-json\/wp\/v2\/pages\/1405"}],"collection":[{"href":"https:\/\/govienneau.com\/fr\/wp-json\/wp\/v2\/pages"}],"about":[{"href":"https:\/\/govienneau.com\/fr\/wp-json\/wp\/v2\/types\/page"}],"author":[{"embeddable":true,"href":"https:\/\/govienneau.com\/fr\/wp-json\/wp\/v2\/users\/1"}],"replies":[{"embeddable":true,"href":"https:\/\/govienneau.com\/fr\/wp-json\/wp\/v2\/comments?post=1405"}],"version-history":[{"count":5,"href":"https:\/\/govienneau.com\/fr\/wp-json\/wp\/v2\/pages\/1405\/revisions"}],"predecessor-version":[{"id":2428,"href":"https:\/\/govienneau.com\/fr\/wp-json\/wp\/v2\/pages\/1405\/revisions\/2428"}],"wp:attachment":[{"href":"https:\/\/govienneau.com\/fr\/wp-json\/wp\/v2\/media?parent=1405"}],"wp:term":[{"taxonomy":"yst_prominent_words","embeddable":true,"href":"https:\/\/govienneau.com\/fr\/wp-json\/wp\/v2\/yst_prominent_words?post=1405"}],"curies":[{"name":"wp","href":"https:\/\/api.w.org\/{rel}","templated":true}]}}