{"id":1408,"date":"2018-02-02T14:45:15","date_gmt":"2018-02-02T18:45:15","guid":{"rendered":"https:\/\/govienneau.com\/lassurance-de-lentrepreneur\/"},"modified":"2018-02-02T15:15:30","modified_gmt":"2018-02-02T19:15:30","slug":"lassurance-de-lentrepreneur","status":"publish","type":"page","link":"https:\/\/govienneau.com\/fr\/lassurance-de-lentrepreneur\/","title":{"rendered":"L&#8217;assurance de l&#8217;entrepreneur"},"content":{"rendered":"<p>[vc_row bg_type=&#8221;image&#8221; parallax_style=&#8221;vcpb-default&#8221; bg_image_new=&#8221;id^760|url^http:\/\/govienneau.com\/wp-content\/uploads\/2018\/01\/contractors-dark-top.jpg|caption^null|alt^null|title^contractors &#8211; dark top|description^null&#8221; bg_override=&#8221;full&#8221; enable_overlay=&#8221;enable_overlay_value&#8221; overlay_color=&#8221;#212121&#8243; seperator_enable=&#8221;seperator_enable_value&#8221; seperator_type=&#8221;tilt_left_seperator&#8221; seperator_position=&#8221;bottom_seperator&#8221; seperator_svg_height=&#8221;100&#8243; el_id=&#8221;contractors&#8221; css=&#8221;.vc_custom_1516498963832{padding-top: 130px !important;padding-bottom: 100px !important;}&#8221;][vc_column css_animation=&#8221;none&#8221; width=&#8221;1\/3&#8243;][\/vc_column][vc_column width=&#8221;1\/3&#8243;][\/vc_column][vc_column css_animation=&#8221;fadeIn&#8221; width=&#8221;1\/3&#8243;]<form class=\"dt-contact-form dt-form\" method=\"post\"><input type=\"hidden\" name=\"widget_id\" value=\"presscore-contact-form-widget--1\" \/><input type=\"hidden\" name=\"send_message\" value=\"\" \/><input type=\"hidden\" name=\"security_token\" value=\"0741202c24bb03a038df\"\/><div class=\"form-fields\"><span class=\"form-name\"><label class=\"assistive-text\">Nom *<\/label><input type=\"text\" class=\"validate[required]\" placeholder=\"Nom *\" name=\"name\" value=\"\" aria-required=\"true\">\n<\/span><span class=\"form-mail\"><label class=\"assistive-text\">E-mail *<\/label><input type=\"text\" class=\"validate[required,custom[email]]\" placeholder=\"E-mail *\" name=\"email\" value=\"\" aria-required=\"true\">\n<\/span><span class=\"form-telephone\"><label class=\"assistive-text\">T\u00e9l\u00e9phone *<\/label><input type=\"text\" class=\"validate[required,custom[phone]]\" placeholder=\"T\u00e9l\u00e9phone *\" name=\"telephone\" value=\"\" aria-required=\"true\">\n<\/span><span class=\"form-city\"><label class=\"assistive-text\">Ville<\/label><input type=\"text\" placeholder=\"Ville\" name=\"city\" value=\"\" aria-required=\"false\">\n<\/span><\/div><span class=\"form-message\"><label class=\"assistive-text\">Message *<\/label><textarea class=\"validate[required]\" placeholder=\"Message *\" name=\"message\" rows=\"6\" aria-required=\"true\"><\/textarea>\n<\/span><p><a href=\"#\" class=\"dt-btn dt-btn-m dt-btn-submit\" rel=\"nofollow\"><span>Obtenir une Soumission d&#039;Entrepreneur<\/span><\/a><input class=\"assistive-text\" type=\"submit\" value=\"envoyer\"><\/p><\/form>\n[\/vc_column][\/vc_row][vc_row][vc_column]<div id=\"ultimate-heading-503469d3a6dd96961\" class=\"uvc-heading ult-adjust-bottom-margin ultimate-heading-503469d3a6dd96961 uvc-9402  uvc-heading-default-font-sizes\" data-hspacer=\"line_only\"  data-halign=\"left\" style=\"text-align:left\"><div class=\"uvc-main-heading ult-responsive\"  data-ultimate-target='.uvc-heading.ultimate-heading-503469d3a6dd96961 h2'  data-responsive-json-new='{\"font-size\":\"\",\"line-height\":\"\"}' ><h2 style=\"font-weight:bold;\">L'assurance de l'Entrepreneur<\/h2><\/div><div class=\"uvc-heading-spacer line_only\" style=\"margin-bottom:40px;height:3px;\"><span class=\"uvc-headings-line\" style=\"border-style:solid;border-bottom-width:3px;border-color:#0075a9;width:200px;\"><\/span><\/div><\/div>[vc_column_text]\u00catre un entrepreneur au Nouveau-Brunswick veut souvent dire qu&#8217;on se trouve \u00e0 \u00eatre \u00ab\u00a0un homme \u00e0 tout faire\u00a0\u00bb. Par contre, cela ne veut pas n\u00e9cessairement dire qu&#8217;on doit s&#8217;y conna\u00eetre dans tous les m\u00e9tiers de construction- m\u00eame s&#8217;il en est souvent le cas- mais plut\u00f4t dans le sens que l&#8217;entrepreneur doit souvent porter le col blanc et le col bleu simultan\u00e9ment. Il est question de travailler sur les contrats le jour et de s&#8217;attaquer au livre d&#8217;affaires le soir. Il faut alors se pr\u00e9occuper de fournir des devis sur des projets vari\u00e9s, de pr\u00e9parer des factures et effectuer des recouvrements, et de s&#8217;attaquer aux ventes et au marketing afin de s\u00e9curiser de futurs projets. Avec tout \u00e7a sur votre assiette, vous ne devriez pas avoir \u00e0 vous souciez de votre assurance de l&#8217;entrepreneur au Nouveau-Brunswick.<\/p>\n<h3><span style=\"color: #003e52;\"><strong>Une assurance de l&#8217;entrepreneur personnalis\u00e9e pour les n\u00e9obrunswickois<\/strong><\/span><\/h3>\n<p>Il y a plusieurs excellents produits d&#8217;assurance disponibles aux entrepreneurs des Maritimes, et <em><strong>Assurance Vienneau<\/strong><\/em> a acc\u00e8s \u00e0 plus que la plupart d&#8217;entre eux. Toutefois, la diff\u00e9rence entre le forfait d&#8217;assurance de l&#8217;entrepreneur d&#8217;une telle compagnie d&#8217;assurance peut varier consid\u00e9rablement du forfait qu&#8217;offre une autre compagnie. Et ce qui est parfait pour votre ami au bout de la rue pourrait tr\u00e8s bien ne pas vous convenir du tout. Par exemple, les besoins d&#8217;assurance peuvent varier d\u00e9pendant du m\u00e9tier en question.<\/p>\n<ul>\n<li>Les polices <strong>d&#8217;assurance de l&#8217;entrepreneur g\u00e9n\u00e9ral<\/strong> devraient consid\u00e9rer une assurance globale de chantier qui couvrira les probl\u00e8mes reli\u00e9s \u00e0 la responsabilit\u00e9 civile des sous-traitants pour lesquels vous pourriez \u00eatre tenu responsable.<\/li>\n<li>Les besoins <strong>d&#8217;assurance de l&#8217;\u00e9lectricien<\/strong> pourraient inclure un programme d&#8217;avantages sociaux renforc\u00e9, avec assurance invalidit\u00e9 soit \u00e0 long terme ou \u00e0 court terme.<\/li>\n<li><strong>L&#8217;assurance du plombier<\/strong> pourrait comprendre le besoin d&#8217;une allocation pour la fluctuation saisonni\u00e8re des limites de stocks, puisqu&#8217;ils s&#8217;approvisionnent davantage pour un surplus de projets et de plus gros projets lors de la grosse saison de construction.<\/li>\n<li><strong>L&#8217;assurance de l&#8217;entrepreneur CVAC<\/strong> pourrait n\u00e9cessiter d&#8217;une limite plus haute sur la police flottante d&#8217;installation en raison de la tr\u00e8s grande valeur de l&#8217;\u00e9quipement qui est transport\u00e9 et install\u00e9.<\/li>\n<li><strong>L&#8217;assurance du monteur de syst\u00e8mes d&#8217;extincteurs automatiques <\/strong>pourrait n\u00e9cessiter d&#8217;une plus grande limite de responsabilit\u00e9 civile en raison du montant de dommages que pourrait causer une installation d\u00e9fectueuse \u00e0 la propri\u00e9t\u00e9 d&#8217;un client.<\/li>\n<\/ul>\n<p>Ce n&#8217;est jamais une mauvaise id\u00e9e de r\u00e9viser votre police avec un courtier expert en assurance commerciale qui s&#8217;y conna\u00eet \u00e0 fond sur les d\u00e9tails de l&#8217;assurance au Nouveau-Brunswick. Appelez-nous d\u00e8s aujourd&#8217;hui pour jeter un petit coup d&#8217;\u0153il sur votre r\u00e9gime d&#8217;assurance de l&#8217;entrepreneur.[\/vc_column_text][\/vc_column][\/vc_row][vc_row][vc_column][\/vc_column][\/vc_row]<\/p>\n","protected":false},"excerpt":{"rendered":"<p>[vc_row bg_type=&#8221;image&#8221; parallax_style=&#8221;vcpb-default&#8221; bg_image_new=&#8221;id^760|url^http:\/\/govienneau.com\/wp-content\/uploads\/2018\/01\/contractors-dark-top.jpg|caption^null|alt^null|title^contractors &#8211; dark top|description^null&#8221; bg_override=&#8221;full&#8221; enable_overlay=&#8221;enable_overlay_value&#8221; overlay_color=&#8221;#212121&#8243; seperator_enable=&#8221;seperator_enable_value&#8221; seperator_type=&#8221;tilt_left_seperator&#8221; seperator_position=&#8221;bottom_seperator&#8221; seperator_svg_height=&#8221;100&#8243; el_id=&#8221;contractors&#8221; css=&#8221;.vc_custom_1516498963832{padding-top: 130px !important;padding-bottom: 100px !important;}&#8221;][vc_column css_animation=&#8221;none&#8221; width=&#8221;1\/3&#8243;][\/vc_column][vc_column width=&#8221;1\/3&#8243;][\/vc_column][vc_column css_animation=&#8221;fadeIn&#8221; width=&#8221;1\/3&#8243;][\/vc_column][\/vc_row][vc_row][vc_column][vc_column_text]\u00catre un entrepreneur au Nouveau-Brunswick veut souvent dire qu&#8217;on se trouve \u00e0 \u00eatre \u00ab\u00a0un homme \u00e0 tout faire\u00a0\u00bb. Par contre, cela ne veut pas n\u00e9cessairement dire qu&#8217;on doit s&#8217;y conna\u00eetre dans&hellip;<\/p>\n","protected":false},"author":1,"featured_media":0,"parent":0,"menu_order":0,"comment_status":"closed","ping_status":"closed","template":"","meta":{"_mi_skip_tracking":false},"yst_prominent_words":[],"_links":{"self":[{"href":"https:\/\/govienneau.com\/fr\/wp-json\/wp\/v2\/pages\/1408"}],"collection":[{"href":"https:\/\/govienneau.com\/fr\/wp-json\/wp\/v2\/pages"}],"about":[{"href":"https:\/\/govienneau.com\/fr\/wp-json\/wp\/v2\/types\/page"}],"author":[{"embeddable":true,"href":"https:\/\/govienneau.com\/fr\/wp-json\/wp\/v2\/users\/1"}],"replies":[{"embeddable":true,"href":"https:\/\/govienneau.com\/fr\/wp-json\/wp\/v2\/comments?post=1408"}],"version-history":[{"count":4,"href":"https:\/\/govienneau.com\/fr\/wp-json\/wp\/v2\/pages\/1408\/revisions"}],"predecessor-version":[{"id":1439,"href":"https:\/\/govienneau.com\/fr\/wp-json\/wp\/v2\/pages\/1408\/revisions\/1439"}],"wp:attachment":[{"href":"https:\/\/govienneau.com\/fr\/wp-json\/wp\/v2\/media?parent=1408"}],"wp:term":[{"taxonomy":"yst_prominent_words","embeddable":true,"href":"https:\/\/govienneau.com\/fr\/wp-json\/wp\/v2\/yst_prominent_words?post=1408"}],"curies":[{"name":"wp","href":"https:\/\/api.w.org\/{rel}","templated":true}]}}