{"id":1411,"date":"2018-02-02T14:46:25","date_gmt":"2018-02-02T18:46:25","guid":{"rendered":"https:\/\/govienneau.com\/assurance-chalet\/"},"modified":"2018-02-02T15:42:52","modified_gmt":"2018-02-02T19:42:52","slug":"assurance-chalet","status":"publish","type":"page","link":"https:\/\/govienneau.com\/fr\/assurance-chalet\/","title":{"rendered":"Assurance Chalet"},"content":{"rendered":"<p>[vc_row bg_type=&#8221;image&#8221; parallax_style=&#8221;vcpb-default&#8221; bg_image_new=&#8221;id^1256|url^https:\/\/govienneau.com\/wp-content\/uploads\/2018\/01\/cottage2-dark-top.jpg|caption^null|alt^null|title^cottage2 &#8211; dark top|description^null&#8221; bg_override=&#8221;full&#8221; enable_overlay=&#8221;enable_overlay_value&#8221; overlay_color=&#8221;#212121&#8243; seperator_enable=&#8221;seperator_enable_value&#8221; seperator_type=&#8221;tilt_left_seperator&#8221; seperator_position=&#8221;bottom_seperator&#8221; seperator_svg_height=&#8221;100&#8243; el_id=&#8221;Cottage&#8221; css=&#8221;.vc_custom_1517432177920{padding-top: 130px !important;padding-bottom: 100px !important;}&#8221;][vc_column width=&#8221;1\/3&#8243;][\/vc_column][vc_column width=&#8221;1\/3&#8243;][\/vc_column][vc_column css_animation=&#8221;fadeIn&#8221; width=&#8221;1\/3&#8243;]<form class=\"dt-contact-form dt-form\" method=\"post\"><input type=\"hidden\" name=\"widget_id\" value=\"presscore-contact-form-widget--1\" \/><input type=\"hidden\" name=\"send_message\" value=\"\" \/><input type=\"hidden\" name=\"security_token\" value=\"0741202c24bb03a038df\"\/><div class=\"form-fields\"><span class=\"form-name\"><label class=\"assistive-text\">Nom *<\/label><input type=\"text\" class=\"validate[required]\" placeholder=\"Nom *\" name=\"name\" value=\"\" aria-required=\"true\">\n<\/span><span class=\"form-mail\"><label class=\"assistive-text\">E-mail *<\/label><input type=\"text\" class=\"validate[required,custom[email]]\" placeholder=\"E-mail *\" name=\"email\" value=\"\" aria-required=\"true\">\n<\/span><span class=\"form-telephone\"><label class=\"assistive-text\">T\u00e9l\u00e9phone *<\/label><input type=\"text\" class=\"validate[required,custom[phone]]\" placeholder=\"T\u00e9l\u00e9phone *\" name=\"telephone\" value=\"\" aria-required=\"true\">\n<\/span><span class=\"form-city\"><label class=\"assistive-text\">Ville<\/label><input type=\"text\" placeholder=\"Ville\" name=\"city\" value=\"\" aria-required=\"false\">\n<\/span><\/div><span class=\"form-message\"><label class=\"assistive-text\">Message *<\/label><textarea class=\"validate[required]\" placeholder=\"Message *\" name=\"message\" rows=\"6\" aria-required=\"true\"><\/textarea>\n<\/span><p><a href=\"#\" class=\"dt-btn dt-btn-m dt-btn-submit\" rel=\"nofollow\"><span>Obtenir une Soumission de Chalet<\/span><\/a><input class=\"assistive-text\" type=\"submit\" value=\"envoyer\"><\/p><\/form>\n[\/vc_column][\/vc_row][vc_row][vc_column]<div id=\"ultimate-heading-193769d43a3f31c3a\" class=\"uvc-heading ult-adjust-bottom-margin ultimate-heading-193769d43a3f31c3a uvc-9935  uvc-heading-default-font-sizes\" data-hspacer=\"line_only\"  data-halign=\"left\" style=\"text-align:left\"><div class=\"uvc-main-heading ult-responsive\"  data-ultimate-target='.uvc-heading.ultimate-heading-193769d43a3f31c3a h2'  data-responsive-json-new='{\"font-size\":\"\",\"line-height\":\"\"}' ><h2 style=\"font-weight:bold;\">Assurance Chalet<\/h2><\/div><div class=\"uvc-heading-spacer line_only\" style=\"margin-bottom:40px;height:3px;\"><span class=\"uvc-headings-line\" style=\"border-style:solid;border-bottom-width:3px;border-color:#0075a9;width:200px;\"><\/span><\/div><\/div>[vc_column_text]Si vous \u00eates \u00e0 la recherche d&#8217;un chalet au Nouveau-Brunswick, plein de belles options s&#8217;offrent \u00e0 vous dans ce coin du pays. Une deuxi\u00e8me r\u00e9sidence est l&#8217;endroit id\u00e9al o\u00f9 vous pouvez vous r\u00e9fugier de la routine quotidienne, des horaires trop charg\u00e9s et des gens press\u00e9s. Cependant, il est tr\u00e8s important pour les gens de Shediac d&#8217;avoir le bon type d&#8217;assurance chalet. Autrement, votre superbe r\u00e9sidence de r\u00eave pourrait devenir un vrai cauchemar financier. Voil\u00e0 qui est presque arriv\u00e9 \u00e0 Donna et Lester dans cet exemple.<\/p>\n<p>Lester et Donna ont travaill\u00e9 fort pendant de nombreuses ann\u00e9es, mais ne r\u00e9ussissaient jamais \u00e0 \u00e9conomiser suffisamment d&#8217;argent pour s&#8217;acheter un beau petit chalet dans les bois. Cependant, un jour, Donna a re\u00e7u un h\u00e9ritage d&#8217;un membre de sa famille. Elle ne s&#8217;y attendait pas, mais le couple a tout de suite su quoi faire avec l&#8217;argent.<\/p>\n<p>Donna et Lester ont trouv\u00e9 un joli petit chalet \u00e0 seulement environ 65 kilom\u00e8tres de la maison. Il y avait beaucoup de r\u00e9parations \u00e0 faire, mais puisqu&#8217;ils pr\u00e9voient prendre leur retraite dans 10 ans, ils ont suffisamment de temps pour r\u00e9nover le chalet pour y d\u00e9m\u00e9nager \u00e0 leur retraite. Entre-temps, ils peuvent s&#8217;y rendre la fin de semaine.<\/p>\n<p>Ils ont \u00e9t\u00e9 en mesure de payer le chalet en argent comptant et ne voulaient pas se procurer d&#8217;assurance chalet avant qu&#8217;il soit r\u00e9nov\u00e9. Lester a t\u00e9l\u00e9phon\u00e9 son courtier d&#8217;assurance concernant une police rudimentaire. Cependant, le courtier avait de l&#8217;exp\u00e9rience avec ce type d&#8217;assurance et a recommand\u00e9 \u00e0 Lester des options comme l&#8217;assurance contre le vandalisme et une l&#8217;assurance en valeur \u00e0 neuf pour prot\u00e9ger l&#8217;investissement que le couple avait d\u00e9j\u00e0 fait dans la propri\u00e9t\u00e9. Lester et Donna y ont pens\u00e9 un certain temps, puis ont d\u00e9cid\u00e9 d&#8217;opter pour ces options.<\/p>\n<p>Quatre mois plus tard, Donna et Lester se sont rendus au chalet pour faire quelques r\u00e9parations et ont obtenu tout un choc. Quelqu&#8217;un avait entr\u00e9 par effraction dans le chalet et avait caus\u00e9 \u00e9norm\u00e9ment de dommages. Si Donna et Lester n&#8217;avaient choisi qu&#8217;une protection rudimentaire pour leur chalet, ils n&#8217;auraient plus de chalet aujourd&#8217;hui.<\/p>\n<h3><span style=\"color: #003e52;\"><strong>Qu&#8217;est-ce que l&#8217;assurance chalet?<\/strong><\/span><\/h3>\n<p>Assurer un chalet n&#8217;est pas comme assurer votre r\u00e9sidence principale, puisque vous n&#8217;y passez pas autant de temps. Vous avez besoin d&#8217;une assurance con\u00e7ue sp\u00e9cifiquement pour des gens dans votre situation et c&#8217;est l&#8217;intention de ce genre de protection. On peut y penser comme une \u00ab\u00a0assurance habitation sp\u00e9ciale\u00a0\u00bb.<\/p>\n<h3><span style=\"color: #003e52;\"><strong>Qui devrait se procurer une assurance chalet?<\/strong><\/span><\/h3>\n<p>N&#8217;importe qui appartient une r\u00e9sidence secondaire devrait se procurer une assurance. Cela ne concerne pas seulement les cabanes en bois rond ou les petits chalets. En fait, toute r\u00e9sidence secondaire que vous visiterez \u00e0 l&#8217;occasion devrait avoir une police d&#8217;assurance saisonni\u00e8re. Cela comprend\u00a0:<\/p>\n<ul>\n<li><strong>Chalets et cabanes de vacances<\/strong><\/li>\n<li><strong>Maisons r\u00e9sidentielles <\/strong><\/li>\n<li><strong>Condos<\/strong><\/li>\n<li><strong>Unit\u00e9s de location (comme des appartements) &#8211; vous n&#8217;aurez pas besoin d&#8217;une police d&#8217;assurance habitation traditionnelle, mais vous devrez assurer le contenu de votre habitation et avoir une assurance responsabilit\u00e9 au cas o\u00f9 quelqu&#8217;un se blesserait chez vous. <\/strong><\/li>\n<\/ul>\n<h3><span style=\"color: #003e52;\"><strong>En quoi consiste une assurance habitation traditionnelle pour r\u00e9sidence saisonni\u00e8re?<\/strong><\/span><\/h3>\n<p>La protection de votre cabane de vacances devrait comprendre les m\u00eames choses que votre assurance habitation pour votre r\u00e9sidence principale. N&#8217;oubliez pas que les primes d&#8217;assurance d\u00e9pendent de l&#8217;emplacement de la r\u00e9sidence et de si elle est votre r\u00e9sidence principale ou non. Voici les options de protection de base \u00e0 consid\u00e9rer:<\/p>\n<ul>\n<li><strong>Assurance responsabilit\u00e9<\/strong> &#8211; comprend une protection contre les blessures et les morsures de chien pour les visiteurs<\/li>\n<li><strong>Assurance dommages<\/strong> &#8211; vous prot\u00e8ge des probl\u00e8mes caus\u00e9s par la m\u00e9t\u00e9orologie<\/li>\n<li>Vols et cambriolages<\/li>\n<li>Vandalisme, comme des fen\u00eatres cass\u00e9es<\/li>\n<\/ul>\n<h3><span style=\"color: #003e52;\"><strong>Options pour votre police d&#8217;assurance chalet <\/strong><\/span><\/h3>\n<p>Votre courtier d&#8217;assurance peut vous dire si vous \u00eates admissible \u00e0 une police d&#8217;assurance habitation pour r\u00e9sidence saisonni\u00e8re, ce qui pourrait vous faire \u00e9conomiser en primes d&#8217;assurance. Vous pourriez \u00e9galement penser aux options suivantes\u00a0:<\/p>\n<ul>\n<li><strong>Constructions accol\u00e9es<\/strong> &#8211; avez-vous un atelier, un cabanon, un gazebo, un quai ou une autre structure sur votre terrain? Si oui, la structure devrait \u00eatre assur\u00e9e.<\/li>\n<li><strong>Options r\u00e9cr\u00e9atives<\/strong> &#8211; piscines, terrains de tennis, cl\u00f4tures ou am\u00e9nagement paysager dispendieux<\/li>\n<li><strong>Assurance responsabilit\u00e9 suppl\u00e9mentaire<\/strong> &#8211; il vous faut peut-\u00eatre une limite plus \u00e9lev\u00e9e d&#8217;assurance responsabilit\u00e9 si vous avez des options comme une piscine ou un trampoline.<\/li>\n<li><strong>Assurance en valeur \u00e0 neuf<\/strong> &#8211; c&#8217;est une option importante \u00e0 consid\u00e9rer. Avec une police d&#8217;assurance traditionnelle, il se peut que votre compagnie d&#8217;assurance ne paye que la valeur marchande de votre chalet s&#8217;il est d\u00e9truit. Cependant, le co\u00fbt de reconstruction pourrait \u00eatre beaucoup plus \u00e9lev\u00e9 que la valeur actuelle, en raison de l&#8217;inflation.<\/li>\n<li>Protection contre le refoulement des \u00e9gouts<\/li>\n<\/ul>\n<h3><span style=\"color: #003e52;\"><strong>Trouver l&#8217;assurance chalet parfaite \u00e0 Shediac<\/strong><\/span><\/h3>\n<p>Lorsque vous magasinez une assurance pour votre chalet, il se peut que vous deviez vous informer aupr\u00e8s de plusieurs compagnies d&#8217;assurance et explorer plusieurs options diff\u00e9rentes. De plus, lorsque viendra le temps de lire les conditions de la police d&#8217;assurance, il se peut que vous voyiez beaucoup de termes avec lesquels vous n&#8217;\u00eates pas familiers. Voil\u00e0 une des nombreuses raisons pour lesquelles il est avantageux de choisir un professionnel en assurances avec de l&#8217;exp\u00e9rience comme chez Assurance Vienneau.<\/p>\n<h3><span style=\"color: #003e52;\"><strong>Pourquoi choisir un courtier en assurance?<\/strong><\/span><\/h3>\n<p>Plusieurs personnes pr\u00e9sument naturellement qu&#8217;il faut choisir un courtier en assurance qui ne travaille que pour une compagnie et qu&#8217;il n&#8217;existe simplement pas d&#8217;autres options. Ce n&#8217;est pas le cas, puisque votre courtier en assurance ind\u00e9pendant peut vous offrir les m\u00eames options (et m\u00eame plus) qu&#8217;un agent qui travaille pour une seule compagnie d&#8217;assurance. Pensez \u00e0 Assurance Vienneau comme un courtier d&#8217;une multi-soci\u00e9t\u00e9, puisqu&#8217;un courtier en assurance travaille avec plusieurs excellents assureurs afin de vous offrir la meilleure protection (au meilleur prix) et toutes les options n\u00e9cessaires pour votre chalet ou cabane.<\/p>\n<p>Chez Assurance Vienneau, nous vivons et nous travaillons dans la r\u00e9gion des chalets, donc nous savons ce qu&#8217;il vous faut et nous voulons vous aider \u00e0 personnaliser la protection id\u00e9ale pour vous et votre famille.<\/p>\n<p>Ne prenez pas de risques inutiles avec votre superbe chalet ou r\u00e9sidence. Visitez Assurance Vienneau aujourd&#8217;hui pour obtenir une soumission d&#8217;assurance habitation pour r\u00e9sidence saisonni\u00e8re (assurance chalet) sans obligations.[\/vc_column_text][\/vc_column][\/vc_row][vc_row][vc_column][\/vc_column][\/vc_row]<\/p>\n","protected":false},"excerpt":{"rendered":"<p>[vc_row bg_type=&#8221;image&#8221; parallax_style=&#8221;vcpb-default&#8221; bg_image_new=&#8221;id^1256|url^https:\/\/govienneau.com\/wp-content\/uploads\/2018\/01\/cottage2-dark-top.jpg|caption^null|alt^null|title^cottage2 &#8211; dark top|description^null&#8221; bg_override=&#8221;full&#8221; enable_overlay=&#8221;enable_overlay_value&#8221; overlay_color=&#8221;#212121&#8243; seperator_enable=&#8221;seperator_enable_value&#8221; seperator_type=&#8221;tilt_left_seperator&#8221; seperator_position=&#8221;bottom_seperator&#8221; seperator_svg_height=&#8221;100&#8243; el_id=&#8221;Cottage&#8221; css=&#8221;.vc_custom_1517432177920{padding-top: 130px !important;padding-bottom: 100px !important;}&#8221;][vc_column width=&#8221;1\/3&#8243;][\/vc_column][vc_column width=&#8221;1\/3&#8243;][\/vc_column][vc_column css_animation=&#8221;fadeIn&#8221; width=&#8221;1\/3&#8243;][\/vc_column][\/vc_row][vc_row][vc_column][vc_column_text]Si vous \u00eates \u00e0 la recherche d&#8217;un chalet au Nouveau-Brunswick, plein de belles options s&#8217;offrent \u00e0 vous dans ce coin du pays. Une deuxi\u00e8me r\u00e9sidence est l&#8217;endroit id\u00e9al o\u00f9 vous pouvez vous&hellip;<\/p>\n","protected":false},"author":1,"featured_media":0,"parent":0,"menu_order":0,"comment_status":"closed","ping_status":"closed","template":"","meta":{"_mi_skip_tracking":false},"yst_prominent_words":[],"_links":{"self":[{"href":"https:\/\/govienneau.com\/fr\/wp-json\/wp\/v2\/pages\/1411"}],"collection":[{"href":"https:\/\/govienneau.com\/fr\/wp-json\/wp\/v2\/pages"}],"about":[{"href":"https:\/\/govienneau.com\/fr\/wp-json\/wp\/v2\/types\/page"}],"author":[{"embeddable":true,"href":"https:\/\/govienneau.com\/fr\/wp-json\/wp\/v2\/users\/1"}],"replies":[{"embeddable":true,"href":"https:\/\/govienneau.com\/fr\/wp-json\/wp\/v2\/comments?post=1411"}],"version-history":[{"count":4,"href":"https:\/\/govienneau.com\/fr\/wp-json\/wp\/v2\/pages\/1411\/revisions"}],"predecessor-version":[{"id":1451,"href":"https:\/\/govienneau.com\/fr\/wp-json\/wp\/v2\/pages\/1411\/revisions\/1451"}],"wp:attachment":[{"href":"https:\/\/govienneau.com\/fr\/wp-json\/wp\/v2\/media?parent=1411"}],"wp:term":[{"taxonomy":"yst_prominent_words","embeddable":true,"href":"https:\/\/govienneau.com\/fr\/wp-json\/wp\/v2\/yst_prominent_words?post=1411"}],"curies":[{"name":"wp","href":"https:\/\/api.w.org\/{rel}","templated":true}]}}