{"id":1414,"date":"2018-02-02T14:47:55","date_gmt":"2018-02-02T18:47:55","guid":{"rendered":"https:\/\/govienneau.com\/cyber-assurance\/"},"modified":"2018-02-02T15:31:43","modified_gmt":"2018-02-02T19:31:43","slug":"cyber-assurance","status":"publish","type":"page","link":"https:\/\/govienneau.com\/fr\/cyber-assurance\/","title":{"rendered":"Cyber-Assurance"},"content":{"rendered":"<p>[vc_row bg_type=&#8221;image&#8221; parallax_style=&#8221;vcpb-default&#8221; bg_image_new=&#8221;id^1227|url^https:\/\/govienneau.com\/wp-content\/uploads\/2018\/01\/Cyber-dark-top3.jpg|caption^null|alt^null|title^Cyber &#8211; dark top3|description^null&#8221; bg_override=&#8221;full&#8221; enable_overlay=&#8221;enable_overlay_value&#8221; overlay_color=&#8221;#212121&#8243; seperator_enable=&#8221;seperator_enable_value&#8221; seperator_type=&#8221;tilt_left_seperator&#8221; seperator_position=&#8221;bottom_seperator&#8221; seperator_svg_height=&#8221;100&#8243; el_id=&#8221;cyber&#8221; css=&#8221;.vc_custom_1517425336279{padding-top: 130px !important;padding-bottom: 100px !important;}&#8221;][vc_column css_animation=&#8221;fadeIn&#8221; width=&#8221;1\/3&#8243;]<form class=\"dt-contact-form dt-form\" method=\"post\"><input type=\"hidden\" name=\"widget_id\" value=\"presscore-contact-form-widget--1\" \/><input type=\"hidden\" name=\"send_message\" value=\"\" \/><input type=\"hidden\" name=\"security_token\" value=\"0741202c24bb03a038df\"\/><div class=\"form-fields\"><span class=\"form-name\"><label class=\"assistive-text\">Nom *<\/label><input type=\"text\" class=\"validate[required]\" placeholder=\"Nom *\" name=\"name\" value=\"\" aria-required=\"true\">\n<\/span><span class=\"form-mail\"><label class=\"assistive-text\">E-mail *<\/label><input type=\"text\" class=\"validate[required,custom[email]]\" placeholder=\"E-mail *\" name=\"email\" value=\"\" aria-required=\"true\">\n<\/span><span class=\"form-telephone\"><label class=\"assistive-text\">T\u00e9l\u00e9phone *<\/label><input type=\"text\" class=\"validate[required,custom[phone]]\" placeholder=\"T\u00e9l\u00e9phone *\" name=\"telephone\" value=\"\" aria-required=\"true\">\n<\/span><span class=\"form-city\"><label class=\"assistive-text\">Ville<\/label><input type=\"text\" placeholder=\"Ville\" name=\"city\" value=\"\" aria-required=\"false\">\n<\/span><\/div><span class=\"form-message\"><label class=\"assistive-text\">Message *<\/label><textarea class=\"validate[required]\" placeholder=\"Message *\" name=\"message\" rows=\"6\" aria-required=\"true\"><\/textarea>\n<\/span><p><a href=\"#\" class=\"dt-btn dt-btn-m dt-btn-submit\" rel=\"nofollow\"><span>Obtenir une Soumission de Cyber<\/span><\/a><input class=\"assistive-text\" type=\"submit\" value=\"envoyer\"><\/p><\/form>\n[\/vc_column][vc_column width=&#8221;1\/3&#8243;][\/vc_column][vc_column css_animation=&#8221;none&#8221; width=&#8221;1\/3&#8243;][\/vc_column][\/vc_row][vc_row][vc_column]<div id=\"ultimate-heading-556669d41f07a9ff2\" class=\"uvc-heading ult-adjust-bottom-margin ultimate-heading-556669d41f07a9ff2 uvc-4983  uvc-heading-default-font-sizes\" data-hspacer=\"line_only\"  data-halign=\"left\" style=\"text-align:left\"><div class=\"uvc-main-heading ult-responsive\"  data-ultimate-target='.uvc-heading.ultimate-heading-556669d41f07a9ff2 h2'  data-responsive-json-new='{\"font-size\":\"\",\"line-height\":\"\"}' ><h2 style=\"font-weight:bold;\">La cyber-assurance pour les entreprises du Nouveau-Brunswick<\/h2><\/div><div class=\"uvc-heading-spacer line_only\" style=\"margin-bottom:40px;height:3px;\"><span class=\"uvc-headings-line\" style=\"border-style:solid;border-bottom-width:3px;border-color:#0075a9;width:200px;\"><\/span><\/div><\/div>[vc_column_text]<\/p>\n<p class=\"p2\"><span class=\"s1\">Pas tellement longtemps pass\u00e9, les entreprises au Nouveau-Brunswick pensaient tr\u00e8s peu \u00e0 l\u2019internet puisque le vol d\u2019identit\u00e9 \u00e9tait presque non-existant. M\u00eame si la technologie moderne nous a fourni plusieurs avantages, elle nous a aussi l\u00e9gu\u00e9 plusieurs r\u00e9percussions un peu plus n\u00e9fastes. Par exemple, si vous d\u00e9veloppez votre entreprise pour accepter le commerce \u00e9lectronique, vous pouvez avoir des clients partout au Canada et partout dans le monde. Il s\u2019agit d\u2019une excellente fa\u00e7on d\u2019augmenter vos profits et l\u2019internet est maintenant l\u2019un des meilleurs endroits pour faire de la publicit\u00e9. Toutefois, l\u2019information est maintenant devenue le nouvel or du 21<\/span><span class=\"s2\"><sup>e<\/sup><\/span><span class=\"s1\"> si\u00e8cle et ceci attire un nouveau type de voleur, le cybercriminel, et sans cyber-assurance, vous pourriez facilement faire face \u00e0 un v\u00e9ritable cauchemar financier. Les cyber-voleurs s\u2019appr\u00eatent \u00e0 pirater vos bases de donn\u00e9es, et ce qui suit est un exemple qui d\u00e9montre pourquoi il est si important de se procurer la bonne assurance. <\/span><\/p>\n<p class=\"p2\"><span class=\"s1\">J\u00e9r\u00f4me avait travaill\u00e9 dans le domaine des r\u00e9parations automobiles pendant plusieurs ann\u00e9es, et lorsqu\u2019il avait d\u00e9but\u00e9 sa carri\u00e8re dans les ann\u00e9es 80s, l\u2019internet n\u2019existait pas et l\u2019inventaire et les dossiers des clients \u00e9taient class\u00e9s sur papier. Ils n\u2019avaient pas besoin de se pr\u00e9occuper d\u2019ordinateurs, de t\u00e9l\u00e9phones cellulaires ou d\u2019assurance cyber-responsabilit\u00e9, et cette fa\u00e7on de g\u00e9rer une entreprise fonctionnait bien et \u00e9tait tr\u00e8s efficace. Maintenant propri\u00e9taire d\u2019un garage, J\u00e9r\u00f4me savait qu\u2019il \u00e9tait grand temps de se lancer dans le 21<\/span><span class=\"s2\"><sup>e<\/sup><\/span><span class=\"s1\"> si\u00e8cle et d\u00e9cida de d\u00e9velopper son entreprise davantage. <\/span><\/p>\n<p class=\"p2\"><span class=\"s1\">J\u00e9r\u00f4me accueillit son fils Sam dans l\u2019entreprise et le laissa s\u2019occuper du syst\u00e8me d\u2019ordinateur et de l\u2019entr\u00e9e des donn\u00e9es. En fait, Sam \u00e9tait dou\u00e9 en conception de sites web et en peu de temps ils avaient un site web bien con\u00e7u et professionnel, et les affaires allaient bien. Cependant, un jour, Sam fut incapable d\u2019acc\u00e9der \u00e0 l\u2019ordinateur et son mot de passe ne fonctionnait pas du tout. Quelqu\u2019un \u00e9tait all\u00e9 en ligne et avait pirat\u00e9 le syst\u00e8me, s\u2019emparant de l\u2019information bancaire et de l\u2019information de cartes de cr\u00e9dit de centaines de clients. <\/span><\/p>\n<p class=\"p2\"><span class=\"s1\">Sam \u00e9tait tr\u00e8s connaissant en ordinateurs et quelques semaines pr\u00e9c\u00e9dant l\u2019incident, il avait convaincu son p\u00e8re \u00e0 se procurer une cyber-assurance. Ceci \u00e9tait une excellente co\u00efncidence, puisque les dommages qu\u2019avait caus\u00e9s ce pirate informatique s\u2019\u00e9taient accumul\u00e9s dans les centaines de milliers de dollars. Si \u00e7a n\u2019avait pas \u00e9t\u00e9 de l\u2019assurance que J\u00e9r\u00f4me s\u2019\u00e9tait procur\u00e9e, la compagnie n\u2019aurait jamais pu couvrir toutes les d\u00e9penses et les frais juridiques.<\/span><\/p>\n<h3 class=\"p4\"><span class=\"s1\" style=\"color: #003e52;\"><b>La d\u00e9finition de cyber-assurance<\/b><\/span><\/h3>\n<p class=\"p2\"><span class=\"s1\">Si vous utilisez un ordinateur dans votre entreprise (et de nos jours, qui n\u2019en utilise pas?) vous faites face \u00e0 un nombre de risques \u00e0 chaque fois que vous acc\u00e9dez \u00e0 l\u2019internet. Vous pensez peut-\u00eatre qu\u2019une protection antivirus ou firewall est assez suffisante, mais vous pourriez avoir tort. Tout comme l\u2019assurance des biens d\u2019entreprise prot\u00e8ge votre propri\u00e9t\u00e9, la couverture cyber est con\u00e7ue pour prot\u00e9ger votre information sensible des voleurs. M\u00eame si cette assurance ne peut pas emp\u00eacher votre s\u00e9curit\u00e9 d\u2019\u00eatre compromise, \u00e7a vaut la peine de pouvoir remettre votre compagnie sur pieds si cela se produisait. <\/span><\/p>\n<h3 class=\"p4\"><span class=\"s1\" style=\"color: #003e52;\"><b>Qui devrait se procurer une cyber-assurance? <\/b><\/span><\/h3>\n<p class=\"p2\"><span class=\"s1\">Si vos ordinateurs doivent acc\u00e9der au World Wide Web, vous \u00eates vuln\u00e9rable face \u00e0 une br\u00e8che de s\u00e9curit\u00e9 \u00e0 tout moment. De plus, le site web de votre entreprise pourrait \u00eatre pirat\u00e9 et quelqu\u2019un pourrait acc\u00e9der \u00e0 l\u2019information personnelle de vos clients. M\u00eame que les donn\u00e9es sont souvent class\u00e9es en formats faciles \u00e0 transporter, soit sur les ordinateurs portables de vos employ\u00e9s ou encore sur des cl\u00e9s USB, et ces choses peuvent facilement se perdre ou \u00eatre vol\u00e9es. Les services de soins de la sant\u00e9 sont particuli\u00e8rement vuln\u00e9rables parce qu\u2019ils doivent prot\u00e9ger l\u2019information m\u00e9dicale et financi\u00e8re des patients. <\/span><\/p>\n<h3 class=\"p4\"><span class=\"s1\" style=\"color: #003e52;\"><b>Existe-t-il des polices de cyber-assurance de base? <\/b><\/span><\/h3>\n<p class=\"p2\"><span class=\"s1\">Si vous vous procurez une police de cyber-assurance elle devrait couvrir les services de gestion de br\u00e8ches de s\u00e9curit\u00e9, tels\u00a0: <\/span><\/p>\n<ul class=\"ul1\">\n<li class=\"li2\"><span class=\"s1\">La gestion des crises<\/span><\/li>\n<li class=\"li2\"><span class=\"s1\">Les frais juridiques et co\u00fbts des tribunaux<\/span><\/li>\n<li class=\"li2\"><span class=\"s1\">Les services de compensation<\/span><\/li>\n<li class=\"li2\"><span class=\"s1\">Les services d\u2019enqu\u00eates criminelles <\/span><\/li>\n<li class=\"li2\"><span class=\"s1\">Les frais de v\u00e9rifications de solvabilit\u00e9 <\/span><\/li>\n<li class=\"li2\"><span class=\"s1\">Les services de surveillance contre la fraude li\u00e9e au cr\u00e9dit pour les clients affect\u00e9s <\/span><\/li>\n<li class=\"li2\"><span class=\"s1\">Informer tous ceux qui ont \u00e9t\u00e9 affect\u00e9s par votre br\u00e8che de s\u00e9curit\u00e9<\/span><\/li>\n<\/ul>\n<p class=\"p4\"><span class=\"s1\"><b>Votre police couvre peut-\u00eatre aussi\u00a0: <\/b><\/span><\/p>\n<ul class=\"ul1\">\n<li class=\"li2\"><span class=\"s1\">Responsabilit\u00e9 des m\u00e9dias ou des tiers- Si votre br\u00e8che des donn\u00e9es a r\u00e9sult\u00e9 en dommages \u00e0 d\u2019autres services de web ou sites web (h\u00e9bergeur internet partag\u00e9)<\/span><\/li>\n<li class=\"li2\"><span class=\"s1\">R\u00e9tablir la s\u00e9curit\u00e9<\/span><\/li>\n<li class=\"li2\"><span class=\"s1\">Les dommages faits \u00e0 votre mat\u00e9riel informatique, \u00e0 vos logiciels, et \u00e0 vos syst\u00e8mes de communication <\/span><\/li>\n<\/ul>\n<h3 class=\"p4\"><span class=\"s1\" style=\"color: #003e52;\"><b>Les options disponibles pour votre cyber-assurance au Nouveau-Brunswick<\/b><\/span><\/h3>\n<p class=\"p2\"><span class=\"s1\">Votre courtier d\u2019assurance vous montrera des options de couverture \u00e0 consid\u00e9rer. Par exemple\u00a0: <\/span><\/p>\n<ul class=\"ul1\">\n<li class=\"li2\"><span class=\"s1\">Une assurance extorsion \u2013 couvre les incidents o\u00f9 les pirates informatiques enfreignent la s\u00e9curit\u00e9 et tentent d\u2019extorquer de l\u2019argent afin de la restaurer<\/span><\/li>\n<li class=\"li2\"><span class=\"s1\">Les vols commis par les employ\u00e9s \u2013 votre br\u00e8che des donn\u00e9es pourrait \u00eatre le r\u00e9sultat de vos propres employ\u00e9s <span class=\"Apple-converted-space\">\u00a0 \u00a0<\/span><\/span><\/li>\n<li class=\"li2\"><span class=\"s1\">L\u2019interruption du travail \u2013 cela paie pour le temps d\u2019arr\u00eat que votre entreprise pourrait survenir dans l\u2019\u00e9v\u00e9nement o\u00f9 votre s\u00e9curit\u00e9 serait viol\u00e9e et paie aussi pour les d\u00e9penses non pr\u00e9vues <\/span><\/li>\n<li class=\"li2\"><span class=\"s1\">Une assurance de la responsabilit\u00e9 civile professionnelle \u2013 dans certains cas, les br\u00e8ches de s\u00e9curit\u00e9 peuvent aussi affecter d\u2019autres entreprises avoisinantes et cette couverture s\u2019occupera des choses qui ne sont pas incluses dans votre assurance responsabilit\u00e9 des tiers\u00a0<\/span><\/li>\n<\/ul>\n<h3 class=\"p4\"><span class=\"s1\" style=\"color: #003e52;\"><b>Obtenir la meilleure assurance cyber-responsabilit\u00e9 disponible<\/b><\/span><\/h3>\n<p class=\"p2\"><span class=\"s1\">De nos jours, les pertes r\u00e9sultant de la cybercriminalit\u00e9 sont devenues l\u2019un des probl\u00e8mes commerciaux les plus croissants au Canada et dans le monde. Ces crimes peuvent \u00eatre aussi d\u00e9vastateurs aux petites entreprises qu\u2019aux grandes corporations, et peuvent s\u00e9rieusement d\u00e9truire la r\u00e9putation d\u2019une entreprise. Ce type de couverture n\u2019est plus une option pour la compagnie qui souhaite prot\u00e9ger tous ses int\u00e9r\u00eats financiers, et plusieurs entreprises consid\u00e8rent maintenant la couverture cyber comme faisant partie d\u2019un forfait d\u2019assurance commerciale. <\/span><\/p>\n<p class=\"p2\"><span class=\"s1\">Lorsque vous venez chez Assurance Vienneau, votre travail est termin\u00e9, et le n\u00f4tre ne fait que d\u00e9buter. En tant que courtage d\u2019assurance ind\u00e9pendant, nous nous occupons de tous les soucis qui accompagnent le magasinage pour de l\u2019assurance et la t\u00e2che de trouver les meilleures compagnies. Nous ne sommes pas une compagnie d\u2019assurance, mais nous avons un partenariat avec les plus grandes compagnies d\u2019assurances au Canada et nous sommes en mesure de vous trouver les meilleures aubaines sur votre assurance commerciale.<\/span><\/p>\n<p class=\"p2\"><span class=\"s1\">Il y a tellement de choses qui peuvent affecter votre compagnie, mieux vaut nous laisser les inqui\u00e9tudes et les \u00ab\u00a0si\u00a0\u00bb, et vous concentrer sur la gestion de votre entreprise. Obtenir un devis gratuit sur votre cyber-assurance est tellement facile, vous n\u2019avez qu\u2019\u00e0 cliquer ou \u00e0 taper. <\/span><\/p>\n<p>[\/vc_column_text][\/vc_column][\/vc_row][vc_row][vc_column][\/vc_column][\/vc_row]<\/p>\n","protected":false},"excerpt":{"rendered":"<p>[vc_row bg_type=&#8221;image&#8221; parallax_style=&#8221;vcpb-default&#8221; bg_image_new=&#8221;id^1227|url^https:\/\/govienneau.com\/wp-content\/uploads\/2018\/01\/Cyber-dark-top3.jpg|caption^null|alt^null|title^Cyber &#8211; dark top3|description^null&#8221; bg_override=&#8221;full&#8221; enable_overlay=&#8221;enable_overlay_value&#8221; overlay_color=&#8221;#212121&#8243; seperator_enable=&#8221;seperator_enable_value&#8221; seperator_type=&#8221;tilt_left_seperator&#8221; seperator_position=&#8221;bottom_seperator&#8221; seperator_svg_height=&#8221;100&#8243; el_id=&#8221;cyber&#8221; css=&#8221;.vc_custom_1517425336279{padding-top: 130px !important;padding-bottom: 100px !important;}&#8221;][vc_column css_animation=&#8221;fadeIn&#8221; width=&#8221;1\/3&#8243;][\/vc_column][vc_column width=&#8221;1\/3&#8243;][\/vc_column][vc_column css_animation=&#8221;none&#8221; width=&#8221;1\/3&#8243;][\/vc_column][\/vc_row][vc_row][vc_column][vc_column_text] Pas tellement longtemps pass\u00e9, les entreprises au Nouveau-Brunswick pensaient tr\u00e8s peu \u00e0 l\u2019internet puisque le vol d\u2019identit\u00e9 \u00e9tait presque non-existant. M\u00eame si la technologie moderne nous a fourni plusieurs avantages,&hellip;<\/p>\n","protected":false},"author":1,"featured_media":0,"parent":0,"menu_order":0,"comment_status":"closed","ping_status":"closed","template":"","meta":{"_mi_skip_tracking":false},"yst_prominent_words":[],"_links":{"self":[{"href":"https:\/\/govienneau.com\/fr\/wp-json\/wp\/v2\/pages\/1414"}],"collection":[{"href":"https:\/\/govienneau.com\/fr\/wp-json\/wp\/v2\/pages"}],"about":[{"href":"https:\/\/govienneau.com\/fr\/wp-json\/wp\/v2\/types\/page"}],"author":[{"embeddable":true,"href":"https:\/\/govienneau.com\/fr\/wp-json\/wp\/v2\/users\/1"}],"replies":[{"embeddable":true,"href":"https:\/\/govienneau.com\/fr\/wp-json\/wp\/v2\/comments?post=1414"}],"version-history":[{"count":4,"href":"https:\/\/govienneau.com\/fr\/wp-json\/wp\/v2\/pages\/1414\/revisions"}],"predecessor-version":[{"id":1443,"href":"https:\/\/govienneau.com\/fr\/wp-json\/wp\/v2\/pages\/1414\/revisions\/1443"}],"wp:attachment":[{"href":"https:\/\/govienneau.com\/fr\/wp-json\/wp\/v2\/media?parent=1414"}],"wp:term":[{"taxonomy":"yst_prominent_words","embeddable":true,"href":"https:\/\/govienneau.com\/fr\/wp-json\/wp\/v2\/yst_prominent_words?post=1414"}],"curies":[{"name":"wp","href":"https:\/\/api.w.org\/{rel}","templated":true}]}}