{"id":1423,"date":"2018-02-02T14:56:32","date_gmt":"2018-02-02T18:56:32","guid":{"rendered":"https:\/\/govienneau.com\/vie\/"},"modified":"2018-02-02T15:02:47","modified_gmt":"2018-02-02T19:02:47","slug":"vie","status":"publish","type":"page","link":"https:\/\/govienneau.com\/fr\/vie\/","title":{"rendered":"Vie"},"content":{"rendered":"<p>[vc_row bg_type=&#8221;image&#8221; parallax_style=&#8221;vcpb-default&#8221; bg_image_new=&#8221;id^1252|url^https:\/\/govienneau.com\/wp-content\/uploads\/2018\/01\/life3-dark-top.jpg|caption^null|alt^null|title^life3- dark top|description^null&#8221; bg_override=&#8221;full&#8221; enable_overlay=&#8221;enable_overlay_value&#8221; overlay_color=&#8221;#212121&#8243; seperator_enable=&#8221;seperator_enable_value&#8221; seperator_type=&#8221;tilt_left_seperator&#8221; seperator_position=&#8221;bottom_seperator&#8221; seperator_svg_height=&#8221;100&#8243; el_id=&#8221;life&#8221; css=&#8221;.vc_custom_1517431341101{padding-top: 130px !important;padding-bottom: 100px !important;}&#8221;][vc_column css_animation=&#8221;fadeIn&#8221; width=&#8221;1\/3&#8243;]<form class=\"dt-contact-form dt-form\" method=\"post\"><input type=\"hidden\" name=\"widget_id\" value=\"presscore-contact-form-widget--1\" \/><input type=\"hidden\" name=\"send_message\" value=\"\" \/><input type=\"hidden\" name=\"security_token\" value=\"0741202c24bb03a038df\"\/><div class=\"form-fields\"><span class=\"form-name\"><label class=\"assistive-text\">Nom *<\/label><input type=\"text\" class=\"validate[required]\" placeholder=\"Nom *\" name=\"name\" value=\"\" aria-required=\"true\">\n<\/span><span class=\"form-mail\"><label class=\"assistive-text\">E-mail *<\/label><input type=\"text\" class=\"validate[required,custom[email]]\" placeholder=\"E-mail *\" name=\"email\" value=\"\" aria-required=\"true\">\n<\/span><span class=\"form-telephone\"><label class=\"assistive-text\">T\u00e9l\u00e9phone *<\/label><input type=\"text\" class=\"validate[required,custom[phone]]\" placeholder=\"T\u00e9l\u00e9phone *\" name=\"telephone\" value=\"\" aria-required=\"true\">\n<\/span><span class=\"form-city\"><label class=\"assistive-text\">Ville<\/label><input type=\"text\" placeholder=\"Ville\" name=\"city\" value=\"\" aria-required=\"false\">\n<\/span><\/div><span class=\"form-message\"><label class=\"assistive-text\">Message *<\/label><textarea class=\"validate[required]\" placeholder=\"Message *\" name=\"message\" rows=\"6\" aria-required=\"true\"><\/textarea>\n<\/span><p><a href=\"#\" class=\"dt-btn dt-btn-m dt-btn-submit\" rel=\"nofollow\"><span>Soumission d&#039;Assurance Vie<\/span><\/a><input class=\"assistive-text\" type=\"submit\" value=\"envoyer\"><\/p><\/form>\n[\/vc_column][vc_column width=&#8221;1\/3&#8243;][\/vc_column][vc_column css_animation=&#8221;none&#8221; width=&#8221;1\/3&#8243;][\/vc_column][\/vc_row][vc_row][vc_column]<div id=\"ultimate-heading-885769d3a0adc23c8\" class=\"uvc-heading ult-adjust-bottom-margin ultimate-heading-885769d3a0adc23c8 uvc-5475  uvc-heading-default-font-sizes\" data-hspacer=\"line_only\"  data-halign=\"left\" style=\"text-align:left\"><div class=\"uvc-main-heading ult-responsive\"  data-ultimate-target='.uvc-heading.ultimate-heading-885769d3a0adc23c8 h2'  data-responsive-json-new='{\"font-size\":\"\",\"line-height\":\"\"}' ><h2 style=\"font-weight:bold;\">Assurance Vie<\/h2><\/div><div class=\"uvc-heading-spacer line_only\" style=\"margin-bottom:40px;height:3px;\"><span class=\"uvc-headings-line\" style=\"border-style:solid;border-bottom-width:3px;border-color:#0075a9;width:200px;\"><\/span><\/div><\/div>[vc_column_text]Nous avons tous d\u00e9j\u00e0 \u00e9t\u00e9 choqu\u00e9s d&#8217;apprendre le d\u00e9c\u00e8s d&#8217;un jeune p\u00e8re ou d&#8217;apprendre qu&#8217;une m\u00e8re monoparentale souffre d&#8217;une maladie terminale. Nous pensons imm\u00e9diatement au bien-\u00eatre des membres de la famille restants, surtout les enfants.<\/p>\n<p>Sans assurance vie, les choses deviennent encore plus incertaines. Il y a un gros point d&#8217;interrogation en ce qui concerne les d\u00e9penses couvertes par le revenu du gagne-pain de la famille. Voici quelques exemples de d\u00e9penses\u00a0:<\/p>\n<ul>\n<li>Paiements hypoth\u00e9caires<\/li>\n<li>Autres dettes (v\u00e9hicules, cartes de cr\u00e9dit, etc.)<\/li>\n<li>Futurs co\u00fbts reli\u00e9s \u00e0 l&#8217;\u00e9ducation<\/li>\n<li>Frais de subsistance g\u00e9n\u00e9raux (chauffage, nourriture, etc.)<\/li>\n<\/ul>\n<p>Il y a aussi l&#8217;\u00e9norme avalanche de factures qui viennent APR\u00c8S les co\u00fbts de base des fun\u00e9railles, qui co\u00fbtent elles-m\u00eames tr\u00e8s cher. En r\u00e9alit\u00e9, la plupart d&#8217;entre nous ne peuvent pas se permettre de ne PAS avoir d&#8217;assurance vie au Nouveau-Brunswick. C&#8217;est surtout vrai si l&#8217;on pense au co\u00fbt de l&#8217;assurance vie, beaucoup moins \u00e9lev\u00e9 que l&#8217;on pense, surtout si on l&#8217;ach\u00e8te d\u00e8s un jeune \u00e2ge.<\/p>\n<p>Par exemple, le jeune p\u00e8re de famille aurait pu payer aussi peu que <strong>9,31 $*<\/strong> par mois pour 100\u00a0000\u00a0$ d&#8217;assurance vie temporaire 10 ans.<\/p>\n<p>Il n&#8217;y a rien de mal \u00e0 faire un peu de recherche, pour au moins savoir dans quelle fourchette de prix d&#8217;assurance vie vous tombez. Pour prot\u00e9ger ceux qui vous sont chers, la premi\u00e8re \u00e9tape est de nous t\u00e9l\u00e9phoner. T\u00e9l\u00e9phonez-nous aujourd&#8217;hui pour parler de vos options d&#8217;assurance vie.<\/p>\n<p>*Source : WealthServ, prime bas\u00e9e sur un m\u00e2le non-fumeur, \u00e2g\u00e9 de 25 ans en date du 29 mars 2016. (Le prix peut changer sans pr\u00e9avis.)[\/vc_column_text][\/vc_column][\/vc_row][vc_row][vc_column][\/vc_column][\/vc_row]<\/p>\n","protected":false},"excerpt":{"rendered":"<p>[vc_row bg_type=&#8221;image&#8221; parallax_style=&#8221;vcpb-default&#8221; bg_image_new=&#8221;id^1252|url^https:\/\/govienneau.com\/wp-content\/uploads\/2018\/01\/life3-dark-top.jpg|caption^null|alt^null|title^life3- dark top|description^null&#8221; bg_override=&#8221;full&#8221; enable_overlay=&#8221;enable_overlay_value&#8221; overlay_color=&#8221;#212121&#8243; seperator_enable=&#8221;seperator_enable_value&#8221; seperator_type=&#8221;tilt_left_seperator&#8221; seperator_position=&#8221;bottom_seperator&#8221; seperator_svg_height=&#8221;100&#8243; el_id=&#8221;life&#8221; css=&#8221;.vc_custom_1517431341101{padding-top: 130px !important;padding-bottom: 100px !important;}&#8221;][vc_column css_animation=&#8221;fadeIn&#8221; width=&#8221;1\/3&#8243;][\/vc_column][vc_column width=&#8221;1\/3&#8243;][\/vc_column][vc_column css_animation=&#8221;none&#8221; width=&#8221;1\/3&#8243;][\/vc_column][\/vc_row][vc_row][vc_column][vc_column_text]Nous avons tous d\u00e9j\u00e0 \u00e9t\u00e9 choqu\u00e9s d&#8217;apprendre le d\u00e9c\u00e8s d&#8217;un jeune p\u00e8re ou d&#8217;apprendre qu&#8217;une m\u00e8re monoparentale souffre d&#8217;une maladie terminale. Nous pensons imm\u00e9diatement au bien-\u00eatre des membres de la famille restants,&hellip;<\/p>\n","protected":false},"author":1,"featured_media":0,"parent":0,"menu_order":0,"comment_status":"closed","ping_status":"closed","template":"","meta":{"_mi_skip_tracking":false},"yst_prominent_words":[],"_links":{"self":[{"href":"https:\/\/govienneau.com\/fr\/wp-json\/wp\/v2\/pages\/1423"}],"collection":[{"href":"https:\/\/govienneau.com\/fr\/wp-json\/wp\/v2\/pages"}],"about":[{"href":"https:\/\/govienneau.com\/fr\/wp-json\/wp\/v2\/types\/page"}],"author":[{"embeddable":true,"href":"https:\/\/govienneau.com\/fr\/wp-json\/wp\/v2\/users\/1"}],"replies":[{"embeddable":true,"href":"https:\/\/govienneau.com\/fr\/wp-json\/wp\/v2\/comments?post=1423"}],"version-history":[{"count":4,"href":"https:\/\/govienneau.com\/fr\/wp-json\/wp\/v2\/pages\/1423\/revisions"}],"predecessor-version":[{"id":1433,"href":"https:\/\/govienneau.com\/fr\/wp-json\/wp\/v2\/pages\/1423\/revisions\/1433"}],"wp:attachment":[{"href":"https:\/\/govienneau.com\/fr\/wp-json\/wp\/v2\/media?parent=1423"}],"wp:term":[{"taxonomy":"yst_prominent_words","embeddable":true,"href":"https:\/\/govienneau.com\/fr\/wp-json\/wp\/v2\/yst_prominent_words?post=1423"}],"curies":[{"name":"wp","href":"https:\/\/api.w.org\/{rel}","templated":true}]}}