{"id":1462,"date":"2018-02-05T09:25:33","date_gmt":"2018-02-05T13:25:33","guid":{"rendered":"https:\/\/govienneau.com\/assurance-motoneige\/"},"modified":"2018-02-05T10:00:52","modified_gmt":"2018-02-05T14:00:52","slug":"assurance-motoneige","status":"publish","type":"page","link":"https:\/\/govienneau.com\/fr\/assurance-motoneige\/","title":{"rendered":"Assurance Motoneige"},"content":{"rendered":"<p>[vc_row bg_type=&#8221;image&#8221; parallax_style=&#8221;vcpb-default&#8221; bg_image_new=&#8221;id^687|url^http:\/\/govienneau.com\/wp-content\/uploads\/2018\/01\/Snowmobile-dark-top.jpg|caption^null|alt^null|title^Snowmobile &#8211; dark top|description^null&#8221; bg_override=&#8221;full&#8221; enable_overlay=&#8221;enable_overlay_value&#8221; overlay_color=&#8221;#212121&#8243; seperator_enable=&#8221;seperator_enable_value&#8221; seperator_type=&#8221;tilt_left_seperator&#8221; seperator_position=&#8221;bottom_seperator&#8221; seperator_svg_height=&#8221;100&#8243; el_id=&#8221;Snowmobile&#8221; css=&#8221;.vc_custom_1516491757569{padding-top: 130px !important;padding-bottom: 100px !important;}&#8221;][vc_column width=&#8221;1\/3&#8243;][\/vc_column][vc_column width=&#8221;1\/3&#8243;][\/vc_column][vc_column css_animation=&#8221;fadeIn&#8221; width=&#8221;1\/3&#8243;]<form class=\"dt-contact-form dt-form\" method=\"post\"><input type=\"hidden\" name=\"widget_id\" value=\"presscore-contact-form-widget--1\" \/><input type=\"hidden\" name=\"send_message\" value=\"\" \/><input type=\"hidden\" name=\"security_token\" value=\"0741202c24bb03a038df\"\/><div class=\"form-fields\"><span class=\"form-name\"><label class=\"assistive-text\">Nom *<\/label><input type=\"text\" class=\"validate[required]\" placeholder=\"Nom *\" name=\"name\" value=\"\" aria-required=\"true\">\n<\/span><span class=\"form-mail\"><label class=\"assistive-text\">E-mail *<\/label><input type=\"text\" class=\"validate[required,custom[email]]\" placeholder=\"E-mail *\" name=\"email\" value=\"\" aria-required=\"true\">\n<\/span><span class=\"form-telephone\"><label class=\"assistive-text\">T\u00e9l\u00e9phone *<\/label><input type=\"text\" class=\"validate[required,custom[phone]]\" placeholder=\"T\u00e9l\u00e9phone *\" name=\"telephone\" value=\"\" aria-required=\"true\">\n<\/span><span class=\"form-city\"><label class=\"assistive-text\">Ville<\/label><input type=\"text\" placeholder=\"Ville\" name=\"city\" value=\"\" aria-required=\"false\">\n<\/span><\/div><span class=\"form-message\"><label class=\"assistive-text\">Message *<\/label><textarea class=\"validate[required]\" placeholder=\"Message *\" name=\"message\" rows=\"6\" aria-required=\"true\"><\/textarea>\n<\/span><p><a href=\"#\" class=\"dt-btn dt-btn-m dt-btn-submit\" rel=\"nofollow\"><span>Obtenir une soumission Motoneige<\/span><\/a><input class=\"assistive-text\" type=\"submit\" value=\"envoyer\"><\/p><\/form>\n[\/vc_column][\/vc_row][vc_row css=&#8221;.vc_custom_1517839171271{padding-top: 25px !important;}&#8221;][vc_column]<div id=\"ultimate-heading-569169d43a3f69f65\" class=\"uvc-heading ult-adjust-bottom-margin ultimate-heading-569169d43a3f69f65 uvc-2297  uvc-heading-default-font-sizes\" data-hspacer=\"line_only\"  data-halign=\"left\" style=\"text-align:left\"><div class=\"uvc-main-heading ult-responsive\"  data-ultimate-target='.uvc-heading.ultimate-heading-569169d43a3f69f65 h2'  data-responsive-json-new='{\"font-size\":\"\",\"line-height\":\"\"}' ><h2 style=\"font-weight:bold;\">Assurance Motoneige<\/h2><\/div><div class=\"uvc-heading-spacer line_only\" style=\"margin-bottom:40px;height:3px;\"><span class=\"uvc-headings-line\" style=\"border-style:solid;border-bottom-width:3px;border-color:#0075a9;width:200px;\"><\/span><\/div><\/div>[vc_column_text]Lorsque l&#8217;hiver arrive \u00e0 Sh\u00e9diac, c&#8217;est un temps sp\u00e9cial de l&#8217;ann\u00e9e. Bien s\u00fbr, c&#8217;est toujours amusant d&#8217;aller se promener hors route lorsque la temp\u00e9rature est belle et chaude et de partir \u00e0 l&#8217;aventure dans des endroits un peu \u00e9tranges et nouveaux avec nos amis et la famille, ou m\u00eame seul. Toutefois, il n&#8217;y a rien comme pouvoir sortir sur la neige, et cela donne une certaine libert\u00e9 que seul un motoneigiste peu comprendre et appr\u00e9cier. Mais, plus vous utilisez votre v\u00e9hicule, plus il devient important d&#8217;avoir la bonne police d&#8217;assurance motoneige. Voici un exemple parfait qui explique pourquoi vous avez besoin de cette couverture inestimable.<\/p>\n<p>Barry et Karen aimaient bien se promener hors du sentier battu et passaient beaucoup de temps sur leurs quatre roues en \u00e9t\u00e9 et sur leurs motoneiges en hiver. En fait, ils avaient commenc\u00e9 \u00e0 planifier un voyage dans le nord. Ils allaient s\u00e9journer dans un joli lodge, allaient assister \u00e0 un festival d&#8217;hiver et allaient ensuite s&#8217;amuser dans les superbes sentiers de motoneige. Par contre, Karen avait un dr\u00f4le de sentiment face \u00e0 ce voyage et elle demanda \u00e0 Barry s&#8217;ils avaient une couverture de motoneige.<\/p>\n<p>Barry expliqua \u00e0 Karen que les motoneiges ne sont pas des voitures et qu&#8217;elles n&#8217;ont pas besoin d&#8217;assurance sp\u00e9ciale. Mais Karen persista et demanda \u00e0 Barry ce qu&#8217;il arriverait s&#8217;ils \u00e9taient impliqu\u00e9s dans un gros accident de motoneige, et Barry ne savait quoi lui r\u00e9pondre. M\u00eame qu&#8217;en quelques minutes seulement, Barry t\u00e9l\u00e9phona \u00e0 son nouveau courtier d&#8217;assurance.<\/p>\n<p>Le nouveau courtier de Barry travaillait dans un courtage ind\u00e9pendant et venait tout juste de lui d\u00e9nicher un excellent forfait comprenant l&#8217;assurance habitation et l&#8217;assurance automobile. Selon lui, c&#8217;\u00e9tait une bonne d\u00e9cision que Barry avait prise de se procurer une assurance motoneige. Ce dernier demanda alors \u00e0 son courtier de lui dresser une police.<\/p>\n<p>En fin de compte, le couple n&#8217;a pas eu besoin d&#8217;assurance pour leur voyage puisque tout s&#8217;est bien d\u00e9roul\u00e9. Mais, suivant leur retour \u00e0 la maison, Barry alla se promener sur un sentier de motoneige dans les environs. Soudainement, il d\u00fbt d\u00e9vier la motoneige afin d&#8217;\u00e9viter un chevreuil et frappa un arbre. Il fut gravement bless\u00e9 et la motoneige a \u00e9t\u00e9 compl\u00e8tement d\u00e9truite.<\/p>\n<p>Barry fut en cong\u00e9 de travail pendant plusieurs mois et gr\u00e2ce \u00e0 sa garantie collision il put obtenir une nouvelle motoneige et sa compagnie d&#8217;assurance paya pour sa r\u00e9adaptation et pour qu&#8217;une femme de m\u00e9nage passe \u00e0 la maison quelques fois par semaine, permettant \u00e0 Barry de se concentrer sur sa r\u00e9cup\u00e9ration (pendant que Sara continua \u00e0 travailler). De plus, Barry avait aussi obtenu des indemnit\u00e9s d&#8217;accident, lui permettant d&#8217;\u00eatre partiellement compens\u00e9 pour le temps qu&#8217;il avait perdu du travail. Si Barry ne s&#8217;\u00e9tait pas procur\u00e9 cette assurance, lui et Sara auraient fait face \u00e0 une situation financi\u00e8re d\u00e9sastreuse.<\/p>\n<h3><span style=\"color: #003e52;\"><strong><br \/>\nQu&#8217;est-ce qu&#8217;est l&#8217;assurance motoneige?<\/strong><\/span><\/h3>\n<p>La couverture motoneige est habituellement incluse sous la cat\u00e9gorie \u00abd&#8217;assurance sports automobiles\u00bb. Elle est diff\u00e9rente de l&#8217;assurance automobile standard et est con\u00e7ue en vue de r\u00e9pondre aux besoins d&#8217;assurance du conducteur de v\u00e9hicules tout-terrain. Toutefois, ceci n&#8217;inclut pas les gens qui participent \u00e0 des comp\u00e9titions ou qui font la course.<\/p>\n<h3><span style=\"color: #003e52;\"><strong><br \/>\nQui a besoin d&#8217;assurance sports automobiles?<\/strong><\/span><\/h3>\n<p>Si vous aimez faire de la motoneige vous devriez songer \u00e0 vous procurer de l&#8217;assurance. Toutefois, les v\u00e9hicules suivants devraient aussi avoir une assurance automobile ou une assurance sports motoris\u00e9s\u00a0:<\/p>\n<ul>\n<li><strong>Bateaux<\/strong><\/li>\n<li><strong>VTT&#8217;s <\/strong><\/li>\n<li><strong>Dune buggies <\/strong><\/li>\n<li><strong>Jet skis<\/strong><\/li>\n<li><strong>Motos tout-terrain <\/strong><\/li>\n<li><strong>Chariots de golf<\/strong><\/li>\n<li><strong>V\u00e9hicules utilitaires<\/strong><\/li>\n<\/ul>\n<h3><span style=\"color: #003e52;\"><strong><br \/>\nSe procurer une assurance motoneige standard<\/strong><\/span><\/h3>\n<p>Une police d&#8217;assurance typique peut inclure les items suivants:<\/p>\n<ul>\n<li><strong>Paiements m\u00e9dicaux<\/strong><\/li>\n<li><strong>Responsabilit\u00e9 civile<\/strong><\/li>\n<li><strong>Conducteurs non assur\u00e9s- peut inclure les d\u00e9lits de fuite et les conducteurs n&#8217;ayant pas assez de couverture d&#8217;assurance de responsabilit\u00e9 civile. <\/strong><\/li>\n<li><strong>Collision (obligatoire si vous devez de l&#8217;argent sur votre v\u00e9hicule)<\/strong><\/li>\n<li><strong>Assurance tous risques- vol, feu, dommages caus\u00e9s par la chute d&#8217;objets <\/strong><\/li>\n<\/ul>\n<h3><span style=\"color: #003e52;\"><strong><br \/>\nOptions pour l&#8217;assurance motoneige<\/strong><\/span><\/h3>\n<p>Vous voudrez peut-\u00eatre consid\u00e9rer les options suivantes pour votre protection\u00a0:<\/p>\n<ul>\n<li><strong>Assurance remorque\/roulotte<\/strong><\/li>\n<li><strong>Ajout de la protection de la responsabilit\u00e9- Vous pouvez augmenter votre couverture si vous en ressentez le besoin. <\/strong><\/li>\n<li><strong>Couverture du mat\u00e9riel et de l&#8217;\u00e9quipement <\/strong><\/li>\n<\/ul>\n<h3><span style=\"color: #003e52;\"><strong><br \/>\nO\u00f9 est-ce que je peux assurer ma motoneige \u00e0 Sh\u00e9diac?<\/strong><\/span><\/h3>\n<p>Lorsque vous avez besoin d&#8217;assurance, vous pouvez aller en ligne ou magasiner local. D&#8217;abord, vous devrez v\u00e9rifier avec un nombre de compagnies et comparer toutes les options de couverture et les primes. De plus, vous devrez aussi vous assurer de bien comprendre tout le vocabulaire reli\u00e9 aux assurances inclut dans toutes sortes de polices. Cependant, il y a un moyen plus rapide et plus efficace de se procurer de l&#8217;assurance. Vous n&#8217;avez qu&#8217;\u00e0 venir chez Assurance Vienneau.<\/p>\n<p>Nous sommes un courtage d&#8217;assurance ind\u00e9pendant et nous ne repr\u00e9sentons aucune compagnie d&#8217;assurance. Nous vous repr\u00e9sentons, oui vous, nos clients. Votre courtier ind\u00e9pendant forme un partenariat avec les meilleures compagnies d&#8217;assurance que le Canada a \u00e0 offrir et est tr\u00e8s familier avec toutes leurs polices et leurs options de couverture. Aussi, avec un professionnel d&#8217;assurance exp\u00e9riment\u00e9, vous avez quelqu&#8217;un pour vous aider \u00e0 choisir une couverture personnalis\u00e9e selon vos besoins et les besoins de votre famille.<\/p>\n<h3><span style=\"color: #003e52;\"><strong><br \/>\nPourquoi choisir un courtier d&#8217;assurance ind\u00e9pendant?<\/strong><\/span><\/h3>\n<p>Votre courtier d&#8217;assurance s&#8217;attaque aux chiffres et fait tout le gros travail pour vous. Au lieu de vous demander si vous avez la bonne couverture, vous pouvez \u00eatre certain d&#8217;avoir non seulement la meilleure couverture mais aussi les primes les plus abordables sur le march\u00e9. Nous pouvons vous aider avec tous vos besoins d&#8217;assurance, incluant l&#8217;assurance commerciale, l&#8217;assurance vie, les polices destin\u00e9es aux propri\u00e9taires occupants, l&#8217;assurance automobile, la couverture de chalet\/r\u00e9sidence secondaire, l&#8217;assurance VTT, l&#8217;assurance VR, et nous avons des forfaits sp\u00e9ciaux qui peuvent vous permettre d&#8217;\u00e9conomiser davantage en surplus des primes abordables.<\/p>\n<p>Ne prenez pas de risques lorsqu&#8217;il est question d&#8217;assurance motoneige, contactez-nous d\u00e8s aujourd&#8217;hui \u00e0 propos d&#8217;une demande gratuite de devis d&#8217;assurance.[\/vc_column_text][\/vc_column][\/vc_row][vc_row][vc_column][\/vc_column][\/vc_row]<\/p>\n","protected":false},"excerpt":{"rendered":"<p>[vc_row bg_type=&#8221;image&#8221; parallax_style=&#8221;vcpb-default&#8221; bg_image_new=&#8221;id^687|url^http:\/\/govienneau.com\/wp-content\/uploads\/2018\/01\/Snowmobile-dark-top.jpg|caption^null|alt^null|title^Snowmobile &#8211; dark top|description^null&#8221; bg_override=&#8221;full&#8221; enable_overlay=&#8221;enable_overlay_value&#8221; overlay_color=&#8221;#212121&#8243; seperator_enable=&#8221;seperator_enable_value&#8221; seperator_type=&#8221;tilt_left_seperator&#8221; seperator_position=&#8221;bottom_seperator&#8221; seperator_svg_height=&#8221;100&#8243; el_id=&#8221;Snowmobile&#8221; css=&#8221;.vc_custom_1516491757569{padding-top: 130px !important;padding-bottom: 100px !important;}&#8221;][vc_column width=&#8221;1\/3&#8243;][\/vc_column][vc_column width=&#8221;1\/3&#8243;][\/vc_column][vc_column css_animation=&#8221;fadeIn&#8221; width=&#8221;1\/3&#8243;][\/vc_column][\/vc_row][vc_row css=&#8221;.vc_custom_1517839171271{padding-top: 25px !important;}&#8221;][vc_column][vc_column_text]Lorsque l&#8217;hiver arrive \u00e0 Sh\u00e9diac, c&#8217;est un temps sp\u00e9cial de l&#8217;ann\u00e9e. Bien s\u00fbr, c&#8217;est toujours amusant d&#8217;aller se promener hors route lorsque la temp\u00e9rature est belle et chaude et&hellip;<\/p>\n","protected":false},"author":1,"featured_media":0,"parent":0,"menu_order":0,"comment_status":"closed","ping_status":"closed","template":"","meta":{"_mi_skip_tracking":false},"yst_prominent_words":[],"_links":{"self":[{"href":"https:\/\/govienneau.com\/fr\/wp-json\/wp\/v2\/pages\/1462"}],"collection":[{"href":"https:\/\/govienneau.com\/fr\/wp-json\/wp\/v2\/pages"}],"about":[{"href":"https:\/\/govienneau.com\/fr\/wp-json\/wp\/v2\/types\/page"}],"author":[{"embeddable":true,"href":"https:\/\/govienneau.com\/fr\/wp-json\/wp\/v2\/users\/1"}],"replies":[{"embeddable":true,"href":"https:\/\/govienneau.com\/fr\/wp-json\/wp\/v2\/comments?post=1462"}],"version-history":[{"count":6,"href":"https:\/\/govienneau.com\/fr\/wp-json\/wp\/v2\/pages\/1462\/revisions"}],"predecessor-version":[{"id":1489,"href":"https:\/\/govienneau.com\/fr\/wp-json\/wp\/v2\/pages\/1462\/revisions\/1489"}],"wp:attachment":[{"href":"https:\/\/govienneau.com\/fr\/wp-json\/wp\/v2\/media?parent=1462"}],"wp:term":[{"taxonomy":"yst_prominent_words","embeddable":true,"href":"https:\/\/govienneau.com\/fr\/wp-json\/wp\/v2\/yst_prominent_words?post=1462"}],"curies":[{"name":"wp","href":"https:\/\/api.w.org\/{rel}","templated":true}]}}