{"id":1465,"date":"2018-02-05T09:27:08","date_gmt":"2018-02-05T13:27:08","guid":{"rendered":"https:\/\/govienneau.com\/assurance-chasse-neige\/"},"modified":"2018-02-05T09:53:03","modified_gmt":"2018-02-05T13:53:03","slug":"assurance-chasse-neige","status":"publish","type":"page","link":"https:\/\/govienneau.com\/fr\/assurance-chasse-neige\/","title":{"rendered":"Assurance Chasse-Neige"},"content":{"rendered":"<p>[vc_row bg_type=&#8221;image&#8221; parallax_style=&#8221;vcpb-default&#8221; bg_image_new=&#8221;id^1234|url^https:\/\/govienneau.com\/wp-content\/uploads\/2018\/01\/snow-plow-dark-top.jpg|caption^null|alt^null|title^snow plow- dark top|description^null&#8221; bg_override=&#8221;full&#8221; enable_overlay=&#8221;enable_overlay_value&#8221; overlay_color=&#8221;#212121&#8243; seperator_enable=&#8221;seperator_enable_value&#8221; seperator_type=&#8221;tilt_left_seperator&#8221; seperator_position=&#8221;bottom_seperator&#8221; seperator_svg_height=&#8221;100&#8243; el_id=&#8221;snowplow&#8221; css=&#8221;.vc_custom_1517427435084{padding-top: 130px !important;padding-bottom: 100px !important;}&#8221;][vc_column width=&#8221;1\/3&#8243;][\/vc_column][vc_column width=&#8221;1\/3&#8243;][\/vc_column][vc_column css_animation=&#8221;bounceInRight&#8221; width=&#8221;1\/3&#8243;]<form class=\"dt-contact-form dt-form\" method=\"post\"><input type=\"hidden\" name=\"widget_id\" value=\"presscore-contact-form-widget--1\" \/><input type=\"hidden\" name=\"send_message\" value=\"\" \/><input type=\"hidden\" name=\"security_token\" value=\"0741202c24bb03a038df\"\/><div class=\"form-fields\"><span class=\"form-name\"><label class=\"assistive-text\">Nom *<\/label><input type=\"text\" class=\"validate[required]\" placeholder=\"Nom *\" name=\"name\" value=\"\" aria-required=\"true\">\n<\/span><span class=\"form-mail\"><label class=\"assistive-text\">E-mail *<\/label><input type=\"text\" class=\"validate[required,custom[email]]\" placeholder=\"E-mail *\" name=\"email\" value=\"\" aria-required=\"true\">\n<\/span><span class=\"form-telephone\"><label class=\"assistive-text\">T\u00e9l\u00e9phone *<\/label><input type=\"text\" class=\"validate[required,custom[phone]]\" placeholder=\"T\u00e9l\u00e9phone *\" name=\"telephone\" value=\"\" aria-required=\"true\">\n<\/span><span class=\"form-city\"><label class=\"assistive-text\">Ville<\/label><input type=\"text\" placeholder=\"Ville\" name=\"city\" value=\"\" aria-required=\"false\">\n<\/span><\/div><span class=\"form-message\"><label class=\"assistive-text\">Message *<\/label><textarea class=\"validate[required]\" placeholder=\"Message *\" name=\"message\" rows=\"6\" aria-required=\"true\"><\/textarea>\n<\/span><p><a href=\"#\" class=\"dt-btn dt-btn-m dt-btn-submit\" rel=\"nofollow\"><span>Obtenir une Soumission de Chasse-Neige<\/span><\/a><input class=\"assistive-text\" type=\"submit\" value=\"envoyer\"><\/p><\/form>\n[\/vc_column][\/vc_row][vc_row][vc_column]<div id=\"ultimate-heading-689169d43a412c941\" class=\"uvc-heading ult-adjust-bottom-margin ultimate-heading-689169d43a412c941 uvc-4255  uvc-heading-default-font-sizes\" data-hspacer=\"line_only\"  data-halign=\"left\" style=\"text-align:left\"><div class=\"uvc-main-heading ult-responsive\"  data-ultimate-target='.uvc-heading.ultimate-heading-689169d43a412c941 h2'  data-responsive-json-new='{\"font-size\":\"\",\"line-height\":\"\"}' ><h2 style=\"font-weight:bold;\">Pourquoi vous avez besoin d'une assurance chasse-neige au Nouveau-Brunswick<\/h2><\/div><div class=\"uvc-heading-spacer line_only\" style=\"margin-bottom:40px;height:3px;\"><span class=\"uvc-headings-line\" style=\"border-style:solid;border-bottom-width:3px;border-color:#0075a9;width:200px;\"><\/span><\/div><\/div>[vc_column_text]Si vous habitez au Nouveau-Brunswick, vous savez tr\u00e8s bien que les hivers y sont tr\u00e8s froids. M\u00eame que plusieurs endroits de la province re\u00e7oivent plus de 100 pouces de neige en moyenne \u00e0 chaque ann\u00e9e. C&#8217;est l&#8217;endroit parfait o\u00f9 offrir des services de d\u00e9neigement et vous devez vous assurer d&#8217;avoir suffisamment d&#8217;assurance chasse-neige pour votre entreprise. Lorsqu&#8217;il y a beaucoup de neige sur le sol, tout est recouvert de blanc et c&#8217;est si beau. Toutefois, cette beaut\u00e9 cache de nombreux risques, comme vous le verrez dans l&#8217;histoire exemple qui suit.<\/p>\n<p>Enfant, Joe adorait jouer dans la neige. Ses fr\u00e8res et lui passaient des heures \u00e0 faire des bonhommes de neige, \u00e0 faire des batailles de boules de neige, et \u00e0 glisser sur leurs tra\u00eeneaux le long des collines glac\u00e9es de la campagne. En fait, m\u00eame en grandissant, Joe n&#8217;a jamais cess\u00e9 d&#8217;aimer l&#8217;hiver ou les sports d&#8217;hiver, et c&#8217;\u00e9tait donc un vrai r\u00eave de se partir une compagnie de d\u00e9neigement. Pendant plusieurs ann\u00e9es Joe avait offert des services de remorquage et l&#8217;ajout d&#8217;un service de d\u00e9neigement serait une combinaison parfaite pour son entreprise. Toutefois, il ne s&#8217;est pas trop pr\u00e9occup\u00e9 \u00e0 propos d&#8217;une assurance chasse-neige.<\/p>\n<p>Joe s&#8217;\u00e9tait dit que son assurance remorquage couvrirait ses besoins, \u00e0 l&#8217;exception d&#8217;une assurance pour son \u00e9quipement de d\u00e9neigement et ses v\u00e9hicules. Il n&#8217;avait pas trop pens\u00e9 \u00e0 ce qui pourrait se produire et n&#8217;avait donc pas s\u00e9rieusement consid\u00e9r\u00e9 tous les risques impliqu\u00e9s avec le genre d&#8217;entreprise dans laquelle il allait se lancer.<\/p>\n<p>La compagnie de Joe vit une croissance rapide parce qu&#8217;il avait coup\u00e9 ses d\u00e9penses jusqu&#8217;\u00e0 l&#8217;os afin d&#8217;offrir un meilleur march\u00e9 que sa comp\u00e9tition. Cela signifiait qu&#8217;il avait aussi coup\u00e9 les co\u00fbts sur une assurance chasse-neige, et en fin de compte, ce fut une grave erreur.<\/p>\n<p>Un mois apr\u00e8s que Joe ait lanc\u00e9 sa compagnie de d\u00e9neigement, il y eu une tr\u00e8s grosse temp\u00eate de neige et il \u00e9tait tr\u00e8s occup\u00e9. Il offrait aussi des services de d\u00e9neigement pour les trottoirs et les entr\u00e9es de maisons et avait plusieurs hommes qui travaillaient pour lui et qui op\u00e9raient des souffleuses et des chasse-neiges \u00e0 ce moment-l\u00e0. Un de ses hommes \u00e9tait en train de d\u00e9blayer une entr\u00e9e qui \u00e9tait situ\u00e9e juste \u00e0 c\u00f4t\u00e9 de la cl\u00f4ture d&#8217;un voisin lorsque l&#8217;\u00e9norme montant de neige sortant de la machine fit tomber la cl\u00f4ture et la piscine hors-terre du voisin.<\/p>\n<p>Malheureusement, Joe avait tellement coup\u00e9 ses d\u00e9penses qu&#8217;il n&#8217;avait pas de couverture pour couvrir les dommages. Il subit alors un gros recul financier qui aurait pu facilement \u00eatre \u00e9vit\u00e9.<\/p>\n<h3><span style=\"color: #003e52;\"><strong>Qu&#8217;est-ce qu&#8217;est l&#8217;assurance chasse-neige? <\/strong><\/span><\/h3>\n<p>Une couverture chasse-neige est une assurance qui prot\u00e8ge une entreprise qui d\u00e9blaie la neige. Elle peut s&#8217;appliquer \u00e0 des clients commerciaux ou r\u00e9sidentiels. Ce type de police couvre les probl\u00e8mes juridiques ainsi que les dommages faits \u00e0 l&#8217;\u00e9quipement ou \u00e0 la propri\u00e9t\u00e9 (et les biens) des autres.<\/p>\n<h3><span style=\"color: #003e52;\"><strong>Qui devrait se procurer une assurance chasse-neige?<\/strong><\/span><\/h3>\n<p>Si vous avez une entreprise de d\u00e9neigement, vous avez besoin d&#8217;une assurance particuli\u00e8re. Ceci comprend les compagnies qui chargent des clients pour le d\u00e9neigement des trottoirs et des all\u00e9es devant leurs maisons. Comme on le voit avec l&#8217;exemple de Joe, on ne sait jamais ce qui pourrait arriver et il vaut toujours mieux \u00eatre bien pr\u00e9par\u00e9.<\/p>\n<h3><span style=\"color: #003e52;\"><strong>Qu&#8217;est-ce qu&#8217;une assurance de d\u00e9neigement de base?<\/strong><\/span><\/h3>\n<p>Parce que vous appartenez et g\u00e9rez une compagnie, vous devriez d&#8217;abord consid\u00e9rer une police de base pour propri\u00e9taire d&#8217;entreprise qui normalement, comprend les \u00e9l\u00e9ments suivants\u00a0:<\/p>\n<ul>\n<li>Assurance des biens d&#8217;entreprise<\/li>\n<li>Responsabilit\u00e9 civile g\u00e9n\u00e9rale<\/li>\n<li><strong>Assurance de l&#8217;\u00e9quipement<\/strong> &#8211; ceci pourrait inclure vos chasse-neiges, vos souffleuses, et tous les outils propices \u00e0 vos op\u00e9rations<\/li>\n<li><strong>Assurance auto commerciale<\/strong> &#8211; pour les camions qui poussent les chasse-neiges. Si vous avez un contrat commercial, vous poss\u00e9dez peut-\u00eatre m\u00eame des camions sp\u00e9ciaux qui r\u00e9pandent du sel ou du sable, et ils n\u00e9cessitent aussi de l&#8217;assurance.<\/li>\n<\/ul>\n<h3><span style=\"color: #003e52;\"><strong>Les options pour l&#8217;assurance chasse-neige<\/strong><\/span><\/h3>\n<p>Puisqu&#8217;il ne neige pas tout au long de l&#8217;ann\u00e9e au Nouveau-Brunswick, votre entreprise est donc saisonni\u00e8re et la plupart de votre \u00e9quipement sera probablement inutilis\u00e9 pendant une bonne partie de l&#8217;ann\u00e9e. Vous pouvez alors assurer cet \u00e9quipement pour le temps dont vous l&#8217;aurez besoin. Cependant, vous voudrez tout de m\u00eame garder votre assurance tous risques en place au cas o\u00f9 quelque chose arriverait \u00e0 votre \u00e9quipement pendant qu&#8217;il soit entrepos\u00e9. Vous n\u00e9cessiterez peut-\u00eatre aussi des options ci-dessous\u00a0:<\/p>\n<ul>\n<li>Des limites augment\u00e9es de la responsabilit\u00e9 des tiers<\/li>\n<li>Une assurance de l&#8217;\u00e9quipement de bureau<\/li>\n<li>Une couverture inondation<\/li>\n<\/ul>\n<h3><span style=\"color: #003e52;\"><strong>Comment d\u00e9terminer vos limites de couverture<\/strong><\/span><\/h3>\n<p>Vous aurez peut-\u00eatre besoin de plus grandes limites que celles d&#8217;une couverture de base, et vous devriez consid\u00e9rer les facteurs suivants lorsque vous d\u00e9terminerez vos besoins\u00a0:<\/p>\n<ul>\n<li>Combien de conducteurs embauchez-vous?<\/li>\n<li>Combien de chasse-neiges appartenez-vous?<\/li>\n<li>Avez-vous des atouts consid\u00e9rables ou des r\u00e9serves financi\u00e8res?<\/li>\n<li>Pouvez-vous absorber des pertes financi\u00e8res?<\/li>\n<\/ul>\n<p>Votre courtier d&#8217;assurance est la meilleure personne avec qui discuter de ces choses, et voil\u00e0 pourquoi vous devriez venir parler \u00e0 un professionnel d&#8217;assurance exp\u00e9riment\u00e9 chez Assurance Vienneau.<\/p>\n<h3><span style=\"color: #003e52;\"><strong>Magasinez pour une assurance chasse-neige sans soucis <\/strong><\/span><\/h3>\n<p>Il y a plusieurs facteurs du c\u00f4t\u00e9 des affaires et des finances qu&#8217;il faut consid\u00e9rer lorsque vous magasinez pour des assurances. De plus, vous devriez consulter au moins quelques compagnies afin de voir ce qu&#8217;elles ont \u00e0 offrir. Ceci peut prendre beaucoup de votre temps et de vos ressources et il y a une meilleure option. Venez nous voir chez Assurance Vienneau.<\/p>\n<h3><span style=\"color: #003e52;\"><strong>Vos professionnels d&#8217;assurance ind\u00e9pendants <\/strong><\/span><\/h3>\n<p>Pourquoi mettre tous vos \u0153ufs dans le m\u00eame panier lorsque \u00e7a vient aux assurances? Et pourtant, c&#8217;est exactement ce qui se produit lorsque vous faites affaires avec un agent qui repr\u00e9sente qu&#8217;une seule compagnie d&#8217;assurance. Il peut seulement vous offrir un nombre limit\u00e9 d&#8217;options et soit vous payer les primes d\u00e9sign\u00e9es ou vous allez magasiner ailleurs.<\/p>\n<p>Votre courtier ind\u00e9pendant chez Assurance Vienneau ne travaille pas pour une compagnie d&#8217;assurance. Cette personne travaille pour vous et travaille aussi avec plusieurs partenaires d&#8217;assurance qui ont d&#8217;excellentes options d&#8217;assurance chasse-neige \u00e0 offrir. Ceci vous procurera la meilleure couverture pour les meilleures primes disponibles.<\/p>\n<p>Ne laissez pas votre entreprise de d\u00e9neigement vuln\u00e9rable. Obtenez un devis d&#8217;assurance gratuit d\u00e8s aujourd&#8217;hui chez Assurance Vienneau.[\/vc_column_text][\/vc_column][\/vc_row][vc_row][vc_column][\/vc_column][\/vc_row]<\/p>\n","protected":false},"excerpt":{"rendered":"<p>[vc_row bg_type=&#8221;image&#8221; parallax_style=&#8221;vcpb-default&#8221; bg_image_new=&#8221;id^1234|url^https:\/\/govienneau.com\/wp-content\/uploads\/2018\/01\/snow-plow-dark-top.jpg|caption^null|alt^null|title^snow plow- dark top|description^null&#8221; bg_override=&#8221;full&#8221; enable_overlay=&#8221;enable_overlay_value&#8221; overlay_color=&#8221;#212121&#8243; seperator_enable=&#8221;seperator_enable_value&#8221; seperator_type=&#8221;tilt_left_seperator&#8221; seperator_position=&#8221;bottom_seperator&#8221; seperator_svg_height=&#8221;100&#8243; el_id=&#8221;snowplow&#8221; css=&#8221;.vc_custom_1517427435084{padding-top: 130px !important;padding-bottom: 100px !important;}&#8221;][vc_column width=&#8221;1\/3&#8243;][\/vc_column][vc_column width=&#8221;1\/3&#8243;][\/vc_column][vc_column css_animation=&#8221;bounceInRight&#8221; width=&#8221;1\/3&#8243;][\/vc_column][\/vc_row][vc_row][vc_column][vc_column_text]Si vous habitez au Nouveau-Brunswick, vous savez tr\u00e8s bien que les hivers y sont tr\u00e8s froids. M\u00eame que plusieurs endroits de la province re\u00e7oivent plus de 100 pouces de neige en moyenne&hellip;<\/p>\n","protected":false},"author":1,"featured_media":0,"parent":0,"menu_order":0,"comment_status":"closed","ping_status":"closed","template":"","meta":{"_mi_skip_tracking":false},"yst_prominent_words":[],"_links":{"self":[{"href":"https:\/\/govienneau.com\/fr\/wp-json\/wp\/v2\/pages\/1465"}],"collection":[{"href":"https:\/\/govienneau.com\/fr\/wp-json\/wp\/v2\/pages"}],"about":[{"href":"https:\/\/govienneau.com\/fr\/wp-json\/wp\/v2\/types\/page"}],"author":[{"embeddable":true,"href":"https:\/\/govienneau.com\/fr\/wp-json\/wp\/v2\/users\/1"}],"replies":[{"embeddable":true,"href":"https:\/\/govienneau.com\/fr\/wp-json\/wp\/v2\/comments?post=1465"}],"version-history":[{"count":4,"href":"https:\/\/govienneau.com\/fr\/wp-json\/wp\/v2\/pages\/1465\/revisions"}],"predecessor-version":[{"id":1483,"href":"https:\/\/govienneau.com\/fr\/wp-json\/wp\/v2\/pages\/1465\/revisions\/1483"}],"wp:attachment":[{"href":"https:\/\/govienneau.com\/fr\/wp-json\/wp\/v2\/media?parent=1465"}],"wp:term":[{"taxonomy":"yst_prominent_words","embeddable":true,"href":"https:\/\/govienneau.com\/fr\/wp-json\/wp\/v2\/yst_prominent_words?post=1465"}],"curies":[{"name":"wp","href":"https:\/\/api.w.org\/{rel}","templated":true}]}}