{"id":1468,"date":"2018-02-05T09:30:53","date_gmt":"2018-02-05T13:30:53","guid":{"rendered":"https:\/\/govienneau.com\/lassurance-pour-transformateur-de-fruits-de-mer\/"},"modified":"2018-02-05T09:45:03","modified_gmt":"2018-02-05T13:45:03","slug":"lassurance-pour-transformateur-de-fruits-de-mer","status":"publish","type":"page","link":"https:\/\/govienneau.com\/fr\/lassurance-pour-transformateur-de-fruits-de-mer\/","title":{"rendered":"L\u2019Assurance pour Transformateur de Fruits de Mer"},"content":{"rendered":"<p>[vc_row bg_type=&#8221;image&#8221; parallax_style=&#8221;vcpb-default&#8221; bg_image_new=&#8221;id^1269|url^https:\/\/govienneau.com\/wp-content\/uploads\/2018\/02\/seafood2-dark-top.jpg|caption^null|alt^null|title^seafood2 &#8211; dark top|description^null&#8221; bg_override=&#8221;full&#8221; enable_overlay=&#8221;enable_overlay_value&#8221; overlay_color=&#8221;#212121&#8243; seperator_enable=&#8221;seperator_enable_value&#8221; seperator_type=&#8221;tilt_left_seperator&#8221; seperator_position=&#8221;bottom_seperator&#8221; seperator_svg_height=&#8221;100&#8243; el_id=&#8221;seafood&#8221; css=&#8221;.vc_custom_1517495985988{padding-top: 130px !important;padding-bottom: 100px !important;}&#8221;][vc_column width=&#8221;1\/3&#8243;][\/vc_column][vc_column width=&#8221;1\/3&#8243;][\/vc_column][vc_column css_animation=&#8221;fadeIn&#8221; width=&#8221;1\/3&#8243;]<form class=\"dt-contact-form dt-form\" method=\"post\"><input type=\"hidden\" name=\"widget_id\" value=\"presscore-contact-form-widget--1\" \/><input type=\"hidden\" name=\"send_message\" value=\"\" \/><input type=\"hidden\" name=\"security_token\" value=\"0741202c24bb03a038df\"\/><div class=\"form-fields\"><span class=\"form-name\"><label class=\"assistive-text\">Nom *<\/label><input type=\"text\" class=\"validate[required]\" placeholder=\"Nom *\" name=\"name\" value=\"\" aria-required=\"true\">\n<\/span><span class=\"form-mail\"><label class=\"assistive-text\">E-mail *<\/label><input type=\"text\" class=\"validate[required,custom[email]]\" placeholder=\"E-mail *\" name=\"email\" value=\"\" aria-required=\"true\">\n<\/span><span class=\"form-telephone\"><label class=\"assistive-text\">T\u00e9l\u00e9phone *<\/label><input type=\"text\" class=\"validate[required,custom[phone]]\" placeholder=\"T\u00e9l\u00e9phone *\" name=\"telephone\" value=\"\" aria-required=\"true\">\n<\/span><span class=\"form-city\"><label class=\"assistive-text\">Ville<\/label><input type=\"text\" placeholder=\"Ville\" name=\"city\" value=\"\" aria-required=\"false\">\n<\/span><\/div><span class=\"form-message\"><label class=\"assistive-text\">Message *<\/label><textarea class=\"validate[required]\" placeholder=\"Message *\" name=\"message\" rows=\"6\" aria-required=\"true\"><\/textarea>\n<\/span><p><a href=\"#\" class=\"dt-btn dt-btn-m dt-btn-submit\" rel=\"nofollow\"><span>Soumission Transformateur de Fruits de Mer<\/span><\/a><input class=\"assistive-text\" type=\"submit\" value=\"envoyer\"><\/p><\/form>\n[\/vc_column][\/vc_row][vc_row css=&#8221;.vc_custom_1517838298819{padding-top: 25px !important;}&#8221;][vc_column]<div id=\"ultimate-heading-779469d404559174b\" class=\"uvc-heading ult-adjust-bottom-margin ultimate-heading-779469d404559174b uvc-484  uvc-heading-default-font-sizes\" data-hspacer=\"line_only\"  data-halign=\"left\" style=\"text-align:left\"><div class=\"uvc-main-heading ult-responsive\"  data-ultimate-target='.uvc-heading.ultimate-heading-779469d404559174b h2'  data-responsive-json-new='{\"font-size\":\"\",\"line-height\":\"\"}' ><h2 style=\"font-weight:bold;\">L\u2019Assurance pour Transformateur de Fruits de Mer au Nouveau-Brunswick <\/h2><\/div><div class=\"uvc-heading-spacer line_only\" style=\"margin-bottom:40px;height:3px;\"><span class=\"uvc-headings-line\" style=\"border-style:solid;border-bottom-width:3px;border-color:#0075a9;width:200px;\"><\/span><\/div><\/div>[vc_column_text]<\/p>\n<p class=\"p1\"><span class=\"s1\">Au Nouveau-Brunswick, l\u2019industrie de la p\u00eache est une grosse entreprise et plusieurs d\u2019entre nous gagnent leur vie sur l\u2019eau. En fait, la p\u00eache commerciale est une industrie de plusieurs milliards de dollars ici, et si vous appartenez une compagnie de transformation de fruits de mer, votre entreprise est aussi importante que les gens qui p\u00eachent les poissons, les homards et autres sp\u00e9cialit\u00e9s d\u00e9licieuses provenant des eaux locales. Si vous tenez \u00e0 ce que vos int\u00e9r\u00eats financiers soient bien prot\u00e9g\u00e9s, vous aurez besoin de la meilleure assurance pour transformateur de fruits de mer possible, et vous ne pouvez pas vous permettre de diminuer votre couverture afin d\u2019\u00e9pargner sur les co\u00fbts. Voici une histoire exemple qui d\u00e9montre l\u2019importance de se procurer la bonne couverture. <\/span><\/p>\n<p class=\"p1\"><span class=\"s1\">Fred travaille dans l\u2019industrie de transformation des fruits de mer depuis plusieurs ann\u00e9es. En fait, son p\u00e8re et son grand-p\u00e8re y ont travaill\u00e9 aussi. Cependant, Fred a r\u00e9cemment agrandi son entreprise afin de pouvoir transformer plus d\u2019homards et plus de crabes, et de pouvoir aussi augmenter sa marge de profits. <\/span><\/p>\n<p class=\"p1\"><span class=\"s1\">Fred s\u2019\u00e9tait dit que son assurance aquaculture \u00e9tait suffisante, mais juste pour pr\u00e9venir, il alla voir son professionnel d\u2019assurance. Apr\u00e8s tout, la gestion des risques n\u2019\u00e9tait pas une chose \u00e0 prendre l\u00e9g\u00e8rement, et Fred savait que c\u2019\u00e9tait une bonne id\u00e9e de se procurer une assistance professionnelle afin de discuter des choses avec lesquelles il n\u2019\u00e9tait pas familier. C\u2019\u00e9tait une chose qu\u2019il avait appris de son p\u00e8re il y a tr\u00e8s longtemps. <\/span><\/p>\n<p class=\"p1\"><span class=\"s1\">Le courtier de Fred lui avisa de prendre une couverture de frais de remplacement pour sa nouvelle usine. En seulement quelques ann\u00e9es, le co\u00fbt pour remplacer cette usine (si par malheur elle devait \u00eatre d\u00e9truite) pourrait augmenter de 10 ou peut-\u00eatre m\u00eame 20 pour cent, et une assurance de base ne serait pas assez suffisante pour couvrir ces co\u00fbts. Le courtier d\u2019assurance sugg\u00e9ra aussi \u00e0 Fred d\u2019augmenter plusieurs autres de ses options d\u2019assurance fruits de mer. <\/span><\/p>\n<p class=\"p1\"><span class=\"s1\">Environ 7 mois plus tard, la compagnie de Fred venait tout juste de terminer la transformation d\u2019une cargaison enti\u00e8re de viande \u00e0 homard qui partit en camion vers 18h00 ce soir-l\u00e0. Le lendemain, Fred re\u00e7ut un appel lui informant que le camion avait \u00e9t\u00e9 impliqu\u00e9 dans un gros accident et que toute la cargaison serait une perte totale.<\/span><\/p>\n<p class=\"p1\"><span class=\"s1\">Fred contacta son courtier d\u2019assurance et ce dernier lui expliqua que Fred avait bien fait d\u2019augmenter sa couverture de transport maritime, puisque la cargaison d\u2019homard avait une valeur bien plus grande que celle qu\u2019aurait pu couvrir son ancienne limite de couverture. Et en fin de compte, la compagnie de Fred put \u00e9conomiser plusieurs milliers de dollars. <\/span><\/p>\n<h3 class=\"p2\"><span class=\"s1\" style=\"color: #003e52;\"><b>Qu\u2019est-ce qu\u2019est l\u2019assurance pour transformateur de fruits de mer?<\/b><\/span><\/h3>\n<p class=\"p1\"><span class=\"s1\">Si votre compagnie transforme le poisson, le homard et autres fruits de mer, votre entreprise est bien diff\u00e9rente de toutes les autres. Et donc, vos risques sont aussi bien diff\u00e9rents et votre couverture d\u2019assurance devrait refl\u00e9ter ces diff\u00e9rences. Voici pourquoi l\u2019assurance pour transformateur de fruits de mer a \u00e9t\u00e9 cr\u00e9\u00e9e. Elle r\u00e9pond aux besoins de l\u2019usine moderne qui effectue la transformation des fruits de mer. <\/span><\/p>\n<h3 class=\"p2\"><span class=\"s1\" style=\"color: #003e52;\"><b>Qui devrait avoir une police d\u2019assurance aquaculture? <\/b><\/span><\/h3>\n<p class=\"p1\"><span class=\"s1\">Si vous travaillez dans l\u2019industrie des fruits de mer, vous devriez consid\u00e9rer une assurance personnalis\u00e9e pour votre compagnie. L\u2019aquaculture se d\u00e9finit comme la culture, la p\u00eache et la transformation des fruits de mer. Ces entreprises n\u00e9cessiteront d\u2019une assurance sp\u00e9cialis\u00e9e\u00a0: <\/span><\/p>\n<ul class=\"ul1\">\n<li class=\"li1\"><span class=\"s1\">Les transformateurs de fruits de mer frais <\/span><\/li>\n<li class=\"li1\"><span class=\"s1\">Les services de mise en conserve<\/span><\/li>\n<li class=\"li1\"><span class=\"s1\">Les poissonneries<\/span><\/li>\n<li class=\"li1\"><span class=\"s1\">Toute entreprise qui transforme les fruits de mer<br \/>\n<\/span><\/li>\n<\/ul>\n<h3 class=\"p1\"><span class=\"s1\" style=\"color: #003e52;\"><b>L\u2019assurance pour transformateur de fruits de mer au Nouveau-Brunswick \u2013 Bien s\u2019y prendre d\u00e8s le premier coup<\/b><\/span><\/h3>\n<p class=\"p2\"><span class=\"s1\">Il est absolument essentiel d\u2019avoir la bonne assurance en place en tout temps. Par le temps que vous r\u00e9alisiez que vous avez mal calcul\u00e9 ou fait une erreur dans votre couverture, il pourrait \u00eatre trop tard et vous pourriez avoir \u00e0 g\u00e9rer de graves probl\u00e8mes financiers. Votre entreprise et le futur de vos employ\u00e9s d\u00e9pendent de votre capacit\u00e9 de pouvoir g\u00e9rer avec succ\u00e8s vos risques commerciaux, et vous devriez avoir de l\u2019aide professionnelle avec ce propos. <\/span><\/p>\n<h3 class=\"p1\"><span class=\"s1\" style=\"color: #003e52;\"><b>Une assistance professionnelle chez Assurance Vienneau<\/b><\/span><\/h3>\n<p class=\"p2\"><span class=\"s1\">Lorsque vous venez chez Assurance Vienneau vous n\u2019y trouverez aucun repr\u00e9sentant de compagnie d\u2019assurance qui se pointe l\u00e0 \u00e0 vous vendre n\u2019importe quelle police et \u00e0 amasser un ch\u00e8que de paie de notre compagnie. Nos employ\u00e9s sont des courtiers d\u2019assurance ind\u00e9pendants qui ne travaillent pas pour une seule compagnie d\u2019assurance, et ceci est une excellente nouvelle pour vous. <\/span><\/p>\n<p class=\"p2\"><span class=\"s1\">Un repr\u00e9sentant d\u2019assurance qui travaille pour une compagnie d\u2019assurance peut seulement vous vendre ce que cette compagnie a \u00e0 offrir. S\u2019il existe de meilleures aubaines ailleurs, il ne veut pas que vous le sachiez, puisqu\u2019il ne veut pas vous perdre comme client. Votre courtier d\u2019assurance chez Assurance Vienneau veut vous d\u00e9montrer qu\u2019il existe plusieurs offres diff\u00e9rentes et vous aide \u00e0 choisir la meilleure couverture et les primes les plus basses pour votre assurance commerciale. <\/span><\/p>\n<p class=\"p2\"><span class=\"s1\">Nous entreprenons tout le gros travail qu\u2019implique la recherche de vous trouver la bonne assurance, et c\u2019est vous qui en b\u00e9n\u00e9ficiez. Nous sommes dans la capitale mondiale du homard et nous nous y connaissons en assurance de fruits de mer. Ne prenez pas de risque avec votre entreprise et le futur de vos employ\u00e9s. Venez nous voir chez Assurance Vienneau d\u00e8s aujourd\u2019hui pour un devis gratuit et sans obligation sur votre assurance. <span class=\"Apple-converted-space\">\u00a0 \u00a0 \u00a0 \u00a0<\/span><\/span><\/p>\n<p>[\/vc_column_text][\/vc_column][\/vc_row][vc_row][vc_column][\/vc_column][\/vc_row]<\/p>\n","protected":false},"excerpt":{"rendered":"<p>[vc_row bg_type=&#8221;image&#8221; parallax_style=&#8221;vcpb-default&#8221; bg_image_new=&#8221;id^1269|url^https:\/\/govienneau.com\/wp-content\/uploads\/2018\/02\/seafood2-dark-top.jpg|caption^null|alt^null|title^seafood2 &#8211; dark top|description^null&#8221; bg_override=&#8221;full&#8221; enable_overlay=&#8221;enable_overlay_value&#8221; overlay_color=&#8221;#212121&#8243; seperator_enable=&#8221;seperator_enable_value&#8221; seperator_type=&#8221;tilt_left_seperator&#8221; seperator_position=&#8221;bottom_seperator&#8221; seperator_svg_height=&#8221;100&#8243; el_id=&#8221;seafood&#8221; css=&#8221;.vc_custom_1517495985988{padding-top: 130px !important;padding-bottom: 100px !important;}&#8221;][vc_column width=&#8221;1\/3&#8243;][\/vc_column][vc_column width=&#8221;1\/3&#8243;][\/vc_column][vc_column css_animation=&#8221;fadeIn&#8221; width=&#8221;1\/3&#8243;][\/vc_column][\/vc_row][vc_row css=&#8221;.vc_custom_1517838298819{padding-top: 25px !important;}&#8221;][vc_column][vc_column_text] Au Nouveau-Brunswick, l\u2019industrie de la p\u00eache est une grosse entreprise et plusieurs d\u2019entre nous gagnent leur vie sur l\u2019eau. En fait, la p\u00eache commerciale est une industrie de&hellip;<\/p>\n","protected":false},"author":1,"featured_media":0,"parent":0,"menu_order":0,"comment_status":"closed","ping_status":"closed","template":"","meta":{"_mi_skip_tracking":false},"yst_prominent_words":[],"_links":{"self":[{"href":"https:\/\/govienneau.com\/fr\/wp-json\/wp\/v2\/pages\/1468"}],"collection":[{"href":"https:\/\/govienneau.com\/fr\/wp-json\/wp\/v2\/pages"}],"about":[{"href":"https:\/\/govienneau.com\/fr\/wp-json\/wp\/v2\/types\/page"}],"author":[{"embeddable":true,"href":"https:\/\/govienneau.com\/fr\/wp-json\/wp\/v2\/users\/1"}],"replies":[{"embeddable":true,"href":"https:\/\/govienneau.com\/fr\/wp-json\/wp\/v2\/comments?post=1468"}],"version-history":[{"count":5,"href":"https:\/\/govienneau.com\/fr\/wp-json\/wp\/v2\/pages\/1468\/revisions"}],"predecessor-version":[{"id":1481,"href":"https:\/\/govienneau.com\/fr\/wp-json\/wp\/v2\/pages\/1468\/revisions\/1481"}],"wp:attachment":[{"href":"https:\/\/govienneau.com\/fr\/wp-json\/wp\/v2\/media?parent=1468"}],"wp:term":[{"taxonomy":"yst_prominent_words","embeddable":true,"href":"https:\/\/govienneau.com\/fr\/wp-json\/wp\/v2\/yst_prominent_words?post=1468"}],"curies":[{"name":"wp","href":"https:\/\/api.w.org\/{rel}","templated":true}]}}