{"id":1471,"date":"2018-02-05T09:32:42","date_gmt":"2018-02-05T13:32:42","guid":{"rendered":"https:\/\/govienneau.com\/lassurance-restaurant\/"},"modified":"2018-02-05T09:38:51","modified_gmt":"2018-02-05T13:38:51","slug":"lassurance-restaurant","status":"publish","type":"page","link":"https:\/\/govienneau.com\/fr\/lassurance-restaurant\/","title":{"rendered":"L&#8217;Assurance Restaurant"},"content":{"rendered":"<p>[vc_row bg_type=&#8221;image&#8221; parallax_style=&#8221;vcpb-default&#8221; bg_image_new=&#8221;id^1276|url^https:\/\/govienneau.com\/wp-content\/uploads\/2018\/02\/restaurant2-dark-top.jpg|caption^null|alt^null|title^restaurant2 &#8211; dark top|description^null&#8221; bg_override=&#8221;full&#8221; enable_overlay=&#8221;enable_overlay_value&#8221; overlay_color=&#8221;#212121&#8243; seperator_enable=&#8221;seperator_enable_value&#8221; seperator_type=&#8221;tilt_left_seperator&#8221; seperator_position=&#8221;bottom_seperator&#8221; seperator_svg_height=&#8221;100&#8243; el_id=&#8221;restaurant&#8221; css=&#8221;.vc_custom_1517498357029{padding-top: 130px !important;padding-bottom: 100px !important;}&#8221;][vc_column width=&#8221;1\/3&#8243;][\/vc_column][vc_column width=&#8221;1\/3&#8243;][\/vc_column][vc_column css_animation=&#8221;fadeIn&#8221; width=&#8221;1\/3&#8243;]<form class=\"dt-contact-form dt-form\" method=\"post\"><input type=\"hidden\" name=\"widget_id\" value=\"presscore-contact-form-widget--1\" \/><input type=\"hidden\" name=\"send_message\" value=\"\" \/><input type=\"hidden\" name=\"security_token\" value=\"0741202c24bb03a038df\"\/><div class=\"form-fields\"><span class=\"form-name\"><label class=\"assistive-text\">Nom *<\/label><input type=\"text\" class=\"validate[required]\" placeholder=\"Nom *\" name=\"name\" value=\"\" aria-required=\"true\">\n<\/span><span class=\"form-mail\"><label class=\"assistive-text\">E-mail *<\/label><input type=\"text\" class=\"validate[required,custom[email]]\" placeholder=\"E-mail *\" name=\"email\" value=\"\" aria-required=\"true\">\n<\/span><span class=\"form-telephone\"><label class=\"assistive-text\">T\u00e9l\u00e9phone *<\/label><input type=\"text\" class=\"validate[required,custom[phone]]\" placeholder=\"T\u00e9l\u00e9phone *\" name=\"telephone\" value=\"\" aria-required=\"true\">\n<\/span><span class=\"form-city\"><label class=\"assistive-text\">Ville<\/label><input type=\"text\" placeholder=\"Ville\" name=\"city\" value=\"\" aria-required=\"false\">\n<\/span><\/div><span class=\"form-message\"><label class=\"assistive-text\">Message *<\/label><textarea class=\"validate[required]\" placeholder=\"Message *\" name=\"message\" rows=\"6\" aria-required=\"true\"><\/textarea>\n<\/span><p><a href=\"#\" class=\"dt-btn dt-btn-m dt-btn-submit\" rel=\"nofollow\"><span>Obtenir une soumission Restaurant<\/span><\/a><input class=\"assistive-text\" type=\"submit\" value=\"envoyer\"><\/p><\/form>\n[\/vc_column][\/vc_row][vc_row][vc_column]<div id=\"ultimate-heading-330869d38a40c4e0e\" class=\"uvc-heading ult-adjust-bottom-margin ultimate-heading-330869d38a40c4e0e uvc-1642  uvc-heading-default-font-sizes\" data-hspacer=\"line_only\"  data-halign=\"left\" style=\"text-align:left\"><div class=\"uvc-main-heading ult-responsive\"  data-ultimate-target='.uvc-heading.ultimate-heading-330869d38a40c4e0e h2'  data-responsive-json-new='{\"font-size\":\"\",\"line-height\":\"\"}' ><h2 style=\"font-weight:bold;\">L'Assurance Restaurant<\/h2><\/div><div class=\"uvc-heading-spacer line_only\" style=\"margin-bottom:40px;height:3px;\"><span class=\"uvc-headings-line\" style=\"border-style:solid;border-bottom-width:3px;border-color:#0075a9;width:200px;\"><\/span><\/div><\/div>[vc_column_text]Maintenir le succ\u00e8s d&#8217;un bon restaurant est une exp\u00e9rience que plusieurs d\u00e9crivent comme \u00e9tant exhaustive mais toute aussi gratifiante! Le m\u00e9tier de restaurateur n&#8217;est certainement pas facile; une seule journ\u00e9e sur la job inclut souvent le maintien d&#8217;un inventaire d&#8217;items p\u00e9rissables, la coordination de tous les horaires des employ\u00e9s, la satisfaction des clients, et tout simplement la grande t\u00e2che de s&#8217;assurer que tout s&#8217;additionne \u00e0 la fin de la journ\u00e9e! Ceci \u00e9tant dit, s&#8217;assurer d&#8217;avoir la bonne assurance restaurant au Nouveau-Brunswick ne devrait pas ajouter \u00e0 votre stress!<\/p>\n<h3><span style=\"color: #003e52;\"><strong>Pourquoi les restaurants donnent souvent des br\u00fblements d&#8217;estomac aux assureurs! <\/strong><\/span><\/h3>\n<p>Il n&#8217;y a pas beaucoup d&#8217;entreprises sur le march\u00e9 qui ont le pouvoir de rassembler autant de risques redout\u00e9s qui font suer les dirigeants parano\u00efaques de compagnies d&#8217;assurance en plein dans leurs habits! D&#8217;abord, on retrouve des fourneaux br\u00fblants situ\u00e9s \u00e0 c\u00f4t\u00e9 de friteuses bouillonnantes. Ensuite il y a le va-et-vient constant de client\u00e8le pendant toute la journ\u00e9e, augmentant l&#8217;exposition aux responsabilit\u00e9s qui accompagnent des incidents comme des chutes dans le terrain de stationnement, ou encore dans des lobbys ou des entr\u00e9es mouill\u00e9es. Et tout \u00e7a c&#8217;est sans mentionner le risque constant d&#8217;intoxications alimentaires! Ajoutons les risques concernant les responsabilit\u00e9s li\u00e9es \u00e0 l&#8217;alcool et nous avons presque un menu complet de risques qui donnerait \u00e0 la plupart des assureurs un m\u00e9chant cas de br\u00fblement d&#8217;estomac!<\/p>\n<h3><span style=\"color: #003e52;\"><strong>Nous sommes l&#8217;antiacide pour vos soucis d&#8217;assurance restaurant <\/strong><\/span><\/h3>\n<p>Assurance Vienneau s&#8217;y connait en restaurants, et nous savons qu&#8217;un \u00e9tablissement g\u00e9r\u00e9 par des professionnels n&#8217;est pas plus \u00e9peurant qu&#8217;un repas d&#8217;enfant!<\/p>\n<p><strong>Voici quelques fa\u00e7ons dont un restaurant peut maintenir des primes moins \u00e9lev\u00e9es\u00a0: <\/strong><\/p>\n<ul>\n<li><strong>Assurez-vous que votre \u00e9quipement est \u00e0 jour et suit les normes<\/strong>\u00a0: s&#8217;assurer que les hottes et les conduits d&#8217;a\u00e9ration sont tous propres et que l&#8217;\u00e9quipement de suppression des incendies est \u00e0 jour. S&#8217;assurer aussi que les chaudrons et les po\u00eales et tout autre \u00e9quipement de base ne sont pas en mauvais \u00e9tat (trou\u00e9s, rouill\u00e9s, etc.).<\/li>\n<li><strong>Suivez les codes sanitaires\u00a0: <\/strong>Tourner les coins ronds peut facilement mener \u00e0 des r\u00e9clamations et une augmentation des primes d&#8217;assurance. Assurez-vous que vos employ\u00e9s ont suivi les tous derniers cours en sant\u00e9 et s\u00e9curit\u00e9 disponibles.<\/li>\n<li><strong>Gardez un \u0153il sur les risques de responsabilit\u00e9<\/strong>\u00a0: Gardez votre \u00e9tablissement et votre propri\u00e9t\u00e9 libres de risques de chutes et de tr\u00e9buchages, ceci comprend l&#8217;int\u00e9rieur de votre restaurant et le terrain de stationnement. Il est aussi important que vos serviteurs sachent que le restaurant pourrait \u00eatre tenu responsable s&#8217;ils servent un exc\u00e8s d&#8217;alcool \u00e0 un client.<\/li>\n<\/ul>\n<p>Nous offrons de l&#8217;assurance restaurant au Nouveau-Brunswick depuis 1948, et nous avons \u00e0 peu pr\u00e8s tout vu et tout fait. Nous avons fourni de l&#8217;assurance \u00e0 des camions restaurants, \u00e0 des vendeurs aux March\u00e9s des fermiers, \u00e0 des restaurants franchis\u00e9s, et m\u00eame \u00e0 des pubs et des bars avec de grosses ventes d&#8217;alcool. Nous assurons plusieurs \u00e9tablissements reconnus soit pour leur fine cuisine ou encore pour leur d\u00e9licieuse cuisine \u00ab\u00a0faite maison comme celle de grand-maman\u00a0\u00bb des Maritimes.<\/p>\n<p>Contactez-nous d\u00e8s aujourd&#8217;hui pour une r\u00e9vision gratuite de vos besoins d&#8217;assurance restaurant, et pour voir ce que nous pouvons faire pour vous![\/vc_column_text][\/vc_column][\/vc_row][vc_row][vc_column][\/vc_column][\/vc_row]<\/p>\n","protected":false},"excerpt":{"rendered":"<p>[vc_row bg_type=&#8221;image&#8221; parallax_style=&#8221;vcpb-default&#8221; bg_image_new=&#8221;id^1276|url^https:\/\/govienneau.com\/wp-content\/uploads\/2018\/02\/restaurant2-dark-top.jpg|caption^null|alt^null|title^restaurant2 &#8211; dark top|description^null&#8221; bg_override=&#8221;full&#8221; enable_overlay=&#8221;enable_overlay_value&#8221; overlay_color=&#8221;#212121&#8243; seperator_enable=&#8221;seperator_enable_value&#8221; seperator_type=&#8221;tilt_left_seperator&#8221; seperator_position=&#8221;bottom_seperator&#8221; seperator_svg_height=&#8221;100&#8243; el_id=&#8221;restaurant&#8221; css=&#8221;.vc_custom_1517498357029{padding-top: 130px !important;padding-bottom: 100px !important;}&#8221;][vc_column width=&#8221;1\/3&#8243;][\/vc_column][vc_column width=&#8221;1\/3&#8243;][\/vc_column][vc_column css_animation=&#8221;fadeIn&#8221; width=&#8221;1\/3&#8243;][\/vc_column][\/vc_row][vc_row][vc_column][vc_column_text]Maintenir le succ\u00e8s d&#8217;un bon restaurant est une exp\u00e9rience que plusieurs d\u00e9crivent comme \u00e9tant exhaustive mais toute aussi gratifiante! Le m\u00e9tier de restaurateur n&#8217;est certainement pas facile; une seule journ\u00e9e sur la&hellip;<\/p>\n","protected":false},"author":1,"featured_media":0,"parent":0,"menu_order":0,"comment_status":"closed","ping_status":"closed","template":"","meta":{"_mi_skip_tracking":false},"yst_prominent_words":[],"_links":{"self":[{"href":"https:\/\/govienneau.com\/fr\/wp-json\/wp\/v2\/pages\/1471"}],"collection":[{"href":"https:\/\/govienneau.com\/fr\/wp-json\/wp\/v2\/pages"}],"about":[{"href":"https:\/\/govienneau.com\/fr\/wp-json\/wp\/v2\/types\/page"}],"author":[{"embeddable":true,"href":"https:\/\/govienneau.com\/fr\/wp-json\/wp\/v2\/users\/1"}],"replies":[{"embeddable":true,"href":"https:\/\/govienneau.com\/fr\/wp-json\/wp\/v2\/comments?post=1471"}],"version-history":[{"count":4,"href":"https:\/\/govienneau.com\/fr\/wp-json\/wp\/v2\/pages\/1471\/revisions"}],"predecessor-version":[{"id":1478,"href":"https:\/\/govienneau.com\/fr\/wp-json\/wp\/v2\/pages\/1471\/revisions\/1478"}],"wp:attachment":[{"href":"https:\/\/govienneau.com\/fr\/wp-json\/wp\/v2\/media?parent=1471"}],"wp:term":[{"taxonomy":"yst_prominent_words","embeddable":true,"href":"https:\/\/govienneau.com\/fr\/wp-json\/wp\/v2\/yst_prominent_words?post=1471"}],"curies":[{"name":"wp","href":"https:\/\/api.w.org\/{rel}","templated":true}]}}