{"id":1495,"date":"2018-02-05T10:07:26","date_gmt":"2018-02-05T14:07:26","guid":{"rendered":"https:\/\/govienneau.com\/worrypasconcours\/"},"modified":"2019-11-01T09:58:54","modified_gmt":"2019-11-01T13:58:54","slug":"worrypasconcours","status":"publish","type":"page","link":"https:\/\/govienneau.com\/fr\/worrypasconcours\/","title":{"rendered":"worrypasconcours"},"content":{"rendered":"<p>[vc_row bg_type=&#8221;image&#8221; parallax_style=&#8221;vcpb-vz-jquery&#8221; bg_image_new=&#8221;id^827|url^http:\/\/govienneau.com\/wp-content\/uploads\/2018\/01\/winter-dark-top-blog.jpg|caption^null|alt^null|title^winter &#8211; dark top -blog|description^null&#8221; bg_override=&#8221;full&#8221; enable_overlay=&#8221;enable_overlay_value&#8221; seperator_enable=&#8221;seperator_enable_value&#8221; seperator_type=&#8221;tilt_left_seperator&#8221; seperator_position=&#8221;bottom_seperator&#8221; seperator_svg_height=&#8221;100&#8243; css=&#8221;.vc_custom_1516714719997{padding-top: 100px !important;padding-bottom: 100px !important;}&#8221;][vc_column width=&#8221;1\/3&#8243; css=&#8221;.vc_custom_1516630372687{padding-top: 100px !important;padding-left: 100px !important;}&#8221;][vc_single_image image=&#8221;822&#8243; img_size=&#8221;medium&#8221; css_animation=&#8221;bounceInLeft&#8221;][\/vc_column][vc_column width=&#8221;1\/3&#8243;][\/vc_column][vc_column width=&#8221;1\/3&#8243;][\/vc_column][\/vc_row][vc_row][vc_column css=&#8221;.vc_custom_1516626832269{padding-bottom: 25px !important;}&#8221;][vc_single_image image=&#8221;1946&#8243; img_size=&#8221;full&#8221; css=&#8221;.vc_custom_1523300492303{padding-top: 50px !important;}&#8221;][\/vc_column][\/vc_row][vc_row css=&#8221;.vc_custom_1517839881980{padding-top: 25px !important;}&#8221;][vc_column css=&#8221;.vc_custom_1516630503305{padding-top: 25px !important;}&#8221;]<div id=\"ultimate-heading-635369d3a0c28324e\" class=\"uvc-heading ult-adjust-bottom-margin ultimate-heading-635369d3a0c28324e uvc-4682  uvc-heading-default-font-sizes\" data-hspacer=\"line_only\"  data-halign=\"left\" style=\"text-align:left\"><div class=\"uvc-main-heading ult-responsive\"  data-ultimate-target='.uvc-heading.ultimate-heading-635369d3a0c28324e h2'  data-responsive-json-new='{\"font-size\":\"\",\"line-height\":\"\"}' ><h2 style=\"--font-weight:theme;margin-top:25px;\">Concours Mercredi Worry Pas<\/h2><\/div><div class=\"uvc-heading-spacer line_only\" style=\"topheight:3px;\"><span class=\"uvc-headings-line\" style=\"border-style:solid;border-bottom-width:3px;border-color:#0075a9;width:300px;\"><\/span><\/div><\/div>[vc_column_text css=&#8221;.vc_custom_1572616730336{padding-top: 50px !important;}&#8221;]<\/p>\n<h3 class=\"p1\"><span class=\"s1\" style=\"color: #003e52;\"><b>D\u00e9tails du concours\u00a0:\u00a0<\/b><\/span><\/h3>\n<p class=\"p1\"><span class=\"s1\">Pour vous inscrire, vous n\u2019avez qu\u2019\u00e0 publier une photo \u00ab\u00a0Worry Pas\u00a0\u00bb sur Facebook ou Instagram avec le mot-clic \u00ab\u00a0#WorryPas\u00a0\u00bb pour \u00eatre inscrit au tirage mensuel d\u2019une carte-cadeau de 100 $ au spa* (ou 80 $ en argent comptant). <\/span><\/p>\n<p class=\"p1\"><span class=\"s1\">Les photos inscrites au tirage seront partag\u00e9es dans nos publications hebdomadaires \u00ab\u00a0Mercredi Worry pas\u00a0\u00bb sur Facebook et Instagram o\u00f9 le public votera pour ses photos pr\u00e9f\u00e9r\u00e9es. Les votes sur les deux plateformes seront comptabilis\u00e9s \u00e0 la fin de semaine (mercredi matin, 8\u00a0h\u00a030) et un gagnant sera identifi\u00e9 chaque semaine. Apr\u00e8s<\/span><span class=\"s1\">\u00a0le dernier mercredi du mois, le gagnant hebdomadaire avec le plus grand nombre de votes remportera le prix mensuel! <\/span><\/p>\n<h3 class=\"p1\"><span class=\"s1\" style=\"color: #003e52;\"><b>R\u00e8glements du concours\u00a0:<\/b><\/span><\/h3>\n<p class=\"p1\"><span class=\"s1\">\u00a0&#8211; Vous devez utiliser un des mots-clics suivants : #WorryPasWednesday or #MercrediWorryPas.<\/span><\/p>\n<p class=\"p1\"><span class=\"s1\">&#8211; Vous devez \u00eatre un r\u00e9sident du Nouveau Brunswick.<\/span><\/p>\n<p class=\"p1\"><span class=\"s1\">&#8211; Les employ\u00e9s et membres de leur foyer peuvent soumettre des photos, mais ne sont pas admissibles au tirage mensuel.<\/span><\/p>\n<p class=\"p1\"><span class=\"s1\">&#8211; Les administrateurs de nos pages doivent consid\u00e9rer que les photos sont appropri\u00e9es (par exemple\u00a0: aucune nudit\u00e9, vulgarit\u00e9 ou violence insinu\u00e9e).<\/span><\/p>\n<p class=\"p1\"><span class=\"s1\">&#8211; N\u2019affichez que des images pour lesquelles il n\u2019y a pas de droits d\u2019auteur et o\u00f9 vous avez la permission de toutes les personnes dans la photo. <\/span><\/p>\n<p class=\"p1\"><span class=\"s1\">&#8211; En vous inscrivant au concours, vous nous donnez la permission de faire une copie num\u00e9rique de votre photo pour la publier sur la page de notre concours et vous comprenez que la qualit\u00e9\/r\u00e9solution de notre image copi\u00e9e pourrait diff\u00e9rer de celle de votre photo originale.<\/span><\/p>\n<p>&#8211;\u00a0Le\/la gagnant(e) de chaque mois sera annonc\u00e9 le premier mercredi du mois suivant sur notre facebook.<\/p>\n<p class=\"p1\"><span class=\"s1\">*Les cartes-cadeaux de 100 $ sont \u00e9changeables dans un des 4 spas : <\/span><\/p>\n<p>Dastous Dio Spa | Salon (Dieppe), La Spa Salon &amp; Spa (Moncton or Riverview), Sparkle Lifestyle et Medispa (Moncton), ou USVA Spa Nordik (Moncton).[\/vc_column_text][\/vc_column][\/vc_row]<\/p>\n","protected":false},"excerpt":{"rendered":"<p>[vc_row bg_type=&#8221;image&#8221; parallax_style=&#8221;vcpb-vz-jquery&#8221; bg_image_new=&#8221;id^827|url^http:\/\/govienneau.com\/wp-content\/uploads\/2018\/01\/winter-dark-top-blog.jpg|caption^null|alt^null|title^winter &#8211; dark top -blog|description^null&#8221; bg_override=&#8221;full&#8221; enable_overlay=&#8221;enable_overlay_value&#8221; seperator_enable=&#8221;seperator_enable_value&#8221; seperator_type=&#8221;tilt_left_seperator&#8221; seperator_position=&#8221;bottom_seperator&#8221; seperator_svg_height=&#8221;100&#8243; css=&#8221;.vc_custom_1516714719997{padding-top: 100px !important;padding-bottom: 100px !important;}&#8221;][vc_column width=&#8221;1\/3&#8243; css=&#8221;.vc_custom_1516630372687{padding-top: 100px !important;padding-left: 100px !important;}&#8221;][vc_single_image image=&#8221;822&#8243; img_size=&#8221;medium&#8221; css_animation=&#8221;bounceInLeft&#8221;][\/vc_column][vc_column width=&#8221;1\/3&#8243;][\/vc_column][vc_column width=&#8221;1\/3&#8243;][\/vc_column][\/vc_row][vc_row][vc_column css=&#8221;.vc_custom_1516626832269{padding-bottom: 25px !important;}&#8221;][vc_single_image image=&#8221;1946&#8243; img_size=&#8221;full&#8221; css=&#8221;.vc_custom_1523300492303{padding-top: 50px !important;}&#8221;][\/vc_column][\/vc_row][vc_row css=&#8221;.vc_custom_1517839881980{padding-top: 25px !important;}&#8221;][vc_column css=&#8221;.vc_custom_1516630503305{padding-top: 25px !important;}&#8221;][vc_column_text css=&#8221;.vc_custom_1572616730336{padding-top: 50px !important;}&#8221;] D\u00e9tails du concours\u00a0:\u00a0 Pour vous inscrire, vous n\u2019avez&hellip;<\/p>\n","protected":false},"author":1,"featured_media":0,"parent":0,"menu_order":0,"comment_status":"closed","ping_status":"closed","template":"","meta":{"_mi_skip_tracking":false},"yst_prominent_words":[388,384,284,394,389,382,399,391,383,393,697,696,387,385,390,698,392,77,386,381],"_links":{"self":[{"href":"https:\/\/govienneau.com\/fr\/wp-json\/wp\/v2\/pages\/1495"}],"collection":[{"href":"https:\/\/govienneau.com\/fr\/wp-json\/wp\/v2\/pages"}],"about":[{"href":"https:\/\/govienneau.com\/fr\/wp-json\/wp\/v2\/types\/page"}],"author":[{"embeddable":true,"href":"https:\/\/govienneau.com\/fr\/wp-json\/wp\/v2\/users\/1"}],"replies":[{"embeddable":true,"href":"https:\/\/govienneau.com\/fr\/wp-json\/wp\/v2\/comments?post=1495"}],"version-history":[{"count":12,"href":"https:\/\/govienneau.com\/fr\/wp-json\/wp\/v2\/pages\/1495\/revisions"}],"predecessor-version":[{"id":3246,"href":"https:\/\/govienneau.com\/fr\/wp-json\/wp\/v2\/pages\/1495\/revisions\/3246"}],"wp:attachment":[{"href":"https:\/\/govienneau.com\/fr\/wp-json\/wp\/v2\/media?parent=1495"}],"wp:term":[{"taxonomy":"yst_prominent_words","embeddable":true,"href":"https:\/\/govienneau.com\/fr\/wp-json\/wp\/v2\/yst_prominent_words?post=1495"}],"curies":[{"name":"wp","href":"https:\/\/api.w.org\/{rel}","templated":true}]}}