{"id":2378,"date":"2018-08-02T12:33:16","date_gmt":"2018-08-02T16:33:16","guid":{"rendered":"https:\/\/govienneau.com\/reclamations-dassurance-vie\/"},"modified":"2018-08-02T12:34:51","modified_gmt":"2018-08-02T16:34:51","slug":"reclamations-dassurance-vie","status":"publish","type":"page","link":"https:\/\/govienneau.com\/fr\/reclamations-dassurance-vie\/","title":{"rendered":"R\u00e9clamations d&#8217;assurance vie"},"content":{"rendered":"<p>[vc_row bg_type=&#8221;image&#8221; parallax_style=&#8221;vcpb-default&#8221; bg_image_new=&#8221;id^486|url^http:\/\/govienneau.com\/wp-content\/uploads\/2018\/01\/Business-dark-top.jpg|caption^null|alt^null|title^Business -dark top|description^null&#8221; bg_override=&#8221;full&#8221; enable_overlay=&#8221;enable_overlay_value&#8221; overlay_color=&#8221;#212121&#8243; seperator_enable=&#8221;seperator_enable_value&#8221; seperator_type=&#8221;tilt_left_seperator&#8221; seperator_position=&#8221;bottom_seperator&#8221; seperator_svg_height=&#8221;100&#8243; el_id=&#8221;claims&#8221; css=&#8221;.vc_custom_1516384863337{padding-top: 130px !important;padding-bottom: 100px !important;}&#8221;][vc_column width=&#8221;1\/3&#8243;]<div id=\"ultimate-heading-217869d38ed5f053e\" class=\"uvc-heading ult-adjust-bottom-margin ultimate-heading-217869d38ed5f053e uvc-7374  uvc-heading-default-font-sizes\" data-hspacer=\"no_spacer\"  data-halign=\"center\" style=\"text-align:center\"><div class=\"uvc-heading-spacer no_spacer\" style=\"top\"><\/div><div class=\"uvc-main-heading ult-responsive\"  data-ultimate-target='.uvc-heading.ultimate-heading-217869d38ed5f053e h2'  data-responsive-json-new='{\"font-size\":\"\",\"line-height\":\"\"}' ><h2 style=\"--font-weight:theme;color:#ffffff;\">R\u00e9clamations<\/h2><\/div><\/div>[\/vc_column][vc_column width=&#8221;1\/3&#8243;][\/vc_column][vc_column css_animation=&#8221;none&#8221; width=&#8221;1\/3&#8243;][\/vc_column][\/vc_row][vc_row][vc_column]<div id=\"ultimate-heading-149969d38ed5f05ab\" class=\"uvc-heading ult-adjust-bottom-margin ultimate-heading-149969d38ed5f05ab uvc-3493  uvc-heading-default-font-sizes\" data-hspacer=\"line_only\"  data-halign=\"left\" style=\"text-align:left\"><div class=\"uvc-main-heading ult-responsive\"  data-ultimate-target='.uvc-heading.ultimate-heading-149969d38ed5f05ab h2'  data-responsive-json-new='{\"font-size\":\"\",\"line-height\":\"\"}' ><h2 style=\"font-weight:bold;\">R\u00e9clamations pour assurance-vie et assurance collective<\/h2><\/div><div class=\"uvc-heading-spacer line_only\" style=\"margin-bottom:40px;height:3px;\"><span class=\"uvc-headings-line\" style=\"border-style:solid;border-bottom-width:3px;border-color:#0075a9;width:200px;\"><\/span><\/div><\/div>[vc_column_text css=&#8221;.vc_custom_1533227117317{padding-top: 25px !important;padding-bottom: 25px !important;}&#8221;]<\/p>\n<p class=\"p1\"><span class=\"s1\">Nous sommes l\u00e0 pour vous dans ce moment difficile. T\u00e9l\u00e9phonez Jacques ou Carolle, au 523-9683<\/span><span class=\"s1\">, ou envoyez-nous un message \u00e0 <a href=\"mailto:carolle@ajsi.com\"><span class=\"s3\">carolle@ajsi.com<\/span><\/a>.<\/span><\/p>\n<p class=\"p1\"><span class=\"s1\">Nous pouvons discuter d\u2019une situation particuli\u00e8re et vous expliquer comment votre assureur g\u00e8re les demandes de r\u00e9clamation selon votre police d\u2019assurance. <\/span><a href=\"tel:18776832812\"><span class=\"s4\">T\u00e9l\u00e9phonez-nous<\/span><\/a><span class=\"s1\"> ou <\/span><span class=\"s4\">envoyez-nous un <a href=\"mailto:info@govienneau.com\">courriel<\/a><\/span><span class=\"s1\"> pour que nous puissions vous aider!<\/span><\/p>\n<p>[\/vc_column_text][\/vc_column][\/vc_row][vc_row][vc_column][\/vc_column][\/vc_row]<\/p>\n","protected":false},"excerpt":{"rendered":"<p>[vc_row bg_type=&#8221;image&#8221; parallax_style=&#8221;vcpb-default&#8221; bg_image_new=&#8221;id^486|url^http:\/\/govienneau.com\/wp-content\/uploads\/2018\/01\/Business-dark-top.jpg|caption^null|alt^null|title^Business -dark top|description^null&#8221; bg_override=&#8221;full&#8221; enable_overlay=&#8221;enable_overlay_value&#8221; overlay_color=&#8221;#212121&#8243; seperator_enable=&#8221;seperator_enable_value&#8221; seperator_type=&#8221;tilt_left_seperator&#8221; seperator_position=&#8221;bottom_seperator&#8221; seperator_svg_height=&#8221;100&#8243; el_id=&#8221;claims&#8221; css=&#8221;.vc_custom_1516384863337{padding-top: 130px !important;padding-bottom: 100px !important;}&#8221;][vc_column width=&#8221;1\/3&#8243;][\/vc_column][vc_column width=&#8221;1\/3&#8243;][\/vc_column][vc_column css_animation=&#8221;none&#8221; width=&#8221;1\/3&#8243;][\/vc_column][\/vc_row][vc_row][vc_column][vc_column_text css=&#8221;.vc_custom_1533227117317{padding-top: 25px !important;padding-bottom: 25px !important;}&#8221;] Nous sommes l\u00e0 pour vous dans ce moment difficile. T\u00e9l\u00e9phonez Jacques ou Carolle, au 523-9683, ou envoyez-nous un message \u00e0 carolle@ajsi.com. Nous pouvons discuter d\u2019une situation particuli\u00e8re&hellip;<\/p>\n","protected":false},"author":1,"featured_media":0,"parent":0,"menu_order":0,"comment_status":"closed","ping_status":"closed","template":"","meta":{"_mi_skip_tracking":false},"yst_prominent_words":[1223,1217,660,462,1219,1218,1216,1220,1222,672,1221,549],"_links":{"self":[{"href":"https:\/\/govienneau.com\/fr\/wp-json\/wp\/v2\/pages\/2378"}],"collection":[{"href":"https:\/\/govienneau.com\/fr\/wp-json\/wp\/v2\/pages"}],"about":[{"href":"https:\/\/govienneau.com\/fr\/wp-json\/wp\/v2\/types\/page"}],"author":[{"embeddable":true,"href":"https:\/\/govienneau.com\/fr\/wp-json\/wp\/v2\/users\/1"}],"replies":[{"embeddable":true,"href":"https:\/\/govienneau.com\/fr\/wp-json\/wp\/v2\/comments?post=2378"}],"version-history":[{"count":1,"href":"https:\/\/govienneau.com\/fr\/wp-json\/wp\/v2\/pages\/2378\/revisions"}],"predecessor-version":[{"id":2379,"href":"https:\/\/govienneau.com\/fr\/wp-json\/wp\/v2\/pages\/2378\/revisions\/2379"}],"wp:attachment":[{"href":"https:\/\/govienneau.com\/fr\/wp-json\/wp\/v2\/media?parent=2378"}],"wp:term":[{"taxonomy":"yst_prominent_words","embeddable":true,"href":"https:\/\/govienneau.com\/fr\/wp-json\/wp\/v2\/yst_prominent_words?post=2378"}],"curies":[{"name":"wp","href":"https:\/\/api.w.org\/{rel}","templated":true}]}}