{"id":2502,"date":"2018-09-17T13:13:37","date_gmt":"2018-09-17T17:13:37","guid":{"rendered":"https:\/\/govienneau.com\/soumissions-en-ligne\/"},"modified":"2018-09-17T14:19:39","modified_gmt":"2018-09-17T18:19:39","slug":"soumissions-en-ligne","status":"publish","type":"page","link":"https:\/\/govienneau.com\/fr\/soumissions-en-ligne\/","title":{"rendered":"Soumissions En-ligne"},"content":{"rendered":"<p>[vc_row full_width=&#8221;stretch_row&#8221; parallax=&#8221;content-moving&#8221; parallax_image=&#8221;1815&#8243; bg_type=&#8221;image&#8221; parallax_style=&#8221;vcpb-vz-jquery&#8221; bg_image_new=&#8221;id^2449|url^https:\/\/govienneau.com\/wp-content\/uploads\/2018\/08\/onlinequote7.jpg|caption^null|alt^null|title^onlinequote7|description^null&#8221; bg_override=&#8221;full&#8221; enable_overlay=&#8221;enable_overlay_value&#8221; overlay_color=&#8221;#6d6d6d&#8221; overlay_pattern_opacity=&#8221;33&#8243; css=&#8221;.vc_custom_1533931626733{padding-top: 50px !important;padding-bottom: 100px !important;background-position: center;background-repeat: no-repeat !important;background-size: cover !important;}&#8221;][vc_column][rev_slider_vc alias=&#8221;onlinequote-fr&#8221;][\/vc_column][\/vc_row][vc_row css=&#8221;.vc_custom_1534448692572{padding-top: 50px !important;}&#8221;][vc_column]<div id=\"ultimate-heading-34369d3d8fbf0eb6\" class=\"uvc-heading ult-adjust-bottom-margin ultimate-heading-34369d3d8fbf0eb6 uvc-1301  uvc-heading-default-font-sizes\" data-hspacer=\"no_spacer\"  data-halign=\"left\" style=\"text-align:left\"><div class=\"uvc-heading-spacer no_spacer\" style=\"top\"><\/div><div class=\"uvc-main-heading ult-responsive\"  data-ultimate-target='.uvc-heading.ultimate-heading-34369d3d8fbf0eb6 h2'  data-responsive-json-new='{\"font-size\":\"\",\"line-height\":\"\"}' ><h2 style=\"--font-weight:theme;color:#003e52;\">Voir par vous-m\u00eame!<\/h2><\/div><div class=\"uvc-sub-heading ult-responsive\"  data-ultimate-target='.uvc-heading.ultimate-heading-34369d3d8fbf0eb6 .uvc-sub-heading '  data-responsive-json-new='{\"font-size\":\"\",\"line-height\":\"\"}'  style=\"font-weight:normal;\"><\/p>\n<div class=\"page\" title=\"Page 1\">\n<div class=\"layoutArea\">\n<div class=\"column\">\n<p>&nbsp;<\/p>\n<\/div>\n<\/div>\n<\/div>\n<p><\/div><\/div>[vc_column_text]<\/p>\n<p class=\"p1\"><span class=\"s1\">Chers N\u00e9o-Brunswickois, demandez et vous le recevrez! Nous effectuons maintenant des soumissions en ligne. Ce service est rapide et est offert par un nom local que vous connaissez depuis les 70 derni\u00e8res ann\u00e9es!<\/span><\/p>\n<p>[\/vc_column_text][vc_column_text css=&#8221;.vc_custom_1534449258451{padding-top: 25px !important;padding-bottom: 25px !important;}&#8221;]<\/p>\n<p class=\"p1\"><span class=\"s1\">Maintenant, en ce qui concerne les petits caract\u00e8res\u2026 mais en gros caract\u00e8res! L\u2019option \u00ab\u00a0Soumission rapide\u00a0\u00bb vous permet d\u2019obtenir une soumission rapidement en tenant compte de certaines suppositions communes (aucune r\u00e9clamation ou condamnation majeure, voiture de plaisance, etc.) Si le prix vous convient, vous pourrez ensuite le peaufiner avec l\u2019option \u00ab\u00a0Soumission d\u00e9taill\u00e9e\u00a0\u00bb<\/span><\/p>\n<p>[\/vc_column_text][vc_column_text]<\/p>\n<p class=\"p1\"><span class=\"s1\">Si vous d\u00e9cidez de nous envoyer votre demande de soumission, notre \u00e9quipe d\u2019experts y jettera un autre \u0153il afin d\u2019assurer que l\u2019information est correcte et elle v\u00e9rifiera si d\u2019autres \u00e9conomies peuvent vous \u00eatre partag\u00e9es selon la compagnie d\u2019assurance que vous aurez choisie. C\u2019est tout! <\/span><\/p>\n<p>*Soumission <span lang=\"fr\">en ligne disponible uniquement pour les r\u00e9sidents du Nouveau-Brunswick.<\/span>[\/vc_column_text][\/vc_column][\/vc_row]<\/p>\n","protected":false},"excerpt":{"rendered":"<p>[vc_row full_width=&#8221;stretch_row&#8221; parallax=&#8221;content-moving&#8221; parallax_image=&#8221;1815&#8243; bg_type=&#8221;image&#8221; parallax_style=&#8221;vcpb-vz-jquery&#8221; bg_image_new=&#8221;id^2449|url^https:\/\/govienneau.com\/wp-content\/uploads\/2018\/08\/onlinequote7.jpg|caption^null|alt^null|title^onlinequote7|description^null&#8221; bg_override=&#8221;full&#8221; enable_overlay=&#8221;enable_overlay_value&#8221; overlay_color=&#8221;#6d6d6d&#8221; overlay_pattern_opacity=&#8221;33&#8243; css=&#8221;.vc_custom_1533931626733{padding-top: 50px !important;padding-bottom: 100px !important;background-position: center;background-repeat: no-repeat !important;background-size: cover !important;}&#8221;][vc_column][rev_slider_vc alias=&#8221;onlinequote-fr&#8221;][\/vc_column][\/vc_row][vc_row css=&#8221;.vc_custom_1534448692572{padding-top: 50px !important;}&#8221;][vc_column][vc_column_text] Chers N\u00e9o-Brunswickois, demandez et vous le recevrez! Nous effectuons maintenant des soumissions en ligne. Ce service est rapide et est offert par un nom local que vous connaissez depuis les&hellip;<\/p>\n","protected":false},"author":1,"featured_media":0,"parent":0,"menu_order":0,"comment_status":"closed","ping_status":"closed","template":"template-microsite.php","meta":{"_mi_skip_tracking":false},"yst_prominent_words":[469,656,1637,670,660,1642,1636,466,739,1641,1643,462,1644,1640,1083,1645,1639,1638,672,549],"_links":{"self":[{"href":"https:\/\/govienneau.com\/fr\/wp-json\/wp\/v2\/pages\/2502"}],"collection":[{"href":"https:\/\/govienneau.com\/fr\/wp-json\/wp\/v2\/pages"}],"about":[{"href":"https:\/\/govienneau.com\/fr\/wp-json\/wp\/v2\/types\/page"}],"author":[{"embeddable":true,"href":"https:\/\/govienneau.com\/fr\/wp-json\/wp\/v2\/users\/1"}],"replies":[{"embeddable":true,"href":"https:\/\/govienneau.com\/fr\/wp-json\/wp\/v2\/comments?post=2502"}],"version-history":[{"count":3,"href":"https:\/\/govienneau.com\/fr\/wp-json\/wp\/v2\/pages\/2502\/revisions"}],"predecessor-version":[{"id":2505,"href":"https:\/\/govienneau.com\/fr\/wp-json\/wp\/v2\/pages\/2502\/revisions\/2505"}],"wp:attachment":[{"href":"https:\/\/govienneau.com\/fr\/wp-json\/wp\/v2\/media?parent=2502"}],"wp:term":[{"taxonomy":"yst_prominent_words","embeddable":true,"href":"https:\/\/govienneau.com\/fr\/wp-json\/wp\/v2\/yst_prominent_words?post=2502"}],"curies":[{"name":"wp","href":"https:\/\/api.w.org\/{rel}","templated":true}]}}