{"id":2595,"date":"2019-01-24T13:40:26","date_gmt":"2019-01-24T17:40:26","guid":{"rendered":"https:\/\/govienneau.com\/voyage\/"},"modified":"2019-02-21T16:51:45","modified_gmt":"2019-02-21T20:51:45","slug":"voyage","status":"publish","type":"page","link":"https:\/\/govienneau.com\/fr\/voyage\/","title":{"rendered":"Voyage"},"content":{"rendered":"<p>[vc_row bg_type=&#8221;image&#8221; parallax_style=&#8221;vcpb-default&#8221; bg_image_new=&#8221;id^2588|url^https:\/\/govienneau.com\/wp-content\/uploads\/2019\/01\/travel-dark-top.jpg|caption^null|alt^null|title^travel&#8212;dark-top|description^null&#8221; bg_override=&#8221;full&#8221; enable_overlay=&#8221;enable_overlay_value&#8221; overlay_color=&#8221;#212121&#8243; seperator_enable=&#8221;seperator_enable_value&#8221; seperator_type=&#8221;tilt_left_seperator&#8221; seperator_position=&#8221;bottom_seperator&#8221; seperator_svg_height=&#8221;100&#8243; el_id=&#8221;review&#8221; css=&#8221;.vc_custom_1548350966384{padding-top: 130px !important;padding-bottom: 100px !important;}&#8221;][vc_column width=&#8221;1\/3&#8243;]<form class=\"dt-contact-form dt-form\" method=\"post\"><input type=\"hidden\" name=\"widget_id\" value=\"presscore-contact-form-widget--1\" \/><input type=\"hidden\" name=\"send_message\" value=\"\" \/><input type=\"hidden\" name=\"security_token\" value=\"0741202c24bb03a038df\"\/><div class=\"form-fields\"><span class=\"form-name\"><label class=\"assistive-text\">Nom *<\/label><input type=\"text\" class=\"validate[required]\" placeholder=\"Nom *\" name=\"name\" value=\"\" aria-required=\"true\">\n<\/span><span class=\"form-mail\"><label class=\"assistive-text\">E-mail *<\/label><input type=\"text\" class=\"validate[required,custom[email]]\" placeholder=\"E-mail *\" name=\"email\" value=\"\" aria-required=\"true\">\n<\/span><span class=\"form-telephone\"><label class=\"assistive-text\">T\u00e9l\u00e9phone *<\/label><input type=\"text\" class=\"validate[required,custom[phone]]\" placeholder=\"T\u00e9l\u00e9phone *\" name=\"telephone\" value=\"\" aria-required=\"true\">\n<\/span><span class=\"form-city\"><label class=\"assistive-text\">Ville<\/label><input type=\"text\" placeholder=\"Ville\" name=\"city\" value=\"\" aria-required=\"false\">\n<\/span><\/div><span class=\"form-message\"><label class=\"assistive-text\">Message *<\/label><textarea class=\"validate[required]\" placeholder=\"Message *\" name=\"message\" rows=\"6\" aria-required=\"true\"><\/textarea>\n<\/span><p><a href=\"#\" class=\"dt-btn dt-btn-m dt-btn-submit\" rel=\"nofollow\"><span>Soumission Assurance Voyage<\/span><\/a><input class=\"assistive-text\" type=\"submit\" value=\"envoyer\"><\/p><\/form>\n[\/vc_column][vc_column width=&#8221;1\/3&#8243;][\/vc_column][vc_column css_animation=&#8221;none&#8221; width=&#8221;1\/3&#8243;][\/vc_column][\/vc_row][vc_row][vc_column]<div id=\"ultimate-heading-892469d3d0eccc9ae\" class=\"uvc-heading ult-adjust-bottom-margin ultimate-heading-892469d3d0eccc9ae uvc-6319  uvc-heading-default-font-sizes\" data-hspacer=\"line_only\"  data-halign=\"left\" style=\"text-align:left\"><div class=\"uvc-main-heading ult-responsive\"  data-ultimate-target='.uvc-heading.ultimate-heading-892469d3d0eccc9ae h2'  data-responsive-json-new='{\"font-size\":\"\",\"line-height\":\"\"}' ><h2 style=\"font-weight:bold;\">Vous partez en vacances ou en d\u00e9placement?<\/h2><\/div><div class=\"uvc-heading-spacer line_only\" style=\"margin-bottom:40px;height:3px;\"><span class=\"uvc-headings-line\" style=\"border-style:solid;border-bottom-width:3px;border-color:#0075a9;width:200px;\"><\/span><\/div><\/div>[vc_column_text]<\/p>\n<h3 class=\"p1\"><span class=\"s1\" style=\"color: #003e52;\"><b>N&#8217;oubliez pas votre assurance voyage<\/b><\/span><\/h3>\n<p class=\"p3\"><span class=\"s1\">Faire un voyage est souvent une aventure, et l&#8217;aventure par sa d\u00e9finition m\u00eame peut \u00eatre impr\u00e9visible.<span class=\"Apple-converted-space\">\u00a0 <\/span>Les retards de voyage, les bagages perdus, la maladie ou les blessures peuvent entra\u00eener des pertes financi\u00e8res allant de plusieurs centaines \u00e0 des dizaines de milliers de dollars, m\u00eame plus! Vous voulez rentrer \u00e0 la maison avec des souvenirs et non pas avec d\u2019\u00e9normes factures \u00e0 payer, c\u2019est l\u00e0 que l\u2019assurance voyage entre en jeu.<\/span><\/p>\n<p class=\"p3\"><span class=\"s2\"><br \/>\n<\/span><span class=\"s1\">Les voyages entre les provinces ici au Canada comportent aussi certains risques puisque <\/span><span class=\"s3\">votre r\u00e9gime provincial d\u2019assurance maladie ne couvrira pas les frais de certaines urgences m\u00e9dicales,<\/span><span class=\"s2\"> ni les <\/span><span class=\"s3\">situations non\u00a0m\u00e9dicales qui peuvent se pr\u00e9senter pendant votre voyage ou d\u00e9placement. <\/span><span class=\"s1\">Voyager \u00e0 l&#8217;\u00e9tranger g\u00e9n\u00e8re des co\u00fbts plus \u00e9lev\u00e9s, car souvent impossible de pr\u00e9dire les co\u00fbts de l&#8217;assistance m\u00e9dicale dans un pays \u00e9tranger. En fonction de la distance qui vous s\u00e9pare de la r\u00e9gion o\u00f9 vous vous rendez, les co\u00fbts de transport vers un \u00e9tablissement m\u00e9dical appropri\u00e9 peuvent aggraver les co\u00fbts.<\/span><\/p>\n<p class=\"p5\"><span class=\"s1\">Assurance Vienneau est en partenariat avec les principaux fournisseurs d\u2019assurances de voyage locales et nationales afin de vous aider \u00e0 couvrir votre voyage.<span class=\"Apple-converted-space\">\u00a0 <\/span>\u00c7a nous ferrais plaisir d\u2019avoir un de nos <\/span><span class=\"s4\">courtiers vous guider dans les produits et le processus d\u2019achat.<\/span><\/p>\n<h3 class=\"p1\"><span class=\"s1\" style=\"color: #003e52;\"><b><br \/>\nQuel montant de protection avez-vous besoin\u00a0?<\/b><\/span><\/h3>\n<p class=\"p5\"><span style=\"color: #003e52;\"><span class=\"s5\"><b>Couverture pour un seul voyage<\/b><\/span><span class=\"s6\"><b>: <\/b><\/span><\/span><span class=\"s1\">Id\u00e9al<\/span><span class=\"s7\"> pour ceux qui voyagent peu et pour des voyages de courte dur\u00e9e.<span class=\"Apple-converted-space\">\u00a0 <\/span>Vous pouvez ajouter autant de membres <\/span><span class=\"s4\">de votre famille que n\u00e9cessaire au contrat.<\/span><\/p>\n<p class=\"p3\"><span class=\"s8\" style=\"color: #003e52;\"><b>Assurance annuelle \u2013 voyage multiple: <\/b><\/span><span class=\"s1\">Consid\u00e9rez cela comme une sorte d\u2019achat \u00aben vrac\u00bb pour une assurance voyage\u00a0!<span class=\"Apple-converted-space\">\u00a0 <\/span>Id\u00e9al pour ceux qui font plusieurs voyages au cours de l&#8217;ann\u00e9e ou ceux qui font un ou deux longs voyages et passent une grande partie de l&#8217;ann\u00e9e \u00e0 l&#8217;ext\u00e9rieur. Certains l&#8217;appellent l\u2019assurance des \u00ab\u00a0Snowbird\u00a0\u00bb.<\/span><\/p>\n<p>&nbsp;<\/p>\n<h3 class=\"p9\"><span class=\"s1\" style=\"color: #003e52;\"><b>Que peut-on assurer?<\/b><\/span><\/h3>\n<p>[\/vc_column_text]<div class=\"standard-arrow bullet-top\"><ul class=\"ul1\">\n<li class=\"li1\"><span class=\"s2\">Couverture assurance maladie<\/span><\/li>\n<li class=\"li1\"><span class=\"s2\">Annulation de voyage<\/span><\/li>\n<li class=\"li1\"><span class=\"s2\">Interruption de voyage<\/span><\/li>\n<li class=\"li1\"><span class=\"s2\">Rapatriement<\/span><\/li>\n<li class=\"li1\"><span class=\"s2\">Bagages et effets personnels <\/span><\/li>\n<li class=\"li1\"><span class=\"s2\">D\u00e9penses fun\u00e9raires<\/span><\/li>\n<li class=\"li1\"><span class=\"s2\">Et bien plus\u2026<\/span><\/li>\n<\/ul>\n<\/div>[vc_column_text css=&#8221;.vc_custom_1550782301136{padding-top: 15px !important;}&#8221;]<\/p>\n<p class=\"p1\"><span class=\"s1\">Vous m\u00e9ritez l\u2019\u00e9tat d\u2019esprit \u201cWorry Pas\u2026\u201d pendant votre voyage!<\/span><\/p>\n<p class=\"p1\"><span class=\"s1\">Demandez une soumission d&#8217;assurance voyage en ligne ou appelez l&#8217;un de nos courtiers d\u00e8s aujourd&#8217;hui!<\/span><\/p>\n<p>[\/vc_column_text][vc_row_inner][vc_column_inner width=&#8221;1\/4&#8243;]<style type=\"text\/css\" data-type=\"the7_shortcodes-inline-css\">#default-btn-1f911b306299d812891541f0fc02caed.ico-right-side > i {\n  margin-right: 0px;\n  margin-left: 8px;\n}\n#default-btn-1f911b306299d812891541f0fc02caed > i {\n  margin-right: 8px;\n}\n<\/style><a href=\"https:\/\/shop.tugo.com\/store\/VIN500\/fr\" class=\"default-btn-shortcode dt-btn dt-btn-m link-hover-off anchor-link btn-inline-left \" target=\"_blank\" id=\"default-btn-1f911b306299d812891541f0fc02caed\" rel=\"noopener\"><span>Obtenez un prix en ligne<\/span><\/a>[\/vc_column_inner][vc_column_inner width=&#8221;1\/4&#8243;]<style type=\"text\/css\" data-type=\"the7_shortcodes-inline-css\">#default-btn-c16ba3f2729fc04d01a9a33e046a614a.ico-right-side > i {\n  margin-right: 0px;\n  margin-left: 8px;\n}\n#default-btn-c16ba3f2729fc04d01a9a33e046a614a > i {\n  margin-right: 8px;\n}\n<\/style><a href=\"tel:18776832818\" class=\"default-btn-shortcode dt-btn dt-btn-m link-hover-off anchor-link btn-inline-left \" id=\"default-btn-c16ba3f2729fc04d01a9a33e046a614a\"><span>Appelez 1-877-683-2818<\/span><\/a>[\/vc_column_inner][vc_column_inner width=&#8221;1\/4&#8243;][\/vc_column_inner][vc_column_inner width=&#8221;1\/4&#8243;][\/vc_column_inner][\/vc_row_inner][\/vc_column][\/vc_row][vc_row][vc_column][\/vc_column][\/vc_row]<\/p>\n","protected":false},"excerpt":{"rendered":"<p>[vc_row bg_type=&#8221;image&#8221; parallax_style=&#8221;vcpb-default&#8221; bg_image_new=&#8221;id^2588|url^https:\/\/govienneau.com\/wp-content\/uploads\/2019\/01\/travel-dark-top.jpg|caption^null|alt^null|title^travel&#8212;dark-top|description^null&#8221; bg_override=&#8221;full&#8221; enable_overlay=&#8221;enable_overlay_value&#8221; overlay_color=&#8221;#212121&#8243; seperator_enable=&#8221;seperator_enable_value&#8221; seperator_type=&#8221;tilt_left_seperator&#8221; seperator_position=&#8221;bottom_seperator&#8221; seperator_svg_height=&#8221;100&#8243; el_id=&#8221;review&#8221; css=&#8221;.vc_custom_1548350966384{padding-top: 130px !important;padding-bottom: 100px !important;}&#8221;][vc_column width=&#8221;1\/3&#8243;][\/vc_column][vc_column width=&#8221;1\/3&#8243;][\/vc_column][vc_column css_animation=&#8221;none&#8221; width=&#8221;1\/3&#8243;][\/vc_column][\/vc_row][vc_row][vc_column][vc_column_text] N&#8217;oubliez pas votre assurance voyage Faire un voyage est souvent une aventure, et l&#8217;aventure par sa d\u00e9finition m\u00eame peut \u00eatre impr\u00e9visible.\u00a0 Les retards de voyage, les bagages perdus, la maladie ou les blessures peuvent&hellip;<\/p>\n","protected":false},"author":1,"featured_media":0,"parent":0,"menu_order":0,"comment_status":"closed","ping_status":"closed","template":"","meta":{"_mi_skip_tracking":false},"yst_prominent_words":[1775,1778,1773,1780,271,1781,1770,1774,1783,1771,1767,1777,1769,1782,1779,1768,1784,1772,1776,549],"_links":{"self":[{"href":"https:\/\/govienneau.com\/fr\/wp-json\/wp\/v2\/pages\/2595"}],"collection":[{"href":"https:\/\/govienneau.com\/fr\/wp-json\/wp\/v2\/pages"}],"about":[{"href":"https:\/\/govienneau.com\/fr\/wp-json\/wp\/v2\/types\/page"}],"author":[{"embeddable":true,"href":"https:\/\/govienneau.com\/fr\/wp-json\/wp\/v2\/users\/1"}],"replies":[{"embeddable":true,"href":"https:\/\/govienneau.com\/fr\/wp-json\/wp\/v2\/comments?post=2595"}],"version-history":[{"count":6,"href":"https:\/\/govienneau.com\/fr\/wp-json\/wp\/v2\/pages\/2595\/revisions"}],"predecessor-version":[{"id":2617,"href":"https:\/\/govienneau.com\/fr\/wp-json\/wp\/v2\/pages\/2595\/revisions\/2617"}],"wp:attachment":[{"href":"https:\/\/govienneau.com\/fr\/wp-json\/wp\/v2\/media?parent=2595"}],"wp:term":[{"taxonomy":"yst_prominent_words","embeddable":true,"href":"https:\/\/govienneau.com\/fr\/wp-json\/wp\/v2\/yst_prominent_words?post=2595"}],"curies":[{"name":"wp","href":"https:\/\/api.w.org\/{rel}","templated":true}]}}