{"id":2962,"date":"2019-04-11T15:15:09","date_gmt":"2019-04-11T19:15:09","guid":{"rendered":"https:\/\/govienneau.com\/reference\/"},"modified":"2019-06-12T13:37:21","modified_gmt":"2019-06-12T17:37:21","slug":"reference","status":"publish","type":"page","link":"https:\/\/govienneau.com\/fr\/reference\/","title":{"rendered":"R\u00e9f\u00e9rence"},"content":{"rendered":"<p>[vc_row bg_type=&#8221;image&#8221; parallax_style=&#8221;vcpb-vz-jquery&#8221; bg_image_new=&#8221;id^2970|url^https:\/\/govienneau.com\/wp-content\/uploads\/2019\/04\/referral-win-dark-top.jpg|caption^null|alt^null|title^referral-win&#8212;dark-top|description^null&#8221; bg_override=&#8221;full&#8221; enable_overlay=&#8221;enable_overlay_value&#8221; seperator_enable=&#8221;seperator_enable_value&#8221; seperator_type=&#8221;tilt_left_seperator&#8221; seperator_position=&#8221;bottom_seperator&#8221; seperator_svg_height=&#8221;100&#8243; css=&#8221;.vc_custom_1555087984939{padding-top: 250px !important;padding-bottom: 250px !important;}&#8221;][vc_column width=&#8221;1\/3&#8243; css=&#8221;.vc_custom_1516630372687{padding-top: 100px !important;padding-left: 100px !important;}&#8221;][\/vc_column][vc_column width=&#8221;1\/3&#8243;][vc_single_image image=&#8221;2965&#8243; img_size=&#8221;medium&#8221;][\/vc_column][vc_column width=&#8221;1\/3&#8243;][\/vc_column][\/vc_row][vc_row][vc_column css=&#8221;.vc_custom_1560361006264{padding-top: 25px !important;padding-bottom: 25px !important;}&#8221;]<div id=\"ultimate-heading-724669d3a05c48cf6\" class=\"uvc-heading ult-adjust-bottom-margin ultimate-heading-724669d3a05c48cf6 uvc-2290  uvc-heading-default-font-sizes\" data-hspacer=\"no_spacer\"  data-halign=\"center\" style=\"text-align:center\"><div class=\"uvc-heading-spacer no_spacer\" style=\"top\"><\/div><div class=\"uvc-main-heading ult-responsive\"  data-ultimate-target='.uvc-heading.ultimate-heading-724669d3a05c48cf6 h1'  data-responsive-json-new='{\"font-size\":\"\",\"line-height\":\"\"}' ><h1 style=\"font-family:&#039;Roboto&#039;;font-style:italic;font-weight:900;color:#003e52;margin-top:10px;\">R\u00e9f\u00e9rer un ami et gagnez!<\/h1><\/div><\/div>[\/vc_column][\/vc_row][vc_row][vc_column css=&#8221;.vc_custom_1560359416849{padding-top: 20px !important;padding-bottom: 20px !important;}&#8221;][vc_column_text]<\/p>\n<h3><strong>Vos amis sont nos amis! Aidez-nous \u00e0 leur offrir la couverture d&#8217;assurance \u00abWorry Pas\u00bb et nous vous r\u00e9compenserons !<\/strong><\/h3>\n<h3><strong>Demandez simplement \u00e0 vos amis ou \u00e0 votre famille de \u00a0nous t\u00e9l\u00e9phoner ou de nous envoyer un courriel (<a href=\"mailto:quotes@govienneau.com\" target=\"_blank\" rel=\"noopener noreferrer\">quotes@govienneau.com<\/a>) en mentionnant votre nom et nous nous occupons du reste!<\/strong><\/h3>\n<p>[\/vc_column_text][\/vc_column][\/vc_row][vc_row css=&#8221;.vc_custom_1517511544460{padding-top: 50px !important;}&#8221;][vc_column width=&#8221;1\/3&#8243; css=&#8221;.vc_custom_1516626832269{padding-bottom: 25px !important;}&#8221;][vc_single_image image=&#8221;2979&#8243; img_size=&#8221;medium&#8221; alignment=&#8221;center&#8221;][vc_column_text]<\/p>\n<h3 align=\"center\"><strong><span class=\"m_8515424181090248352tlid-translation\"><span lang=\"FR\">Carte Tim\u00ae\u00a0<\/span><\/span><\/strong><strong><span lang=\"FR\">d\u2019une valeur de $10!<\/span><\/strong><\/h3>\n<p>[\/vc_column_text][\/vc_column][vc_column width=&#8221;1\/3&#8243;][vc_single_image image=&#8221;2918&#8243; img_size=&#8221;medium&#8221;][vc_column_text]<\/p>\n<h3 class=\"p1\" style=\"text-align: center;\"><span class=\"s1\"><b>Carte-cadeau de $100 tir\u00e9 mensuellement!<\/b><\/span><\/h3>\n<p>[\/vc_column_text][\/vc_column][vc_column width=&#8221;1\/3&#8243;][vc_single_image image=&#8221;3000&#8243; img_size=&#8221;medium&#8221;][vc_column_text]<\/p>\n<h3 class=\"p1\" style=\"text-align: center;\"><span class=\"s1\"><b>Un prix trimestriel diff\u00e9rent, tirer \u00e0 tous les 3 mois<\/b><\/span><\/h3>\n<p>[\/vc_column_text][\/vc_column][\/vc_row][vc_row bg_type=&#8221;image&#8221; parallax_style=&#8221;vcpb-vz-jquery&#8221; bg_image_new=&#8221;id^2938|url^https:\/\/govienneau.com\/wp-content\/uploads\/2019\/04\/1600&#215;400-ray-referrals.jpg|caption^null|alt^null|title^1600&#215;400-ray-referrals|description^null&#8221; bg_override=&#8221;full&#8221;][vc_column][vc_column_text]<\/p>\n<h3 style=\"text-align: center;\"><span style=\"color: #ffffff;\"><strong>C\u2019EST SIMPLE\u00a0!<\/strong><\/span><\/h3>\n<h3><\/h3>\n<h3><span style=\"color: #ffffff;\"><strong>Pour votre premi\u00e8re r\u00e9f\u00e9rence qualifiante*\u2026<\/strong><\/span><\/h3>\n<h3><span style=\"color: #ffffff;\"><strong>Obtenez une Carte Tim\u00ae d\u2019une valeur de $10 et un bulletin de vote pour notre tirage mensuel et trimestriel!<\/strong><\/span><\/h3>\n<h3><\/h3>\n<h3><span style=\"color: #ffffff;\"><strong>Pour votre deuxi\u00e8me r\u00e9f\u00e9rence qualifiante*\u2026<\/strong><\/span><\/h3>\n<h3><span style=\"color: #ffffff;\"><strong>Et pour toutes les r\u00e9f\u00e9rences ult\u00e9rieures, vous recevrez un bulletin de vote suppl\u00e9mentaire pour les prix mensuels et trimestriels!<\/strong><\/span><\/h3>\n<p>[\/vc_column_text][\/vc_column][\/vc_row][vc_row][vc_column][vc_column_text]*Une r\u00e9f\u00e9rence qualifiante est celle fournie par un client existant d\u2019Assurance Vienneau et pour laquelle nous sommes en mesure de fournir une soumission d&#8217;assurance \u00e0 la personne r\u00e9f\u00e9r\u00e9e.<\/p>\n<p>Le concours est r\u00e9initialis\u00e9 chaque ann\u00e9e civile et les r\u00e9f\u00e9rents se qualifient \u00e0 nouveau pour une carte-caf\u00e9 &#8211; La collecte de nouveaux bulletins de vote commence pour les tirages au sort mensuels et trimestriels, \u00e0 compter du 1er janvier de chaque ann\u00e9e.[\/vc_column_text][\/vc_column][\/vc_row]<\/p>\n","protected":false},"excerpt":{"rendered":"<p>[vc_row bg_type=&#8221;image&#8221; parallax_style=&#8221;vcpb-vz-jquery&#8221; bg_image_new=&#8221;id^2970|url^https:\/\/govienneau.com\/wp-content\/uploads\/2019\/04\/referral-win-dark-top.jpg|caption^null|alt^null|title^referral-win&#8212;dark-top|description^null&#8221; bg_override=&#8221;full&#8221; enable_overlay=&#8221;enable_overlay_value&#8221; seperator_enable=&#8221;seperator_enable_value&#8221; seperator_type=&#8221;tilt_left_seperator&#8221; seperator_position=&#8221;bottom_seperator&#8221; seperator_svg_height=&#8221;100&#8243; css=&#8221;.vc_custom_1555087984939{padding-top: 250px !important;padding-bottom: 250px !important;}&#8221;][vc_column width=&#8221;1\/3&#8243; css=&#8221;.vc_custom_1516630372687{padding-top: 100px !important;padding-left: 100px !important;}&#8221;][\/vc_column][vc_column width=&#8221;1\/3&#8243;][vc_single_image image=&#8221;2965&#8243; img_size=&#8221;medium&#8221;][\/vc_column][vc_column width=&#8221;1\/3&#8243;][\/vc_column][\/vc_row][vc_row][vc_column css=&#8221;.vc_custom_1560361006264{padding-top: 25px !important;padding-bottom: 25px !important;}&#8221;][\/vc_column][\/vc_row][vc_row][vc_column css=&#8221;.vc_custom_1560359416849{padding-top: 20px !important;padding-bottom: 20px !important;}&#8221;][vc_column_text] Vos amis sont nos amis! Aidez-nous \u00e0 leur offrir la couverture d&#8217;assurance \u00abWorry Pas\u00bb et nous vous r\u00e9compenserons ! Demandez&hellip;<\/p>\n","protected":false},"author":1,"featured_media":0,"parent":0,"menu_order":0,"comment_status":"closed","ping_status":"closed","template":"","meta":{"_mi_skip_tracking":false},"yst_prominent_words":[2049,2052,2045,2041,2039,1505,2043,469,2057,2051,660,2056,2050,2046,2042,2040,2048,2044,2047,2055],"_links":{"self":[{"href":"https:\/\/govienneau.com\/fr\/wp-json\/wp\/v2\/pages\/2962"}],"collection":[{"href":"https:\/\/govienneau.com\/fr\/wp-json\/wp\/v2\/pages"}],"about":[{"href":"https:\/\/govienneau.com\/fr\/wp-json\/wp\/v2\/types\/page"}],"author":[{"embeddable":true,"href":"https:\/\/govienneau.com\/fr\/wp-json\/wp\/v2\/users\/1"}],"replies":[{"embeddable":true,"href":"https:\/\/govienneau.com\/fr\/wp-json\/wp\/v2\/comments?post=2962"}],"version-history":[{"count":10,"href":"https:\/\/govienneau.com\/fr\/wp-json\/wp\/v2\/pages\/2962\/revisions"}],"predecessor-version":[{"id":3110,"href":"https:\/\/govienneau.com\/fr\/wp-json\/wp\/v2\/pages\/2962\/revisions\/3110"}],"wp:attachment":[{"href":"https:\/\/govienneau.com\/fr\/wp-json\/wp\/v2\/media?parent=2962"}],"wp:term":[{"taxonomy":"yst_prominent_words","embeddable":true,"href":"https:\/\/govienneau.com\/fr\/wp-json\/wp\/v2\/yst_prominent_words?post=2962"}],"curies":[{"name":"wp","href":"https:\/\/api.w.org\/{rel}","templated":true}]}}