{"id":3161,"date":"2019-07-26T09:49:57","date_gmt":"2019-07-26T13:49:57","guid":{"rendered":"https:\/\/govienneau.com\/acces-vip\/"},"modified":"2025-07-16T12:59:19","modified_gmt":"2025-07-16T16:59:19","slug":"acces-vip","status":"publish","type":"page","link":"https:\/\/govienneau.com\/fr\/acces-vip\/","title":{"rendered":"Acc\u00e8s VIP"},"content":{"rendered":"<p>[vc_row bg_type=&#8221;image&#8221; parallax_style=&#8221;vcpb-default&#8221; bg_image_new=&#8221;id^2939|url^https:\/\/govienneau.com\/wp-content\/uploads\/2019\/04\/1600&#215;400-ray-referrals.jpg|caption^null|alt^null|title^1600&#215;400-ray-referrals|description^null&#8221; bg_override=&#8221;full&#8221; seperator_enable=&#8221;seperator_enable_value&#8221; seperator_type=&#8221;tilt_left_seperator&#8221; seperator_position=&#8221;bottom_seperator&#8221; seperator_svg_height=&#8221;100&#8243; el_id=&#8221;VIP&#8221; css=&#8221;.vc_custom_1666275068179{padding-top: 100px !important;padding-bottom: 100px !important;}&#8221;][vc_column width=&#8221;1\/3&#8243;][\/vc_column][vc_column width=&#8221;1\/3&#8243;][vc_single_image image=&#8221;3929&#8243; alignment=&#8221;center&#8221;][\/vc_column][vc_column css_animation=&#8221;none&#8221; width=&#8221;1\/3&#8243;][\/vc_column][\/vc_row][vc_row][vc_column][\/vc_column][\/vc_row][vc_row css=&#8221;.vc_custom_1527530864920{padding-top: 25px !important;}&#8221;][vc_column width=&#8221;1\/2&#8243; css=&#8221;.vc_custom_1527530826668{padding-top: 25px !important;}&#8221;]<div id=\"ultimate-heading-141769d439a81c3d5\" class=\"uvc-heading ult-adjust-bottom-margin ultimate-heading-141769d439a81c3d5 uvc-2015  uvc-heading-default-font-sizes\" data-hspacer=\"line_only\"  data-halign=\"left\" style=\"text-align:left\"><div class=\"uvc-main-heading ult-responsive\"  data-ultimate-target='.uvc-heading.ultimate-heading-141769d439a81c3d5 h2'  data-responsive-json-new='{\"font-size\":\"\",\"line-height\":\"\"}' ><h2 style=\"font-weight:bold;\">Portail d'assurance Vienneau (VIP)<\/h2><\/div><div class=\"uvc-heading-spacer line_only\" style=\"margin-bottom:40px;height:3px;\"><span class=\"uvc-headings-line\" style=\"border-style:solid;border-bottom-width:3px;border-color:#0075a9;width:200px;\"><\/span><\/div><\/div>[vc_column_text]<\/p>\n<h2><span style=\"color: #003e52;\"><b><span lang=\"FR\">Obtenez le traitement VIP<\/span><\/b><\/span><\/h2>\n<p><strong>Portail d&#8217;assurance Vienneau <\/strong>(VIP) vous donne un acc\u00e8s privil\u00e9gi\u00e9 \u00e0 partir de votre ordinateur de bureau ou votre appareil mobile. Les caract\u00e9ristiques incluent :<\/p>\n<p>&nbsp;<\/p>\n<ul>\n<li><strong>Acc\u00e8s instantan\u00e9 <\/strong>\u00e0 vos documents d&#8217;assurance<\/li>\n<li><strong>Carte d\u2019assurance num\u00e9rique \u00ab carte rose \u00bb <\/strong>(Bien s\u00fbr monsieur l\u2019agent, j\u2019ai une carte d\u2019assurance \u00e0 jour)<\/li>\n<li><strong>D\u00e9claration des sinistres automobiles.\u00a0 <\/strong>Instantan\u00e9ment, juste apr\u00e8s que \u00e7a se soit produit.<\/li>\n<li><strong>Parler en direct avec votre courtier.\u00a0 <\/strong>\u00c9vitez la ligne d&#8217;attente t\u00e9l\u00e9phonique !<\/li>\n<\/ul>\n<p>[\/vc_column_text][\/vc_column][vc_column width=&#8221;1\/2&#8243; css=&#8221;.vc_custom_1516723778856{padding-top: 0px !important;}&#8221;][vc_single_image image=&#8221;3922&#8243; img_size=&#8221;full&#8221; css_animation=&#8221;bounceInRight&#8221;][\/vc_column][\/vc_row][vc_row bg_type=&#8221;bg_color&#8221; bg_override=&#8221;ex-full&#8221; seperator_enable=&#8221;seperator_enable_value&#8221; seperator_type=&#8221;tilt_left_seperator&#8221; seperator_position=&#8221;top_bottom_seperator&#8221; seperator_svg_height=&#8221;100&#8243; seperator_shape_background=&#8221;#ffffff&#8221; bg_color_value=&#8221;#003e52&#8243; css=&#8221;.vc_custom_1564056654912{padding-top: 50px !important;padding-bottom: 50px !important;}&#8221;][vc_column css_animation=&#8221;bounceInLeft&#8221; width=&#8221;1\/2&#8243;][vc_single_image image=&#8221;3917&#8243; img_size=&#8221;large&#8221; css=&#8221;.vc_custom_1666275000040{padding-top: 60px !important;}&#8221;][\/vc_column][vc_column width=&#8221;1\/2&#8243; css=&#8221;.vc_custom_1527255138749{margin-top: 50px !important;border-top-width: 50px !important;padding-top: 50px !important;}&#8221;][vc_column_text css_animation=&#8221;none&#8221;]<\/p>\n<h2><span style=\"color: #ffffff;\"><strong>Comment y acc\u00e9der\u00a0?\u00a0 C\u2019est facile\u2026<\/strong><\/span><\/h2>\n<p><span style=\"color: #ffffff;\">Inscrivez-vous<\/span> <span style=\"color: #ff9900;\"><a style=\"color: #ff9900;\" href=\"https:\/\/portalt02.csr24.ca\/mvc\/649290112\"><u>ici<\/u><\/a><\/span><\/p>\n<p><span style=\"color: #ffffff;\">Entrez l&#8217;adresse courriel , num<span class=\"Y2IQFc\" lang=\"fr\">\u00e9<\/span>ro de t<span class=\"Y2IQFc\" lang=\"fr\">\u00e9<\/span>l<span class=\"Y2IQFc\" lang=\"fr\">\u00e9<\/span>phone et un num<span class=\"Y2IQFc\" lang=\"fr\">\u00e9<\/span>ro de police d&#8217;assurance que nous aurions pour vous dans nos dossiers<\/span><\/p>\n<p><span style=\"color: #ffffff;\">Et vous y \u00eates!\u00a0 Vous pouvez maintenant vous connecter \u00e0 tout moment \u00e0 partir de notre site Web ou le App sur votre mobile pour un acc\u00e8s rapide.<\/span><\/p>\n<p>[\/vc_column_text][vc_row_inner][vc_column_inner width=&#8221;1\/2&#8243;][vc_single_image image=&#8221;3947&#8243; img_size=&#8221;medium&#8221; alignment=&#8221;center&#8221; onclick=&#8221;custom_link&#8221; link=&#8221;https:\/\/apps.apple.com\/ca\/app\/vienneau-insurance-portal\/id1557893399&#8243;][\/vc_column_inner][vc_column_inner width=&#8221;1\/2&#8243;][vc_single_image image=&#8221;3945&#8243; img_size=&#8221;medium&#8221; alignment=&#8221;center&#8221; onclick=&#8221;custom_link&#8221; link=&#8221;https:\/\/play.google.com\/store\/apps\/details?id=com.appliedsystems.mobileinsured.assu121&#8243;][\/vc_column_inner][\/vc_row_inner][vc_column_text]<span style=\"color: #ffffff;\">Si vous avez des questions ou avez besoin d&#8217;assistance technique, veuillez contacter <a style=\"color: #ffffff;\" href=\"mailto:admin@govienneau.com\">admin@govienneau.com<\/a> ou (506) 533-7000.<\/span>[\/vc_column_text][\/vc_column][\/vc_row][vc_row][vc_column][vc_column_text css=&#8221;.vc_custom_1564149082366{padding-top: 10px !important;}&#8221;]<\/p>\n<h2 id=\"tw-target-text\" class=\"tw-data-text tw-ta tw-text-medium\" dir=\"ltr\" style=\"text-align: center;\" data-placeholder=\"Translation\"><span lang=\"fr\" style=\"color: #003e52;\" tabindex=\"0\">Oubli\u00e9 quel courriel vous avez a votre dossier?<\/span><\/h2>\n<p>[\/vc_column_text][\/vc_column][\/vc_row][vc_row][vc_column width=&#8221;1\/6&#8243;][\/vc_column][vc_column width=&#8221;2\/3&#8243;]<form class=\"dt-contact-form dt-form\" method=\"post\"><input type=\"hidden\" name=\"widget_id\" value=\"presscore-contact-form-widget--1\" \/><input type=\"hidden\" name=\"send_message\" value=\"\" \/><input type=\"hidden\" name=\"security_token\" value=\"0741202c24bb03a038df\"\/><div class=\"form-fields\"><span class=\"form-name\"><label class=\"assistive-text\">Nom *<\/label><input type=\"text\" class=\"validate[required]\" placeholder=\"Nom *\" name=\"name\" value=\"\" aria-required=\"true\">\n<\/span><span class=\"form-mail\"><label class=\"assistive-text\">E-mail *<\/label><input type=\"text\" class=\"validate[required,custom[email]]\" placeholder=\"E-mail *\" name=\"email\" value=\"\" aria-required=\"true\">\n<\/span><span class=\"form-telephone\"><label class=\"assistive-text\">T\u00e9l\u00e9phone<\/label><input type=\"text\" placeholder=\"T\u00e9l\u00e9phone\" name=\"telephone\" value=\"\" aria-required=\"false\">\n<\/span><\/div><span class=\"form-message\"><label class=\"assistive-text\">Message<\/label><textarea placeholder=\"Message\" name=\"message\" rows=\"6\" aria-required=\"false\"><\/textarea>\n<\/span><p><a href=\"#\" class=\"dt-btn dt-btn-m dt-btn-submit\" rel=\"nofollow\"><span>Enregistrer mon address<\/span><\/a><input class=\"assistive-text\" type=\"submit\" value=\"envoyer\"><\/p><\/form>\n[\/vc_column][vc_column width=&#8221;1\/6&#8243;][\/vc_column][\/vc_row]<\/p>\n","protected":false},"excerpt":{"rendered":"<p>[vc_row bg_type=&#8221;image&#8221; parallax_style=&#8221;vcpb-default&#8221; bg_image_new=&#8221;id^2939|url^https:\/\/govienneau.com\/wp-content\/uploads\/2019\/04\/1600&#215;400-ray-referrals.jpg|caption^null|alt^null|title^1600&#215;400-ray-referrals|description^null&#8221; bg_override=&#8221;full&#8221; seperator_enable=&#8221;seperator_enable_value&#8221; seperator_type=&#8221;tilt_left_seperator&#8221; seperator_position=&#8221;bottom_seperator&#8221; seperator_svg_height=&#8221;100&#8243; el_id=&#8221;VIP&#8221; css=&#8221;.vc_custom_1666275068179{padding-top: 100px !important;padding-bottom: 100px !important;}&#8221;][vc_column width=&#8221;1\/3&#8243;][\/vc_column][vc_column width=&#8221;1\/3&#8243;][vc_single_image image=&#8221;3929&#8243; alignment=&#8221;center&#8221;][\/vc_column][vc_column css_animation=&#8221;none&#8221; width=&#8221;1\/3&#8243;][\/vc_column][\/vc_row][vc_row][vc_column][\/vc_column][\/vc_row][vc_row css=&#8221;.vc_custom_1527530864920{padding-top: 25px !important;}&#8221;][vc_column width=&#8221;1\/2&#8243; css=&#8221;.vc_custom_1527530826668{padding-top: 25px !important;}&#8221;][vc_column_text] Obtenez le traitement VIP Portail d&#8217;assurance Vienneau (VIP) vous donne un acc\u00e8s privil\u00e9gi\u00e9 \u00e0 partir de votre ordinateur de bureau ou votre appareil mobile. Les caract\u00e9ristiques incluent&hellip;<\/p>\n","protected":false},"author":1,"featured_media":0,"parent":0,"menu_order":0,"comment_status":"closed","ping_status":"closed","template":"","meta":{"_mi_skip_tracking":false},"yst_prominent_words":[2154,2150,2158,2156,674,469,1219,2155,672,2153,1221,549,1082],"_links":{"self":[{"href":"https:\/\/govienneau.com\/fr\/wp-json\/wp\/v2\/pages\/3161"}],"collection":[{"href":"https:\/\/govienneau.com\/fr\/wp-json\/wp\/v2\/pages"}],"about":[{"href":"https:\/\/govienneau.com\/fr\/wp-json\/wp\/v2\/types\/page"}],"author":[{"embeddable":true,"href":"https:\/\/govienneau.com\/fr\/wp-json\/wp\/v2\/users\/1"}],"replies":[{"embeddable":true,"href":"https:\/\/govienneau.com\/fr\/wp-json\/wp\/v2\/comments?post=3161"}],"version-history":[{"count":10,"href":"https:\/\/govienneau.com\/fr\/wp-json\/wp\/v2\/pages\/3161\/revisions"}],"predecessor-version":[{"id":4321,"href":"https:\/\/govienneau.com\/fr\/wp-json\/wp\/v2\/pages\/3161\/revisions\/4321"}],"wp:attachment":[{"href":"https:\/\/govienneau.com\/fr\/wp-json\/wp\/v2\/media?parent=3161"}],"wp:term":[{"taxonomy":"yst_prominent_words","embeddable":true,"href":"https:\/\/govienneau.com\/fr\/wp-json\/wp\/v2\/yst_prominent_words?post=3161"}],"curies":[{"name":"wp","href":"https:\/\/api.w.org\/{rel}","templated":true}]}}