{"id":3533,"date":"2020-10-28T13:23:41","date_gmt":"2020-10-28T17:23:41","guid":{"rendered":"https:\/\/govienneau.com\/assurance-voyage-pour-covid-19\/"},"modified":"2020-10-28T15:49:20","modified_gmt":"2020-10-28T19:49:20","slug":"assurance-voyage-pour-covid-19","status":"publish","type":"page","link":"https:\/\/govienneau.com\/fr\/assurance-voyage-pour-covid-19\/","title":{"rendered":"Assurance voyage pour COVID-19"},"content":{"rendered":"<p>[vc_row bg_type=&#8221;image&#8221; parallax_style=&#8221;vcpb-default&#8221; bg_image_new=&#8221;id^3519|url^https:\/\/govienneau.com\/wp-content\/uploads\/2020\/10\/travel-dark-COVID.jpg|caption^null|alt^null|title^travel &#8211; dark COVID|description^null&#8221; bg_override=&#8221;full&#8221; enable_overlay=&#8221;enable_overlay_value&#8221; overlay_color=&#8221;#212121&#8243; seperator_enable=&#8221;seperator_enable_value&#8221; seperator_type=&#8221;tilt_left_seperator&#8221; seperator_position=&#8221;bottom_seperator&#8221; seperator_svg_height=&#8221;100&#8243; el_id=&#8221;review&#8221; css=&#8221;.vc_custom_1603893036029{padding-top: 130px !important;padding-bottom: 150px !important;}&#8221;][vc_column width=&#8221;1\/3&#8243;][\/vc_column][vc_column width=&#8221;1\/3&#8243;][\/vc_column][vc_column css_animation=&#8221;none&#8221; width=&#8221;1\/3&#8243;][\/vc_column][\/vc_row][vc_row][vc_column]<div id=\"ultimate-heading-107469d451decc70f\" class=\"uvc-heading ult-adjust-bottom-margin ultimate-heading-107469d451decc70f uvc-1356  uvc-heading-default-font-sizes\" data-hspacer=\"line_only\"  data-halign=\"left\" style=\"text-align:left\"><div class=\"uvc-main-heading ult-responsive\"  data-ultimate-target='.uvc-heading.ultimate-heading-107469d451decc70f h2'  data-responsive-json-new='{\"font-size\":\"\",\"line-height\":\"\"}' ><h2 style=\"font-weight:bold;\">Assurance voyage pour COVID-19<\/h2><\/div><div class=\"uvc-heading-spacer line_only\" style=\"margin-bottom:40px;height:3px;\"><span class=\"uvc-headings-line\" style=\"border-style:solid;border-bottom-width:3px;border-color:#0075a9;width:200px;\"><\/span><\/div><\/div>[vc_column_text]Il peut \u00eatre difficile de voyager en ces temps d&#8217;incertitude.\u00a0 C&#8217;est une chose de s&#8217;inqui\u00e9ter des vols retard\u00e9s, mais tout un autre degr\u00e9 de pr\u00e9occupation si vous ne savez pas comment votre fournisseur d&#8217;assurance g\u00e8re l&#8217;exposition au COVID-19.<\/p>\n<p>&nbsp;<\/p>\n<p><strong><span style=\"color: #003e52;\">Notre partenaire en mati\u00e8re d&#8217;assurance voyage<\/span> &#8211; <span style=\"color: #003e52;\"><u>Tugo\u00ae<\/u><\/span><\/strong> &#8211; offre un produit d&#8217;assurance coronavirus qui aide \u00e0 r\u00e9duire les inqui\u00e9tudes li\u00e9es aux voyages en ces temps difficiles.\u00a0 \u00a0Cette assurance est con\u00e7ue pour garantir la coordination des meilleurs soins m\u00e9dicaux possibles si vous \u00eates infect\u00e9 par le virus COVID-19 pendant votre voyage. Nous vous offrons la force d&#8217;un assureur national, soutenu par nous &#8211; votre courtier d&#8217;assurance local- qui sera l\u00e0 pour r\u00e9pondre \u00e0 toutes vos questions ou pr\u00e9occupations en cours de route. <span lang=\"FR-CA\">Vous trouverez de l\u2019information additionnelle sur les<\/span> <a href=\"https:\/\/govienneau.com\/wp-content\/uploads\/2020\/10\/covid-19-Travel-Benefits-fr_2020-10-1.pdf\"><span class=\"m_-6989836297127388837A3\"><u><span lang=\"FR-CA\">Prestations et Caract\u00e9ristiques<\/span><\/u><\/span><\/a>\u00a0<span class=\"m_-6989836297127388837A3\"><span lang=\"FR-CA\">de ce plan plus bas.<\/span><\/span><\/p>\n<p>&nbsp;<\/p>\n<p><span style=\"color: #003e52;\"><strong>Notez<\/strong><\/span> que le plan d&#8217;assurance COVID-19 ne peut pas \u00eatre achet\u00e9 s\u00e9par\u00e9ment ou comme compl\u00e9ment \u00e0 une police d&#8217;assurance aupr\u00e8s d&#8217;un autre fournisseur, et ne peut \u00eatre ajout\u00e9 qu&#8217;\u00e0 un nouveau plan d&#8217;assurance m\u00e9dicale d&#8217;urgence TUGO nouveau ou existant. \u00a0<a href=\"https:\/\/tugo.com\/fr\/assurance-voyage\/faq\/\">\u00a0<u>Vous trouverez ici les r\u00e9ponses aux questions les plus fr\u00e9quemment pos\u00e9es.<\/u><\/a>[\/vc_column_text]<div class=\"standard-arrow bullet-top\"><ul class=\"ul1\">\n<li class=\"li1\"><span class=\"s2\">Couverture assurance maladie <strong>(COVID-19)<\/strong><\/span><\/li>\n<li class=\"li1\"><span class=\"s2\">Annulation de voyage<\/span><\/li>\n<li class=\"li1\"><span class=\"s2\">Interruption de voyage<\/span><\/li>\n<li class=\"li1\"><span class=\"s2\">Rapatriement<\/span><\/li>\n<li class=\"li1\"><span class=\"s2\">Bagages et effets personnels <\/span><\/li>\n<li class=\"li1\"><span class=\"s2\">D\u00e9penses fun\u00e9raires<\/span><\/li>\n<li class=\"li1\"><span class=\"s2\">Et bien plus\u2026<\/span><\/li>\n<\/ul>\n<\/div>[vc_column_text css=&#8221;.vc_custom_1603905915797{padding-top: 15px !important;}&#8221;]Ne prenez pas de risque. Obtenez une soumission en ligne, et voyagez en toute tranquillit\u00e9 d&#8217;esprit !<\/p>\n<p>Demandez une soumission d\u2019assurance voyage en ligne ou appelez l\u2019un de nos courtiers d\u00e8s aujourd\u2019hui![\/vc_column_text][\/vc_column][\/vc_row][vc_row][vc_column width=&#8221;1\/4&#8243;]<style type=\"text\/css\" data-type=\"the7_shortcodes-inline-css\">#default-btn-b8b30913cf023db1fb1ec23f90a03324.ico-right-side > i {\n  margin-right: 0px;\n  margin-left: 8px;\n}\n#default-btn-b8b30913cf023db1fb1ec23f90a03324 > i {\n  margin-right: 8px;\n}\n<\/style><a href=\"https:\/\/shop.tugo.com\/store\/VIN500\/fr\" class=\"default-btn-shortcode dt-btn dt-btn-m link-hover-off anchor-link btn-inline-left \" id=\"default-btn-b8b30913cf023db1fb1ec23f90a03324\"><span>Obtenez une soumission<\/span><\/a>[\/vc_column][vc_column width=&#8221;1\/4&#8243;][\/vc_column][vc_column width=&#8221;1\/4&#8243;][\/vc_column][vc_column width=&#8221;1\/4&#8243;][\/vc_column][\/vc_row]<\/p>\n","protected":false},"excerpt":{"rendered":"<p>[vc_row bg_type=&#8221;image&#8221; parallax_style=&#8221;vcpb-default&#8221; bg_image_new=&#8221;id^3519|url^https:\/\/govienneau.com\/wp-content\/uploads\/2020\/10\/travel-dark-COVID.jpg|caption^null|alt^null|title^travel &#8211; dark COVID|description^null&#8221; bg_override=&#8221;full&#8221; enable_overlay=&#8221;enable_overlay_value&#8221; overlay_color=&#8221;#212121&#8243; seperator_enable=&#8221;seperator_enable_value&#8221; seperator_type=&#8221;tilt_left_seperator&#8221; seperator_position=&#8221;bottom_seperator&#8221; seperator_svg_height=&#8221;100&#8243; el_id=&#8221;review&#8221; css=&#8221;.vc_custom_1603893036029{padding-top: 130px !important;padding-bottom: 150px !important;}&#8221;][vc_column width=&#8221;1\/3&#8243;][\/vc_column][vc_column width=&#8221;1\/3&#8243;][\/vc_column][vc_column css_animation=&#8221;none&#8221; width=&#8221;1\/3&#8243;][\/vc_column][\/vc_row][vc_row][vc_column][vc_column_text]Il peut \u00eatre difficile de voyager en ces temps d&#8217;incertitude.\u00a0 C&#8217;est une chose de s&#8217;inqui\u00e9ter des vols retard\u00e9s, mais tout un autre degr\u00e9 de pr\u00e9occupation si vous ne savez pas comment votre&hellip;<\/p>\n","protected":false},"author":1,"featured_media":0,"parent":0,"menu_order":0,"comment_status":"closed","ping_status":"closed","template":"","meta":{"_mi_skip_tracking":false},"yst_prominent_words":[2756,2409,2763,1774,656,2755,2753,1637,660,2759,2766,2765,2754,2758,1520,1554,2764,549,2757,2760],"_links":{"self":[{"href":"https:\/\/govienneau.com\/fr\/wp-json\/wp\/v2\/pages\/3533"}],"collection":[{"href":"https:\/\/govienneau.com\/fr\/wp-json\/wp\/v2\/pages"}],"about":[{"href":"https:\/\/govienneau.com\/fr\/wp-json\/wp\/v2\/types\/page"}],"author":[{"embeddable":true,"href":"https:\/\/govienneau.com\/fr\/wp-json\/wp\/v2\/users\/1"}],"replies":[{"embeddable":true,"href":"https:\/\/govienneau.com\/fr\/wp-json\/wp\/v2\/comments?post=3533"}],"version-history":[{"count":8,"href":"https:\/\/govienneau.com\/fr\/wp-json\/wp\/v2\/pages\/3533\/revisions"}],"predecessor-version":[{"id":3553,"href":"https:\/\/govienneau.com\/fr\/wp-json\/wp\/v2\/pages\/3533\/revisions\/3553"}],"wp:attachment":[{"href":"https:\/\/govienneau.com\/fr\/wp-json\/wp\/v2\/media?parent=3533"}],"wp:term":[{"taxonomy":"yst_prominent_words","embeddable":true,"href":"https:\/\/govienneau.com\/fr\/wp-json\/wp\/v2\/yst_prominent_words?post=3533"}],"curies":[{"name":"wp","href":"https:\/\/api.w.org\/{rel}","templated":true}]}}