{"id":3597,"date":"2021-03-02T15:40:00","date_gmt":"2021-03-02T19:40:00","guid":{"rendered":"https:\/\/govienneau.com\/assurance-pour-voitures-classiques\/"},"modified":"2021-03-02T16:48:11","modified_gmt":"2021-03-02T20:48:11","slug":"assurance-pour-voitures-classiques","status":"publish","type":"page","link":"https:\/\/govienneau.com\/fr\/assurance-pour-voitures-classiques\/","title":{"rendered":"Assurance pour voitures classiques"},"content":{"rendered":"<p>[vc_row bg_type=&#8221;image&#8221; parallax_style=&#8221;vcpb-default&#8221; bg_image_new=&#8221;id^3594|url^https:\/\/govienneau.com\/wp-content\/uploads\/2021\/03\/Classic-car-dark-top.jpg|caption^null|alt^null|title^Classic-car&#8211;dark-top|description^null&#8221; bg_override=&#8221;full&#8221; enable_overlay=&#8221;enable_overlay_value&#8221; overlay_color=&#8221;#212121&#8243; seperator_enable=&#8221;seperator_enable_value&#8221; seperator_type=&#8221;tilt_left_seperator&#8221; seperator_position=&#8221;bottom_seperator&#8221; seperator_svg_height=&#8221;100&#8243; el_id=&#8221;Auto&#8221; css=&#8221;.vc_custom_1614715467819{padding-top: 50px !important;padding-bottom: 50px !important;}&#8221;][vc_column][vc_column_text css=&#8221;.vc_custom_1614718087345{padding-top: 75px !important;padding-bottom: 75px !important;}&#8221;]<\/p>\n<h2><span style=\"color: #ffffff;\"><strong>Voitures Classiques<\/strong><\/span><\/h2>\n<p>[\/vc_column_text][\/vc_column][\/vc_row][vc_row][vc_column]<div id=\"ultimate-heading-243369d38e2f678cd\" class=\"uvc-heading ult-adjust-bottom-margin ultimate-heading-243369d38e2f678cd uvc-4650  uvc-heading-default-font-sizes\" data-hspacer=\"line_only\"  data-halign=\"left\" style=\"text-align:left\"><div class=\"uvc-main-heading ult-responsive\"  data-ultimate-target='.uvc-heading.ultimate-heading-243369d38e2f678cd h2'  data-responsive-json-new='{\"font-size\":\"\",\"line-height\":\"\"}' ><h2 style=\"font-weight:bold;\">Assurance pour voitures classiques<\/h2><\/div><div class=\"uvc-heading-spacer line_only\" style=\"margin-bottom:40px;height:3px;\"><span class=\"uvc-headings-line\" style=\"border-style:solid;border-bottom-width:3px;border-color:#0075a9;width:200px;\"><\/span><\/div><\/div>[vc_column_text css=&#8221;.vc_custom_1614714981661{margin-bottom: 0px !important;border-bottom-width: 0px !important;padding-bottom: 15px !important;}&#8221;]<\/p>\n<p class=\"p1\"><span class=\"s1\">We\u2019re pretty sure you aren\u2019t using discount-bin wax on your baby!<span class=\"Apple-converted-space\">\u00a0 <\/span>So, why risk insurance coverage through a company that treats your classic as just an \u201cold car\u201d subject to standard depreciation rules? You deserve collectible car insurance that is designed specifically for antiques, collectibles, and restored classics. <\/span><\/p>\n<p class=\"p1\"><span class=\"s1\">Classic car insurance is different than ordinary <a href=\"https:\/\/govienneau.com\/fr\/auto\/\"><span class=\"s2\">car insurance<\/span><\/a> in that it&#8217;s geared towards the actual collectible value of your vehicle. You want to make sure your collectible is given the respect it deserves in the event something was to happen to it.<\/span><\/p>\n<p>&nbsp;<\/p>\n<p class=\"p1\"><span style=\"color: #003e52;\"><strong><span class=\"s1\">Just some of the advantages of insuring your collectible with us includes:<\/span><\/strong><\/span><\/p>\n<p>[\/vc_column_text]<div class=\"standard-arrow bullet-top\"><ul class=\"ul1\">\n<li class=\"li1\"><span class=\"s1\"><b>Assurance Valeur garantie<\/b>: Nous faisons appel \u00e0 notre expertise en \u00e9valuation pour convenir de la juste valeur de votre voiture et, en cas de perte totale, c\u2019est ce montant qui vous est vers\u00e9. <\/span><\/li>\n<li class=\"li1\"><span class=\"s1\"><b>\u00c9quipe de r\u00e9clamations sp\u00e9cialis\u00e9e<\/b>: Les experts en sinistres sont sensibilis\u00e9s \u00e0 la r\u00e9paration des v\u00e9hicules de collection et feront tout pour que le v\u00f4tre soit r\u00e9par\u00e9 dans les r\u00e8gles de l&#8217;art \u2013 sans raccourci et sans l\u00e9siner sur les pi\u00e8ces.<\/span><\/li>\n<li class=\"li1\"><span class=\"s1\"><b>\u00c9conomies sur les primes<\/b> puisque l&#8217;assurance automobile classique tient compte du fait que vous conduirez probablement moins que vous le feriez avec un v\u00e9hicule de conduite ordinaire.<\/span><\/li>\n<\/ul>\n<\/div>[vc_column_text css=&#8221;.vc_custom_1614717644814{padding-top: 25px !important;padding-bottom: 25px !important;}&#8221;]<\/p>\n<p class=\"p1\"><span class=\"s1\">Tout <\/span><span lang=\"fr\">\u00e7<\/span><span class=\"s1\">a, en plus que vous ferez affaire \u00e0 un courtier local &#8211; et non \u00e0 un centre d&#8217;appel au loin &#8211; qui a fait ses preuves dans le domaine de l&#8217;assurance des voitures de collection, et qui ne s&#8217;est associ\u00e9 qu&#8217;avec les meilleurs assureurs dans ce domaine, comme <i>Hagerty Insurance<\/i>.<\/span><\/p>\n<p class=\"p1\"><span class=\"s1\">Appelez-nous pour obtenir une soumission pour votre classique !<\/span><\/p>\n<p>[\/vc_column_text][vc_btn title=&#8221;Obtenir Prix Auto&#8221; color=&#8221;warning&#8221; align=&#8221;center&#8221; link=&#8221;url:https%3A%2F%2Fwebrater.appliedsystems.com%2FWR%2FDefault.aspx%3FGC%3DVIENNEAU%26LANG%3DFR%26LOB%3DAUTO%26WFW%3DNST%26ORGSITE%3Dgovienneau.com|target:%20_blank|&#8221;][\/vc_column][\/vc_row][vc_row][vc_column]<style type=\"text\/css\" data-type=\"the7_shortcodes-inline-css\">.blog-carousel-shortcode.blog-carousel-shortcode-id-a70d5dac5fa967453e4c2379bf1dadf1.dividers-on.classic-layout-list article {\n  padding-top: 0;\n}\n.blog-carousel-shortcode.blog-carousel-shortcode-id-a70d5dac5fa967453e4c2379bf1dadf1.dividers-on.classic-layout-list article:first-of-type {\n  margin-top: 0;\n  padding-top: 0;\n}\n.blog-carousel-shortcode.blog-carousel-shortcode-id-a70d5dac5fa967453e4c2379bf1dadf1.classic-layout-list.mode-list .post-entry-content {\n  width: calc(100% - );\n}\n.blog-carousel-shortcode.blog-carousel-shortcode-id-a70d5dac5fa967453e4c2379bf1dadf1.classic-layout-list.mode-list .no-img .post-entry-content {\n  width: 100%;\n}\n.blog-carousel-shortcode.blog-carousel-shortcode-id-a70d5dac5fa967453e4c2379bf1dadf1 .filter-bg-decoration .filter-categories a.act {\n  color: #fff;\n}\n.blog-carousel-shortcode.blog-carousel-shortcode-id-a70d5dac5fa967453e4c2379bf1dadf1:not(.mode-masonry) article:first-of-type,\n.blog-carousel-shortcode.blog-carousel-shortcode-id-a70d5dac5fa967453e4c2379bf1dadf1:not(.mode-masonry) article.visible.first:not(.product) {\n  margin-top: 0;\n}\n.blog-carousel-shortcode.blog-carousel-shortcode-id-a70d5dac5fa967453e4c2379bf1dadf1.dividers-on:not(.mode-masonry) article {\n  margin-top: 0;\n}\n.blog-carousel-shortcode.blog-carousel-shortcode-id-a70d5dac5fa967453e4c2379bf1dadf1.dividers-on:not(.mode-masonry) article:first-of-type,\n.blog-carousel-shortcode.blog-carousel-shortcode-id-a70d5dac5fa967453e4c2379bf1dadf1.dividers-on:not(.mode-masonry) article.visible.first:not(.product) {\n  margin-top: 0;\n  padding-top: 0;\n}\n.blog-carousel-shortcode.blog-carousel-shortcode-id-a70d5dac5fa967453e4c2379bf1dadf1 .post-thumbnail-wrap {\n  padding: 0px 0px 0px 0px;\n}\n.blog-carousel-shortcode.blog-carousel-shortcode-id-a70d5dac5fa967453e4c2379bf1dadf1.enable-bg-rollover .post-thumbnail-rollover:after {\n  background: -webkit-linear-gradient();\n  background: linear-gradient();\n}\n.blog-carousel-shortcode.blog-carousel-shortcode-id-a70d5dac5fa967453e4c2379bf1dadf1 .gallery-zoom-ico {\n  width: 44px;\n  height: 44px;\n  line-height: 44px;\n  border-radius: 100px;\n  margin: -22px 0 0 -22px;\n  border-width: 0px;\n  color: #ffffff;\n  background: none;\n}\n.bottom-overlap-layout-list.blog-carousel-shortcode.blog-carousel-shortcode-id-a70d5dac5fa967453e4c2379bf1dadf1 .gallery-zoom-ico {\n  margin-top: -72px;\n}\n.gradient-overlay-layout-list.blog-carousel-shortcode.blog-carousel-shortcode-id-a70d5dac5fa967453e4c2379bf1dadf1 .gallery-zoom-ico,\n.content-rollover-layout-list.blog-carousel-shortcode.blog-carousel-shortcode-id-a70d5dac5fa967453e4c2379bf1dadf1 .gallery-zoom-ico {\n  margin: 0 0 10px;\n}\n.content-align-center.gradient-overlay-layout-list.blog-carousel-shortcode.blog-carousel-shortcode-id-a70d5dac5fa967453e4c2379bf1dadf1 .gallery-zoom-ico,\n.content-align-center.content-rollover-layout-list.blog-carousel-shortcode.blog-carousel-shortcode-id-a70d5dac5fa967453e4c2379bf1dadf1 .gallery-zoom-ico {\n  margin: 0 auto 10px;\n}\n.dt-icon-bg-on.blog-carousel-shortcode.blog-carousel-shortcode-id-a70d5dac5fa967453e4c2379bf1dadf1 .gallery-zoom-ico {\n  background: rgba(255,255,255,0.3);\n  box-shadow: none;\n}\n.blog-carousel-shortcode.blog-carousel-shortcode-id-a70d5dac5fa967453e4c2379bf1dadf1 .gallery-zoom-ico > span,\n.blog-carousel-shortcode.blog-carousel-shortcode-id-a70d5dac5fa967453e4c2379bf1dadf1 .gallery-zoom-ico:before {\n  font-size: 32px;\n  line-height: 44px;\n}\n.blog-carousel-shortcode.blog-carousel-shortcode-id-a70d5dac5fa967453e4c2379bf1dadf1 .gallery-zoom-ico > span,\n.blog-carousel-shortcode.blog-carousel-shortcode-id-a70d5dac5fa967453e4c2379bf1dadf1 .gallery-zoom-ico:before {\n  color: #ffffff;\n  background: none;\n}\n.blog-carousel-shortcode.blog-carousel-shortcode-id-a70d5dac5fa967453e4c2379bf1dadf1 .entry-title,\n.blog-carousel-shortcode.blog-carousel-shortcode-id-a70d5dac5fa967453e4c2379bf1dadf1.owl-carousel .entry-title {\n  margin-bottom: 5px;\n  font-weight: bold;\n}\n.blog-carousel-shortcode.blog-carousel-shortcode-id-a70d5dac5fa967453e4c2379bf1dadf1 .entry-meta {\n  margin-bottom: 15px;\n}\n.blog-carousel-shortcode.blog-carousel-shortcode-id-a70d5dac5fa967453e4c2379bf1dadf1 .portfolio-categories {\n  margin-bottom: 15px;\n}\n.blog-carousel-shortcode.blog-carousel-shortcode-id-a70d5dac5fa967453e4c2379bf1dadf1 .entry-excerpt {\n  margin-bottom: 5px;\n}\n.blog-carousel-shortcode.blog-carousel-shortcode-id-a70d5dac5fa967453e4c2379bf1dadf1:not(.centered-layout-list) .post-entry-content {\n  padding: 15px 20px 20px 20px;\n}\n.blog-carousel-shortcode.blog-carousel-shortcode-id-a70d5dac5fa967453e4c2379bf1dadf1:not(.centered-layout-list):not(.content-bg-on):not(.mode-list) .no-img .post-entry-content {\n  padding: 0;\n}\n@media screen and (max-width: ) {\n  .blog-carousel-shortcode.blog-carousel-shortcode-id-a70d5dac5fa967453e4c2379bf1dadf1 article {\n    -ms-flex-flow: column nowrap;\n    flex-flow: column nowrap;\n    margin-top: 20px;\n  }\n  .blog-carousel-shortcode.blog-carousel-shortcode-id-a70d5dac5fa967453e4c2379bf1dadf1.dividers-on article {\n    border: none;\n  }\n  .blog-carousel-shortcode.blog-carousel-shortcode-id-a70d5dac5fa967453e4c2379bf1dadf1.content-bg-on.centered-layout-list article {\n    padding: 0;\n  }\n  .blog-carousel-shortcode.blog-carousel-shortcode-id-a70d5dac5fa967453e4c2379bf1dadf1.blog-shortcode.dividers-on article,\n  .blog-carousel-shortcode.blog-carousel-shortcode-id-a70d5dac5fa967453e4c2379bf1dadf1.dividers-on.classic-layout-list article {\n    margin-top: 20px;\n    padding: 0;\n  }\n  .blog-carousel-shortcode.blog-carousel-shortcode-id-a70d5dac5fa967453e4c2379bf1dadf1.blog-shortcode.dividers-on article:first-of-type,\n  .blog-carousel-shortcode.blog-carousel-shortcode-id-a70d5dac5fa967453e4c2379bf1dadf1.dividers-on.classic-layout-list article:first-of-type {\n    padding: 0;\n  }\n  #page .blog-carousel-shortcode.blog-carousel-shortcode-id-a70d5dac5fa967453e4c2379bf1dadf1 .post-thumbnail-wrap,\n  #page .blog-carousel-shortcode.blog-carousel-shortcode-id-a70d5dac5fa967453e4c2379bf1dadf1 .post-entry-content {\n    width: 100%;\n    margin: 0;\n    top: 0;\n  }\n  #page .blog-carousel-shortcode.blog-carousel-shortcode-id-a70d5dac5fa967453e4c2379bf1dadf1 .post-thumbnail-wrap {\n    padding: 0;\n  }\n  #page .blog-carousel-shortcode.blog-carousel-shortcode-id-a70d5dac5fa967453e4c2379bf1dadf1 .post-entry-content:after {\n    display: none;\n  }\n  #page .blog-carousel-shortcode.blog-carousel-shortcode-id-a70d5dac5fa967453e4c2379bf1dadf1 .project-even .post-thumbnail-wrap,\n  #page .blog-carousel-shortcode.blog-carousel-shortcode-id-a70d5dac5fa967453e4c2379bf1dadf1.centered-layout-list .post-thumbnail-wrap {\n    -ms-flex-order: 0;\n    order: 0;\n  }\n  #page .blog-carousel-shortcode.blog-carousel-shortcode-id-a70d5dac5fa967453e4c2379bf1dadf1.centered-layout-list .post-entry-title-content {\n    -ms-flex-order: 1;\n    order: 1;\n    width: 100%;\n    padding: 20px 20px 0;\n  }\n  #page .blog-carousel-shortcode.blog-carousel-shortcode-id-a70d5dac5fa967453e4c2379bf1dadf1.centered-layout-list .post-entry-content {\n    -ms-flex-order: 2;\n    order: 2;\n    padding-top: 0;\n  }\n  #page .blog-carousel-shortcode.blog-carousel-shortcode-id-a70d5dac5fa967453e4c2379bf1dadf1 .fancy-categories {\n    top: 10px;\n    left: 10px;\n    bottom: auto;\n    right: auto;\n  }\n  #page .blog-carousel-shortcode.blog-carousel-shortcode-id-a70d5dac5fa967453e4c2379bf1dadf1 .fancy-date a {\n    top: 10px;\n    right: 10px;\n    left: auto;\n    bottom: auto;\n  }\n  #page .blog-carousel-shortcode.blog-carousel-shortcode-id-a70d5dac5fa967453e4c2379bf1dadf1 .post-entry-content {\n    padding: 20px;\n  }\n  #page .blog-carousel-shortcode.blog-carousel-shortcode-id-a70d5dac5fa967453e4c2379bf1dadf1 .entry-title {\n    margin: 3px 0 5px;\n    font-size: 20px;\n    line-height: 26px;\n  }\n  #page .blog-carousel-shortcode.blog-carousel-shortcode-id-a70d5dac5fa967453e4c2379bf1dadf1 .entry-meta {\n    margin: 5px 0 5px;\n  }\n  #page .blog-carousel-shortcode.blog-carousel-shortcode-id-a70d5dac5fa967453e4c2379bf1dadf1 .entry-excerpt {\n    margin: 15px 0 0;\n  }\n  #page .blog-carousel-shortcode.blog-carousel-shortcode-id-a70d5dac5fa967453e4c2379bf1dadf1 .post-details {\n    margin: 5px 0 10px;\n  }\n  #page .blog-carousel-shortcode.blog-carousel-shortcode-id-a70d5dac5fa967453e4c2379bf1dadf1 .post-details.details-type-link {\n    margin-bottom: 2px;\n  }\n}\n.blog-carousel-shortcode.blog-carousel-shortcode-id-a70d5dac5fa967453e4c2379bf1dadf1 .owl-nav a {\n  width: 36px;\n  height: 36px;\n  border-radius: 500px;\n}\n.dt-arrow-border-on.blog-carousel-shortcode.blog-carousel-shortcode-id-a70d5dac5fa967453e4c2379bf1dadf1 .owl-nav a:not(:hover):before {\n  border-width: 0px;\n}\n.dt-arrow-hover-border-on.blog-carousel-shortcode.blog-carousel-shortcode-id-a70d5dac5fa967453e4c2379bf1dadf1 .owl-nav a:hover:after {\n  border-width: 0px;\n}\n.blog-carousel-shortcode.blog-carousel-shortcode-id-a70d5dac5fa967453e4c2379bf1dadf1 .owl-nav a.owl-prev {\n  top: 50%;\n  transform: translateY(calc(-50% + 0px));\n  left: -43px;\n}\n@media all and (-ms-high-contrast: none) {\n  .blog-carousel-shortcode.blog-carousel-shortcode-id-a70d5dac5fa967453e4c2379bf1dadf1 .owl-nav a.owl-prev {\n    transform: translateY(-50%);\n    margin-top: 0px;\n  }\n}\n.blog-carousel-shortcode.blog-carousel-shortcode-id-a70d5dac5fa967453e4c2379bf1dadf1 .owl-nav a.owl-prev i {\n  padding: 0px 0px 0px 0px;\n}\n.blog-carousel-shortcode.blog-carousel-shortcode-id-a70d5dac5fa967453e4c2379bf1dadf1 .owl-nav a.owl-next {\n  top: 50%;\n  transform: translateY(calc(-50% + 0px));\n  right: -43px;\n}\n@media all and (-ms-high-contrast: none) {\n  .blog-carousel-shortcode.blog-carousel-shortcode-id-a70d5dac5fa967453e4c2379bf1dadf1 .owl-nav a.owl-next {\n    transform: translateY(-50%);\n    margin-top: 0px;\n  }\n}\n.blog-carousel-shortcode.blog-carousel-shortcode-id-a70d5dac5fa967453e4c2379bf1dadf1 .owl-nav a.owl-next i {\n  padding: 0px 0px 0px 0px;\n}\n.blog-carousel-shortcode.blog-carousel-shortcode-id-a70d5dac5fa967453e4c2379bf1dadf1 .owl-nav i {\n  font-size: 18px;\n}\n.blog-carousel-shortcode.blog-carousel-shortcode-id-a70d5dac5fa967453e4c2379bf1dadf1 .owl-nav a:not(:hover) i,\n.blog-carousel-shortcode.blog-carousel-shortcode-id-a70d5dac5fa967453e4c2379bf1dadf1 .owl-nav a:not(:hover) i:before {\n  color: #ffffff;\n  background: none;\n}\n.blog-carousel-shortcode.blog-carousel-shortcode-id-a70d5dac5fa967453e4c2379bf1dadf1 .owl-nav a:hover i,\n.blog-carousel-shortcode.blog-carousel-shortcode-id-a70d5dac5fa967453e4c2379bf1dadf1 .owl-nav a:hover i:before {\n  color: rgba(255,255,255,0.75);\n  background: none;\n}\n.blog-carousel-shortcode.blog-carousel-shortcode-id-a70d5dac5fa967453e4c2379bf1dadf1 .owl-dots {\n  top: calc(100% + 20px);\n  left: 50%;\n  transform: translateX(calc(-50% + 0px));\n}\n@media all and (-ms-high-contrast: none) {\n  .blog-carousel-shortcode.blog-carousel-shortcode-id-a70d5dac5fa967453e4c2379bf1dadf1 .owl-dots {\n    transform: translateX(-50%);\n    margin-left: 0px;\n  }\n}\n.blog-carousel-shortcode.blog-carousel-shortcode-id-a70d5dac5fa967453e4c2379bf1dadf1 .owl-dot {\n  width: 10px;\n  height: 10px;\n  margin: 0 8px;\n}\n@media screen and (max-width: 778px) {\n  .blog-carousel-shortcode.blog-carousel-shortcode-id-a70d5dac5fa967453e4c2379bf1dadf1.hide-arrows .owl-nav a {\n    display: none;\n  }\n}\n@media screen and (max-width: 778px) {\n  .blog-carousel-shortcode.blog-carousel-shortcode-id-a70d5dac5fa967453e4c2379bf1dadf1.reposition-arrows .owl-nav .owl-prev {\n    top: 50%;\n    transform: translateY(calc(-50% + 0px));\n    left: 10px;\n  }\n  .blog-carousel-shortcode.blog-carousel-shortcode-id-a70d5dac5fa967453e4c2379bf1dadf1.reposition-arrows .owl-nav .owl-next {\n    top: 50%;\n    transform: translateY(calc(-50% + 0px));\n    right: 10px;\n  }\n}\n@media screen and (max-width: 778px) and all and (-ms-high-contrast: none) {\n  .blog-carousel-shortcode.blog-carousel-shortcode-id-a70d5dac5fa967453e4c2379bf1dadf1.reposition-arrows .owl-nav .owl-prev {\n    transform: translateY(-50%);\n    margin-top: 0px;\n  }\n}\n@media screen and (max-width: 778px) and all and (-ms-high-contrast: none) {\n  .blog-carousel-shortcode.blog-carousel-shortcode-id-a70d5dac5fa967453e4c2379bf1dadf1.reposition-arrows .owl-nav .owl-next {\n    transform: translateY(-50%);\n    margin-top: 0px;\n  }\n}\n<\/style><div class=\"owl-carousel blog-carousel-shortcode dt-owl-carousel-call blog-carousel-shortcode-id-a70d5dac5fa967453e4c2379bf1dadf1 classic-layout-list content-bg-on scale-img dt-icon-bg-off dt-arrow-border-on dt-arrow-hover-border-on bullets-small-dot-stroke reposition-arrows arrows-bg-on disable-arrows-hover-bg arrows-hover-bg-on  \" data-scroll-mode=\"1\" data-col-num=\"3\" data-wide-col-num=\"4\" data-laptop-col=\"3\" data-h-tablet-columns-num=\"3\" data-v-tablet-columns-num=\"2\" data-phone-columns-num=\"1\" data-auto-height=\"true\" data-col-gap=\"30\" data-stage-padding=\"0\" data-speed=\"600\" data-autoplay=\"false\" data-autoplay_speed=\"6000\" data-arrows=\"true\" data-bullet=\"false\" data-next-icon=\"icon-ar-017-r\" data-prev-icon=\"icon-ar-017-l\"><\/div>[\/vc_column][\/vc_row]<\/p>\n","protected":false},"excerpt":{"rendered":"<p>[vc_row bg_type=&#8221;image&#8221; parallax_style=&#8221;vcpb-default&#8221; bg_image_new=&#8221;id^3594|url^https:\/\/govienneau.com\/wp-content\/uploads\/2021\/03\/Classic-car-dark-top.jpg|caption^null|alt^null|title^Classic-car&#8211;dark-top|description^null&#8221; bg_override=&#8221;full&#8221; enable_overlay=&#8221;enable_overlay_value&#8221; overlay_color=&#8221;#212121&#8243; seperator_enable=&#8221;seperator_enable_value&#8221; seperator_type=&#8221;tilt_left_seperator&#8221; seperator_position=&#8221;bottom_seperator&#8221; seperator_svg_height=&#8221;100&#8243; el_id=&#8221;Auto&#8221; css=&#8221;.vc_custom_1614715467819{padding-top: 50px !important;padding-bottom: 50px !important;}&#8221;][vc_column][vc_column_text css=&#8221;.vc_custom_1614718087345{padding-top: 75px !important;padding-bottom: 75px !important;}&#8221;] Voitures Classiques [\/vc_column_text][\/vc_column][\/vc_row][vc_row][vc_column][vc_column_text css=&#8221;.vc_custom_1614714981661{margin-bottom: 0px !important;border-bottom-width: 0px !important;padding-bottom: 15px !important;}&#8221;] We\u2019re pretty sure you aren\u2019t using discount-bin wax on your baby!\u00a0 So, why risk insurance coverage through a company that treats your classic&hellip;<\/p>\n","protected":false},"author":1,"featured_media":0,"parent":0,"menu_order":0,"comment_status":"closed","ping_status":"closed","template":"","meta":{"_mi_skip_tracking":false},"yst_prominent_words":[2937,83,81,2927,2935,2934,2933,656,660,54,466,739,1220,1640,1083,1885,2936,2973,2972,549],"_links":{"self":[{"href":"https:\/\/govienneau.com\/fr\/wp-json\/wp\/v2\/pages\/3597"}],"collection":[{"href":"https:\/\/govienneau.com\/fr\/wp-json\/wp\/v2\/pages"}],"about":[{"href":"https:\/\/govienneau.com\/fr\/wp-json\/wp\/v2\/types\/page"}],"author":[{"embeddable":true,"href":"https:\/\/govienneau.com\/fr\/wp-json\/wp\/v2\/users\/1"}],"replies":[{"embeddable":true,"href":"https:\/\/govienneau.com\/fr\/wp-json\/wp\/v2\/comments?post=3597"}],"version-history":[{"count":9,"href":"https:\/\/govienneau.com\/fr\/wp-json\/wp\/v2\/pages\/3597\/revisions"}],"predecessor-version":[{"id":3630,"href":"https:\/\/govienneau.com\/fr\/wp-json\/wp\/v2\/pages\/3597\/revisions\/3630"}],"wp:attachment":[{"href":"https:\/\/govienneau.com\/fr\/wp-json\/wp\/v2\/media?parent=3597"}],"wp:term":[{"taxonomy":"yst_prominent_words","embeddable":true,"href":"https:\/\/govienneau.com\/fr\/wp-json\/wp\/v2\/yst_prominent_words?post=3597"}],"curies":[{"name":"wp","href":"https:\/\/api.w.org\/{rel}","templated":true}]}}