{"id":998,"date":"2018-01-26T15:52:34","date_gmt":"2018-01-26T15:52:34","guid":{"rendered":"http:\/\/govienneau.com\/apprends-nous\/"},"modified":"2023-01-17T16:55:34","modified_gmt":"2023-01-17T20:55:34","slug":"a-propos-de-nous","status":"publish","type":"page","link":"https:\/\/govienneau.com\/fr\/a-propos-de-nous\/","title":{"rendered":"\u00c0 propos de nous"},"content":{"rendered":"<p>[vc_row bg_type=&#8221;image&#8221; parallax_style=&#8221;vcpb-default&#8221; bg_image_new=&#8221;id^513|url^http:\/\/govienneau.com\/wp-content\/uploads\/2018\/01\/Dieppe-dark-top.jpg|caption^null|alt^null|title^Dieppe &#8211; dark top|description^null&#8221; bg_override=&#8221;full&#8221; enable_overlay=&#8221;enable_overlay_value&#8221; overlay_color=&#8221;#212121&#8243; seperator_enable=&#8221;seperator_enable_value&#8221; seperator_type=&#8221;tilt_left_seperator&#8221; seperator_position=&#8221;bottom_seperator&#8221; seperator_svg_height=&#8221;100&#8243; el_id=&#8221;about&#8221; css=&#8221;.vc_custom_1516392433991{padding-top: 130px !important;padding-bottom: 100px !important;}&#8221;][vc_column width=&#8221;1\/3&#8243;]<div id=\"ultimate-heading-457569d38e2f6b988\" class=\"uvc-heading ult-adjust-bottom-margin ultimate-heading-457569d38e2f6b988 uvc-6030  uvc-heading-default-font-sizes\" data-hspacer=\"no_spacer\"  data-halign=\"center\" style=\"text-align:center\"><div class=\"uvc-heading-spacer no_spacer\" style=\"top\"><\/div><div class=\"uvc-main-heading ult-responsive\"  data-ultimate-target='.uvc-heading.ultimate-heading-457569d38e2f6b988 h2'  data-responsive-json-new='{\"font-size\":\"\",\"line-height\":\"\"}' ><h2 style=\"font-style:italic;--font-weight:theme;color:#ffffff;\">\u00c0 propos de nous<\/h2><\/div><\/div>[\/vc_column][vc_column width=&#8221;1\/3&#8243;][\/vc_column][vc_column css_animation=&#8221;bounceInRight&#8221; width=&#8221;1\/3&#8243;][\/vc_column][\/vc_row][vc_row equal_height=&#8221;yes&#8221; bg_type=&#8221;bg_color&#8221; bg_override=&#8221;ex-full&#8221; margin_top=&#8221;55&#8243; margin_bottom=&#8221;5&#8243; type=&#8221;vc_default&#8221; css=&#8221;.vc_custom_1481805970990{padding-top: 65px !important;padding-bottom: 15px !important;}&#8221; bg_color_value=&#8221;#ffffff&#8221; el_id=&#8221;services&#8221;][vc_column width=&#8221;1\/2&#8243; css=&#8221;.vc_custom_1476812680932{padding-bottom: 50px !important;}&#8221;][vc_row_inner][vc_column_inner width=&#8221;1\/2&#8243; offset=&#8221;vc_col-lg-4 vc_col-md-4 vc_col-xs-6&#8243;][vc_single_image image=&#8221;176&#8243; img_size=&#8221;300&#215;300&#8243; style=&#8221;vc_box_circle&#8221; onclick=&#8221;custom_link&#8221; css=&#8221;.vc_custom_1517586440683{padding-bottom: 25px !important;}&#8221; link=&#8221;\/fr\/a-propos-de-nous\/&#8221;][\/vc_column_inner][vc_column_inner offset=&#8221;vc_col-lg-8 vc_col-md-8 vc_col-xs-12&#8243;]<div id=\"ultimate-heading-150869d38e2f6b9d3\" class=\"uvc-heading ult-adjust-bottom-margin ultimate-heading-150869d38e2f6b9d3 uvc-7777 accent-border-color\" data-hspacer=\"no_spacer\"  data-halign=\"left\" style=\"text-align:left\"><div class=\"uvc-heading-spacer no_spacer\" style=\"top\"><\/div><div class=\"uvc-main-heading ult-responsive\"  data-ultimate-target='.uvc-heading.ultimate-heading-150869d38e2f6b9d3 h2'  data-responsive-json-new='{\"font-size\":\"desktop:20px;\",\"line-height\":\"desktop:30px;\"}' ><h2 style=\"font-weight:bold;margin-bottom:10px;\">La valeur est importante<\/h2><\/div><div class=\"uvc-sub-heading ult-responsive\"  data-ultimate-target='.uvc-heading.ultimate-heading-150869d38e2f6b9d3 .uvc-sub-heading '  data-responsive-json-new='{\"font-size\":\"\",\"line-height\":\"desktop:26px;\"}'  style=\"font-weight:normal;margin-bottom:20px;\">\u00ab\u00a0Donnez-moi exactement ce dont j&#8217;ai besoin \u2013 pas plus, ni moins \u2013 et \u00e0 votre meilleur prix. SVP, faites que \u00e7a soit simple!\u00a0\u00bb Voil\u00e0 ce que nos clients nous disent depuis des ann\u00e9es et voil\u00e0 la fa\u00e7on dont nous op\u00e9rons.<\/p>\n<p>Il est normal de ne pas vouloir payer cher pour son assurance et c&#8217;est ce que nous pouvons faire pour vous. Nous pouvons magasiner votre police d&#8217;assurance chez une vari\u00e9t\u00e9 de compagnies d&#8217;assurance pour vous trouver un prix raisonnable. Cependant, il existe bien d&#8217;autres avantages \u00e0 travailler avec nous plut\u00f4t qu&#8217;avec des compagnies en ligne o\u00f9 vous faites la recherche vous-m\u00eame ou des centres d&#8217;appel qui disent pouvoir vous faire \u00e9conomiser quelques dollars.<\/div><\/div><style type=\"text\/css\" data-type=\"the7_shortcodes-inline-css\">#default-btn-745ff1e8f0e71db51980750201c0ab2f.ico-right-side > i {\n  margin-right: 0px;\n  margin-left: 8px;\n}\n#default-btn-745ff1e8f0e71db51980750201c0ab2f > i {\n  margin-right: 8px;\n}\n<\/style><a href=\"\/fr\/a-propos-de-nous\/\" class=\"default-btn-shortcode dt-btn dt-btn-s link-hover-off btn-inline-left \" id=\"default-btn-745ff1e8f0e71db51980750201c0ab2f\"><span>Plus de Details<\/span><\/a>[\/vc_column_inner][\/vc_row_inner][\/vc_column][vc_column width=&#8221;1\/2&#8243; css=&#8221;.vc_custom_1476812967718{padding-bottom: 50px !important;}&#8221;][vc_row_inner][vc_column_inner width=&#8221;1\/2&#8243; offset=&#8221;vc_col-lg-4 vc_col-md-4 vc_col-xs-6&#8243;][vc_single_image image=&#8221;179&#8243; img_size=&#8221;300&#215;300&#8243; style=&#8221;vc_box_circle&#8221; onclick=&#8221;custom_link&#8221; css=&#8221;.vc_custom_1517586454197{padding-bottom: 25px !important;}&#8221; link=&#8221;\/fr\/a-propos-de-nous\/&#8221;][\/vc_column_inner][vc_column_inner offset=&#8221;vc_col-lg-8 vc_col-md-8 vc_col-xs-12&#8243;]<div id=\"ultimate-heading-138469d38e2f6bd98\" class=\"uvc-heading ult-adjust-bottom-margin ultimate-heading-138469d38e2f6bd98 uvc-8905 accent-border-color\" data-hspacer=\"no_spacer\"  data-halign=\"left\" style=\"text-align:left\"><div class=\"uvc-heading-spacer no_spacer\" style=\"top\"><\/div><div class=\"uvc-main-heading ult-responsive\"  data-ultimate-target='.uvc-heading.ultimate-heading-138469d38e2f6bd98 h2'  data-responsive-json-new='{\"font-size\":\"desktop:20px;\",\"line-height\":\"desktop:30px;\"}' ><h2 style=\"font-weight:bold;margin-bottom:10px;\">Un courtier du Nouveau-Brunswick en qui vous pouvez faire confiance<\/h2><\/div><div class=\"uvc-sub-heading ult-responsive\"  data-ultimate-target='.uvc-heading.ultimate-heading-138469d38e2f6bd98 .uvc-sub-heading '  data-responsive-json-new='{\"font-size\":\"\",\"line-height\":\"desktop:26px;\"}'  style=\"font-weight:normal;margin-bottom:20px;\">Nous sommes un <strong>courtier d&#8217;assurances ind\u00e9pendant et local<\/strong> et ce titre poss\u00e8de une signification importante pour vous. Le fait que nous sommes un <strong>courtier<\/strong> signifie que nous avons acc\u00e8s \u00e0 plusieurs compagnies d&#8217;assurance, dont la plupart passent exclusivement par des courtiers. En d&#8217;autres mots, nous magasinons en votre nom pour trouver les meilleurs produits qui r\u00e9pondront \u00e0 vos besoins pr\u00e9cis et au meilleur prix. Le fait que nous sommes <strong>ind\u00e9pendants<\/strong> n&#8217;a pas vraiment besoin d&#8217;explication. Nous n&#8217;avons pas d&#8217;alliance avec les assureurs qui pourrait causer une confusion ou un conflit lorsque vient le temps pour nos clients de choisir une assurance. Puisque nous ne travaillons pas pour une compagnie d&#8217;assurance, nous sommes de votre c\u00f4t\u00e9 lorsque vient le temps de pr\u00e9parer une d\u00e9claration de sinistre.<\/div><\/div><style type=\"text\/css\" data-type=\"the7_shortcodes-inline-css\">#default-btn-745ff1e8f0e71db51980750201c0ab2f.ico-right-side > i {\n  margin-right: 0px;\n  margin-left: 8px;\n}\n#default-btn-745ff1e8f0e71db51980750201c0ab2f > i {\n  margin-right: 8px;\n}\n<\/style><a href=\"\/fr\/a-propos-de-nous\/\" class=\"default-btn-shortcode dt-btn dt-btn-s link-hover-off btn-inline-left \" id=\"default-btn-745ff1e8f0e71db51980750201c0ab2f\"><span>Plus de Details<\/span><\/a>[\/vc_column_inner][\/vc_row_inner][\/vc_column][\/vc_row][vc_row bg_type=&#8221;image&#8221; parallax_style=&#8221;vcpb-vz-jquery&#8221; bg_image_new=&#8221;id^513|url^http:\/\/govienneau.com\/wp-content\/uploads\/2018\/01\/Dieppe-dark-top.jpg|caption^null|alt^null|title^Dieppe &#8211; dark top|description^null&#8221; bg_image_repeat=&#8221;no-repeat&#8221; bg_override=&#8221;ex-full&#8221; enable_overlay=&#8221;enable_overlay_value&#8221; overlay_color=&#8221;rgba(0,0,0,0.6)&#8221; overlay_pattern=&#8221;transperant&#8221; seperator_enable=&#8221;seperator_enable_value&#8221; seperator_type=&#8221;tilt_left_seperator&#8221; seperator_position=&#8221;top_bottom_seperator&#8221; seperator_svg_height=&#8221;100&#8243; seperator_shape_background=&#8221;#ffffff&#8221; type=&#8221;vc_default&#8221; css=&#8221;.vc_custom_1516890933900{padding-top: 170px !important;padding-right: 25px !important;padding-bottom: 170px !important;padding-left: 25px !important;background-color: #000000 !important;}&#8221; el_id=&#8221;company&#8221;][vc_column][vc_row_inner equal_height=&#8221;yes&#8221; css=&#8221;.vc_custom_1516289937827{border-top-width: 9px !important;border-right-width: 9px !important;border-bottom-width: 9px !important;border-left-width: 9px !important;padding-top: 60px !important;padding-right: 25px !important;padding-bottom: 25px !important;padding-left: 25px !important;border-left-color: rgba(255,255,255,0.3) !important;border-left-style: double !important;border-right-color: rgba(255,255,255,0.3) !important;border-right-style: double !important;border-top-color: rgba(255,255,255,0.3) !important;border-top-style: double !important;border-bottom-color: rgba(255,255,255,0.3) !important;border-bottom-style: double !important;}&#8221;][vc_column_inner width=&#8221;7\/12&#8243; offset=&#8221;vc_col-lg-8 vc_col-md-8&#8243; css=&#8221;.vc_custom_1476814097619{margin-top: 0px !important;margin-right: 0px !important;margin-bottom: 0px !important;margin-left: 0px !important;padding-top: 0px !important;padding-right: 25px !important;padding-bottom: 50px !important;padding-left: 25px !important;}&#8221;]<div id=\"ultimate-heading-313269d38e2f6be7b\" class=\"uvc-heading ult-adjust-bottom-margin ultimate-heading-313269d38e2f6be7b uvc-9398 accent-border-color\" data-hspacer=\"line_only\"  data-halign=\"left\" style=\"text-align:left\"><div class=\"uvc-main-heading ult-responsive\"  data-ultimate-target='.uvc-heading.ultimate-heading-313269d38e2f6be7b h2'  data-responsive-json-new='{\"font-size\":\"desktop:34px;\",\"line-height\":\"desktop:44px;\"}' ><h2 style=\"font-weight:bold;color:#ffffff;margin-bottom:15px;\">Vienneau: Nous sommes local<\/h2><\/div><div class=\"uvc-heading-spacer line_only\" style=\"margin-bottom:35px;height:3px;\"><span class=\"uvc-headings-line\" style=\"border-style:solid;border-bottom-width:3px;border-color:;width:200px;\"><\/span><\/div><\/div><div id=\"ultimate-heading-541969d38e2f6beab\" class=\"uvc-heading ult-adjust-bottom-margin ultimate-heading-541969d38e2f6beab uvc-6723 \" data-hspacer=\"no_spacer\"  data-halign=\"left\" style=\"text-align:left\"><div class=\"uvc-heading-spacer no_spacer\" style=\"top\"><\/div><div class=\"uvc-sub-heading ult-responsive\"  data-ultimate-target='.uvc-heading.ultimate-heading-541969d38e2f6beab .uvc-sub-heading '  data-responsive-json-new='{\"font-size\":\"\",\"line-height\":\"desktop:26px;\"}'  style=\"font-weight:normal;color:#ffffff;\">Le fait que nous sommes <strong>locaux<\/strong> signifie que notre fonctionnement est semblable \u00e0 celui d&#8217;une petite entreprise locale, puisque c&#8217;est exactement ce que nous sommes. Vous pouvez nous rencontrer en personne si vous le voulez. Vous pouvez aussi nous t\u00e9l\u00e9phoner et parler \u00e0 une vraie personne, au lieu d&#8217;appuyer sur le 1 et sur le 2 dans un centre d&#8217;appels. Si vous voulez parler \u00e0 Nicole, vous parlez \u00e0 Nicole (ou \u00e0 tout autre membre de <a href=\"\/fr\/#contact\">notre \u00e9quipe<\/a>). C&#8217;est assez simple. Cependant, \u00ab\u00a0local\u00a0\u00bb ne signifie pas n\u00e9cessairement que nous ne sommes pas \u00e0 jour avec les r\u00e9centes technologies. Nous continuons d&#8217;investir dans la technologie afin d&#8217;assurer que vous puissiez communiquer avec nous de la fa\u00e7on de votre choix. Cela pourrait dire envoyer une demande de changement de police sur notre site Web \u00e0 2 h du matin, poser une question par texto pendant l&#8217;heure du d\u00eener ou pr\u00e9parer une d\u00e9claration de sinistre pendant la fin de semaine.<\/p>\n<p>En r\u00e9alit\u00e9, nous faisons maintenant affaires depuis plus de 70 ans et sans vouloir se vanter, nous sommes pas mal des pros en ce qui concerne les assurances puisque c&#8217;est tout ce que nous avons connu! Pour en apprendre davantage sur l&#8217;histoire d&#8217;Assurance Vienneau, <a href=\"https:\/\/govienneau.com\/fr\/a-propos-de-nous\/\">cliquez ici<\/a>.<\/div><\/div>[\/vc_column_inner][vc_column_inner width=&#8221;5\/12&#8243; css=&#8221;.vc_custom_1476869609525{padding-top: 3px !important;padding-right: 25px !important;padding-bottom: 50px !important;padding-left: 25px !important;}&#8221; offset=&#8221;vc_col-lg-4 vc_col-md-4&#8243;]<div class=\"stats-block stats-left  accent-icon-bg  vc_custom_1673988907308\"><div class=\"aio-icon-left\"><div class=\"ult-just-icon-wrapper  \"><div class=\"align-icon\" style=\"text-align:center;\">\n<div class=\"aio-icon advanced \"  style=\"color:#ffffff;background:#ffffff;border-style:;border-color:#333333;border-width:1px;width:44px;height:44px;line-height:44px;border-radius:500px;font-size:24px;display:inline-block;\">\n\t<i class=\"icomoon-material-24x24-assignment_ind\"><\/i>\n<\/div><\/div><\/div><\/div><div class=\"stats-desc\" id=\"counter-responsv-wrap-2130\"><div id=\"counter_51659570069d38e2f6bf6f\" data-id=\"counter_51659570069d38e2f6bf6f\"  data-ultimate-target='#counter-responsv-wrap-2130 .stats-number'  data-responsive-json-new='{\"font-size\":\"desktop:40px;\",\"line-height\":\"desktop:50px;\"}'  class=\"stats-number ult-responsive\" style=\" color:#ffffff; font-weight:bold;color:#ffffff;\" data-speed=\"5\" data-counter-value=\"65\" data-separator=\",\" data-decimal=\".\">0<\/div><div id=\"counter_51659570069d38e2f6bf6f\"  data-ultimate-target='#counter-responsv-wrap-2130 .stats-text'  data-responsive-json-new='{\"font-size\":\"desktop:20px;\",\"line-height\":\"desktop:30px;\"}'  class=\"stats-text ult-responsive\" style=\"font-size:px; color:#ffffff; \">Personnel<\/div><\/div><\/div><div class=\"stats-block stats-left  accent-icon-bg  vc_custom_1673988918210\"><div class=\"aio-icon-left\"><div class=\"ult-just-icon-wrapper  \"><div class=\"align-icon\" style=\"text-align:center;\">\n<div class=\"aio-icon advanced \"  style=\"color:#ffffff;background:#ffffff;border-style:;border-color:#333333;border-width:1px;width:44px;height:44px;line-height:44px;border-radius:500px;font-size:24px;display:inline-block;\">\n\t<i class=\"icomoon-material-24x24-stars\"><\/i>\n<\/div><\/div><\/div><\/div><div class=\"stats-desc\" id=\"counter-responsv-wrap-6624\"><div id=\"counter_279998153269d38e2f6c00d\" data-id=\"counter_279998153269d38e2f6c00d\"  data-ultimate-target='#counter-responsv-wrap-6624 .stats-number'  data-responsive-json-new='{\"font-size\":\"desktop:40px;\",\"line-height\":\"desktop:50px;\"}'  class=\"stats-number ult-responsive\" style=\" color:#ffffff; font-weight:bold;color:#ffffff;\" data-speed=\"5\" data-counter-value=\"75\" data-separator=\",\" data-decimal=\".\">0<\/div><div id=\"counter_279998153269d38e2f6c00d\"  data-ultimate-target='#counter-responsv-wrap-6624 .stats-text'  data-responsive-json-new='{\"font-size\":\"desktop:20px;\",\"line-height\":\"desktop:30px;\"}'  class=\"stats-text ult-responsive\" style=\"font-size:px; color:#ffffff; \">Ann\u00e9es en affaires<\/div><\/div><\/div><div class=\"stats-block stats-left  accent-icon-bg  vc_custom_1673988930973\"><div class=\"aio-icon-left\"><div class=\"ult-just-icon-wrapper  \"><div class=\"align-icon\" style=\"text-align:center;\">\n<div class=\"aio-icon advanced \"  style=\"color:#ffffff;background:#ffffff;border-style:;border-color:#333333;border-width:1px;width:44px;height:44px;line-height:44px;border-radius:500px;font-size:24px;display:inline-block;\">\n\t<i class=\"icomoon-material-24x24-business_center\"><\/i>\n<\/div><\/div><\/div><\/div><div class=\"stats-desc\" id=\"counter-responsv-wrap-4816\"><div id=\"counter_130054877569d38e2f6c0ce\" data-id=\"counter_130054877569d38e2f6c0ce\"  data-ultimate-target='#counter-responsv-wrap-4816 .stats-number'  data-responsive-json-new='{\"font-size\":\"desktop:40px;\",\"line-height\":\"desktop:50px;\"}'  class=\"stats-number ult-responsive\" style=\" color:#ffffff; font-weight:bold;color:#ffffff;\" data-speed=\"5\" data-counter-value=\"31744\" data-separator=\",\" data-decimal=\".\">0<\/div><div id=\"counter_130054877569d38e2f6c0ce\"  data-ultimate-target='#counter-responsv-wrap-4816 .stats-text'  data-responsive-json-new='{\"font-size\":\"desktop:20px;\",\"line-height\":\"desktop:30px;\"}'  class=\"stats-text ult-responsive\" style=\"font-size:px; color:#ffffff; \">Contracts en force<\/div><\/div><\/div>[\/vc_column_inner][\/vc_row_inner][\/vc_column][\/vc_row][vc_row css=&#8221;.vc_custom_1516982230400{padding-top: 50px !important;}&#8221;][vc_column]<div id=\"ultimate-heading-800769d38e2f6c108\" class=\"uvc-heading ult-adjust-bottom-margin ultimate-heading-800769d38e2f6c108 uvc-7656  uvc-heading-default-font-sizes\" data-hspacer=\"line_only\"  data-halign=\"left\" style=\"text-align:left\"><div class=\"uvc-main-heading ult-responsive\"  data-ultimate-target='.uvc-heading.ultimate-heading-800769d38e2f6c108 h2'  data-responsive-json-new='{\"font-size\":\"\",\"line-height\":\"\"}' ><h2 style=\"font-weight:bold;\">\u00c0 propos de nous<\/h2><\/div><div class=\"uvc-heading-spacer line_only\" style=\"margin-bottom:40px;height:3px;\"><span class=\"uvc-headings-line\" style=\"border-style:solid;border-bottom-width:3px;border-color:#0075a9;width:200px;\"><\/span><\/div><\/div>[vc_column_text]Cher client (ou peut-\u00eatre\u00a0\u00ab\u00a0Cher futur client\u00a0\u00bb;),<\/p>\n<p>Cette section est traditionnellement consacr\u00e9e \u00e0 vous donner un bref historique de la compagnie o\u00f9 nous nous vantons de nos succ\u00e8s et o\u00f9 l&#8217;on vous parle de comment nous sommes formidables. Mais, tentons de faire les choses autrement\u2026<\/p>\n<p>Assurance Vienneau est une compagnie \u00e0 but lucratif tout comme au moins 95% des compagnies sur le march\u00e9. Nous sommes une petite entreprise locale\u2026une petite entreprise familiale en fait. Nos 4 bureaux r\u00e9gionaux comptent une r\u00e9partition d&#8217;environ 55 employ\u00e9s et fort probablement 100-150 membres de familles qui comptent sur eux; soit des conjoints, des enfants ou des parents \u00e2g\u00e9s. Voil\u00e0 la seule motivation qu&#8217;il nous faut afin de nous assurer que nous gardions notre entreprise saine et profitable.<\/p>\n<p>Voil\u00e0 d\u00e9j\u00e0 un bon bout de temps que nous sommes plus que 70 ans en fait- et j&#8217;aime bien penser que nous avons \u00e9t\u00e9 pas mal bons \u00e0 transmettre les valeurs \u00ab\u00a0du bon vieux temps\u00a0\u00bb que les gens appr\u00e9cient encore d&#8217;une compagnie. Des choses comme; nous avons encore un \u00eatre humain qui r\u00e9pond au t\u00e9l\u00e9phone lorsque vous nous t\u00e9l\u00e9phonez, et vous pouvez m\u00eame venir faire un tour et vous asseoir et jaser avec celui ou celle avec qui vous aviez parl\u00e9 au t\u00e9l\u00e9phone.<\/p>\n<p>Aussi, nous travaillons fort afin de rester modernes puisque nous servons maintenant nos 3<sup>e<\/sup> et 4<sup>e<\/sup> g\u00e9n\u00e9rations de clients. Oui, nous vous enverrons ces soumissions que vous voulez par \u00ab\u00a0texte\u00a0\u00bb\u2026 Pourvu que vous promettiez de nous \u00ab\u00a0aimer\u00bb \u00e0 un moment donn\u00e9! \ud83d\ude09<\/p>\n<p>Nous savons aussi, bien s\u00fbr, que nous avons seulement exist\u00e9 depuis si longtemps gr\u00e2ce \u00e0 nos clients qui nous ont \u00e9t\u00e9 si extraordinairement fid\u00e8les, et si jamais vous avez l&#8217;impression qu&#8217;un de nos employ\u00e9s semble l&#8217;avoir oubli\u00e9, s&#8217;il vous pla\u00eet appelez-nous et demandez pour moi personnellement.<\/p>\n<p>Bref, voil\u00e0 qui nous sommes. Merci d&#8217;avoir consult\u00e9 notre site Web, et j&#8217;esp\u00e8re avoir de vos nouvelles bient\u00f4t.<\/p>\n<p>Avec mes meilleurs sentiments,<\/p>\n<p>Marc Leger<\/p>\n<p>Pr\u00e9sident<\/p>\n<p>President[\/vc_column_text][\/vc_column][\/vc_row]<\/p>\n","protected":false},"excerpt":{"rendered":"<p>[vc_row bg_type=&#8221;image&#8221; parallax_style=&#8221;vcpb-default&#8221; bg_image_new=&#8221;id^513|url^http:\/\/govienneau.com\/wp-content\/uploads\/2018\/01\/Dieppe-dark-top.jpg|caption^null|alt^null|title^Dieppe &#8211; dark top|description^null&#8221; bg_override=&#8221;full&#8221; enable_overlay=&#8221;enable_overlay_value&#8221; overlay_color=&#8221;#212121&#8243; seperator_enable=&#8221;seperator_enable_value&#8221; seperator_type=&#8221;tilt_left_seperator&#8221; seperator_position=&#8221;bottom_seperator&#8221; seperator_svg_height=&#8221;100&#8243; el_id=&#8221;about&#8221; css=&#8221;.vc_custom_1516392433991{padding-top: 130px !important;padding-bottom: 100px !important;}&#8221;][vc_column width=&#8221;1\/3&#8243;][\/vc_column][vc_column width=&#8221;1\/3&#8243;][\/vc_column][vc_column css_animation=&#8221;bounceInRight&#8221; width=&#8221;1\/3&#8243;][\/vc_column][\/vc_row][vc_row equal_height=&#8221;yes&#8221; bg_type=&#8221;bg_color&#8221; bg_override=&#8221;ex-full&#8221; margin_top=&#8221;55&#8243; margin_bottom=&#8221;5&#8243; type=&#8221;vc_default&#8221; css=&#8221;.vc_custom_1481805970990{padding-top: 65px !important;padding-bottom: 15px !important;}&#8221; bg_color_value=&#8221;#ffffff&#8221; el_id=&#8221;services&#8221;][vc_column width=&#8221;1\/2&#8243; css=&#8221;.vc_custom_1476812680932{padding-bottom: 50px !important;}&#8221;][vc_row_inner][vc_column_inner width=&#8221;1\/2&#8243; offset=&#8221;vc_col-lg-4 vc_col-md-4 vc_col-xs-6&#8243;][vc_single_image image=&#8221;176&#8243; img_size=&#8221;300&#215;300&#8243; style=&#8221;vc_box_circle&#8221; onclick=&#8221;custom_link&#8221; css=&#8221;.vc_custom_1517586440683{padding-bottom: 25px !important;}&#8221; link=&#8221;\/fr\/a-propos-de-nous\/&#8221;][\/vc_column_inner][vc_column_inner offset=&#8221;vc_col-lg-8 vc_col-md-8&hellip;<\/p>\n","protected":false},"author":1,"featured_media":0,"parent":0,"menu_order":0,"comment_status":"closed","ping_status":"closed","template":"","meta":{"_mi_skip_tracking":false},"yst_prominent_words":[660,110,1445,2244,1640,1393,1382,549],"_links":{"self":[{"href":"https:\/\/govienneau.com\/fr\/wp-json\/wp\/v2\/pages\/998"}],"collection":[{"href":"https:\/\/govienneau.com\/fr\/wp-json\/wp\/v2\/pages"}],"about":[{"href":"https:\/\/govienneau.com\/fr\/wp-json\/wp\/v2\/types\/page"}],"author":[{"embeddable":true,"href":"https:\/\/govienneau.com\/fr\/wp-json\/wp\/v2\/users\/1"}],"replies":[{"embeddable":true,"href":"https:\/\/govienneau.com\/fr\/wp-json\/wp\/v2\/comments?post=998"}],"version-history":[{"count":10,"href":"https:\/\/govienneau.com\/fr\/wp-json\/wp\/v2\/pages\/998\/revisions"}],"predecessor-version":[{"id":3970,"href":"https:\/\/govienneau.com\/fr\/wp-json\/wp\/v2\/pages\/998\/revisions\/3970"}],"wp:attachment":[{"href":"https:\/\/govienneau.com\/fr\/wp-json\/wp\/v2\/media?parent=998"}],"wp:term":[{"taxonomy":"yst_prominent_words","embeddable":true,"href":"https:\/\/govienneau.com\/fr\/wp-json\/wp\/v2\/yst_prominent_words?post=998"}],"curies":[{"name":"wp","href":"https:\/\/api.w.org\/{rel}","templated":true}]}}